{"id":2337,"date":"2025-04-22T14:12:54","date_gmt":"2025-04-22T14:12:54","guid":{"rendered":"https:\/\/cryosivfclinic.com\/klinigimiz\/lisanslar-ve-sertifikalar\/"},"modified":"2025-08-06T11:04:49","modified_gmt":"2025-08-06T11:04:49","slug":"lisanslar-ve-sertifikalar","status":"publish","type":"page","link":"https:\/\/cryosivfclinic.com\/tr\/klinigimiz\/lisanslar-ve-sertifikalar\/","title":{"rendered":"Lisanslar ve sertifikalar"},"content":{"rendered":"\t\t<div data-elementor-type=\"wp-page\" data-elementor-id=\"2337\" class=\"elementor elementor-2337 elementor-2218\" data-elementor-post-type=\"page\">\n\t\t\t\t<div class=\"elementor-element elementor-element-71cf296 paddedsection e-flex e-con-boxed e-con e-parent\" data-id=\"71cf296\" data-element_type=\"container\" data-e-type=\"container\">\n\t\t\t\t\t<div class=\"e-con-inner\">\n\t\t\t\t<div class=\"elementor-element elementor-element-d57b515 elementor-widget elementor-widget-heading\" data-id=\"d57b515\" data-element_type=\"widget\" data-e-type=\"widget\" data-widget_type=\"heading.default\">\n\t\t\t\t\t<h1 class=\"elementor-heading-title elementor-size-default\">Lisanslar ve sertifikalar\n<\/h1>\t\t\t\t<\/div>\n\t\t\t\t<div class=\"elementor-element elementor-element-0de6335 lastnospace elementor-widget elementor-widget-text-editor\" data-id=\"0de6335\" data-element_type=\"widget\" data-e-type=\"widget\" data-widget_type=\"text-editor.default\">\n\t\t\t\t\t\t\t\t\t<p>Cryos IVF Klini\u011finde kalite, g\u00fcvenlik ve uygunluk, yapt\u0131\u011f\u0131m\u0131z her \u015feyin temelini olu\u015fturur. Lisanslar\u0131m\u0131z\u0131 ve sertifikalar\u0131m\u0131z\u0131 burada bulabilir ve kalite \u00e7al\u0131\u015fmalar\u0131m\u0131z hakk\u0131nda daha fazla bilgi edinebilirsiniz. <\/p>\t\t\t\t\t\t\t\t<\/div>\n\t\t\t\t<div class=\"elementor-element elementor-element-dfa2060 elementor-widget-divider--view-line elementor-widget elementor-widget-divider\" data-id=\"dfa2060\" data-element_type=\"widget\" data-e-type=\"widget\" data-widget_type=\"divider.default\">\n\t\t\t\t\t\t\t<div class=\"elementor-divider\">\n\t\t\t<span class=\"elementor-divider-separator\">\n\t\t\t\t\t\t<\/span>\n\t\t<\/div>\n\t\t\t\t\t\t<\/div>\n\t\t\t\t<div class=\"elementor-element elementor-element-1504df8 elementor-widget elementor-widget-text-editor\" data-id=\"1504df8\" data-element_type=\"widget\" data-e-type=\"widget\" data-widget_type=\"text-editor.default\">\n\t\t\t\t\t\t\t\t\t<p>Cryos, Avrupa Birli\u011fi Dokular ve H\u00fccreler Direktifi kapsam\u0131nda lisansl\u0131 bir doku kurulu\u015fudur. Y\u00fcr\u00fcrl\u00fckteki t\u00fcm y\u00f6netmeliklere ve uluslararas\u0131 g\u00fcvenilir standartlara uymaktay\u0131z. <\/p><p>Cryos IVF Klini\u011fini se\u00e7erek, her prosed\u00fcr\u00fcn, her \u00fcr\u00fcn\u00fcn ve her hasta deneyiminin g\u00fcvenlik, \u015feffafl\u0131k ve etkinlik i\u00e7in k\u00fcresel standartlar\u0131 kar\u015f\u0131lad\u0131\u011f\u0131ndan emin olabilirsiniz.<\/p>\t\t\t\t\t\t\t\t<\/div>\n\t\t\t\t<div class=\"elementor-element elementor-element-7d73f8b elementor-widget elementor-widget-text-editor\" data-id=\"7d73f8b\" data-element_type=\"widget\" data-e-type=\"widget\" data-widget_type=\"text-editor.default\">\n\t\t\t\t\t\t\t\t\t<h2>Lisanslar\u0131m\u0131z ve sertifikalar\u0131m\u0131z<\/h2><p><strong>Doku Olu\u015fturma \u0130zni<\/strong><br><a href=\"https:\/\/cryosivfclinic.com\/wp-content\/uploads\/2025\/05\/CY-Tissue-Establishment-Authorisation.pdf\" target=\"_blank\" rel=\"noopener\">Yetkilendirmeye bak\u0131n\u0131z<\/a><\/p><p> <\/p><h2>Bu sizin i\u00e7in neden \u00f6nemli?<\/h2><p>Lisansl\u0131 ve sertifikal\u0131 bir klinik se\u00e7mek, se\u00e7im yapmak anlam\u0131na gelir:<\/p><ul><li>S\u0131k\u0131 standartlar<\/li><li>S\u00fcrekli iyile\u015ftirme<\/li><li>Her ad\u0131mda \u015feffafl\u0131k ve hesap verebilirlik<\/li><\/ul><h2>Do\u011furganl\u0131k yolculu\u011funuza bizimle ba\u015flamaya haz\u0131r m\u0131s\u0131n\u0131z?<\/h2><p>Ba\u015flamak veya Cryos IVF Klini\u011findeki tedaviler hakk\u0131nda daha fazla bilgi edinmek i\u00e7in ileti\u015fim formumuzu doldurun. Yolun her ad\u0131m\u0131nda size rehberlik etmek i\u00e7in buraday\u0131z. <\/p>\t\t\t\t\t\t\t\t<\/div>\n\t\t\t\t<div class=\"elementor-element elementor-element-d68e679 elementor-align-center elementor-widget elementor-widget-button\" data-id=\"d68e679\" data-element_type=\"widget\" data-e-type=\"widget\" data-widget_type=\"button.default\">\n\t\t\t\t\t\t\t\t\t\t<a class=\"elementor-button elementor-button-link elementor-size-sm\" href=\"https:\/\/cryosivfclinic.com\/tr\/iletisim\/\">\n\t\t\t\t\t\t<span class=\"elementor-button-content-wrapper\">\n\t\t\t\t\t\t\t\t\t<span class=\"elementor-button-text\">Cryos IVF Klini\u011fi ile \u0130leti\u015fime Ge\u00e7in<\/span>\n\t\t\t\t\t<\/span>\n\t\t\t\t\t<\/a>\n\t\t\t\t\t\t\t\t<\/div>\n\t\t\t\t\t<\/div>\n\t\t\t\t<\/div>\n\t\t\t\t<\/div>\n\t\t","protected":false},"excerpt":{"rendered":"<p>Lisanslar ve sertifikalar Cryos IVF Klini\u011finde kalite, g\u00fcvenlik ve uygunluk, yapt\u0131\u011f\u0131m\u0131z her \u015feyin temelini olu\u015fturur. Lisanslar\u0131m\u0131z\u0131 ve sertifikalar\u0131m\u0131z\u0131 burada bulabilir ve kalite \u00e7al\u0131\u015fmalar\u0131m\u0131z hakk\u0131nda daha fazla bilgi edinebilirsiniz. Cryos, Avrupa Birli\u011fi Dokular ve H\u00fccreler Direktifi kapsam\u0131nda lisansl\u0131 bir doku kurulu\u015fudur. Y\u00fcr\u00fcrl\u00fckteki t\u00fcm y\u00f6netmeliklere ve uluslararas\u0131 g\u00fcvenilir standartlara uymaktay\u0131z. Cryos IVF Klini\u011fini se\u00e7erek, her prosed\u00fcr\u00fcn, her [&hellip;]<\/p>\n","protected":false},"author":2,"featured_media":0,"parent":2313,"menu_order":0,"comment_status":"closed","ping_status":"closed","template":"","meta":{"footnotes":""},"class_list":["post-2337","page","type-page","status-publish","hentry"],"yoast_head":"<!-- This site is optimized with the Yoast SEO plugin v27.4 - https:\/\/yoast.com\/product\/yoast-seo-wordpress\/ -->\n<title>Lisanslar ve sertifikalar - Cryos IVF Clinic in Cyprus<\/title>\n<meta name=\"description\" content=\"Cryos, AB Dokular ve H\u00fccreler Direktifi kapsam\u0131nda lisansl\u0131 bir doku kurulu\u015fudur ve ISO 9001:2015 sertifikas\u0131na sahiptir. Do\u011furganl\u0131\u011f\u0131n\u0131z\u0131n kalitesi i\u00e7in bunun ne anlama geldi\u011fini buradan \u00f6\u011frenin.\" \/>\n<meta name=\"robots\" content=\"index, follow, max-snippet:-1, max-image-preview:large, max-video-preview:-1\" \/>\n<link rel=\"canonical\" href=\"https:\/\/cryosivfclinic.com\/tr\/klinigimiz\/lisanslar-ve-sertifikalar\/\" \/>\n<meta property=\"og:locale\" content=\"tr_TR\" \/>\n<meta property=\"og:type\" content=\"article\" \/>\n<meta property=\"og:title\" content=\"Lisanslar ve sertifikalar - Cryos IVF Clinic in Cyprus\" \/>\n<meta property=\"og:description\" content=\"Cryos, AB Dokular ve H\u00fccreler Direktifi kapsam\u0131nda lisansl\u0131 bir doku kurulu\u015fudur ve ISO 9001:2015 sertifikas\u0131na sahiptir. Do\u011furganl\u0131\u011f\u0131n\u0131z\u0131n kalitesi i\u00e7in bunun ne anlama geldi\u011fini buradan \u00f6\u011frenin.\" \/>\n<meta property=\"og:url\" content=\"https:\/\/cryosivfclinic.com\/tr\/klinigimiz\/lisanslar-ve-sertifikalar\/\" \/>\n<meta property=\"og:site_name\" content=\"Cryos IVF Clinic in Cyprus\" \/>\n<meta property=\"article:modified_time\" content=\"2025-08-06T11:04:49+00:00\" \/>\n<meta property=\"og:image\" content=\"https:\/\/cryosivfclinic.com\/wp-content\/uploads\/2025\/01\/favicon.png\" \/>\n\t<meta property=\"og:image:width\" content=\"64\" \/>\n\t<meta property=\"og:image:height\" content=\"64\" \/>\n\t<meta property=\"og:image:type\" content=\"image\/png\" \/>\n<meta name=\"twitter:card\" content=\"summary_large_image\" \/>\n<meta name=\"twitter:label1\" content=\"Tahmini okuma s\u00fcresi\" \/>\n\t<meta name=\"twitter:data1\" content=\"1 dakika\" \/>\n<script type=\"application\/ld+json\" class=\"yoast-schema-graph\">{\"@context\":\"https:\\\/\\\/schema.org\",\"@graph\":[{\"@type\":\"WebPage\",\"@id\":\"https:\\\/\\\/cryosivfclinic.com\\\/tr\\\/klinigimiz\\\/lisanslar-ve-sertifikalar\\\/\",\"url\":\"https:\\\/\\\/cryosivfclinic.com\\\/tr\\\/klinigimiz\\\/lisanslar-ve-sertifikalar\\\/\",\"name\":\"Lisanslar ve sertifikalar - Cryos IVF Clinic in Cyprus\",\"isPartOf\":{\"@id\":\"https:\\\/\\\/cryosivfclinic.com\\\/tr\\\/#website\"},\"datePublished\":\"2025-04-22T14:12:54+00:00\",\"dateModified\":\"2025-08-06T11:04:49+00:00\",\"description\":\"Cryos, AB Dokular ve H\u00fccreler Direktifi kapsam\u0131nda lisansl\u0131 bir doku kurulu\u015fudur ve ISO 9001:2015 sertifikas\u0131na sahiptir. Do\u011furganl\u0131\u011f\u0131n\u0131z\u0131n kalitesi i\u00e7in bunun ne anlama geldi\u011fini buradan \u00f6\u011frenin.\",\"breadcrumb\":{\"@id\":\"https:\\\/\\\/cryosivfclinic.com\\\/tr\\\/klinigimiz\\\/lisanslar-ve-sertifikalar\\\/#breadcrumb\"},\"inLanguage\":\"tr\",\"potentialAction\":[{\"@type\":\"ReadAction\",\"target\":[\"https:\\\/\\\/cryosivfclinic.com\\\/tr\\\/klinigimiz\\\/lisanslar-ve-sertifikalar\\\/\"]}]},{\"@type\":\"BreadcrumbList\",\"@id\":\"https:\\\/\\\/cryosivfclinic.com\\\/tr\\\/klinigimiz\\\/lisanslar-ve-sertifikalar\\\/#breadcrumb\",\"itemListElement\":[{\"@type\":\"ListItem\",\"position\":1,\"name\":\"Home\",\"item\":\"https:\\\/\\\/cryosivfclinic.com\\\/tr\\\/kibrista-dunya-standartlarinda-dogurganlik-tedavisi\\\/\"},{\"@type\":\"ListItem\",\"position\":2,\"name\":\"Klini\u011fimiz\",\"item\":\"https:\\\/\\\/cryosivfclinic.com\\\/tr\\\/klinigimiz\\\/\"},{\"@type\":\"ListItem\",\"position\":3,\"name\":\"Lisanslar ve sertifikalar\"}]},{\"@type\":\"WebSite\",\"@id\":\"https:\\\/\\\/cryosivfclinic.com\\\/tr\\\/#website\",\"url\":\"https:\\\/\\\/cryosivfclinic.com\\\/tr\\\/\",\"name\":\"Cryos IVF Clinic in Cyprus\",\"description\":\"\",\"publisher\":{\"@id\":\"https:\\\/\\\/cryosivfclinic.com\\\/tr\\\/#organization\"},\"potentialAction\":[{\"@type\":\"SearchAction\",\"target\":{\"@type\":\"EntryPoint\",\"urlTemplate\":\"https:\\\/\\\/cryosivfclinic.com\\\/tr\\\/?s={search_term_string}\"},\"query-input\":{\"@type\":\"PropertyValueSpecification\",\"valueRequired\":true,\"valueName\":\"search_term_string\"}}],\"inLanguage\":\"tr\"},{\"@type\":\"Organization\",\"@id\":\"https:\\\/\\\/cryosivfclinic.com\\\/tr\\\/#organization\",\"name\":\"Cryos IVF Clinic in Cyprus\",\"url\":\"https:\\\/\\\/cryosivfclinic.com\\\/tr\\\/\",\"logo\":{\"@type\":\"ImageObject\",\"inLanguage\":\"tr\",\"@id\":\"https:\\\/\\\/cryosivfclinic.com\\\/tr\\\/#\\\/schema\\\/logo\\\/image\\\/\",\"url\":\"https:\\\/\\\/cryosivfclinic.com\\\/wp-content\\\/uploads\\\/2025\\\/01\\\/Cryos_Clinic_Logo_RGB_Blue_Black_ank.png\",\"contentUrl\":\"https:\\\/\\\/cryosivfclinic.com\\\/wp-content\\\/uploads\\\/2025\\\/01\\\/Cryos_Clinic_Logo_RGB_Blue_Black_ank.png\",\"width\":367,\"height\":207,\"caption\":\"Cryos IVF Clinic in Cyprus\"},\"image\":{\"@id\":\"https:\\\/\\\/cryosivfclinic.com\\\/tr\\\/#\\\/schema\\\/logo\\\/image\\\/\"}}]}<\/script>\n<!-- \/ Yoast SEO plugin. -->","yoast_head_json":{"title":"Lisanslar ve sertifikalar - Cryos IVF Clinic in Cyprus","description":"Cryos, AB Dokular ve H\u00fccreler Direktifi kapsam\u0131nda lisansl\u0131 bir doku kurulu\u015fudur ve ISO 9001:2015 sertifikas\u0131na sahiptir. Do\u011furganl\u0131\u011f\u0131n\u0131z\u0131n kalitesi i\u00e7in bunun ne anlama geldi\u011fini buradan \u00f6\u011frenin.","robots":{"index":"index","follow":"follow","max-snippet":"max-snippet:-1","max-image-preview":"max-image-preview:large","max-video-preview":"max-video-preview:-1"},"canonical":"https:\/\/cryosivfclinic.com\/tr\/klinigimiz\/lisanslar-ve-sertifikalar\/","og_locale":"tr_TR","og_type":"article","og_title":"Lisanslar ve sertifikalar - Cryos IVF Clinic in Cyprus","og_description":"Cryos, AB Dokular ve H\u00fccreler Direktifi kapsam\u0131nda lisansl\u0131 bir doku kurulu\u015fudur ve ISO 9001:2015 sertifikas\u0131na sahiptir. Do\u011furganl\u0131\u011f\u0131n\u0131z\u0131n kalitesi i\u00e7in bunun ne anlama geldi\u011fini buradan \u00f6\u011frenin.","og_url":"https:\/\/cryosivfclinic.com\/tr\/klinigimiz\/lisanslar-ve-sertifikalar\/","og_site_name":"Cryos IVF Clinic in Cyprus","article_modified_time":"2025-08-06T11:04:49+00:00","og_image":[{"width":64,"height":64,"url":"https:\/\/cryosivfclinic.com\/wp-content\/uploads\/2025\/01\/favicon.png","type":"image\/png"}],"twitter_card":"summary_large_image","twitter_misc":{"Tahmini okuma s\u00fcresi":"1 dakika"},"schema":{"@context":"https:\/\/schema.org","@graph":[{"@type":"WebPage","@id":"https:\/\/cryosivfclinic.com\/tr\/klinigimiz\/lisanslar-ve-sertifikalar\/","url":"https:\/\/cryosivfclinic.com\/tr\/klinigimiz\/lisanslar-ve-sertifikalar\/","name":"Lisanslar ve sertifikalar - Cryos IVF Clinic in Cyprus","isPartOf":{"@id":"https:\/\/cryosivfclinic.com\/tr\/#website"},"datePublished":"2025-04-22T14:12:54+00:00","dateModified":"2025-08-06T11:04:49+00:00","description":"Cryos, AB Dokular ve H\u00fccreler Direktifi kapsam\u0131nda lisansl\u0131 bir doku kurulu\u015fudur ve ISO 9001:2015 sertifikas\u0131na sahiptir. Do\u011furganl\u0131\u011f\u0131n\u0131z\u0131n kalitesi i\u00e7in bunun ne anlama geldi\u011fini buradan \u00f6\u011frenin.","breadcrumb":{"@id":"https:\/\/cryosivfclinic.com\/tr\/klinigimiz\/lisanslar-ve-sertifikalar\/#breadcrumb"},"inLanguage":"tr","potentialAction":[{"@type":"ReadAction","target":["https:\/\/cryosivfclinic.com\/tr\/klinigimiz\/lisanslar-ve-sertifikalar\/"]}]},{"@type":"BreadcrumbList","@id":"https:\/\/cryosivfclinic.com\/tr\/klinigimiz\/lisanslar-ve-sertifikalar\/#breadcrumb","itemListElement":[{"@type":"ListItem","position":1,"name":"Home","item":"https:\/\/cryosivfclinic.com\/tr\/kibrista-dunya-standartlarinda-dogurganlik-tedavisi\/"},{"@type":"ListItem","position":2,"name":"Klini\u011fimiz","item":"https:\/\/cryosivfclinic.com\/tr\/klinigimiz\/"},{"@type":"ListItem","position":3,"name":"Lisanslar ve sertifikalar"}]},{"@type":"WebSite","@id":"https:\/\/cryosivfclinic.com\/tr\/#website","url":"https:\/\/cryosivfclinic.com\/tr\/","name":"Cryos IVF Clinic in Cyprus","description":"","publisher":{"@id":"https:\/\/cryosivfclinic.com\/tr\/#organization"},"potentialAction":[{"@type":"SearchAction","target":{"@type":"EntryPoint","urlTemplate":"https:\/\/cryosivfclinic.com\/tr\/?s={search_term_string}"},"query-input":{"@type":"PropertyValueSpecification","valueRequired":true,"valueName":"search_term_string"}}],"inLanguage":"tr"},{"@type":"Organization","@id":"https:\/\/cryosivfclinic.com\/tr\/#organization","name":"Cryos IVF Clinic in Cyprus","url":"https:\/\/cryosivfclinic.com\/tr\/","logo":{"@type":"ImageObject","inLanguage":"tr","@id":"https:\/\/cryosivfclinic.com\/tr\/#\/schema\/logo\/image\/","url":"https:\/\/cryosivfclinic.com\/wp-content\/uploads\/2025\/01\/Cryos_Clinic_Logo_RGB_Blue_Black_ank.png","contentUrl":"https:\/\/cryosivfclinic.com\/wp-content\/uploads\/2025\/01\/Cryos_Clinic_Logo_RGB_Blue_Black_ank.png","width":367,"height":207,"caption":"Cryos IVF Clinic in Cyprus"},"image":{"@id":"https:\/\/cryosivfclinic.com\/tr\/#\/schema\/logo\/image\/"}}]}},"_links":{"self":[{"href":"https:\/\/cryosivfclinic.com\/tr\/wp-json\/wp\/v2\/pages\/2337","targetHints":{"allow":["GET"]}}],"collection":[{"href":"https:\/\/cryosivfclinic.com\/tr\/wp-json\/wp\/v2\/pages"}],"about":[{"href":"https:\/\/cryosivfclinic.com\/tr\/wp-json\/wp\/v2\/types\/page"}],"author":[{"embeddable":true,"href":"https:\/\/cryosivfclinic.com\/tr\/wp-json\/wp\/v2\/users\/2"}],"replies":[{"embeddable":true,"href":"https:\/\/cryosivfclinic.com\/tr\/wp-json\/wp\/v2\/comments?post=2337"}],"version-history":[{"count":10,"href":"https:\/\/cryosivfclinic.com\/tr\/wp-json\/wp\/v2\/pages\/2337\/revisions"}],"predecessor-version":[{"id":2656,"href":"https:\/\/cryosivfclinic.com\/tr\/wp-json\/wp\/v2\/pages\/2337\/revisions\/2656"}],"up":[{"embeddable":true,"href":"https:\/\/cryosivfclinic.com\/tr\/wp-json\/wp\/v2\/pages\/2313"}],"wp:attachment":[{"href":"https:\/\/cryosivfclinic.com\/tr\/wp-json\/wp\/v2\/media?parent=2337"}],"curies":[{"name":"wp","href":"https:\/\/api.w.org\/{rel}","templated":true}]}}