{"id":2313,"date":"2025-03-21T13:34:41","date_gmt":"2025-03-21T13:34:41","guid":{"rendered":"https:\/\/cryosivfclinic.com\/klinigimiz\/"},"modified":"2025-04-23T09:39:37","modified_gmt":"2025-04-23T09:39:37","slug":"klinigimiz","status":"publish","type":"page","link":"https:\/\/cryosivfclinic.com\/tr\/klinigimiz\/","title":{"rendered":"Klini\u011fimiz"},"content":{"rendered":"\t\t<div data-elementor-type=\"wp-page\" data-elementor-id=\"2313\" class=\"elementor elementor-2313 elementor-381\" data-elementor-post-type=\"page\">\n\t\t\t\t<div class=\"elementor-element elementor-element-85fd700 paddedsection e-flex e-con-boxed e-con e-parent\" data-id=\"85fd700\" data-element_type=\"container\" data-e-type=\"container\">\n\t\t\t\t\t<div class=\"e-con-inner\">\n\t\t\t\t<div class=\"elementor-element elementor-element-ac0e276 elementor-widget elementor-widget-heading\" data-id=\"ac0e276\" data-element_type=\"widget\" data-e-type=\"widget\" data-widget_type=\"heading.default\">\n\t\t\t\t\t<h1 class=\"elementor-heading-title elementor-size-default\">Klini\u011fimiz<\/h1>\t\t\t\t<\/div>\n\t\t\t\t<div class=\"elementor-element elementor-element-daa521e lastnospace elementor-widget elementor-widget-text-editor\" data-id=\"daa521e\" data-element_type=\"widget\" data-e-type=\"widget\" data-widget_type=\"text-editor.default\">\n\t\t\t\t\t\t\t\t\t<p>Cryos IVF Klini\u011finde, bekleme listesi olmadan uygun fiyatl\u0131 do\u011furganl\u0131k tedavilerine eri\u015febilirsiniz.<\/p>\t\t\t\t\t\t\t\t<\/div>\n\t\t\t\t<div class=\"elementor-element elementor-element-3088968 elementor-widget-divider--view-line elementor-widget elementor-widget-divider\" data-id=\"3088968\" data-element_type=\"widget\" data-e-type=\"widget\" data-widget_type=\"divider.default\">\n\t\t\t\t\t\t\t<div class=\"elementor-divider\">\n\t\t\t<span class=\"elementor-divider-separator\">\n\t\t\t\t\t\t<\/span>\n\t\t<\/div>\n\t\t\t\t\t\t<\/div>\n\t\t\t\t<div class=\"elementor-element elementor-element-23a8859 elementor-widget elementor-widget-text-editor\" data-id=\"23a8859\" data-element_type=\"widget\" data-e-type=\"widget\" data-widget_type=\"text-editor.default\">\n\t\t\t\t\t\t\t\t\t<p>Geli\u015fmi\u015f do\u011furganl\u0131k tedavilerinde uzmanla\u015farak d\u00fcnyan\u0131n d\u00f6rt bir yan\u0131ndan bireyleri ve \u00e7iftleri ebeveynlik yolunda destekliyoruz. Ekibimiz \u0130ngilizce, Yunanca, \u0130spanyolca ve T\u00fcrk\u00e7e konu\u015fmaktad\u0131r, b\u00f6ylece size en uygun dilde ileti\u015fim kurarken kendinizi rahat hissedebilirsiniz. <\/p>\t\t\t\t\t\t\t\t<\/div>\n\t\t\t\t<div class=\"elementor-element elementor-element-bfb9c75 elementor-widget elementor-widget-image\" data-id=\"bfb9c75\" data-element_type=\"widget\" data-e-type=\"widget\" data-widget_type=\"image.default\">\n\t\t\t\t\t\t\t\t\t\t\t\t\t\t\t<img fetchpriority=\"high\" decoding=\"async\" width=\"960\" height=\"540\" src=\"https:\/\/cryosivfclinic.com\/wp-content\/uploads\/2025\/03\/baby-hand-on-window.jpg\" class=\"attachment-full size-full wp-image-2314\" alt=\"\" srcset=\"https:\/\/cryosivfclinic.com\/wp-content\/uploads\/2025\/03\/baby-hand-on-window.jpg 960w, https:\/\/cryosivfclinic.com\/wp-content\/uploads\/2025\/03\/baby-hand-on-window-300x169.jpg 300w, https:\/\/cryosivfclinic.com\/wp-content\/uploads\/2025\/03\/baby-hand-on-window-768x432.jpg 768w\" sizes=\"(max-width: 960px) 100vw, 960px\" \/>\t\t\t\t\t\t\t\t\t\t\t\t\t\t\t<\/div>\n\t\t\t\t<div class=\"elementor-element elementor-element-2bd1556 elementor-widget elementor-widget-text-editor\" data-id=\"2bd1556\" data-element_type=\"widget\" data-e-type=\"widget\" data-widget_type=\"text-editor.default\">\n\t\t\t\t\t\t\t\t\t<h2>35 y\u0131l\u0131 a\u015fk\u0131n s\u00fcredir hayalleri ger\u00e7e\u011fe d\u00f6n\u00fc\u015ft\u00fcr\u00fcyoruz<\/h2>\nD\u00fcnyan\u0131n en b\u00fcy\u00fck sperm ve yumurta bankas\u0131 olan Cryos International&#8217;\u0131n bir par\u00e7as\u0131 olarak, do\u011furganl\u0131k bak\u0131m\u0131nda 35 y\u0131l\u0131 a\u015fk\u0131n deneyime sahibiz.\nK\u0131br\u0131s&#8217;\u0131n Lefko\u015fa \u015fehrinde bulunan Cryos IVF Klini\u011fi, Larnaka Havaliman\u0131&#8217;ndan kolay eri\u015fim ve bir\u00e7ok yerden direkt u\u00e7u\u015f imkan\u0131 ile y\u00fcksek kaliteli do\u011furganl\u0131k tedavisi arayan uluslararas\u0131 hastalar i\u00e7in uygun bir se\u00e7imdir.<br class=\"a\"><br class=\"a\"><a href=\"https:\/\/cryosivfclinic.com\/tr\/klinigimiz\/cryos-ivf-klinigi-hakkinda\/\">Cryos IVF Klini\u011fi Hakk\u0131nda<\/a>\t\t\t\t\t\t\t\t<\/div>\n\t\t\t\t<div class=\"elementor-element elementor-element-0f533e5 elementor-widget elementor-widget-text-editor\" data-id=\"0f533e5\" data-element_type=\"widget\" data-e-type=\"widget\" data-widget_type=\"text-editor.default\">\n\t\t\t\t\t\t\t\t\t<h2>Her ad\u0131mda ki\u015fiselle\u015ftirilmi\u015f destek<\/h2>\n\u0130ngilizce konu\u015fan, uluslararas\u0131 e\u011fitimli personelimizle Cryos IVF Klini\u011finde emin ellerdesiniz. \u0130htiya\u00e7lar\u0131n\u0131za g\u00f6re uyarlanm\u0131\u015f ki\u015fiselle\u015ftirilmi\u015f tedavi planlar\u0131 sunuyoruz ve tutkulu profesyonellerimiz do\u011furganl\u0131k s\u00fcrecinin her ad\u0131m\u0131nda size en y\u00fcksek standartlarda bak\u0131m sa\u011flamay\u0131 taahh\u00fct ediyor. <br class=\"a\"><br class=\"a\"><a href=\"https:\/\/cryosivfclinic.com\/tr\/klinigimiz\/bizim-ekibimiz\/\">Ekibimizle tan\u0131\u015f\u0131n<\/a>\t\t\t\t\t\t\t\t<\/div>\n\t\t\t\t<div class=\"elementor-element elementor-element-597cd6e elementor-widget elementor-widget-text-editor\" data-id=\"597cd6e\" data-element_type=\"widget\" data-e-type=\"widget\" data-widget_type=\"text-editor.default\">\n\t\t\t\t\t\t\t\t\t<h2>D\u00fcnya standartlar\u0131nda do\u011furganl\u0131k tedavileri<\/h2>\nBenzersiz ko\u015fullar\u0131n\u0131za uyacak \u015fekilde tasarlanm\u0131\u015f \u00e7ok \u00e7e\u015fitli do\u011furganl\u0131k hizmetleri sunuyoruz. \u0130ster do\u011furganl\u0131\u011f\u0131n\u0131z\u0131 korumak ister ebeveyn olmak isteyin &#8211; belki de bir don\u00f6r\u00fcn yard\u0131m\u0131yla &#8211; sizin i\u00e7in buraday\u0131z. <br class=\"a\"><br class=\"a\"><a href=\"https:\/\/cryosivfclinic.com\/tr\/dogurganlik-tedavileri\/\">T\u00fcm tedavileri g\u00f6r\u00fcn<\/a>\t\t\t\t\t\t\t\t<\/div>\n\t\t\t\t<div class=\"elementor-element elementor-element-e82cbc8 elementor-widget elementor-widget-text-editor\" data-id=\"e82cbc8\" data-element_type=\"widget\" data-e-type=\"widget\" data-widget_type=\"text-editor.default\">\n\t\t\t\t\t\t\t\t\t<h2>Do\u011furganl\u0131k yolculu\u011funuzda bir sonraki ad\u0131ma haz\u0131r m\u0131s\u0131n\u0131z?<\/h2><p>Cryos IVF Klini\u011finin \u00e7ocuk hayalinizi ger\u00e7ekle\u015ftirmenize nas\u0131l yard\u0131mc\u0131 olabilece\u011fini \u00f6\u011frenin. \u0130leti\u015fim formumuzu doldurun, ekibimiz size ula\u015facakt\u0131r.   <\/p>\t\t\t\t\t\t\t\t<\/div>\n\t\t\t\t<div class=\"elementor-element elementor-element-ddb45d7 elementor-align-center elementor-widget elementor-widget-button\" data-id=\"ddb45d7\" data-element_type=\"widget\" data-e-type=\"widget\" data-widget_type=\"button.default\">\n\t\t\t\t\t\t\t\t\t\t<a class=\"elementor-button elementor-button-link elementor-size-sm\" href=\"https:\/\/cryosivfclinic.com\/tr\/iletisim\/\">\n\t\t\t\t\t\t<span class=\"elementor-button-content-wrapper\">\n\t\t\t\t\t\t\t\t\t<span class=\"elementor-button-text\">Bize ula\u015f\u0131n<\/span>\n\t\t\t\t\t<\/span>\n\t\t\t\t\t<\/a>\n\t\t\t\t\t\t\t\t<\/div>\n\t\t\t\t\t<\/div>\n\t\t\t\t<\/div>\n\t\t\t\t<\/div>\n\t\t","protected":false},"excerpt":{"rendered":"<p>Klini\u011fimiz Cryos IVF Klini\u011finde, bekleme listesi olmadan uygun fiyatl\u0131 do\u011furganl\u0131k tedavilerine eri\u015febilirsiniz. Geli\u015fmi\u015f do\u011furganl\u0131k tedavilerinde uzmanla\u015farak d\u00fcnyan\u0131n d\u00f6rt bir yan\u0131ndan bireyleri ve \u00e7iftleri ebeveynlik yolunda destekliyoruz. Ekibimiz \u0130ngilizce, Yunanca, \u0130spanyolca ve T\u00fcrk\u00e7e konu\u015fmaktad\u0131r, b\u00f6ylece size en uygun dilde ileti\u015fim kurarken kendinizi rahat hissedebilirsiniz. 35 y\u0131l\u0131 a\u015fk\u0131n s\u00fcredir hayalleri ger\u00e7e\u011fe d\u00f6n\u00fc\u015ft\u00fcr\u00fcyoruz D\u00fcnyan\u0131n en b\u00fcy\u00fck sperm ve [&hellip;]<\/p>\n","protected":false},"author":2,"featured_media":0,"parent":0,"menu_order":0,"comment_status":"closed","ping_status":"closed","template":"","meta":{"footnotes":""},"class_list":["post-2313","page","type-page","status-publish","hentry"],"yoast_head":"<!-- This site is optimized with the Yoast SEO plugin v27.4 - https:\/\/yoast.com\/product\/yoast-seo-wordpress\/ -->\n<title>Klini\u011fimiz - Cryos IVF Clinic in Cyprus<\/title>\n<meta name=\"description\" content=\"Cryos IVF Klini\u011fi Lefko\u015fa&#039;da bulunmaktad\u0131r ve bekleme listesi olmadan uygun fiyatl\u0131 do\u011furganl\u0131k tedavileri sunmaktad\u0131r.\" \/>\n<meta name=\"robots\" content=\"noindex, nofollow\" \/>\n<meta property=\"og:locale\" content=\"tr_TR\" \/>\n<meta property=\"og:type\" content=\"article\" \/>\n<meta property=\"og:title\" content=\"Klini\u011fimiz - Cryos IVF Clinic in Cyprus\" \/>\n<meta property=\"og:description\" content=\"Cryos IVF Klini\u011fi Lefko\u015fa&#039;da bulunmaktad\u0131r ve bekleme listesi olmadan uygun fiyatl\u0131 do\u011furganl\u0131k tedavileri sunmaktad\u0131r.\" \/>\n<meta property=\"og:url\" content=\"https:\/\/cryosivfclinic.com\/tr\/klinigimiz\/\" \/>\n<meta property=\"og:site_name\" content=\"Cryos IVF Clinic in Cyprus\" \/>\n<meta property=\"article:modified_time\" content=\"2025-04-23T09:39:37+00:00\" \/>\n<meta property=\"og:image\" content=\"https:\/\/cryosivfclinic.com\/wp-content\/uploads\/2025\/03\/baby-hand-on-window.jpg\" \/>\n\t<meta property=\"og:image:width\" content=\"960\" \/>\n\t<meta property=\"og:image:height\" content=\"540\" \/>\n\t<meta property=\"og:image:type\" content=\"image\/jpeg\" \/>\n<meta name=\"twitter:card\" content=\"summary_large_image\" \/>\n<meta name=\"twitter:label1\" content=\"Tahmini okuma s\u00fcresi\" \/>\n\t<meta name=\"twitter:data1\" content=\"2 dakika\" \/>\n<script type=\"application\/ld+json\" class=\"yoast-schema-graph\">{\"@context\":\"https:\\\/\\\/schema.org\",\"@graph\":[{\"@type\":\"WebPage\",\"@id\":\"https:\\\/\\\/cryosivfclinic.com\\\/tr\\\/klinigimiz\\\/\",\"url\":\"https:\\\/\\\/cryosivfclinic.com\\\/tr\\\/klinigimiz\\\/\",\"name\":\"Klini\u011fimiz - Cryos IVF Clinic in Cyprus\",\"isPartOf\":{\"@id\":\"https:\\\/\\\/cryosivfclinic.com\\\/tr\\\/#website\"},\"primaryImageOfPage\":{\"@id\":\"https:\\\/\\\/cryosivfclinic.com\\\/tr\\\/klinigimiz\\\/#primaryimage\"},\"image\":{\"@id\":\"https:\\\/\\\/cryosivfclinic.com\\\/tr\\\/klinigimiz\\\/#primaryimage\"},\"thumbnailUrl\":\"https:\\\/\\\/cryosivfclinic.com\\\/wp-content\\\/uploads\\\/2025\\\/03\\\/baby-hand-on-window.jpg\",\"datePublished\":\"2025-03-21T13:34:41+00:00\",\"dateModified\":\"2025-04-23T09:39:37+00:00\",\"description\":\"Cryos IVF Klini\u011fi Lefko\u015fa'da bulunmaktad\u0131r ve bekleme listesi olmadan uygun fiyatl\u0131 do\u011furganl\u0131k tedavileri sunmaktad\u0131r.\",\"breadcrumb\":{\"@id\":\"https:\\\/\\\/cryosivfclinic.com\\\/tr\\\/klinigimiz\\\/#breadcrumb\"},\"inLanguage\":\"tr\",\"potentialAction\":[{\"@type\":\"ReadAction\",\"target\":[\"https:\\\/\\\/cryosivfclinic.com\\\/tr\\\/klinigimiz\\\/\"]}]},{\"@type\":\"ImageObject\",\"inLanguage\":\"tr\",\"@id\":\"https:\\\/\\\/cryosivfclinic.com\\\/tr\\\/klinigimiz\\\/#primaryimage\",\"url\":\"https:\\\/\\\/cryosivfclinic.com\\\/wp-content\\\/uploads\\\/2025\\\/03\\\/baby-hand-on-window.jpg\",\"contentUrl\":\"https:\\\/\\\/cryosivfclinic.com\\\/wp-content\\\/uploads\\\/2025\\\/03\\\/baby-hand-on-window.jpg\"},{\"@type\":\"BreadcrumbList\",\"@id\":\"https:\\\/\\\/cryosivfclinic.com\\\/tr\\\/klinigimiz\\\/#breadcrumb\",\"itemListElement\":[{\"@type\":\"ListItem\",\"position\":1,\"name\":\"Home\",\"item\":\"https:\\\/\\\/cryosivfclinic.com\\\/tr\\\/kibrista-dunya-standartlarinda-dogurganlik-tedavisi\\\/\"},{\"@type\":\"ListItem\",\"position\":2,\"name\":\"Klini\u011fimiz\"}]},{\"@type\":\"WebSite\",\"@id\":\"https:\\\/\\\/cryosivfclinic.com\\\/tr\\\/#website\",\"url\":\"https:\\\/\\\/cryosivfclinic.com\\\/tr\\\/\",\"name\":\"Cryos IVF Clinic in Cyprus\",\"description\":\"\",\"publisher\":{\"@id\":\"https:\\\/\\\/cryosivfclinic.com\\\/tr\\\/#organization\"},\"potentialAction\":[{\"@type\":\"SearchAction\",\"target\":{\"@type\":\"EntryPoint\",\"urlTemplate\":\"https:\\\/\\\/cryosivfclinic.com\\\/tr\\\/?s={search_term_string}\"},\"query-input\":{\"@type\":\"PropertyValueSpecification\",\"valueRequired\":true,\"valueName\":\"search_term_string\"}}],\"inLanguage\":\"tr\"},{\"@type\":\"Organization\",\"@id\":\"https:\\\/\\\/cryosivfclinic.com\\\/tr\\\/#organization\",\"name\":\"Cryos IVF Clinic in Cyprus\",\"url\":\"https:\\\/\\\/cryosivfclinic.com\\\/tr\\\/\",\"logo\":{\"@type\":\"ImageObject\",\"inLanguage\":\"tr\",\"@id\":\"https:\\\/\\\/cryosivfclinic.com\\\/tr\\\/#\\\/schema\\\/logo\\\/image\\\/\",\"url\":\"https:\\\/\\\/cryosivfclinic.com\\\/wp-content\\\/uploads\\\/2025\\\/01\\\/Cryos_Clinic_Logo_RGB_Blue_Black_ank.png\",\"contentUrl\":\"https:\\\/\\\/cryosivfclinic.com\\\/wp-content\\\/uploads\\\/2025\\\/01\\\/Cryos_Clinic_Logo_RGB_Blue_Black_ank.png\",\"width\":367,\"height\":207,\"caption\":\"Cryos IVF Clinic in Cyprus\"},\"image\":{\"@id\":\"https:\\\/\\\/cryosivfclinic.com\\\/tr\\\/#\\\/schema\\\/logo\\\/image\\\/\"}}]}<\/script>\n<!-- \/ Yoast SEO plugin. -->","yoast_head_json":{"title":"Klini\u011fimiz - Cryos IVF Clinic in Cyprus","description":"Cryos IVF Klini\u011fi Lefko\u015fa'da bulunmaktad\u0131r ve bekleme listesi olmadan uygun fiyatl\u0131 do\u011furganl\u0131k tedavileri sunmaktad\u0131r.","robots":{"index":"noindex","follow":"nofollow"},"og_locale":"tr_TR","og_type":"article","og_title":"Klini\u011fimiz - Cryos IVF Clinic in Cyprus","og_description":"Cryos IVF Klini\u011fi Lefko\u015fa'da bulunmaktad\u0131r ve bekleme listesi olmadan uygun fiyatl\u0131 do\u011furganl\u0131k tedavileri sunmaktad\u0131r.","og_url":"https:\/\/cryosivfclinic.com\/tr\/klinigimiz\/","og_site_name":"Cryos IVF Clinic in Cyprus","article_modified_time":"2025-04-23T09:39:37+00:00","og_image":[{"width":960,"height":540,"url":"https:\/\/cryosivfclinic.com\/wp-content\/uploads\/2025\/03\/baby-hand-on-window.jpg","type":"image\/jpeg"}],"twitter_card":"summary_large_image","twitter_misc":{"Tahmini okuma s\u00fcresi":"2 dakika"},"schema":{"@context":"https:\/\/schema.org","@graph":[{"@type":"WebPage","@id":"https:\/\/cryosivfclinic.com\/tr\/klinigimiz\/","url":"https:\/\/cryosivfclinic.com\/tr\/klinigimiz\/","name":"Klini\u011fimiz - Cryos IVF Clinic in Cyprus","isPartOf":{"@id":"https:\/\/cryosivfclinic.com\/tr\/#website"},"primaryImageOfPage":{"@id":"https:\/\/cryosivfclinic.com\/tr\/klinigimiz\/#primaryimage"},"image":{"@id":"https:\/\/cryosivfclinic.com\/tr\/klinigimiz\/#primaryimage"},"thumbnailUrl":"https:\/\/cryosivfclinic.com\/wp-content\/uploads\/2025\/03\/baby-hand-on-window.jpg","datePublished":"2025-03-21T13:34:41+00:00","dateModified":"2025-04-23T09:39:37+00:00","description":"Cryos IVF Klini\u011fi Lefko\u015fa'da bulunmaktad\u0131r ve bekleme listesi olmadan uygun fiyatl\u0131 do\u011furganl\u0131k tedavileri sunmaktad\u0131r.","breadcrumb":{"@id":"https:\/\/cryosivfclinic.com\/tr\/klinigimiz\/#breadcrumb"},"inLanguage":"tr","potentialAction":[{"@type":"ReadAction","target":["https:\/\/cryosivfclinic.com\/tr\/klinigimiz\/"]}]},{"@type":"ImageObject","inLanguage":"tr","@id":"https:\/\/cryosivfclinic.com\/tr\/klinigimiz\/#primaryimage","url":"https:\/\/cryosivfclinic.com\/wp-content\/uploads\/2025\/03\/baby-hand-on-window.jpg","contentUrl":"https:\/\/cryosivfclinic.com\/wp-content\/uploads\/2025\/03\/baby-hand-on-window.jpg"},{"@type":"BreadcrumbList","@id":"https:\/\/cryosivfclinic.com\/tr\/klinigimiz\/#breadcrumb","itemListElement":[{"@type":"ListItem","position":1,"name":"Home","item":"https:\/\/cryosivfclinic.com\/tr\/kibrista-dunya-standartlarinda-dogurganlik-tedavisi\/"},{"@type":"ListItem","position":2,"name":"Klini\u011fimiz"}]},{"@type":"WebSite","@id":"https:\/\/cryosivfclinic.com\/tr\/#website","url":"https:\/\/cryosivfclinic.com\/tr\/","name":"Cryos IVF Clinic in Cyprus","description":"","publisher":{"@id":"https:\/\/cryosivfclinic.com\/tr\/#organization"},"potentialAction":[{"@type":"SearchAction","target":{"@type":"EntryPoint","urlTemplate":"https:\/\/cryosivfclinic.com\/tr\/?s={search_term_string}"},"query-input":{"@type":"PropertyValueSpecification","valueRequired":true,"valueName":"search_term_string"}}],"inLanguage":"tr"},{"@type":"Organization","@id":"https:\/\/cryosivfclinic.com\/tr\/#organization","name":"Cryos IVF Clinic in Cyprus","url":"https:\/\/cryosivfclinic.com\/tr\/","logo":{"@type":"ImageObject","inLanguage":"tr","@id":"https:\/\/cryosivfclinic.com\/tr\/#\/schema\/logo\/image\/","url":"https:\/\/cryosivfclinic.com\/wp-content\/uploads\/2025\/01\/Cryos_Clinic_Logo_RGB_Blue_Black_ank.png","contentUrl":"https:\/\/cryosivfclinic.com\/wp-content\/uploads\/2025\/01\/Cryos_Clinic_Logo_RGB_Blue_Black_ank.png","width":367,"height":207,"caption":"Cryos IVF Clinic in Cyprus"},"image":{"@id":"https:\/\/cryosivfclinic.com\/tr\/#\/schema\/logo\/image\/"}}]}},"_links":{"self":[{"href":"https:\/\/cryosivfclinic.com\/tr\/wp-json\/wp\/v2\/pages\/2313","targetHints":{"allow":["GET"]}}],"collection":[{"href":"https:\/\/cryosivfclinic.com\/tr\/wp-json\/wp\/v2\/pages"}],"about":[{"href":"https:\/\/cryosivfclinic.com\/tr\/wp-json\/wp\/v2\/types\/page"}],"author":[{"embeddable":true,"href":"https:\/\/cryosivfclinic.com\/tr\/wp-json\/wp\/v2\/users\/2"}],"replies":[{"embeddable":true,"href":"https:\/\/cryosivfclinic.com\/tr\/wp-json\/wp\/v2\/comments?post=2313"}],"version-history":[{"count":3,"href":"https:\/\/cryosivfclinic.com\/tr\/wp-json\/wp\/v2\/pages\/2313\/revisions"}],"predecessor-version":[{"id":2336,"href":"https:\/\/cryosivfclinic.com\/tr\/wp-json\/wp\/v2\/pages\/2313\/revisions\/2336"}],"wp:attachment":[{"href":"https:\/\/cryosivfclinic.com\/tr\/wp-json\/wp\/v2\/media?parent=2313"}],"curies":[{"name":"wp","href":"https:\/\/api.w.org\/{rel}","templated":true}]}}