{"id":2304,"date":"2025-03-21T13:22:41","date_gmt":"2025-03-21T13:22:41","guid":{"rendered":"https:\/\/cryosivfclinic.com\/dogurganlik-tedavileri\/donor-spermi-ile-tedavi\/"},"modified":"2026-03-12T12:57:47","modified_gmt":"2026-03-12T12:57:47","slug":"donor-spermi-ile-tedavi","status":"publish","type":"page","link":"https:\/\/cryosivfclinic.com\/tr\/dogurganlik-tedavileri\/donor-spermi-ile-tedavi\/","title":{"rendered":"Don\u00f6r spermi ile tedavi"},"content":{"rendered":"\t\t<div data-elementor-type=\"wp-page\" data-elementor-id=\"2304\" class=\"elementor elementor-2304 elementor-348\" data-elementor-post-type=\"page\">\n\t\t\t\t<div class=\"elementor-element elementor-element-4752b33 paddedsection e-flex e-con-boxed e-con e-parent\" data-id=\"4752b33\" data-element_type=\"container\" data-e-type=\"container\">\n\t\t\t\t\t<div class=\"e-con-inner\">\n\t\t\t\t<div class=\"elementor-element elementor-element-f05eec0 elementor-widget elementor-widget-heading\" data-id=\"f05eec0\" data-element_type=\"widget\" data-e-type=\"widget\" data-widget_type=\"heading.default\">\n\t\t\t\t\t<h1 class=\"elementor-heading-title elementor-size-default\">Don\u00f6r spermi ile tedavi\n<\/h1>\t\t\t\t<\/div>\n\t\t\t\t<div class=\"elementor-element elementor-element-0b1ef37 lastnospace elementor-widget elementor-widget-text-editor\" data-id=\"0b1ef37\" data-element_type=\"widget\" data-e-type=\"widget\" data-widget_type=\"text-editor.default\">\n\t\t\t\t\t\t\t\t\t<p>Bir aile kurmay\u0131 hayal ediyorsunuz ancak bir sperm don\u00f6r\u00fcnden yard\u0131ma m\u0131 ihtiyac\u0131n\u0131z var? Cryos IVF Klini\u011finde, don\u00f6r spermi ile farkl\u0131 tedavi t\u00fcrleri sunuyoruz. <\/p>\t\t\t\t\t\t\t\t<\/div>\n\t\t\t\t<div class=\"elementor-element elementor-element-d474cc5 elementor-widget-divider--view-line elementor-widget elementor-widget-divider\" data-id=\"d474cc5\" data-element_type=\"widget\" data-e-type=\"widget\" data-widget_type=\"divider.default\">\n\t\t\t\t\t\t\t<div class=\"elementor-divider\">\n\t\t\t<span class=\"elementor-divider-separator\">\n\t\t\t\t\t\t<\/span>\n\t\t<\/div>\n\t\t\t\t\t\t<\/div>\n\t\t\t\t<div class=\"elementor-element elementor-element-3a08f9c elementor-widget elementor-widget-text-editor\" data-id=\"3a08f9c\" data-element_type=\"widget\" data-e-type=\"widget\" data-widget_type=\"text-editor.default\">\n\t\t\t\t\t\t\t\t\t<p>Don\u00f6r spermi ile do\u011furganl\u0131k tedavisi giderek daha yayg\u0131n bir \u015fekilde kullan\u0131lmaktad\u0131r ve bir don\u00f6r\u00fcn yard\u0131m\u0131 olmadan gebe kalamayanlar i\u00e7in iyi bir se\u00e7enek olabilir.<\/p>\t\t\t\t\t\t\t\t<\/div>\n\t\t\t\t<div class=\"elementor-element elementor-element-564bb37 elementor-widget elementor-widget-image\" data-id=\"564bb37\" data-element_type=\"widget\" data-e-type=\"widget\" data-widget_type=\"image.default\">\n\t\t\t\t\t\t\t\t\t\t\t\t\t\t\t<img fetchpriority=\"high\" decoding=\"async\" width=\"2560\" height=\"1707\" src=\"https:\/\/cryosivfclinic.com\/wp-content\/uploads\/2025\/03\/Mother-and-child-dark_5-kopi-scaled.jpg\" class=\"attachment-full size-full wp-image-2305\" alt=\"Don\u00f6r spermi ile tedavi sonucu gebe kalan bebek sahibi anne\" srcset=\"https:\/\/cryosivfclinic.com\/wp-content\/uploads\/2025\/03\/Mother-and-child-dark_5-kopi-scaled.jpg 2560w, https:\/\/cryosivfclinic.com\/wp-content\/uploads\/2025\/03\/Mother-and-child-dark_5-kopi-300x200.jpg 300w, https:\/\/cryosivfclinic.com\/wp-content\/uploads\/2025\/03\/Mother-and-child-dark_5-kopi-1024x683.jpg 1024w, https:\/\/cryosivfclinic.com\/wp-content\/uploads\/2025\/03\/Mother-and-child-dark_5-kopi-768x512.jpg 768w, https:\/\/cryosivfclinic.com\/wp-content\/uploads\/2025\/03\/Mother-and-child-dark_5-kopi-1536x1024.jpg 1536w, https:\/\/cryosivfclinic.com\/wp-content\/uploads\/2025\/03\/Mother-and-child-dark_5-kopi-2048x1365.jpg 2048w\" sizes=\"(max-width: 2560px) 100vw, 2560px\" \/>\t\t\t\t\t\t\t\t\t\t\t\t\t\t\t<\/div>\n\t\t\t\t<div class=\"elementor-element elementor-element-90abf1f elementor-widget elementor-widget-text-editor\" data-id=\"90abf1f\" data-element_type=\"widget\" data-e-type=\"widget\" data-widget_type=\"text-editor.default\">\n\t\t\t\t\t\t\t\t\t<h2>Neden don\u00f6r spermi ile tedaviyi se\u00e7melisiniz?<\/h2>\nBir ki\u015finin don\u00f6r sperm ile do\u011furganl\u0131k tedavisini d\u00fc\u015f\u00fcnmesinin bir\u00e7ok nedeni vard\u0131r. Erkek k\u0131s\u0131rl\u0131\u011f\u0131, genetik ko\u015fullar veya bir erkek partnerin olmamas\u0131, t\u0131bbi yard\u0131m olmadan gebe kalmay\u0131 zorla\u015ft\u0131rabilir. Cryos IVF Klini\u011finde, \u00e7ocuk sahibi olma hayalini ger\u00e7ekle\u015ftirmek isteyen herkese yard\u0131mc\u0131 olmaktan gurur duyuyoruz.  \n<br class=\"a\"><br class=\"a\">K\u0131br\u0131s yasalar\u0131na g\u00f6re, Cryos IVF Klini\u011finin yaln\u0131zca 53 ya\u015f\u0131na kadar olan kad\u0131nlar\u0131 tedavi edebilece\u011fini l\u00fctfen unutmay\u0131n.<br class=\"a\"><br class=\"a\"><h3>Sperm don\u00f6r\u00fc kullanman\u0131n yasal sonu\u00e7lar\u0131 nelerdir?<\/h3>\nYasa, sperm don\u00f6r\u00fcn\u00fcn \u00e7ocu\u011fa kar\u015f\u0131 hi\u00e7bir yasal veya ahlaki y\u00fck\u00fcml\u00fcl\u00fc\u011f\u00fc olmamas\u0131n\u0131 ve sperm don\u00f6r\u00fcn\u00fcn ba\u011f\u0131\u015flar\u0131yla gebe kalan \u00e7ocuklar\u0131n asla yasal ebeveyni olarak kabul edilmemesini sa\u011flar.\t\t\t\t\t\t\t\t<\/div>\n\t\t\t\t<div class=\"elementor-element elementor-element-d6b9d42 elementor-widget elementor-widget-text-editor\" data-id=\"d6b9d42\" data-element_type=\"widget\" data-e-type=\"widget\" data-widget_type=\"text-editor.default\">\n\t\t\t\t\t\t\t\t\t<h2>Cryos IVF Klini\u011finde don\u00f6r spermi ile tedavi t\u00fcrleri<\/h2><br class=\"a\"><h3>Don\u00f6r spermi ile IUI tedavisi<\/h3>\nDon\u00f6r spermi ile IUI (intrauterin inseminasyon) tedavisi, don\u00f6r sperminin rahim i\u00e7ine yerle\u015ftirildi\u011fi bir tedavi y\u00f6ntemidir. <a href=\"https:\/\/cryosivfclinic.com\/tr\/dogurganlik-tedavileri\/iui-tedavisi\/\">IUI tedavisi<\/a> hakk\u0131nda daha fazla bilgiyi buradan edinebilirsiniz. <br class=\"a\"><br class=\"a\"><h3>Don\u00f6r spermi ile t\u00fcp bebek tedavisi<\/h3>\nDon\u00f6r spermi kullan\u0131larak yap\u0131lan IVF (in vitro fertilizasyon) tedavisi, bir don\u00f6rden al\u0131nan spermin laboratuvarda yumurtalar\u0131 d\u00f6llemek i\u00e7in kullan\u0131ld\u0131\u011f\u0131 bir tedavi y\u00f6ntemidir. <a href=\"https:\/\/cryosivfclinic.com\/tr\/dogurganlik-tedavileri\/tup-bebek-tedavisi\/\">IVF tedavisi<\/a> hakk\u0131nda daha fazla bilgiyi buradan edinebilirsiniz. \n<br class=\"a\"><br class=\"a\">Deneyimli ekibimiz, durumunuz i\u00e7in hangi tedavi t\u00fcr\u00fcn\u00fcn en iyi se\u00e7enek oldu\u011funu de\u011ferlendirmeye yard\u0131mc\u0131 olabilir ve birlikte ihtiya\u00e7lar\u0131n\u0131za uygun bir tedavi s\u00fcreci planlayabiliriz.\t\t\t\t\t\t\t\t<\/div>\n\t\t\t\t<div class=\"elementor-element elementor-element-8a303d9 elementor-widget elementor-widget-text-editor\" data-id=\"8a303d9\" data-element_type=\"widget\" data-e-type=\"widget\" data-widget_type=\"text-editor.default\">\n\t\t\t\t\t\t\t\t\t<h2>Don\u00f6r spermi kullanma s\u00fcreci nedir?<\/h2><p>Tedavinizde don\u00f6r spermi kullan\u0131rken s\u00fcre\u00e7, durumunuzda hangi tedavi t\u00fcr\u00fcn\u00fcn \u00f6nerildi\u011fine ba\u011fl\u0131d\u0131r. Genel olarak, IUI ve IVF s\u00fcreci, partner spermi kullan\u0131ld\u0131\u011f\u0131nda oldu\u011fu gibi ayn\u0131d\u0131r, ancak eklenen ad\u0131mlar vard\u0131r: <\/p><ol><li>Tedaviden \u00f6nce sperm don\u00f6r\u00fcn\u00fcn se\u00e7ilmesi<\/li><li>Tedavi i\u00e7in zaman\u0131nda don\u00f6r spermi sipari\u015f etme<\/li><\/ol><p> <\/p><h2>Sperm don\u00f6r\u00fc nas\u0131l se\u00e7ilir<\/h2><p>Don\u00f6r spermi ile tedavi olurken Cryos&#8217;tan veya ba\u015fka bir sperm bankas\u0131ndan bir sperm don\u00f6r\u00fc se\u00e7ebilirsiniz. Se\u00e7im sizin.   <\/p>\t\t\t\t\t\t\t\t<\/div>\n\t\t\t\t<div class=\"elementor-element elementor-element-f910794 elementor-align-center elementor-widget elementor-widget-button\" data-id=\"f910794\" data-element_type=\"widget\" data-e-type=\"widget\" data-widget_type=\"button.default\">\n\t\t\t\t\t\t\t\t\t\t<a class=\"elementor-button elementor-button-link elementor-size-sm\" href=\"https:\/\/www.cryosinternational.com\/en-gb\/dk-shop\/private\/find-donor\/search-sperm-donors\/?take=20&#038;sortId=16766\" target=\"_blank\">\n\t\t\t\t\t\t<span class=\"elementor-button-content-wrapper\">\n\t\t\t\t\t\t\t\t\t<span class=\"elementor-button-text\">Bkz. Cryos sperm don\u00f6rleri<\/span>\n\t\t\t\t\t<\/span>\n\t\t\t\t\t<\/a>\n\t\t\t\t\t\t\t\t<\/div>\n\t\t\t\t<div class=\"elementor-element elementor-element-0cb0a8f elementor-widget elementor-widget-spacer\" data-id=\"0cb0a8f\" data-element_type=\"widget\" data-e-type=\"widget\" data-widget_type=\"spacer.default\">\n\t\t\t\t\t\t\t<div class=\"elementor-spacer\">\n\t\t\t<div class=\"elementor-spacer-inner\"><\/div>\n\t\t<\/div>\n\t\t\t\t\t\t<\/div>\n\t\t\t\t<div class=\"elementor-element elementor-element-a2b8117 elementor-align-center elementor-widget elementor-widget-button\" data-id=\"a2b8117\" data-element_type=\"widget\" data-e-type=\"widget\" data-widget_type=\"button.default\">\n\t\t\t\t\t\t\t\t\t\t<a class=\"elementor-button elementor-button-link elementor-size-sm\" href=\"https:\/\/cryosivfclinic.com\/tr\/iletisim\/\">\n\t\t\t\t\t\t<span class=\"elementor-button-content-wrapper\">\n\t\t\t\t\t\t\t\t\t<span class=\"elementor-button-text\">Bize ula\u015f\u0131n<\/span>\n\t\t\t\t\t<\/span>\n\t\t\t\t\t<\/a>\n\t\t\t\t\t\t\t\t<\/div>\n\t\t\t\t<div class=\"elementor-element elementor-element-af4d4cb elementor-widget elementor-widget-text-editor\" data-id=\"af4d4cb\" data-element_type=\"widget\" data-e-type=\"widget\" data-widget_type=\"text-editor.default\">\n\t\t\t\t\t\t\t\t\t<h3>Ba\u011f\u0131\u015f\u00e7\u0131 hakk\u0131nda ne kadar \u015fey bilmek istersiniz?<\/h3><p>Cryos&#8217;ta, farkl\u0131 don\u00f6r profillerine sahip 1.000&#8217;den fazla sperm don\u00f6r\u00fcne \u00fccretsiz eri\u015febileceksiniz. Temel Profile sahip sperm don\u00f6rleri yaln\u0131zca g\u00f6z rengi ve kan grubu gibi temel bilgileri i\u00e7erirken, Geni\u015fletilmi\u015f Profile sahip don\u00f6rler, don\u00f6r\u00fcn ki\u015fili\u011fi ve g\u00f6r\u00fcn\u00fc\u015f\u00fcn\u00fcn ayr\u0131nt\u0131l\u0131 bir a\u00e7\u0131klamas\u0131 gibi \u00e7ok daha fazla bilgi i\u00e7erir. <br class=\"a\"><br class=\"a\"><\/p><h3>\u00c7ocu\u011funuz don\u00f6rle ileti\u015fime ge\u00e7meyi deneyebilmeli mi?<\/h3><p>Sperm bankas\u0131ndan bir don\u00f6r kullan\u0131rken, don\u00f6r\u00fcn kimli\u011fini bilmeyeceksiniz ve don\u00f6r \u00e7ocu\u011funuzun hayat\u0131n\u0131 bilmeyecek veya onun bir par\u00e7as\u0131 olmayacakt\u0131r. Bir ID Release sperm don\u00f6r\u00fc se\u00e7erseniz, \u00e7ocu\u011funuz 18 ya\u015f\u0131n\u0131 doldurduktan sonra don\u00f6r\u00fcn\u00fcn ileti\u015fim bilgilerini almak i\u00e7in Cryos ile ileti\u015fime ge\u00e7ebilir. <a href=\"https:\/\/www.cryosinternational.com\/en-gb\/dk-shop\/private\/how-to\/how-to-choose-a-sperm-donor\/id-release-or-non-id-release-sperm-donors\/\" target=\"_blank\" rel=\"noopener\">ID Release ve ID Release Olmayan Don\u00f6rler<\/a> hakk\u0131nda bilgi edinmek i\u00e7in ba\u011flant\u0131y\u0131 takip edin.  <\/p><p>K\u0131br\u0131s yasalar\u0131na g\u00f6re, K\u0131br\u0131s vatanda\u015flar\u0131n\u0131n yaln\u0131zca Kimliksiz Ba\u011f\u0131\u015f\u00e7\u0131 se\u00e7ebilece\u011fini l\u00fctfen unutmay\u0131n.<\/p><p>Sizin i\u00e7in neyin do\u011fru oldu\u011funu d\u00fc\u015f\u00fcnmeniz gerekti\u011finden, bir sperm don\u00f6r\u00fc se\u00e7mek bunalt\u0131c\u0131 gelebilir. <a href=\"https:\/\/www.cryosinternational.com\/en-gb\/dk-shop\/private\/how-to\/how-to-choose-a-sperm-donor\/\" target=\"_blank\" rel=\"noopener\">Sperm don\u00f6r\u00fc se\u00e7mek i\u00e7in bu rehbere<\/a> de bakabilirsiniz. <br class=\"a\"><br class=\"a\"><\/p><h2>Tedaviniz i\u00e7in don\u00f6r spermi nas\u0131l sipari\u015f edilir<\/h2><p>Cryos&#8217;tan bir sperm don\u00f6r\u00fc kullanmaya karar verirseniz, spermi sepetinize ekleyerek ve Cryos IVF Klini\u011finde teslimat\u0131 se\u00e7erek \u00e7evrimi\u00e7i olarak sipari\u015f edebilirsiniz. L\u00fctfen don\u00f6r sperminin t\u00fcr\u00fc ve teslimat\u0131n zamanlamas\u0131 konusunda bize dan\u0131\u015f\u0131n. <a href=\"https:\/\/www.cryosinternational.com\/en-gb\/dk-shop\/private\/how-to\/how-to-order-donor-sperm\/\" target=\"_blank\" rel=\"noopener\">Cryos&#8217; tan don\u00f6r sperminin nas\u0131l sipari\u015f edilece\u011fine dair bu k\u0131lavuzu<\/a> da g\u00f6rebilirsiniz.  <br class=\"a\"><br class=\"a\"><\/p><h2>Don\u00f6r spermi ile tedavinin maliyeti nedir?<\/h2><p>Don\u00f6r spermi ile IVF\/ICSI tedavisinin maliyeti 5.200 \u20ac, don\u00f6r spermi ile IUI tedavisinin maliyeti ise 975 \u20ac&#8217;dur. Tedavinizin sadece bir k\u0131sm\u0131n\u0131 Cryos IVF Klini\u011finde daha d\u00fc\u015f\u00fck bir fiyata yapt\u0131rmay\u0131 da se\u00e7ebilirsiniz. Don\u00f6r sperm maliyeti fiyata dahil de\u011fildir.   <a href=\"https:\/\/cryosivfclinic.com\/tr\/fiyata-genel-bakis\/\">Tedavi fiyatland\u0131rmam\u0131z ve Cryos don\u00f6r sperminin maliyeti hakk\u0131nda daha fazla bilgiyi buradan edinebilirsiniz.<\/a><\/p><h2>Don\u00f6r spermi ile tedaviyi d\u00fc\u015f\u00fcn\u00fcyor musunuz?<\/h2><p>\u0130ster ilk kez tedavi olmay\u0131 d\u00fc\u015f\u00fcn\u00fcyor olun, ister se\u00e7eneklerinizi zaten ara\u015ft\u0131rm\u0131\u015f olun, size yard\u0131mc\u0131 olmaya haz\u0131r\u0131z. \u00dccretsiz dan\u0131\u015fmanl\u0131k i\u00e7in bizimle ileti\u015fime ge\u00e7in. <\/p>\t\t\t\t\t\t\t\t<\/div>\n\t\t\t\t\t<\/div>\n\t\t\t\t<\/div>\n\t\t\t\t<\/div>\n\t\t","protected":false},"excerpt":{"rendered":"<p>Don\u00f6r spermi ile tedavi Bir aile kurmay\u0131 hayal ediyorsunuz ancak bir sperm don\u00f6r\u00fcnden yard\u0131ma m\u0131 ihtiyac\u0131n\u0131z var? Cryos IVF Klini\u011finde, don\u00f6r spermi ile farkl\u0131 tedavi t\u00fcrleri sunuyoruz. Don\u00f6r spermi ile do\u011furganl\u0131k tedavisi giderek daha yayg\u0131n bir \u015fekilde kullan\u0131lmaktad\u0131r ve bir don\u00f6r\u00fcn yard\u0131m\u0131 olmadan gebe kalamayanlar i\u00e7in iyi bir se\u00e7enek olabilir. Neden don\u00f6r spermi ile tedaviyi [&hellip;]<\/p>\n","protected":false},"author":2,"featured_media":0,"parent":2279,"menu_order":0,"comment_status":"closed","ping_status":"closed","template":"","meta":{"footnotes":""},"class_list":["post-2304","page","type-page","status-publish","hentry"],"yoast_head":"<!-- This site is optimized with the Yoast SEO plugin v27.4 - https:\/\/yoast.com\/product\/yoast-seo-wordpress\/ -->\n<title>Don\u00f6r spermi ile tedavi - Cryos IVF Clinic in Cyprus<\/title>\n<meta name=\"description\" content=\"Bir sperm don\u00f6r\u00fcnden yard\u0131m alarak ailenizi kurun. Cryos IVF Klini\u011finde, don\u00f6r spermi ile farkl\u0131 tedavi t\u00fcrleri sunuyoruz.\" \/>\n<meta name=\"robots\" content=\"index, follow, max-snippet:-1, max-image-preview:large, max-video-preview:-1\" \/>\n<link rel=\"canonical\" href=\"https:\/\/cryosivfclinic.com\/tr\/dogurganlik-tedavileri\/donor-spermi-ile-tedavi\/\" \/>\n<meta property=\"og:locale\" content=\"tr_TR\" \/>\n<meta property=\"og:type\" content=\"article\" \/>\n<meta property=\"og:title\" content=\"Don\u00f6r spermi ile tedavi - Cryos IVF Clinic in Cyprus\" \/>\n<meta property=\"og:description\" content=\"Bir sperm don\u00f6r\u00fcnden yard\u0131m alarak ailenizi kurun. Cryos IVF Klini\u011finde, don\u00f6r spermi ile farkl\u0131 tedavi t\u00fcrleri sunuyoruz.\" \/>\n<meta property=\"og:url\" content=\"https:\/\/cryosivfclinic.com\/tr\/dogurganlik-tedavileri\/donor-spermi-ile-tedavi\/\" \/>\n<meta property=\"og:site_name\" content=\"Cryos IVF Clinic in Cyprus\" \/>\n<meta property=\"article:modified_time\" content=\"2026-03-12T12:57:47+00:00\" \/>\n<meta property=\"og:image\" content=\"https:\/\/cryosivfclinic.com\/wp-content\/uploads\/2025\/03\/Mother-and-child-dark_5-kopi-scaled.jpg\" \/>\n\t<meta property=\"og:image:width\" content=\"2560\" \/>\n\t<meta property=\"og:image:height\" content=\"1707\" \/>\n\t<meta property=\"og:image:type\" content=\"image\/jpeg\" \/>\n<meta name=\"twitter:card\" content=\"summary_large_image\" \/>\n<meta name=\"twitter:label1\" content=\"Tahmini okuma s\u00fcresi\" \/>\n\t<meta name=\"twitter:data1\" content=\"4 dakika\" \/>\n<script type=\"application\/ld+json\" class=\"yoast-schema-graph\">{\"@context\":\"https:\\\/\\\/schema.org\",\"@graph\":[{\"@type\":\"WebPage\",\"@id\":\"https:\\\/\\\/cryosivfclinic.com\\\/tr\\\/dogurganlik-tedavileri\\\/donor-spermi-ile-tedavi\\\/\",\"url\":\"https:\\\/\\\/cryosivfclinic.com\\\/tr\\\/dogurganlik-tedavileri\\\/donor-spermi-ile-tedavi\\\/\",\"name\":\"Don\u00f6r spermi ile tedavi - Cryos IVF Clinic in Cyprus\",\"isPartOf\":{\"@id\":\"https:\\\/\\\/cryosivfclinic.com\\\/tr\\\/#website\"},\"primaryImageOfPage\":{\"@id\":\"https:\\\/\\\/cryosivfclinic.com\\\/tr\\\/dogurganlik-tedavileri\\\/donor-spermi-ile-tedavi\\\/#primaryimage\"},\"image\":{\"@id\":\"https:\\\/\\\/cryosivfclinic.com\\\/tr\\\/dogurganlik-tedavileri\\\/donor-spermi-ile-tedavi\\\/#primaryimage\"},\"thumbnailUrl\":\"https:\\\/\\\/cryosivfclinic.com\\\/wp-content\\\/uploads\\\/2025\\\/03\\\/Mother-and-child-dark_5-kopi-scaled.jpg\",\"datePublished\":\"2025-03-21T13:22:41+00:00\",\"dateModified\":\"2026-03-12T12:57:47+00:00\",\"description\":\"Bir sperm don\u00f6r\u00fcnden yard\u0131m alarak ailenizi kurun. Cryos IVF Klini\u011finde, don\u00f6r spermi ile farkl\u0131 tedavi t\u00fcrleri sunuyoruz.\",\"breadcrumb\":{\"@id\":\"https:\\\/\\\/cryosivfclinic.com\\\/tr\\\/dogurganlik-tedavileri\\\/donor-spermi-ile-tedavi\\\/#breadcrumb\"},\"inLanguage\":\"tr\",\"potentialAction\":[{\"@type\":\"ReadAction\",\"target\":[\"https:\\\/\\\/cryosivfclinic.com\\\/tr\\\/dogurganlik-tedavileri\\\/donor-spermi-ile-tedavi\\\/\"]}]},{\"@type\":\"ImageObject\",\"inLanguage\":\"tr\",\"@id\":\"https:\\\/\\\/cryosivfclinic.com\\\/tr\\\/dogurganlik-tedavileri\\\/donor-spermi-ile-tedavi\\\/#primaryimage\",\"url\":\"https:\\\/\\\/cryosivfclinic.com\\\/wp-content\\\/uploads\\\/2025\\\/03\\\/Mother-and-child-dark_5-kopi-scaled.jpg\",\"contentUrl\":\"https:\\\/\\\/cryosivfclinic.com\\\/wp-content\\\/uploads\\\/2025\\\/03\\\/Mother-and-child-dark_5-kopi-scaled.jpg\"},{\"@type\":\"BreadcrumbList\",\"@id\":\"https:\\\/\\\/cryosivfclinic.com\\\/tr\\\/dogurganlik-tedavileri\\\/donor-spermi-ile-tedavi\\\/#breadcrumb\",\"itemListElement\":[{\"@type\":\"ListItem\",\"position\":1,\"name\":\"Home\",\"item\":\"https:\\\/\\\/cryosivfclinic.com\\\/tr\\\/kibrista-dunya-standartlarinda-dogurganlik-tedavisi\\\/\"},{\"@type\":\"ListItem\",\"position\":2,\"name\":\"Do\u011furganl\u0131k tedavileri\",\"item\":\"https:\\\/\\\/cryosivfclinic.com\\\/tr\\\/dogurganlik-tedavileri\\\/\"},{\"@type\":\"ListItem\",\"position\":3,\"name\":\"Don\u00f6r spermi ile tedavi\"}]},{\"@type\":\"WebSite\",\"@id\":\"https:\\\/\\\/cryosivfclinic.com\\\/tr\\\/#website\",\"url\":\"https:\\\/\\\/cryosivfclinic.com\\\/tr\\\/\",\"name\":\"Cryos IVF Clinic in Cyprus\",\"description\":\"\",\"publisher\":{\"@id\":\"https:\\\/\\\/cryosivfclinic.com\\\/tr\\\/#organization\"},\"potentialAction\":[{\"@type\":\"SearchAction\",\"target\":{\"@type\":\"EntryPoint\",\"urlTemplate\":\"https:\\\/\\\/cryosivfclinic.com\\\/tr\\\/?s={search_term_string}\"},\"query-input\":{\"@type\":\"PropertyValueSpecification\",\"valueRequired\":true,\"valueName\":\"search_term_string\"}}],\"inLanguage\":\"tr\"},{\"@type\":\"Organization\",\"@id\":\"https:\\\/\\\/cryosivfclinic.com\\\/tr\\\/#organization\",\"name\":\"Cryos IVF Clinic in Cyprus\",\"url\":\"https:\\\/\\\/cryosivfclinic.com\\\/tr\\\/\",\"logo\":{\"@type\":\"ImageObject\",\"inLanguage\":\"tr\",\"@id\":\"https:\\\/\\\/cryosivfclinic.com\\\/tr\\\/#\\\/schema\\\/logo\\\/image\\\/\",\"url\":\"https:\\\/\\\/cryosivfclinic.com\\\/wp-content\\\/uploads\\\/2025\\\/01\\\/Cryos_Clinic_Logo_RGB_Blue_Black_ank.png\",\"contentUrl\":\"https:\\\/\\\/cryosivfclinic.com\\\/wp-content\\\/uploads\\\/2025\\\/01\\\/Cryos_Clinic_Logo_RGB_Blue_Black_ank.png\",\"width\":367,\"height\":207,\"caption\":\"Cryos IVF Clinic in Cyprus\"},\"image\":{\"@id\":\"https:\\\/\\\/cryosivfclinic.com\\\/tr\\\/#\\\/schema\\\/logo\\\/image\\\/\"}}]}<\/script>\n<!-- \/ Yoast SEO plugin. -->","yoast_head_json":{"title":"Don\u00f6r spermi ile tedavi - Cryos IVF Clinic in Cyprus","description":"Bir sperm don\u00f6r\u00fcnden yard\u0131m alarak ailenizi kurun. Cryos IVF Klini\u011finde, don\u00f6r spermi ile farkl\u0131 tedavi t\u00fcrleri sunuyoruz.","robots":{"index":"index","follow":"follow","max-snippet":"max-snippet:-1","max-image-preview":"max-image-preview:large","max-video-preview":"max-video-preview:-1"},"canonical":"https:\/\/cryosivfclinic.com\/tr\/dogurganlik-tedavileri\/donor-spermi-ile-tedavi\/","og_locale":"tr_TR","og_type":"article","og_title":"Don\u00f6r spermi ile tedavi - Cryos IVF Clinic in Cyprus","og_description":"Bir sperm don\u00f6r\u00fcnden yard\u0131m alarak ailenizi kurun. Cryos IVF Klini\u011finde, don\u00f6r spermi ile farkl\u0131 tedavi t\u00fcrleri sunuyoruz.","og_url":"https:\/\/cryosivfclinic.com\/tr\/dogurganlik-tedavileri\/donor-spermi-ile-tedavi\/","og_site_name":"Cryos IVF Clinic in Cyprus","article_modified_time":"2026-03-12T12:57:47+00:00","og_image":[{"width":2560,"height":1707,"url":"https:\/\/cryosivfclinic.com\/wp-content\/uploads\/2025\/03\/Mother-and-child-dark_5-kopi-scaled.jpg","type":"image\/jpeg"}],"twitter_card":"summary_large_image","twitter_misc":{"Tahmini okuma s\u00fcresi":"4 dakika"},"schema":{"@context":"https:\/\/schema.org","@graph":[{"@type":"WebPage","@id":"https:\/\/cryosivfclinic.com\/tr\/dogurganlik-tedavileri\/donor-spermi-ile-tedavi\/","url":"https:\/\/cryosivfclinic.com\/tr\/dogurganlik-tedavileri\/donor-spermi-ile-tedavi\/","name":"Don\u00f6r spermi ile tedavi - Cryos IVF Clinic in Cyprus","isPartOf":{"@id":"https:\/\/cryosivfclinic.com\/tr\/#website"},"primaryImageOfPage":{"@id":"https:\/\/cryosivfclinic.com\/tr\/dogurganlik-tedavileri\/donor-spermi-ile-tedavi\/#primaryimage"},"image":{"@id":"https:\/\/cryosivfclinic.com\/tr\/dogurganlik-tedavileri\/donor-spermi-ile-tedavi\/#primaryimage"},"thumbnailUrl":"https:\/\/cryosivfclinic.com\/wp-content\/uploads\/2025\/03\/Mother-and-child-dark_5-kopi-scaled.jpg","datePublished":"2025-03-21T13:22:41+00:00","dateModified":"2026-03-12T12:57:47+00:00","description":"Bir sperm don\u00f6r\u00fcnden yard\u0131m alarak ailenizi kurun. Cryos IVF Klini\u011finde, don\u00f6r spermi ile farkl\u0131 tedavi t\u00fcrleri sunuyoruz.","breadcrumb":{"@id":"https:\/\/cryosivfclinic.com\/tr\/dogurganlik-tedavileri\/donor-spermi-ile-tedavi\/#breadcrumb"},"inLanguage":"tr","potentialAction":[{"@type":"ReadAction","target":["https:\/\/cryosivfclinic.com\/tr\/dogurganlik-tedavileri\/donor-spermi-ile-tedavi\/"]}]},{"@type":"ImageObject","inLanguage":"tr","@id":"https:\/\/cryosivfclinic.com\/tr\/dogurganlik-tedavileri\/donor-spermi-ile-tedavi\/#primaryimage","url":"https:\/\/cryosivfclinic.com\/wp-content\/uploads\/2025\/03\/Mother-and-child-dark_5-kopi-scaled.jpg","contentUrl":"https:\/\/cryosivfclinic.com\/wp-content\/uploads\/2025\/03\/Mother-and-child-dark_5-kopi-scaled.jpg"},{"@type":"BreadcrumbList","@id":"https:\/\/cryosivfclinic.com\/tr\/dogurganlik-tedavileri\/donor-spermi-ile-tedavi\/#breadcrumb","itemListElement":[{"@type":"ListItem","position":1,"name":"Home","item":"https:\/\/cryosivfclinic.com\/tr\/kibrista-dunya-standartlarinda-dogurganlik-tedavisi\/"},{"@type":"ListItem","position":2,"name":"Do\u011furganl\u0131k tedavileri","item":"https:\/\/cryosivfclinic.com\/tr\/dogurganlik-tedavileri\/"},{"@type":"ListItem","position":3,"name":"Don\u00f6r spermi ile tedavi"}]},{"@type":"WebSite","@id":"https:\/\/cryosivfclinic.com\/tr\/#website","url":"https:\/\/cryosivfclinic.com\/tr\/","name":"Cryos IVF Clinic in Cyprus","description":"","publisher":{"@id":"https:\/\/cryosivfclinic.com\/tr\/#organization"},"potentialAction":[{"@type":"SearchAction","target":{"@type":"EntryPoint","urlTemplate":"https:\/\/cryosivfclinic.com\/tr\/?s={search_term_string}"},"query-input":{"@type":"PropertyValueSpecification","valueRequired":true,"valueName":"search_term_string"}}],"inLanguage":"tr"},{"@type":"Organization","@id":"https:\/\/cryosivfclinic.com\/tr\/#organization","name":"Cryos IVF Clinic in Cyprus","url":"https:\/\/cryosivfclinic.com\/tr\/","logo":{"@type":"ImageObject","inLanguage":"tr","@id":"https:\/\/cryosivfclinic.com\/tr\/#\/schema\/logo\/image\/","url":"https:\/\/cryosivfclinic.com\/wp-content\/uploads\/2025\/01\/Cryos_Clinic_Logo_RGB_Blue_Black_ank.png","contentUrl":"https:\/\/cryosivfclinic.com\/wp-content\/uploads\/2025\/01\/Cryos_Clinic_Logo_RGB_Blue_Black_ank.png","width":367,"height":207,"caption":"Cryos IVF Clinic in Cyprus"},"image":{"@id":"https:\/\/cryosivfclinic.com\/tr\/#\/schema\/logo\/image\/"}}]}},"_links":{"self":[{"href":"https:\/\/cryosivfclinic.com\/tr\/wp-json\/wp\/v2\/pages\/2304","targetHints":{"allow":["GET"]}}],"collection":[{"href":"https:\/\/cryosivfclinic.com\/tr\/wp-json\/wp\/v2\/pages"}],"about":[{"href":"https:\/\/cryosivfclinic.com\/tr\/wp-json\/wp\/v2\/types\/page"}],"author":[{"embeddable":true,"href":"https:\/\/cryosivfclinic.com\/tr\/wp-json\/wp\/v2\/users\/2"}],"replies":[{"embeddable":true,"href":"https:\/\/cryosivfclinic.com\/tr\/wp-json\/wp\/v2\/comments?post=2304"}],"version-history":[{"count":5,"href":"https:\/\/cryosivfclinic.com\/tr\/wp-json\/wp\/v2\/pages\/2304\/revisions"}],"predecessor-version":[{"id":2814,"href":"https:\/\/cryosivfclinic.com\/tr\/wp-json\/wp\/v2\/pages\/2304\/revisions\/2814"}],"up":[{"embeddable":true,"href":"https:\/\/cryosivfclinic.com\/tr\/wp-json\/wp\/v2\/pages\/2279"}],"wp:attachment":[{"href":"https:\/\/cryosivfclinic.com\/tr\/wp-json\/wp\/v2\/media?parent=2304"}],"curies":[{"name":"wp","href":"https:\/\/api.w.org\/{rel}","templated":true}]}}