{"id":2296,"date":"2025-03-21T13:23:19","date_gmt":"2025-03-21T13:23:19","guid":{"rendered":"https:\/\/cryosivfclinic.com\/dogurganlik-tedavileri\/sperm-dondurma\/"},"modified":"2026-02-06T09:39:44","modified_gmt":"2026-02-06T09:39:44","slug":"sperm-dondurma","status":"publish","type":"page","link":"https:\/\/cryosivfclinic.com\/tr\/dogurganlik-tedavileri\/sperm-dondurma\/","title":{"rendered":"Sperm dondurma"},"content":{"rendered":"\t\t<div data-elementor-type=\"wp-page\" data-elementor-id=\"2296\" class=\"elementor elementor-2296 elementor-354\" data-elementor-post-type=\"page\">\n\t\t\t\t<div class=\"elementor-element elementor-element-f47eb34 paddedsection e-flex e-con-boxed e-con e-parent\" data-id=\"f47eb34\" data-element_type=\"container\" data-e-type=\"container\">\n\t\t\t\t\t<div class=\"e-con-inner\">\n\t\t\t\t<div class=\"elementor-element elementor-element-b3641b7 elementor-widget elementor-widget-heading\" data-id=\"b3641b7\" data-element_type=\"widget\" data-e-type=\"widget\" data-widget_type=\"heading.default\">\n\t\t\t\t\t<h1 class=\"elementor-heading-title elementor-size-default\">Sperm dondurma\n<\/h1>\t\t\t\t<\/div>\n\t\t\t\t<div class=\"elementor-element elementor-element-ef98c75 lastnospace elementor-widget elementor-widget-text-editor\" data-id=\"ef98c75\" data-element_type=\"widget\" data-e-type=\"widget\" data-widget_type=\"text-editor.default\">\n\t\t\t\t\t\t\t\t\t<p>\u00c7ocuk sahibi olma yetene\u011finizi korumak ister misiniz? O zaman Cryos IVF Clinic&#8217;te sperm dondurma ve saklama sizin i\u00e7in do\u011fru se\u00e7im olabilir.   <\/p>\t\t\t\t\t\t\t\t<\/div>\n\t\t\t\t<div class=\"elementor-element elementor-element-fa14654 elementor-widget-divider--view-line elementor-widget elementor-widget-divider\" data-id=\"fa14654\" data-element_type=\"widget\" data-e-type=\"widget\" data-widget_type=\"divider.default\">\n\t\t\t\t\t\t\t<div class=\"elementor-divider\">\n\t\t\t<span class=\"elementor-divider-separator\">\n\t\t\t\t\t\t<\/span>\n\t\t<\/div>\n\t\t\t\t\t\t<\/div>\n\t\t\t\t<div class=\"elementor-element elementor-element-437946a elementor-widget elementor-widget-text-editor\" data-id=\"437946a\" data-element_type=\"widget\" data-e-type=\"widget\" data-widget_type=\"text-editor.default\">\n\t\t\t\t\t\t\t\t\tSperm dondurmay\u0131 se\u00e7mek i\u00e7in farkl\u0131 nedenler olabilir. Burada sperm dondurman\u0131n ne zaman uygun oldu\u011fu ve nas\u0131l \u00e7al\u0131\u015ft\u0131\u011f\u0131 hakk\u0131nda daha fazla bilgi edinebilirsiniz. <br class=\"a\"><br class=\"a\"><h2>Sperm dondurma nedir?<\/h2>Sperm dondurma, sperm \u00f6rneklerinin bir depolama tank\u0131nda -196\u00b0C derecede saklanmas\u0131 i\u015flemidir. \u00c7\u00f6z\u00fcld\u00fckten sonra, sperm do\u011furganl\u0131k tedavisi i\u00e7in kullan\u0131labilir. Bu i\u015flem, \u00e7ocuk sahibi olma yetene\u011finizi koruman\u0131za olanak tan\u0131r.  \t\t\t\t\t\t\t\t<\/div>\n\t\t\t\t<div class=\"elementor-element elementor-element-d63cfd0 elementor-widget elementor-widget-image\" data-id=\"d63cfd0\" data-element_type=\"widget\" data-e-type=\"widget\" data-widget_type=\"image.default\">\n\t\t\t\t\t\t\t\t\t\t\t\t\t\t\t<img fetchpriority=\"high\" decoding=\"async\" width=\"960\" height=\"540\" src=\"https:\/\/cryosivfclinic.com\/wp-content\/uploads\/2025\/03\/Man-considering-sperm-freezing-at-Cryos-IVF-Clinic.jpg\" class=\"attachment-full size-full wp-image-2297\" alt=\"Cryos IVF Klini\u011finde sperm dondurmay\u0131 d\u00fc\u015f\u00fcnen adam\" srcset=\"https:\/\/cryosivfclinic.com\/wp-content\/uploads\/2025\/03\/Man-considering-sperm-freezing-at-Cryos-IVF-Clinic.jpg 960w, https:\/\/cryosivfclinic.com\/wp-content\/uploads\/2025\/03\/Man-considering-sperm-freezing-at-Cryos-IVF-Clinic-300x169.jpg 300w, https:\/\/cryosivfclinic.com\/wp-content\/uploads\/2025\/03\/Man-considering-sperm-freezing-at-Cryos-IVF-Clinic-768x432.jpg 768w\" sizes=\"(max-width: 960px) 100vw, 960px\" \/>\t\t\t\t\t\t\t\t\t\t\t\t\t\t\t<\/div>\n\t\t\t\t<div class=\"elementor-element elementor-element-bc1075c elementor-widget elementor-widget-text-editor\" data-id=\"bc1075c\" data-element_type=\"widget\" data-e-type=\"widget\" data-widget_type=\"text-editor.default\">\n\t\t\t\t\t\t\t\t\t<h2>Sperm dondurma benim i\u00e7in do\u011fru mu?<\/h2><p>E\u011fer sperm depolaman\u0131z uygun olabilir:<\/p><ul><li>Vazektomi yapt\u0131rmay\u0131 d\u00fc\u015f\u00fcn\u00fcyorsan\u0131z<\/li><li>Kanser tedavisi veya k\u0131s\u0131rl\u0131\u011fa neden olabilecek di\u011fer hastal\u0131klarla kar\u015f\u0131 kar\u015f\u0131ya olanlar*<\/li><li>Do\u011furganl\u0131k tedavisinde olan ancak uluslararas\u0131 seyahat, i\u015f vb. nedenlerle planlanan tedavi saatinde orada bulunamayan ki\u015filer.<\/li><li>Do\u011furganl\u0131k tedavisi ger\u00e7ekle\u015fti\u011finde talep \u00fczerine sperm \u00f6rne\u011fi veremiyorsa<\/li><li>Sperminize zarar verebilecek tehlikeli kimyasallarla \u00e7al\u0131\u015fmak<\/li><li>Sadece \u00fcreme yetene\u011finizi korumak istiyorsunuz<\/li><\/ul><p>*Kemo\/radyasyon tedavisi nedeniyle yat\u0131rma i\u015flemi yap\u0131l\u0131rken, spermin tedavi ba\u015flamadan \u00f6nce toplanmas\u0131n\u0131 tavsiye ederiz. Bu m\u00fcmk\u00fcn de\u011filse, daha fazla rehberlik i\u00e7in tedavinizden sorumlu doktora dan\u0131\u015fman\u0131z\u0131 \u00f6neririz. <\/p><p>Sperm dondurma nedeniniz ne olursa olsun, Cryos IVF Clinic&#8217;te size yard\u0131mc\u0131 olmaktan mutluluk duyaca\u011f\u0131z.<\/p><h2>Sperm dondurma nas\u0131l \u00e7al\u0131\u015f\u0131r?<\/h2><p>Sperminizi Cryos&#8217;ta dondurmak ve saklamak istiyorsan\u0131z, birka\u00e7 ad\u0131mdan ge\u00e7meniz gerekecektir. A\u015fa\u011f\u0131da nas\u0131l ba\u015flayaca\u011f\u0131n\u0131z\u0131 ve gelecekte depolaman\u0131zdan nas\u0131l yararlanaca\u011f\u0131n\u0131z\u0131 \u00f6\u011frenin. <\/p><ol><li><strong>Cryos IVF Klini\u011finde<\/strong> Kons\u00fcltasyon<br>Kons\u00fcltasyon rezervasyonu i\u00e7in bizimle ileti\u015fime ge\u00e7in. Personelimizle yapaca\u011f\u0131n\u0131z kons\u00fcltasyonda, \u00f6zel durumunuza g\u00f6re se\u00e7eneklerinizi tart\u0131\u015fabilirsiniz. <\/li><li><strong>Sperm \u00f6rne\u011fi \u00fcretin<br><\/strong>Personelimiz size sperm \u00f6rne\u011fini \u00fcretmek i\u00e7in zaman ay\u0131rabilece\u011finiz \u00f6zel odalar\u0131m\u0131z\u0131 g\u00f6sterecektir. Daha sonra personelimiz numunenin laboratuvar\u0131m\u0131zda i\u015flenmesini sa\u011flayacakt\u0131r. Alternatif olarak, sperm \u00f6rne\u011fini evde yapmak da m\u00fcmk\u00fcnd\u00fcr. Sadece bo\u015falmadan sonraki 1 saat i\u00e7inde ihtiyac\u0131m\u0131z var. En iyi sonucu elde etmek i\u00e7in, sperm birikiminden en az 2 g\u00fcn \u00f6nce cinsel perhiz \u00f6neriyoruz.    <\/li><li><strong>Kan testi ve sperm analizi<br><\/strong>Laboratuvarda sperminizin kalitesini ve dondurulmaya uygun olup olmad\u0131\u011f\u0131n\u0131 de\u011ferlendirece\u011fiz. Ayr\u0131ca belirli bula\u015f\u0131c\u0131 hastal\u0131klar\u0131 kontrol etmek i\u00e7in bir kan testine ihtiyac\u0131m\u0131z olacak. Sperm yat\u0131r\u0131rken kan testi zorunludur. Depolaman\u0131z\u0131 ayarlamak i\u00e7in test sonu\u00e7lar\u0131na ihtiyac\u0131m\u0131z olacak. Bu nedenle, kan testi kendi doktorunuz taraf\u0131ndan yap\u0131lm\u0131\u015fsa, l\u00fctfen test sonu\u00e7lar\u0131n\u0131n m\u00fcmk\u00fcn olan en k\u0131sa s\u00fcrede Cryos IVF Klini\u011fine getirildi\u011finden veya iletildi\u011finden emin olun. A\u015fa\u011f\u0131daki testler yerel yasalar uyar\u0131nca zorunludur:     <p>&#8211; HIV (anti-HIV 1\/2)<br>&#8211; Hepatit B (anti-HBc, HBsAg)<br>&#8211; Hepatit C (anti-HCV)<br>&#8211; Sifiliz<\/p><\/li><li>Sperm <strong>dondurulur ve saklan\u0131r<br><\/strong>Sperm \u00f6rne\u011finiz, siz do\u011furganl\u0131k tedavisinde kullanmaya haz\u0131r olana kadar Cryos IVF Klini\u011finde dondurulacak ve saklanacakt\u0131r.<p> <\/p><\/li><\/ol><h2>Sperm dondurman\u0131n maliyeti nedir?<\/h2><p>Sperm dondurman\u0131n maliyeti 1 y\u0131ll\u0131k saklama dahil 677 \u20ac&#8217;dur.  <a href=\"https:\/\/cryosivfclinic.com\/tr\/fiyata-genel-bakis\/\">Fiyatland\u0131rma ve depolama \u00fccretlerimiz hakk\u0131nda daha fazla bilgiyi buradan edinebilirsiniz.<\/a><\/p><h3>K\u0131br\u0131s Sa\u011fl\u0131k Bakanl\u0131\u011f\u0131 taraf\u0131ndan sa\u011flanan olas\u0131 s\u00fcbvansiyon<\/h3><p>K\u0131br\u0131s Sa\u011fl\u0131k Bakanl\u0131\u011f\u0131, do\u011furganl\u0131\u011f\u0131n korunmas\u0131n\u0131 se\u00e7en erkekler i\u00e7in bir s\u00fcbvansiyon sunmaktad\u0131r. Ayr\u0131nt\u0131lar i\u00e7in bizimle ileti\u015fime ge\u00e7in. K\u0131br\u0131s Sa\u011fl\u0131k Bakanl\u0131\u011f\u0131 h\u00fck\u00fcm ve ko\u015fullar\u0131 ge\u00e7erli olacakt\u0131r.  <\/p><h2>Sperm dondurmay\u0131 d\u00fc\u015f\u00fcn\u00fcyor musunuz?<\/h2><p>Cryos IVF Klini\u011finde sperm dondurma i\u015flemi yapmak istiyorsan\u0131z, l\u00fctfen bizimle ileti\u015fime ge\u00e7in. S\u00fcre\u00e7 boyunca size yard\u0131mc\u0131 olmaktan ve akl\u0131n\u0131za gelebilecek t\u00fcm sorular\u0131 yan\u0131tlamaktan mutluluk duyaca\u011f\u0131z. <\/p>\t\t\t\t\t\t\t\t<\/div>\n\t\t\t\t<div class=\"elementor-element elementor-element-7e8b84e elementor-align-center elementor-widget elementor-widget-button\" data-id=\"7e8b84e\" data-element_type=\"widget\" data-e-type=\"widget\" data-widget_type=\"button.default\">\n\t\t\t\t\t\t\t\t\t\t<a class=\"elementor-button elementor-button-link elementor-size-sm\" href=\"https:\/\/cryosivfclinic.com\/tr\/iletisim\/\">\n\t\t\t\t\t\t<span class=\"elementor-button-content-wrapper\">\n\t\t\t\t\t\t\t\t\t<span class=\"elementor-button-text\">Bize ula\u015f\u0131n<\/span>\n\t\t\t\t\t<\/span>\n\t\t\t\t\t<\/a>\n\t\t\t\t\t\t\t\t<\/div>\n\t\t\t\t<div class=\"elementor-element elementor-element-348ffbe elementor-widget elementor-widget-spacer\" data-id=\"348ffbe\" data-element_type=\"widget\" data-e-type=\"widget\" data-widget_type=\"spacer.default\">\n\t\t\t\t\t\t\t<div class=\"elementor-spacer\">\n\t\t\t<div class=\"elementor-spacer-inner\"><\/div>\n\t\t<\/div>\n\t\t\t\t\t\t<\/div>\n\t\t\t\t<div class=\"elementor-element elementor-element-71d8dba elementor-widget elementor-widget-text-editor\" data-id=\"71d8dba\" data-element_type=\"widget\" data-e-type=\"widget\" data-widget_type=\"text-editor.default\">\n\t\t\t\t\t\t\t\t\t<h2>Sperm dondurma hakk\u0131nda s\u0131k\u00e7a sorulan sorular<\/h2><br class=\"a\"><h3>Neden sperm donduruyorsunuz?<\/h3>\nSperminizi dondurmak ve saklamak i\u00e7in farkl\u0131 ki\u015fisel ve t\u0131bbi nedenler vard\u0131r. Baz\u0131 nedenler, sperm kalitenize zarar verebilecek hastal\u0131klar, tedavi veya \u00e7al\u0131\u015fma ortam\u0131ndan kaynaklanabilir. Sperminizi dondurmak daha sonra \u00e7ocuk sahibi olma potansiyelinizi koruyacakt\u0131r.  <br class=\"a\"><br class=\"a\"><h3>Spermi ne kadar s\u00fcre saklayabilirsiniz?<\/h3>\nSperm dondurulduktan sonra hayat\u0131n\u0131z\u0131n geri kalan\u0131 boyunca -196\u00b0C derecede saklanabilir &#8211; son kullanma tarihi yoktur. Yerel yasalara uygun olarak, izin verilen maksimum saklama s\u00fcresi 10 y\u0131ld\u0131r ve yerel T\u0131bbi Yard\u0131mla \u00dcreme Konseyi (CMAR) taraf\u0131ndan onayland\u0131ktan sonra 10 y\u0131la daha uzat\u0131labilir. \t\t\t\t\t\t\t\t<\/div>\n\t\t\t\t\t<\/div>\n\t\t\t\t<\/div>\n\t\t\t\t<\/div>\n\t\t","protected":false},"excerpt":{"rendered":"<p>Sperm dondurma \u00c7ocuk sahibi olma yetene\u011finizi korumak ister misiniz? O zaman Cryos IVF Clinic&#8217;te sperm dondurma ve saklama sizin i\u00e7in do\u011fru se\u00e7im olabilir. Sperm dondurmay\u0131 se\u00e7mek i\u00e7in farkl\u0131 nedenler olabilir. Burada sperm dondurman\u0131n ne zaman uygun oldu\u011fu ve nas\u0131l \u00e7al\u0131\u015ft\u0131\u011f\u0131 hakk\u0131nda daha fazla bilgi edinebilirsiniz. Sperm dondurma nedir? Sperm dondurma, sperm \u00f6rneklerinin bir depolama tank\u0131nda [&hellip;]<\/p>\n","protected":false},"author":2,"featured_media":0,"parent":2279,"menu_order":0,"comment_status":"closed","ping_status":"closed","template":"","meta":{"footnotes":""},"class_list":["post-2296","page","type-page","status-publish","hentry"],"yoast_head":"<!-- This site is optimized with the Yoast SEO plugin v27.4 - https:\/\/yoast.com\/product\/yoast-seo-wordpress\/ -->\n<title>Sperm dondurma - Cryos IVF Clinic in Cyprus<\/title>\n<meta name=\"description\" content=\"Do\u011furganl\u0131\u011f\u0131n\u0131z\u0131 korumak istiyorsan\u0131z, sperminizi dondurmak iyi bir se\u00e7enek olabilir. Nas\u0131l \u00e7al\u0131\u015ft\u0131\u011f\u0131n\u0131 buradan \u00f6\u011frenin.\" \/>\n<meta name=\"robots\" content=\"index, follow, max-snippet:-1, max-image-preview:large, max-video-preview:-1\" \/>\n<link rel=\"canonical\" href=\"https:\/\/cryosivfclinic.com\/tr\/dogurganlik-tedavileri\/sperm-dondurma\/\" \/>\n<meta property=\"og:locale\" content=\"tr_TR\" \/>\n<meta property=\"og:type\" content=\"article\" \/>\n<meta property=\"og:title\" content=\"Sperm dondurma - Cryos IVF Clinic in Cyprus\" \/>\n<meta property=\"og:description\" content=\"Do\u011furganl\u0131\u011f\u0131n\u0131z\u0131 korumak istiyorsan\u0131z, sperminizi dondurmak iyi bir se\u00e7enek olabilir. Nas\u0131l \u00e7al\u0131\u015ft\u0131\u011f\u0131n\u0131 buradan \u00f6\u011frenin.\" \/>\n<meta property=\"og:url\" content=\"https:\/\/cryosivfclinic.com\/tr\/dogurganlik-tedavileri\/sperm-dondurma\/\" \/>\n<meta property=\"og:site_name\" content=\"Cryos IVF Clinic in Cyprus\" \/>\n<meta property=\"article:modified_time\" content=\"2026-02-06T09:39:44+00:00\" \/>\n<meta property=\"og:image\" content=\"https:\/\/cryosivfclinic.com\/wp-content\/uploads\/2025\/03\/Man-considering-sperm-freezing-at-Cryos-IVF-Clinic.jpg\" \/>\n\t<meta property=\"og:image:width\" content=\"960\" \/>\n\t<meta property=\"og:image:height\" content=\"540\" \/>\n\t<meta property=\"og:image:type\" content=\"image\/jpeg\" \/>\n<meta name=\"twitter:card\" content=\"summary_large_image\" \/>\n<meta name=\"twitter:label1\" content=\"Tahmini okuma s\u00fcresi\" \/>\n\t<meta name=\"twitter:data1\" content=\"4 dakika\" \/>\n<script type=\"application\/ld+json\" class=\"yoast-schema-graph\">{\"@context\":\"https:\\\/\\\/schema.org\",\"@graph\":[{\"@type\":\"WebPage\",\"@id\":\"https:\\\/\\\/cryosivfclinic.com\\\/tr\\\/dogurganlik-tedavileri\\\/sperm-dondurma\\\/\",\"url\":\"https:\\\/\\\/cryosivfclinic.com\\\/tr\\\/dogurganlik-tedavileri\\\/sperm-dondurma\\\/\",\"name\":\"Sperm dondurma - Cryos IVF Clinic in Cyprus\",\"isPartOf\":{\"@id\":\"https:\\\/\\\/cryosivfclinic.com\\\/tr\\\/#website\"},\"primaryImageOfPage\":{\"@id\":\"https:\\\/\\\/cryosivfclinic.com\\\/tr\\\/dogurganlik-tedavileri\\\/sperm-dondurma\\\/#primaryimage\"},\"image\":{\"@id\":\"https:\\\/\\\/cryosivfclinic.com\\\/tr\\\/dogurganlik-tedavileri\\\/sperm-dondurma\\\/#primaryimage\"},\"thumbnailUrl\":\"https:\\\/\\\/cryosivfclinic.com\\\/wp-content\\\/uploads\\\/2025\\\/03\\\/Man-considering-sperm-freezing-at-Cryos-IVF-Clinic.jpg\",\"datePublished\":\"2025-03-21T13:23:19+00:00\",\"dateModified\":\"2026-02-06T09:39:44+00:00\",\"description\":\"Do\u011furganl\u0131\u011f\u0131n\u0131z\u0131 korumak istiyorsan\u0131z, sperminizi dondurmak iyi bir se\u00e7enek olabilir. Nas\u0131l \u00e7al\u0131\u015ft\u0131\u011f\u0131n\u0131 buradan \u00f6\u011frenin.\",\"breadcrumb\":{\"@id\":\"https:\\\/\\\/cryosivfclinic.com\\\/tr\\\/dogurganlik-tedavileri\\\/sperm-dondurma\\\/#breadcrumb\"},\"inLanguage\":\"tr\",\"potentialAction\":[{\"@type\":\"ReadAction\",\"target\":[\"https:\\\/\\\/cryosivfclinic.com\\\/tr\\\/dogurganlik-tedavileri\\\/sperm-dondurma\\\/\"]}]},{\"@type\":\"ImageObject\",\"inLanguage\":\"tr\",\"@id\":\"https:\\\/\\\/cryosivfclinic.com\\\/tr\\\/dogurganlik-tedavileri\\\/sperm-dondurma\\\/#primaryimage\",\"url\":\"https:\\\/\\\/cryosivfclinic.com\\\/wp-content\\\/uploads\\\/2025\\\/03\\\/Man-considering-sperm-freezing-at-Cryos-IVF-Clinic.jpg\",\"contentUrl\":\"https:\\\/\\\/cryosivfclinic.com\\\/wp-content\\\/uploads\\\/2025\\\/03\\\/Man-considering-sperm-freezing-at-Cryos-IVF-Clinic.jpg\"},{\"@type\":\"BreadcrumbList\",\"@id\":\"https:\\\/\\\/cryosivfclinic.com\\\/tr\\\/dogurganlik-tedavileri\\\/sperm-dondurma\\\/#breadcrumb\",\"itemListElement\":[{\"@type\":\"ListItem\",\"position\":1,\"name\":\"Home\",\"item\":\"https:\\\/\\\/cryosivfclinic.com\\\/tr\\\/kibrista-dunya-standartlarinda-dogurganlik-tedavisi\\\/\"},{\"@type\":\"ListItem\",\"position\":2,\"name\":\"Do\u011furganl\u0131k tedavileri\",\"item\":\"https:\\\/\\\/cryosivfclinic.com\\\/tr\\\/dogurganlik-tedavileri\\\/\"},{\"@type\":\"ListItem\",\"position\":3,\"name\":\"Sperm dondurma\"}]},{\"@type\":\"WebSite\",\"@id\":\"https:\\\/\\\/cryosivfclinic.com\\\/tr\\\/#website\",\"url\":\"https:\\\/\\\/cryosivfclinic.com\\\/tr\\\/\",\"name\":\"Cryos IVF Clinic in Cyprus\",\"description\":\"\",\"publisher\":{\"@id\":\"https:\\\/\\\/cryosivfclinic.com\\\/tr\\\/#organization\"},\"potentialAction\":[{\"@type\":\"SearchAction\",\"target\":{\"@type\":\"EntryPoint\",\"urlTemplate\":\"https:\\\/\\\/cryosivfclinic.com\\\/tr\\\/?s={search_term_string}\"},\"query-input\":{\"@type\":\"PropertyValueSpecification\",\"valueRequired\":true,\"valueName\":\"search_term_string\"}}],\"inLanguage\":\"tr\"},{\"@type\":\"Organization\",\"@id\":\"https:\\\/\\\/cryosivfclinic.com\\\/tr\\\/#organization\",\"name\":\"Cryos IVF Clinic in Cyprus\",\"url\":\"https:\\\/\\\/cryosivfclinic.com\\\/tr\\\/\",\"logo\":{\"@type\":\"ImageObject\",\"inLanguage\":\"tr\",\"@id\":\"https:\\\/\\\/cryosivfclinic.com\\\/tr\\\/#\\\/schema\\\/logo\\\/image\\\/\",\"url\":\"https:\\\/\\\/cryosivfclinic.com\\\/wp-content\\\/uploads\\\/2025\\\/01\\\/Cryos_Clinic_Logo_RGB_Blue_Black_ank.png\",\"contentUrl\":\"https:\\\/\\\/cryosivfclinic.com\\\/wp-content\\\/uploads\\\/2025\\\/01\\\/Cryos_Clinic_Logo_RGB_Blue_Black_ank.png\",\"width\":367,\"height\":207,\"caption\":\"Cryos IVF Clinic in Cyprus\"},\"image\":{\"@id\":\"https:\\\/\\\/cryosivfclinic.com\\\/tr\\\/#\\\/schema\\\/logo\\\/image\\\/\"}}]}<\/script>\n<!-- \/ Yoast SEO plugin. -->","yoast_head_json":{"title":"Sperm dondurma - Cryos IVF Clinic in Cyprus","description":"Do\u011furganl\u0131\u011f\u0131n\u0131z\u0131 korumak istiyorsan\u0131z, sperminizi dondurmak iyi bir se\u00e7enek olabilir. Nas\u0131l \u00e7al\u0131\u015ft\u0131\u011f\u0131n\u0131 buradan \u00f6\u011frenin.","robots":{"index":"index","follow":"follow","max-snippet":"max-snippet:-1","max-image-preview":"max-image-preview:large","max-video-preview":"max-video-preview:-1"},"canonical":"https:\/\/cryosivfclinic.com\/tr\/dogurganlik-tedavileri\/sperm-dondurma\/","og_locale":"tr_TR","og_type":"article","og_title":"Sperm dondurma - Cryos IVF Clinic in Cyprus","og_description":"Do\u011furganl\u0131\u011f\u0131n\u0131z\u0131 korumak istiyorsan\u0131z, sperminizi dondurmak iyi bir se\u00e7enek olabilir. Nas\u0131l \u00e7al\u0131\u015ft\u0131\u011f\u0131n\u0131 buradan \u00f6\u011frenin.","og_url":"https:\/\/cryosivfclinic.com\/tr\/dogurganlik-tedavileri\/sperm-dondurma\/","og_site_name":"Cryos IVF Clinic in Cyprus","article_modified_time":"2026-02-06T09:39:44+00:00","og_image":[{"width":960,"height":540,"url":"https:\/\/cryosivfclinic.com\/wp-content\/uploads\/2025\/03\/Man-considering-sperm-freezing-at-Cryos-IVF-Clinic.jpg","type":"image\/jpeg"}],"twitter_card":"summary_large_image","twitter_misc":{"Tahmini okuma s\u00fcresi":"4 dakika"},"schema":{"@context":"https:\/\/schema.org","@graph":[{"@type":"WebPage","@id":"https:\/\/cryosivfclinic.com\/tr\/dogurganlik-tedavileri\/sperm-dondurma\/","url":"https:\/\/cryosivfclinic.com\/tr\/dogurganlik-tedavileri\/sperm-dondurma\/","name":"Sperm dondurma - Cryos IVF Clinic in Cyprus","isPartOf":{"@id":"https:\/\/cryosivfclinic.com\/tr\/#website"},"primaryImageOfPage":{"@id":"https:\/\/cryosivfclinic.com\/tr\/dogurganlik-tedavileri\/sperm-dondurma\/#primaryimage"},"image":{"@id":"https:\/\/cryosivfclinic.com\/tr\/dogurganlik-tedavileri\/sperm-dondurma\/#primaryimage"},"thumbnailUrl":"https:\/\/cryosivfclinic.com\/wp-content\/uploads\/2025\/03\/Man-considering-sperm-freezing-at-Cryos-IVF-Clinic.jpg","datePublished":"2025-03-21T13:23:19+00:00","dateModified":"2026-02-06T09:39:44+00:00","description":"Do\u011furganl\u0131\u011f\u0131n\u0131z\u0131 korumak istiyorsan\u0131z, sperminizi dondurmak iyi bir se\u00e7enek olabilir. Nas\u0131l \u00e7al\u0131\u015ft\u0131\u011f\u0131n\u0131 buradan \u00f6\u011frenin.","breadcrumb":{"@id":"https:\/\/cryosivfclinic.com\/tr\/dogurganlik-tedavileri\/sperm-dondurma\/#breadcrumb"},"inLanguage":"tr","potentialAction":[{"@type":"ReadAction","target":["https:\/\/cryosivfclinic.com\/tr\/dogurganlik-tedavileri\/sperm-dondurma\/"]}]},{"@type":"ImageObject","inLanguage":"tr","@id":"https:\/\/cryosivfclinic.com\/tr\/dogurganlik-tedavileri\/sperm-dondurma\/#primaryimage","url":"https:\/\/cryosivfclinic.com\/wp-content\/uploads\/2025\/03\/Man-considering-sperm-freezing-at-Cryos-IVF-Clinic.jpg","contentUrl":"https:\/\/cryosivfclinic.com\/wp-content\/uploads\/2025\/03\/Man-considering-sperm-freezing-at-Cryos-IVF-Clinic.jpg"},{"@type":"BreadcrumbList","@id":"https:\/\/cryosivfclinic.com\/tr\/dogurganlik-tedavileri\/sperm-dondurma\/#breadcrumb","itemListElement":[{"@type":"ListItem","position":1,"name":"Home","item":"https:\/\/cryosivfclinic.com\/tr\/kibrista-dunya-standartlarinda-dogurganlik-tedavisi\/"},{"@type":"ListItem","position":2,"name":"Do\u011furganl\u0131k tedavileri","item":"https:\/\/cryosivfclinic.com\/tr\/dogurganlik-tedavileri\/"},{"@type":"ListItem","position":3,"name":"Sperm dondurma"}]},{"@type":"WebSite","@id":"https:\/\/cryosivfclinic.com\/tr\/#website","url":"https:\/\/cryosivfclinic.com\/tr\/","name":"Cryos IVF Clinic in Cyprus","description":"","publisher":{"@id":"https:\/\/cryosivfclinic.com\/tr\/#organization"},"potentialAction":[{"@type":"SearchAction","target":{"@type":"EntryPoint","urlTemplate":"https:\/\/cryosivfclinic.com\/tr\/?s={search_term_string}"},"query-input":{"@type":"PropertyValueSpecification","valueRequired":true,"valueName":"search_term_string"}}],"inLanguage":"tr"},{"@type":"Organization","@id":"https:\/\/cryosivfclinic.com\/tr\/#organization","name":"Cryos IVF Clinic in Cyprus","url":"https:\/\/cryosivfclinic.com\/tr\/","logo":{"@type":"ImageObject","inLanguage":"tr","@id":"https:\/\/cryosivfclinic.com\/tr\/#\/schema\/logo\/image\/","url":"https:\/\/cryosivfclinic.com\/wp-content\/uploads\/2025\/01\/Cryos_Clinic_Logo_RGB_Blue_Black_ank.png","contentUrl":"https:\/\/cryosivfclinic.com\/wp-content\/uploads\/2025\/01\/Cryos_Clinic_Logo_RGB_Blue_Black_ank.png","width":367,"height":207,"caption":"Cryos IVF Clinic in Cyprus"},"image":{"@id":"https:\/\/cryosivfclinic.com\/tr\/#\/schema\/logo\/image\/"}}]}},"_links":{"self":[{"href":"https:\/\/cryosivfclinic.com\/tr\/wp-json\/wp\/v2\/pages\/2296","targetHints":{"allow":["GET"]}}],"collection":[{"href":"https:\/\/cryosivfclinic.com\/tr\/wp-json\/wp\/v2\/pages"}],"about":[{"href":"https:\/\/cryosivfclinic.com\/tr\/wp-json\/wp\/v2\/types\/page"}],"author":[{"embeddable":true,"href":"https:\/\/cryosivfclinic.com\/tr\/wp-json\/wp\/v2\/users\/2"}],"replies":[{"embeddable":true,"href":"https:\/\/cryosivfclinic.com\/tr\/wp-json\/wp\/v2\/comments?post=2296"}],"version-history":[{"count":4,"href":"https:\/\/cryosivfclinic.com\/tr\/wp-json\/wp\/v2\/pages\/2296\/revisions"}],"predecessor-version":[{"id":2747,"href":"https:\/\/cryosivfclinic.com\/tr\/wp-json\/wp\/v2\/pages\/2296\/revisions\/2747"}],"up":[{"embeddable":true,"href":"https:\/\/cryosivfclinic.com\/tr\/wp-json\/wp\/v2\/pages\/2279"}],"wp:attachment":[{"href":"https:\/\/cryosivfclinic.com\/tr\/wp-json\/wp\/v2\/media?parent=2296"}],"curies":[{"name":"wp","href":"https:\/\/api.w.org\/{rel}","templated":true}]}}