{"id":2288,"date":"2025-03-21T13:22:15","date_gmt":"2025-03-21T13:22:15","guid":{"rendered":"https:\/\/cryosivfclinic.com\/dogurganlik-tedavileri\/iui-tedavisi\/"},"modified":"2026-03-12T11:34:10","modified_gmt":"2026-03-12T11:34:10","slug":"iui-tedavisi","status":"publish","type":"page","link":"https:\/\/cryosivfclinic.com\/tr\/dogurganlik-tedavileri\/iui-tedavisi\/","title":{"rendered":"IUI tedavisi"},"content":{"rendered":"\t\t<div data-elementor-type=\"wp-page\" data-elementor-id=\"2288\" class=\"elementor elementor-2288 elementor-344\" data-elementor-post-type=\"page\">\n\t\t\t\t<div class=\"elementor-element elementor-element-c968dae paddedsection e-flex e-con-boxed e-con e-parent\" data-id=\"c968dae\" data-element_type=\"container\" data-e-type=\"container\">\n\t\t\t\t\t<div class=\"e-con-inner\">\n\t\t\t\t<div class=\"elementor-element elementor-element-9ba3891 elementor-widget elementor-widget-heading\" data-id=\"9ba3891\" data-element_type=\"widget\" data-e-type=\"widget\" data-widget_type=\"heading.default\">\n\t\t\t\t\t<h1 class=\"elementor-heading-title elementor-size-default\">IUI tedavisi\n<\/h1>\t\t\t\t<\/div>\n\t\t\t\t<div class=\"elementor-element elementor-element-394edf9 elementor-widget elementor-widget-text-editor\" data-id=\"394edf9\" data-element_type=\"widget\" data-e-type=\"widget\" data-widget_type=\"text-editor.default\">\n\t\t\t\t\t\t\t\t\t<p>Cryos IVF Klini\u011fi&#8217;nde, bir partnerden veya bir don\u00f6rden al\u0131nan spermin yumurtlama s\u0131ras\u0131nda do\u011frudan rahme yerle\u015ftirildi\u011fi IUI tedavisi sunuyoruz.<\/p>\t\t\t\t\t\t\t\t<\/div>\n\t\t\t\t<div class=\"elementor-element elementor-element-677b2ac elementor-widget-divider--view-line elementor-widget elementor-widget-divider\" data-id=\"677b2ac\" data-element_type=\"widget\" data-e-type=\"widget\" data-widget_type=\"divider.default\">\n\t\t\t\t\t\t\t<div class=\"elementor-divider\">\n\t\t\t<span class=\"elementor-divider-separator\">\n\t\t\t\t\t\t<\/span>\n\t\t<\/div>\n\t\t\t\t\t\t<\/div>\n\t\t\t\t<div class=\"elementor-element elementor-element-4978881 elementor-widget elementor-widget-text-editor\" data-id=\"4978881\" data-element_type=\"widget\" data-e-type=\"widget\" data-widget_type=\"text-editor.default\">\n\t\t\t\t\t\t\t\t\t<p>\u0130ntrauterin inseminasyon (IUI) \u00f6zellikle don\u00f6r spermi ile tedaviye ihtiya\u00e7 duyan kad\u0131nlar veya hafif do\u011furganl\u0131k sorunlar\u0131 ya\u015fayan \u00e7iftler i\u00e7in ge\u00e7erlidir.<br><br><\/p><h2>IUI tedavisi nedir?<\/h2><p>Bu t\u00fcr do\u011furganl\u0131k tedavisinde tohumlama, yumurtlama s\u0131ras\u0131nda do\u011frudan kad\u0131n\u0131n rahmine sperm enjekte eden bir sa\u011fl\u0131k uzman\u0131 taraf\u0131ndan ger\u00e7ekle\u015ftirilir. Bu, sperm h\u00fccrelerinin yumurtaya yakla\u015fmas\u0131n\u0131 sa\u011flar, bu da bir sperm h\u00fccresinin yumurtay\u0131 d\u00f6lleme \u015fans\u0131n\u0131 art\u0131r\u0131r. <\/p>\t\t\t\t\t\t\t\t<\/div>\n\t\t\t\t<div class=\"elementor-element elementor-element-7d6ac06 elementor-widget elementor-widget-image\" data-id=\"7d6ac06\" data-element_type=\"widget\" data-e-type=\"widget\" data-widget_type=\"image.default\">\n\t\t\t\t\t\t\t\t\t\t\t\t\t\t\t<img fetchpriority=\"high\" decoding=\"async\" width=\"960\" height=\"540\" src=\"https:\/\/cryosivfclinic.com\/wp-content\/uploads\/2025\/03\/Pregnant-woman.jpg\" class=\"attachment-full size-full wp-image-2289\" alt=\"Hamile kad\u0131n\" srcset=\"https:\/\/cryosivfclinic.com\/wp-content\/uploads\/2025\/03\/Pregnant-woman.jpg 960w, https:\/\/cryosivfclinic.com\/wp-content\/uploads\/2025\/03\/Pregnant-woman-300x169.jpg 300w, https:\/\/cryosivfclinic.com\/wp-content\/uploads\/2025\/03\/Pregnant-woman-768x432.jpg 768w\" sizes=\"(max-width: 960px) 100vw, 960px\" \/>\t\t\t\t\t\t\t\t\t\t\t\t\t\t\t<\/div>\n\t\t\t\t<div class=\"elementor-element elementor-element-b73fdb1 elementor-widget elementor-widget-text-editor\" data-id=\"b73fdb1\" data-element_type=\"widget\" data-e-type=\"widget\" data-widget_type=\"text-editor.default\">\n\t\t\t\t\t\t\t\t\t<h2>IUI tedavi prosed\u00fcr\u00fc<\/h2><p>\u0130\u015fte Cryos IVF Klini\u011finde IUI tedavisi g\u00f6r\u00fcrken neler bekleyebilece\u011finize dair bir giri\u015f.  <\/p><ol><li>\u0130lk <strong>dan\u0131\u015fma<\/strong> <br>\u0130lk ad\u0131m\u0131n\u0131z bizimle ileti\u015fime ge\u00e7mek ve IUI tedavisinin sizin i\u00e7in do\u011fru se\u00e7enek olup olmad\u0131\u011f\u0131n\u0131 ve durumunuzda do\u011fal bir d\u00f6ng\u00fc m\u00fc yoksa uyar\u0131lm\u0131\u015f bir d\u00f6ng\u00fc m\u00fc \u00f6nerece\u011fimizi de\u011ferlendirmek i\u00e7in t\u0131bbi ge\u00e7mi\u015finizi ve do\u011furganl\u0131\u011f\u0131n\u0131z\u0131 de\u011ferlendirecek deneyimli sa\u011fl\u0131k uzmanlar\u0131m\u0131zdan biriyle \u00fccretsiz, ilk dan\u0131\u015fma g\u00f6r\u00fc\u015fmesi yapmakt\u0131r.<\/li><li><strong>Hormon uyar\u0131m\u0131 ve ultrason (sadece uyar\u0131lm\u0131\u015f d\u00f6ng\u00fc i\u00e7in)<\/strong><br>Uyar\u0131lm\u0131\u015f bir d\u00f6ng\u00fcde IUI ile gebelik \u015fans\u0131n\u0131z\u0131n daha y\u00fcksek oldu\u011funu belirlersek, tedavi s\u00fcrecini daha fazla planlamadan \u00f6nce bir veya daha fazla ultrason taramas\u0131 i\u00e7in Cryos IVF Klini\u011fini ziyaret etmeniz gerekir. Seyahatinizi s\u0131n\u0131rland\u0131rmay\u0131 tercih ederseniz, masraflar\u0131 size ait olmak \u00fczere evinize daha yak\u0131n bir klinikte ultrason taramalar\u0131 ayarlayabilirsiniz. Hormon stim\u00fclasyonu tipik olarak evde tabletler ve\/veya enjeksiyonlardan olu\u015facakt\u0131r.  <\/li><li><strong>Tedavinizi yumurt<\/strong>lama d\u00f6neminize g\u00f6re zamanlamak<br>IUI tedavisinde zamanlama \u00f6nemlidir, \u00e7\u00fcnk\u00fc ba\u015far\u0131 \u015fans\u0131n\u0131z\u0131 art\u0131rmak i\u00e7in tohumlaman\u0131n m\u00fcmk\u00fcn oldu\u011funca yumurtlama d\u00f6nemine yak\u0131n bir zamanda yap\u0131lmas\u0131 gerekir. Yumurtlama zaman\u0131n\u0131z, d\u00f6ng\u00fcn\u00fcze ve do\u011furganl\u0131k ilac\u0131 al\u0131p almad\u0131\u011f\u0131n\u0131za ba\u011fl\u0131 olarak de\u011fi\u015fecektir. Beklenen yumurtlama zaman\u0131n\u0131z\u0131 \u00f6\u011frendikten sonra, inseminasyonunuz i\u00e7in bir tarih ve saat planlayaca\u011f\u0131z.  <\/li><li>Spermin <strong>haz\u0131rlanmas\u0131<\/strong><br>Bir partnerden sperm kullanacaksan\u0131z, \u00f6nceden veya tohumlama g\u00fcn\u00fcnde bir sperm \u00f6rne\u011fi sa\u011flamal\u0131d\u0131r. Daha sonra spermi laboratuvar\u0131m\u0131zda y\u0131kayaca\u011f\u0131z, istenmeyen unsurlar\u0131 ortadan kald\u0131raca\u011f\u0131z ve hareketli spermi konsantre edece\u011fiz. Bir don\u00f6rden sperm kullanacaksan\u0131z, se\u00e7ti\u011finiz don\u00f6rden tedavi i\u00e7in zaman\u0131nda don\u00f6r spermi sipari\u015f etti\u011finizden emin olmal\u0131s\u0131n\u0131z. Don\u00f6r spermi ile tedavi hakk\u0131nda daha fazla bilgiyi buradan edinebilirsiniz.   <\/li><li><strong>Tohumlama<\/strong><br>Sperm haz\u0131r oldu\u011funda, tohumlama, ince, esnek bir plastik t\u00fcp kullanarak spermi uterusunuza enjekte eden bir sa\u011fl\u0131k uzman\u0131 taraf\u0131ndan ger\u00e7ekle\u015ftirilir. \u00c7o\u011fu insan i\u00e7in IUI tedavisi a\u011fr\u0131s\u0131zd\u0131r ve prosed\u00fcr sadece birka\u00e7 dakika s\u00fcrer &#8211; sonu\u00e7ta klinikte yakla\u015f\u0131k bir saat ge\u00e7irmeyi bekleyebilirsiniz. <\/li><\/ol><h2>IUI tedavinizden sonra<\/h2><p>IUI tedavinizi yapt\u0131rd\u0131ktan sonra g\u00fcnl\u00fck hayat\u0131n\u0131za d\u00f6nebilirsiniz. \u0130ki hafta sonra tedavinin ba\u015far\u0131l\u0131 olup olmad\u0131\u011f\u0131n\u0131 g\u00f6rmek i\u00e7in idrarda gebelik testi yapabilirsiniz.   <\/p><p>Hamile kalmazsan\u0131z tedavi bir sonraki siklusunuzda tekrarlanabilir. Sa\u011fl\u0131k uzmanlar\u0131m\u0131z, tedavinin ba\u015far\u0131s\u0131z olmas\u0131 durumunda di\u011fer tedavi se\u00e7enekleri konusunda da size rehberlik edebilecektir. <\/p><h2>IUI tedavisinin maliyeti nedir?<\/h2><p>Bir IUI tedavisi i\u00e7in fiyat 975 \u20ac&#8217;dur. Tedavinizin sadece bir k\u0131sm\u0131n\u0131 Cryos IVF Klini\u011finde daha d\u00fc\u015f\u00fck bir fiyata yapt\u0131rmay\u0131 da se\u00e7ebilirsiniz.  <a href=\"https:\/\/cryosivfclinic.com\/tr\/fiyata-genel-bakis\/\">Fiyatlar\u0131m\u0131z hakk\u0131nda daha fazla bilgiyi buradan edinebilirsiniz.<\/a><\/p><h2>IUI tedaviniz i\u00e7in don\u00f6r spermine ihtiyac\u0131n\u0131z var m\u0131?<\/h2><p>Cryos IVF Klini\u011finde, Cryos sperm bankas\u0131ndan veya ba\u015fka bir sperm bankas\u0131ndan don\u00f6r spermi kullanmak m\u00fcmk\u00fcnd\u00fcr. <a href=\"https:\/\/cryosivfclinic.com\/tr\/dogurganlik-tedavileri\/donor-spermi-ile-tedavi\/\">Don\u00f6r spermi ile tedavi<\/a> hakk\u0131nda daha fazla bilgiyi buradan edinebilirsiniz. <\/p><h2>Sizin i\u00e7in buraday\u0131z<\/h2><p>IUI tedavisi olmay\u0131 d\u00fc\u015f\u00fcn\u00fcyor musunuz? O halde l\u00fctfen bize ula\u015f\u0131n &#8211; her t\u00fcrl\u00fc sorunuzu yan\u0131tlamaktan ve ihtiya\u00e7lar\u0131n\u0131za uygun bir tedavi s\u00fcreci planlaman\u0131za yard\u0131mc\u0131 olmaktan memnuniyet duyar\u0131z. <\/p>\t\t\t\t\t\t\t\t<\/div>\n\t\t\t\t<div class=\"elementor-element elementor-element-add4e4d elementor-align-center elementor-widget elementor-widget-button\" data-id=\"add4e4d\" data-element_type=\"widget\" data-e-type=\"widget\" data-widget_type=\"button.default\">\n\t\t\t\t\t\t\t\t\t\t<a class=\"elementor-button elementor-button-link elementor-size-sm\" href=\"https:\/\/cryosivfclinic.com\/tr\/iletisim\/\">\n\t\t\t\t\t\t<span class=\"elementor-button-content-wrapper\">\n\t\t\t\t\t\t\t\t\t<span class=\"elementor-button-text\">Bize ula\u015f\u0131n<\/span>\n\t\t\t\t\t<\/span>\n\t\t\t\t\t<\/a>\n\t\t\t\t\t\t\t\t<\/div>\n\t\t\t\t\t<\/div>\n\t\t\t\t<\/div>\n\t\t\t\t<\/div>\n\t\t","protected":false},"excerpt":{"rendered":"<p>IUI tedavisi Cryos IVF Klini\u011fi&#8217;nde, bir partnerden veya bir don\u00f6rden al\u0131nan spermin yumurtlama s\u0131ras\u0131nda do\u011frudan rahme yerle\u015ftirildi\u011fi IUI tedavisi sunuyoruz. \u0130ntrauterin inseminasyon (IUI) \u00f6zellikle don\u00f6r spermi ile tedaviye ihtiya\u00e7 duyan kad\u0131nlar veya hafif do\u011furganl\u0131k sorunlar\u0131 ya\u015fayan \u00e7iftler i\u00e7in ge\u00e7erlidir. IUI tedavisi nedir? Bu t\u00fcr do\u011furganl\u0131k tedavisinde tohumlama, yumurtlama s\u0131ras\u0131nda do\u011frudan kad\u0131n\u0131n rahmine sperm enjekte eden [&hellip;]<\/p>\n","protected":false},"author":2,"featured_media":0,"parent":2279,"menu_order":0,"comment_status":"closed","ping_status":"closed","template":"","meta":{"footnotes":""},"class_list":["post-2288","page","type-page","status-publish","hentry"],"yoast_head":"<!-- This site is optimized with the Yoast SEO plugin v27.4 - https:\/\/yoast.com\/product\/yoast-seo-wordpress\/ -->\n<title>IUI tedavisi - Cryos IVF Clinic in Cyprus<\/title>\n<meta name=\"description\" content=\"IUI tedavisi, spermin do\u011frudan rahim i\u00e7ine enjekte edilmesini i\u00e7eren bir do\u011furganl\u0131k tedavisi t\u00fcr\u00fcd\u00fcr. Bu tedavinin ne zaman uygun oldu\u011funu ve nas\u0131l \u00e7al\u0131\u015ft\u0131\u011f\u0131n\u0131 buradan \u00f6\u011frenin.\" \/>\n<meta name=\"robots\" content=\"index, follow, max-snippet:-1, max-image-preview:large, max-video-preview:-1\" \/>\n<link rel=\"canonical\" href=\"https:\/\/cryosivfclinic.com\/tr\/dogurganlik-tedavileri\/iui-tedavisi\/\" \/>\n<meta property=\"og:locale\" content=\"tr_TR\" \/>\n<meta property=\"og:type\" content=\"article\" \/>\n<meta property=\"og:title\" content=\"IUI tedavisi - Cryos IVF Clinic in Cyprus\" \/>\n<meta property=\"og:description\" content=\"IUI tedavisi, spermin do\u011frudan rahim i\u00e7ine enjekte edilmesini i\u00e7eren bir do\u011furganl\u0131k tedavisi t\u00fcr\u00fcd\u00fcr. Bu tedavinin ne zaman uygun oldu\u011funu ve nas\u0131l \u00e7al\u0131\u015ft\u0131\u011f\u0131n\u0131 buradan \u00f6\u011frenin.\" \/>\n<meta property=\"og:url\" content=\"https:\/\/cryosivfclinic.com\/tr\/dogurganlik-tedavileri\/iui-tedavisi\/\" \/>\n<meta property=\"og:site_name\" content=\"Cryos IVF Clinic in Cyprus\" \/>\n<meta property=\"article:modified_time\" content=\"2026-03-12T11:34:10+00:00\" \/>\n<meta property=\"og:image\" content=\"https:\/\/cryosivfclinic.com\/wp-content\/uploads\/2025\/03\/Pregnant-woman.jpg\" \/>\n\t<meta property=\"og:image:width\" content=\"960\" \/>\n\t<meta property=\"og:image:height\" content=\"540\" \/>\n\t<meta property=\"og:image:type\" content=\"image\/jpeg\" \/>\n<meta name=\"twitter:card\" content=\"summary_large_image\" \/>\n<meta name=\"twitter:label1\" content=\"Tahmini okuma s\u00fcresi\" \/>\n\t<meta name=\"twitter:data1\" content=\"4 dakika\" \/>\n<script type=\"application\/ld+json\" class=\"yoast-schema-graph\">{\"@context\":\"https:\\\/\\\/schema.org\",\"@graph\":[{\"@type\":\"WebPage\",\"@id\":\"https:\\\/\\\/cryosivfclinic.com\\\/tr\\\/dogurganlik-tedavileri\\\/iui-tedavisi\\\/\",\"url\":\"https:\\\/\\\/cryosivfclinic.com\\\/tr\\\/dogurganlik-tedavileri\\\/iui-tedavisi\\\/\",\"name\":\"IUI tedavisi - Cryos IVF Clinic in Cyprus\",\"isPartOf\":{\"@id\":\"https:\\\/\\\/cryosivfclinic.com\\\/tr\\\/#website\"},\"primaryImageOfPage\":{\"@id\":\"https:\\\/\\\/cryosivfclinic.com\\\/tr\\\/dogurganlik-tedavileri\\\/iui-tedavisi\\\/#primaryimage\"},\"image\":{\"@id\":\"https:\\\/\\\/cryosivfclinic.com\\\/tr\\\/dogurganlik-tedavileri\\\/iui-tedavisi\\\/#primaryimage\"},\"thumbnailUrl\":\"https:\\\/\\\/cryosivfclinic.com\\\/wp-content\\\/uploads\\\/2025\\\/03\\\/Pregnant-woman.jpg\",\"datePublished\":\"2025-03-21T13:22:15+00:00\",\"dateModified\":\"2026-03-12T11:34:10+00:00\",\"description\":\"IUI tedavisi, spermin do\u011frudan rahim i\u00e7ine enjekte edilmesini i\u00e7eren bir do\u011furganl\u0131k tedavisi t\u00fcr\u00fcd\u00fcr. Bu tedavinin ne zaman uygun oldu\u011funu ve nas\u0131l \u00e7al\u0131\u015ft\u0131\u011f\u0131n\u0131 buradan \u00f6\u011frenin.\",\"breadcrumb\":{\"@id\":\"https:\\\/\\\/cryosivfclinic.com\\\/tr\\\/dogurganlik-tedavileri\\\/iui-tedavisi\\\/#breadcrumb\"},\"inLanguage\":\"tr\",\"potentialAction\":[{\"@type\":\"ReadAction\",\"target\":[\"https:\\\/\\\/cryosivfclinic.com\\\/tr\\\/dogurganlik-tedavileri\\\/iui-tedavisi\\\/\"]}]},{\"@type\":\"ImageObject\",\"inLanguage\":\"tr\",\"@id\":\"https:\\\/\\\/cryosivfclinic.com\\\/tr\\\/dogurganlik-tedavileri\\\/iui-tedavisi\\\/#primaryimage\",\"url\":\"https:\\\/\\\/cryosivfclinic.com\\\/wp-content\\\/uploads\\\/2025\\\/03\\\/Pregnant-woman.jpg\",\"contentUrl\":\"https:\\\/\\\/cryosivfclinic.com\\\/wp-content\\\/uploads\\\/2025\\\/03\\\/Pregnant-woman.jpg\"},{\"@type\":\"BreadcrumbList\",\"@id\":\"https:\\\/\\\/cryosivfclinic.com\\\/tr\\\/dogurganlik-tedavileri\\\/iui-tedavisi\\\/#breadcrumb\",\"itemListElement\":[{\"@type\":\"ListItem\",\"position\":1,\"name\":\"Home\",\"item\":\"https:\\\/\\\/cryosivfclinic.com\\\/tr\\\/kibrista-dunya-standartlarinda-dogurganlik-tedavisi\\\/\"},{\"@type\":\"ListItem\",\"position\":2,\"name\":\"Do\u011furganl\u0131k tedavileri\",\"item\":\"https:\\\/\\\/cryosivfclinic.com\\\/tr\\\/dogurganlik-tedavileri\\\/\"},{\"@type\":\"ListItem\",\"position\":3,\"name\":\"IUI tedavisi\"}]},{\"@type\":\"WebSite\",\"@id\":\"https:\\\/\\\/cryosivfclinic.com\\\/tr\\\/#website\",\"url\":\"https:\\\/\\\/cryosivfclinic.com\\\/tr\\\/\",\"name\":\"Cryos IVF Clinic in Cyprus\",\"description\":\"\",\"publisher\":{\"@id\":\"https:\\\/\\\/cryosivfclinic.com\\\/tr\\\/#organization\"},\"potentialAction\":[{\"@type\":\"SearchAction\",\"target\":{\"@type\":\"EntryPoint\",\"urlTemplate\":\"https:\\\/\\\/cryosivfclinic.com\\\/tr\\\/?s={search_term_string}\"},\"query-input\":{\"@type\":\"PropertyValueSpecification\",\"valueRequired\":true,\"valueName\":\"search_term_string\"}}],\"inLanguage\":\"tr\"},{\"@type\":\"Organization\",\"@id\":\"https:\\\/\\\/cryosivfclinic.com\\\/tr\\\/#organization\",\"name\":\"Cryos IVF Clinic in Cyprus\",\"url\":\"https:\\\/\\\/cryosivfclinic.com\\\/tr\\\/\",\"logo\":{\"@type\":\"ImageObject\",\"inLanguage\":\"tr\",\"@id\":\"https:\\\/\\\/cryosivfclinic.com\\\/tr\\\/#\\\/schema\\\/logo\\\/image\\\/\",\"url\":\"https:\\\/\\\/cryosivfclinic.com\\\/wp-content\\\/uploads\\\/2025\\\/01\\\/Cryos_Clinic_Logo_RGB_Blue_Black_ank.png\",\"contentUrl\":\"https:\\\/\\\/cryosivfclinic.com\\\/wp-content\\\/uploads\\\/2025\\\/01\\\/Cryos_Clinic_Logo_RGB_Blue_Black_ank.png\",\"width\":367,\"height\":207,\"caption\":\"Cryos IVF Clinic in Cyprus\"},\"image\":{\"@id\":\"https:\\\/\\\/cryosivfclinic.com\\\/tr\\\/#\\\/schema\\\/logo\\\/image\\\/\"}}]}<\/script>\n<!-- \/ Yoast SEO plugin. -->","yoast_head_json":{"title":"IUI tedavisi - Cryos IVF Clinic in Cyprus","description":"IUI tedavisi, spermin do\u011frudan rahim i\u00e7ine enjekte edilmesini i\u00e7eren bir do\u011furganl\u0131k tedavisi t\u00fcr\u00fcd\u00fcr. Bu tedavinin ne zaman uygun oldu\u011funu ve nas\u0131l \u00e7al\u0131\u015ft\u0131\u011f\u0131n\u0131 buradan \u00f6\u011frenin.","robots":{"index":"index","follow":"follow","max-snippet":"max-snippet:-1","max-image-preview":"max-image-preview:large","max-video-preview":"max-video-preview:-1"},"canonical":"https:\/\/cryosivfclinic.com\/tr\/dogurganlik-tedavileri\/iui-tedavisi\/","og_locale":"tr_TR","og_type":"article","og_title":"IUI tedavisi - Cryos IVF Clinic in Cyprus","og_description":"IUI tedavisi, spermin do\u011frudan rahim i\u00e7ine enjekte edilmesini i\u00e7eren bir do\u011furganl\u0131k tedavisi t\u00fcr\u00fcd\u00fcr. Bu tedavinin ne zaman uygun oldu\u011funu ve nas\u0131l \u00e7al\u0131\u015ft\u0131\u011f\u0131n\u0131 buradan \u00f6\u011frenin.","og_url":"https:\/\/cryosivfclinic.com\/tr\/dogurganlik-tedavileri\/iui-tedavisi\/","og_site_name":"Cryos IVF Clinic in Cyprus","article_modified_time":"2026-03-12T11:34:10+00:00","og_image":[{"width":960,"height":540,"url":"https:\/\/cryosivfclinic.com\/wp-content\/uploads\/2025\/03\/Pregnant-woman.jpg","type":"image\/jpeg"}],"twitter_card":"summary_large_image","twitter_misc":{"Tahmini okuma s\u00fcresi":"4 dakika"},"schema":{"@context":"https:\/\/schema.org","@graph":[{"@type":"WebPage","@id":"https:\/\/cryosivfclinic.com\/tr\/dogurganlik-tedavileri\/iui-tedavisi\/","url":"https:\/\/cryosivfclinic.com\/tr\/dogurganlik-tedavileri\/iui-tedavisi\/","name":"IUI tedavisi - Cryos IVF Clinic in Cyprus","isPartOf":{"@id":"https:\/\/cryosivfclinic.com\/tr\/#website"},"primaryImageOfPage":{"@id":"https:\/\/cryosivfclinic.com\/tr\/dogurganlik-tedavileri\/iui-tedavisi\/#primaryimage"},"image":{"@id":"https:\/\/cryosivfclinic.com\/tr\/dogurganlik-tedavileri\/iui-tedavisi\/#primaryimage"},"thumbnailUrl":"https:\/\/cryosivfclinic.com\/wp-content\/uploads\/2025\/03\/Pregnant-woman.jpg","datePublished":"2025-03-21T13:22:15+00:00","dateModified":"2026-03-12T11:34:10+00:00","description":"IUI tedavisi, spermin do\u011frudan rahim i\u00e7ine enjekte edilmesini i\u00e7eren bir do\u011furganl\u0131k tedavisi t\u00fcr\u00fcd\u00fcr. Bu tedavinin ne zaman uygun oldu\u011funu ve nas\u0131l \u00e7al\u0131\u015ft\u0131\u011f\u0131n\u0131 buradan \u00f6\u011frenin.","breadcrumb":{"@id":"https:\/\/cryosivfclinic.com\/tr\/dogurganlik-tedavileri\/iui-tedavisi\/#breadcrumb"},"inLanguage":"tr","potentialAction":[{"@type":"ReadAction","target":["https:\/\/cryosivfclinic.com\/tr\/dogurganlik-tedavileri\/iui-tedavisi\/"]}]},{"@type":"ImageObject","inLanguage":"tr","@id":"https:\/\/cryosivfclinic.com\/tr\/dogurganlik-tedavileri\/iui-tedavisi\/#primaryimage","url":"https:\/\/cryosivfclinic.com\/wp-content\/uploads\/2025\/03\/Pregnant-woman.jpg","contentUrl":"https:\/\/cryosivfclinic.com\/wp-content\/uploads\/2025\/03\/Pregnant-woman.jpg"},{"@type":"BreadcrumbList","@id":"https:\/\/cryosivfclinic.com\/tr\/dogurganlik-tedavileri\/iui-tedavisi\/#breadcrumb","itemListElement":[{"@type":"ListItem","position":1,"name":"Home","item":"https:\/\/cryosivfclinic.com\/tr\/kibrista-dunya-standartlarinda-dogurganlik-tedavisi\/"},{"@type":"ListItem","position":2,"name":"Do\u011furganl\u0131k tedavileri","item":"https:\/\/cryosivfclinic.com\/tr\/dogurganlik-tedavileri\/"},{"@type":"ListItem","position":3,"name":"IUI tedavisi"}]},{"@type":"WebSite","@id":"https:\/\/cryosivfclinic.com\/tr\/#website","url":"https:\/\/cryosivfclinic.com\/tr\/","name":"Cryos IVF Clinic in Cyprus","description":"","publisher":{"@id":"https:\/\/cryosivfclinic.com\/tr\/#organization"},"potentialAction":[{"@type":"SearchAction","target":{"@type":"EntryPoint","urlTemplate":"https:\/\/cryosivfclinic.com\/tr\/?s={search_term_string}"},"query-input":{"@type":"PropertyValueSpecification","valueRequired":true,"valueName":"search_term_string"}}],"inLanguage":"tr"},{"@type":"Organization","@id":"https:\/\/cryosivfclinic.com\/tr\/#organization","name":"Cryos IVF Clinic in Cyprus","url":"https:\/\/cryosivfclinic.com\/tr\/","logo":{"@type":"ImageObject","inLanguage":"tr","@id":"https:\/\/cryosivfclinic.com\/tr\/#\/schema\/logo\/image\/","url":"https:\/\/cryosivfclinic.com\/wp-content\/uploads\/2025\/01\/Cryos_Clinic_Logo_RGB_Blue_Black_ank.png","contentUrl":"https:\/\/cryosivfclinic.com\/wp-content\/uploads\/2025\/01\/Cryos_Clinic_Logo_RGB_Blue_Black_ank.png","width":367,"height":207,"caption":"Cryos IVF Clinic in Cyprus"},"image":{"@id":"https:\/\/cryosivfclinic.com\/tr\/#\/schema\/logo\/image\/"}}]}},"_links":{"self":[{"href":"https:\/\/cryosivfclinic.com\/tr\/wp-json\/wp\/v2\/pages\/2288","targetHints":{"allow":["GET"]}}],"collection":[{"href":"https:\/\/cryosivfclinic.com\/tr\/wp-json\/wp\/v2\/pages"}],"about":[{"href":"https:\/\/cryosivfclinic.com\/tr\/wp-json\/wp\/v2\/types\/page"}],"author":[{"embeddable":true,"href":"https:\/\/cryosivfclinic.com\/tr\/wp-json\/wp\/v2\/users\/2"}],"replies":[{"embeddable":true,"href":"https:\/\/cryosivfclinic.com\/tr\/wp-json\/wp\/v2\/comments?post=2288"}],"version-history":[{"count":5,"href":"https:\/\/cryosivfclinic.com\/tr\/wp-json\/wp\/v2\/pages\/2288\/revisions"}],"predecessor-version":[{"id":2786,"href":"https:\/\/cryosivfclinic.com\/tr\/wp-json\/wp\/v2\/pages\/2288\/revisions\/2786"}],"up":[{"embeddable":true,"href":"https:\/\/cryosivfclinic.com\/tr\/wp-json\/wp\/v2\/pages\/2279"}],"wp:attachment":[{"href":"https:\/\/cryosivfclinic.com\/tr\/wp-json\/wp\/v2\/media?parent=2288"}],"curies":[{"name":"wp","href":"https:\/\/api.w.org\/{rel}","templated":true}]}}