{"id":2285,"date":"2025-03-21T13:22:58","date_gmt":"2025-03-21T13:22:58","guid":{"rendered":"https:\/\/cryosivfclinic.com\/dogurganlik-tedavileri\/dondurulmus-embriyo-transferi-fet\/"},"modified":"2026-03-12T11:45:13","modified_gmt":"2026-03-12T11:45:13","slug":"dondurulmus-embriyo-transferi-fet","status":"publish","type":"page","link":"https:\/\/cryosivfclinic.com\/tr\/dogurganlik-tedavileri\/dondurulmus-embriyo-transferi-fet\/","title":{"rendered":"Dondurulmu\u015f embriyo transferi (FET)"},"content":{"rendered":"\t\t<div data-elementor-type=\"wp-page\" data-elementor-id=\"2285\" class=\"elementor elementor-2285 elementor-350\" data-elementor-post-type=\"page\">\n\t\t\t\t<div class=\"elementor-element elementor-element-a880fb1 paddedsection e-flex e-con-boxed e-con e-parent\" data-id=\"a880fb1\" data-element_type=\"container\" data-e-type=\"container\">\n\t\t\t\t\t<div class=\"e-con-inner\">\n\t\t\t\t<div class=\"elementor-element elementor-element-73fb831 elementor-widget elementor-widget-heading\" data-id=\"73fb831\" data-element_type=\"widget\" data-e-type=\"widget\" data-widget_type=\"heading.default\">\n\t\t\t\t\t<h1 class=\"elementor-heading-title elementor-size-default\">Dondurulmu\u015f embriyo transferi (FET)\n<\/h1>\t\t\t\t<\/div>\n\t\t\t\t<div class=\"elementor-element elementor-element-4950a72 lastnospace elementor-widget elementor-widget-text-editor\" data-id=\"4950a72\" data-element_type=\"widget\" data-e-type=\"widget\" data-widget_type=\"text-editor.default\">\n\t\t\t\t\t\t\t\t\t<p>Cryos IVF Klini\u011finde, IVF tedavisinde hastalar i\u00e7in esnek ve etkili bir se\u00e7enek olarak dondurulmu\u015f embriyo transferi (FET) sunuyoruz.<\/p>\t\t\t\t\t\t\t\t<\/div>\n\t\t\t\t<div class=\"elementor-element elementor-element-46ac94f elementor-widget-divider--view-line elementor-widget elementor-widget-divider\" data-id=\"46ac94f\" data-element_type=\"widget\" data-e-type=\"widget\" data-widget_type=\"divider.default\">\n\t\t\t\t\t\t\t<div class=\"elementor-divider\">\n\t\t\t<span class=\"elementor-divider-separator\">\n\t\t\t\t\t\t<\/span>\n\t\t<\/div>\n\t\t\t\t\t\t<\/div>\n\t\t\t\t<div class=\"elementor-element elementor-element-a244355 elementor-widget elementor-widget-text-editor\" data-id=\"a244355\" data-element_type=\"widget\" data-e-type=\"widget\" data-widget_type=\"text-editor.default\">\n\t\t\t\t\t\t\t\t\t<p>Dondurulmu\u015f embriyo transferleri, taze embriyo kullanmak kadar ba\u015far\u0131l\u0131 olabilir. Bu se\u00e7ene\u011fin ne zaman uygun olabilece\u011fini ve nas\u0131l \u00e7al\u0131\u015ft\u0131\u011f\u0131n\u0131 buradan \u00f6\u011frenin. <br class=\"a\"><br class=\"a\"><\/p><h2>Dondurulmu\u015f embriyo transferi nedir?<\/h2><p>Dondurulmu\u015f Embriyo Transferi (FET), daha \u00f6nce bir IVF tedavisinde elde edilen ve dondurulan embriyolar\u0131n \u00e7\u00f6z\u00fcld\u00fc\u011f\u00fc ve rahim i\u00e7ine transfer edildi\u011fi bir s\u00fcre\u00e7tir. Bu yakla\u015f\u0131m, kad\u0131n\u0131n karde\u015f istemesi veya orijinal d\u00f6ng\u00fcn\u00fcn ba\u015far\u0131s\u0131z olmas\u0131 durumunda t\u00fcm IVF s\u00fcrecinden tekrar ge\u00e7mekten ka\u00e7\u0131nmas\u0131na olanak tan\u0131r. FET, taze embriyo transferi ile benzer gebe kalma \u015fans\u0131na sahip g\u00fcvenli ve etkili bir y\u00f6ntemdir.  <\/p>\t\t\t\t\t\t\t\t<\/div>\n\t\t\t\t<div class=\"elementor-element elementor-element-ceee065 elementor-widget elementor-widget-image\" data-id=\"ceee065\" data-element_type=\"widget\" data-e-type=\"widget\" data-widget_type=\"image.default\">\n\t\t\t\t\t\t\t\t\t\t\t\t\t\t\t<img fetchpriority=\"high\" decoding=\"async\" width=\"960\" height=\"540\" src=\"https:\/\/cryosivfclinic.com\/wp-content\/uploads\/2025\/03\/Frozen-embryo-transfer-at-Cryos-IVF-Clinic.jpg\" class=\"attachment-full size-full wp-image-2286\" alt=\"Cryos IVF Klini\u011finde dondurulmu\u015f embriyo transferi\" srcset=\"https:\/\/cryosivfclinic.com\/wp-content\/uploads\/2025\/03\/Frozen-embryo-transfer-at-Cryos-IVF-Clinic.jpg 960w, https:\/\/cryosivfclinic.com\/wp-content\/uploads\/2025\/03\/Frozen-embryo-transfer-at-Cryos-IVF-Clinic-300x169.jpg 300w, https:\/\/cryosivfclinic.com\/wp-content\/uploads\/2025\/03\/Frozen-embryo-transfer-at-Cryos-IVF-Clinic-768x432.jpg 768w\" sizes=\"(max-width: 960px) 100vw, 960px\" \/>\t\t\t\t\t\t\t\t\t\t\t\t\t\t\t<\/div>\n\t\t\t\t<div class=\"elementor-element elementor-element-e4128b1 elementor-widget elementor-widget-text-editor\" data-id=\"e4128b1\" data-element_type=\"widget\" data-e-type=\"widget\" data-widget_type=\"text-editor.default\">\n\t\t\t\t\t\t\t\t\t<h2>Dondurulmu\u015f embriyo transferi ne zaman \u00f6nemlidir?<\/h2><p>Dondurulmu\u015f embriyolar, taze bir d\u00f6ng\u00fc bask\u0131s\u0131 olmadan ideal zamanda transfer edilebilir. Bu a\u015fa\u011f\u0131dakiler i\u00e7in uygun olabilir: <\/p><ul><li>Taze embriyo transferinden ka\u00e7\u0131nmak i\u00e7in \u00f6zel t\u0131bbi endikasyonlar\u0131 olan hastalar<\/li><li>\u00d6nceki bir <a href=\"https:\/\/cryosivfclinic.com\/tr\/dogurganlik-tedavileri\/tup-bebek-tedavisi\/\">IVF tedavi<\/a> d\u00f6ng\u00fcs\u00fcnden saklanan dondurulmu\u015f embriyolar\u0131 olan hastalar<\/li><li><a href=\"https:\/\/cryosclinic.com\/en-gb\/treatments\/embryo-creation-treatment\" target=\"_blank\" rel=\"noopener\">Danimarka&#8217;daki Cryos Klini\u011finde don\u00f6r yumurta ile embriyo olu\u015fturmay\u0131<\/a> se\u00e7en ve transferin K\u0131br\u0131s&#8217;taki Cryos IVF Klini\u011finde ger\u00e7ekle\u015fmesini isteyen hastalar.<\/li><\/ul><p><br class=\"a\"><br class=\"a\"><\/p><h2>Dondurulmu\u015f embriyo transferi &#8211; s\u00fcre\u00e7<\/h2><p>S\u00fcre\u00e7, dondurulmu\u015f embriyo transferini ayarlamak i\u00e7in bizimle ileti\u015fime ge\u00e7ti\u011finizde ba\u015flar. A\u015fa\u011f\u0131daki ad\u0131mlar \u015funlard\u0131r: <br class=\"a\"><br class=\"a\"><\/p><ol><li style=\"list-style-type: none;\"><ol><li>Rahmin <strong>haz\u0131rlanmas\u0131<\/strong><br class=\"a\">Transferden g\u00fcnler \u00f6nce, implantasyon i\u00e7in en uygun ortam\u0131 olu\u015fturmak \u00fczere rahim astar\u0131 haz\u0131rlan\u0131r. Bu, do\u011fal bir d\u00f6ng\u00fcde veya endometriyal kal\u0131nl\u0131\u011f\u0131 d\u00fczenlemek i\u00e7in hormonal ila\u00e7larla yap\u0131labilir. <\/li><li><strong>Embriyo \u00e7\u00f6zme<\/strong><br class=\"a\">Dondurulmu\u015f embriyolar, ya\u015fayabilirliklerini sa\u011flamak i\u00e7in geli\u015fmi\u015f teknikler kullan\u0131larak dikkatlice \u00e7\u00f6z\u00fcl\u00fcr. Vitrifikasyon tekni\u011fi sayesinde, modern dondurma y\u00f6ntemleri y\u00fcksek embriyo hayatta kalma oranlar\u0131 elde etmektedir. <\/li><li><strong>Embriyo transferi<\/strong><br class=\"a\">Rahim ve embriyo haz\u0131r oldu\u011funda, se\u00e7ilen embriyo bir do\u011furganl\u0131k doktoru taraf\u0131ndan y\u00f6nlendirilen bir kateter kullan\u0131larak rahme yerle\u015ftirilir. \u0130\u015flem a\u011fr\u0131s\u0131zd\u0131r ve anestezi gerektirmez. <\/li><\/ol><\/li><\/ol><ol><li style=\"list-style-type: none;\"> <\/li><\/ol><p><br class=\"a\"><br class=\"a\"><\/p><h2>Dondurulmu\u015f embriyo transferinizden sonra<\/h2><p>Embriyo transferinden iki hafta sonra, tedavinin ba\u015far\u0131l\u0131 olup olmad\u0131\u011f\u0131n\u0131 g\u00f6rmek i\u00e7in bir gebelik kan testi yapt\u0131rmal\u0131s\u0131n\u0131z.<br class=\"a\"><br class=\"a\"><\/p><h2>Dondurulmu\u015f embriyo transferinin maliyeti nedir?<\/h2><p>Bir dondurulmu\u015f embriyo transferi i\u00e7in fiyat 2.000 \u20ac&#8217;dur. Tedavinizin sadece bir k\u0131sm\u0131n\u0131 Cryos IVF Klini\u011finde daha d\u00fc\u015f\u00fck bir fiyata yapt\u0131rmay\u0131 da se\u00e7ebilirsiniz.   <a href=\"https:\/\/cryosivfclinic.com\/tr\/fiyata-genel-bakis\/\">Fiyatland\u0131rmam\u0131z hakk\u0131nda daha fazla bilgiyi buradan edinebilirsiniz.<\/a><br class=\"a\"><br class=\"a\"><\/p><h2>Sizin i\u00e7in buraday\u0131z<\/h2><p>Cryos IVF Klini\u011finde dondurulmu\u015f embriyo transferini d\u00fc\u015f\u00fcn\u00fcyorsan\u0131z, ekibimiz size rehberlik etmek i\u00e7in burada. \u00dccretsiz bir kons\u00fcltasyon planlamak ve ebeveynli\u011fe do\u011fru bir sonraki ad\u0131m\u0131 atmak i\u00e7in bug\u00fcn bizimle ileti\u015fime ge\u00e7in. <\/p>\t\t\t\t\t\t\t\t<\/div>\n\t\t\t\t<div class=\"elementor-element elementor-element-e94d888 elementor-align-center elementor-widget elementor-widget-button\" data-id=\"e94d888\" data-element_type=\"widget\" data-e-type=\"widget\" data-widget_type=\"button.default\">\n\t\t\t\t\t\t\t\t\t\t<a class=\"elementor-button elementor-button-link elementor-size-sm\" href=\"https:\/\/cryosivfclinic.com\/tr\/iletisim\/\">\n\t\t\t\t\t\t<span class=\"elementor-button-content-wrapper\">\n\t\t\t\t\t\t\t\t\t<span class=\"elementor-button-text\">Bize ula\u015f\u0131n<\/span>\n\t\t\t\t\t<\/span>\n\t\t\t\t\t<\/a>\n\t\t\t\t\t\t\t\t<\/div>\n\t\t\t\t\t<\/div>\n\t\t\t\t<\/div>\n\t\t\t\t<\/div>\n\t\t","protected":false},"excerpt":{"rendered":"<p>Dondurulmu\u015f embriyo transferi (FET) Cryos IVF Klini\u011finde, IVF tedavisinde hastalar i\u00e7in esnek ve etkili bir se\u00e7enek olarak dondurulmu\u015f embriyo transferi (FET) sunuyoruz. Dondurulmu\u015f embriyo transferleri, taze embriyo kullanmak kadar ba\u015far\u0131l\u0131 olabilir. Bu se\u00e7ene\u011fin ne zaman uygun olabilece\u011fini ve nas\u0131l \u00e7al\u0131\u015ft\u0131\u011f\u0131n\u0131 buradan \u00f6\u011frenin. Dondurulmu\u015f embriyo transferi nedir? Dondurulmu\u015f Embriyo Transferi (FET), daha \u00f6nce bir IVF tedavisinde [&hellip;]<\/p>\n","protected":false},"author":2,"featured_media":0,"parent":2279,"menu_order":0,"comment_status":"closed","ping_status":"closed","template":"","meta":{"footnotes":""},"class_list":["post-2285","page","type-page","status-publish","hentry"],"yoast_head":"<!-- This site is optimized with the Yoast SEO plugin v27.4 - https:\/\/yoast.com\/product\/yoast-seo-wordpress\/ -->\n<title>Dondurulmu\u015f embriyo transferi (FET) - Cryos IVF Clinic in Cyprus<\/title>\n<meta name=\"description\" content=\"Dondurulmu\u015f embriyo transferi, t\u00fcp bebek tedavisinde hastalar i\u00e7in esnek ve etkili bir se\u00e7enektir. Buradan daha fazla bilgi edinin.\" \/>\n<meta name=\"robots\" content=\"index, follow, max-snippet:-1, max-image-preview:large, max-video-preview:-1\" \/>\n<link rel=\"canonical\" href=\"https:\/\/cryosivfclinic.com\/tr\/dogurganlik-tedavileri\/dondurulmus-embriyo-transferi-fet\/\" \/>\n<meta property=\"og:locale\" content=\"tr_TR\" \/>\n<meta property=\"og:type\" content=\"article\" \/>\n<meta property=\"og:title\" content=\"Dondurulmu\u015f embriyo transferi (FET) - Cryos IVF Clinic in Cyprus\" \/>\n<meta property=\"og:description\" content=\"Dondurulmu\u015f embriyo transferi, t\u00fcp bebek tedavisinde hastalar i\u00e7in esnek ve etkili bir se\u00e7enektir. Buradan daha fazla bilgi edinin.\" \/>\n<meta property=\"og:url\" content=\"https:\/\/cryosivfclinic.com\/tr\/dogurganlik-tedavileri\/dondurulmus-embriyo-transferi-fet\/\" \/>\n<meta property=\"og:site_name\" content=\"Cryos IVF Clinic in Cyprus\" \/>\n<meta property=\"article:modified_time\" content=\"2026-03-12T11:45:13+00:00\" \/>\n<meta property=\"og:image\" content=\"https:\/\/cryosivfclinic.com\/wp-content\/uploads\/2025\/03\/Frozen-embryo-transfer-at-Cryos-IVF-Clinic.jpg\" \/>\n\t<meta property=\"og:image:width\" content=\"960\" \/>\n\t<meta property=\"og:image:height\" content=\"540\" \/>\n\t<meta property=\"og:image:type\" content=\"image\/jpeg\" \/>\n<meta name=\"twitter:card\" content=\"summary_large_image\" \/>\n<meta name=\"twitter:label1\" content=\"Tahmini okuma s\u00fcresi\" \/>\n\t<meta name=\"twitter:data1\" content=\"2 dakika\" \/>\n<script type=\"application\/ld+json\" class=\"yoast-schema-graph\">{\"@context\":\"https:\\\/\\\/schema.org\",\"@graph\":[{\"@type\":\"WebPage\",\"@id\":\"https:\\\/\\\/cryosivfclinic.com\\\/tr\\\/dogurganlik-tedavileri\\\/dondurulmus-embriyo-transferi-fet\\\/\",\"url\":\"https:\\\/\\\/cryosivfclinic.com\\\/tr\\\/dogurganlik-tedavileri\\\/dondurulmus-embriyo-transferi-fet\\\/\",\"name\":\"Dondurulmu\u015f embriyo transferi (FET) - Cryos IVF Clinic in Cyprus\",\"isPartOf\":{\"@id\":\"https:\\\/\\\/cryosivfclinic.com\\\/tr\\\/#website\"},\"primaryImageOfPage\":{\"@id\":\"https:\\\/\\\/cryosivfclinic.com\\\/tr\\\/dogurganlik-tedavileri\\\/dondurulmus-embriyo-transferi-fet\\\/#primaryimage\"},\"image\":{\"@id\":\"https:\\\/\\\/cryosivfclinic.com\\\/tr\\\/dogurganlik-tedavileri\\\/dondurulmus-embriyo-transferi-fet\\\/#primaryimage\"},\"thumbnailUrl\":\"https:\\\/\\\/cryosivfclinic.com\\\/wp-content\\\/uploads\\\/2025\\\/03\\\/Frozen-embryo-transfer-at-Cryos-IVF-Clinic.jpg\",\"datePublished\":\"2025-03-21T13:22:58+00:00\",\"dateModified\":\"2026-03-12T11:45:13+00:00\",\"description\":\"Dondurulmu\u015f embriyo transferi, t\u00fcp bebek tedavisinde hastalar i\u00e7in esnek ve etkili bir se\u00e7enektir. Buradan daha fazla bilgi edinin.\",\"breadcrumb\":{\"@id\":\"https:\\\/\\\/cryosivfclinic.com\\\/tr\\\/dogurganlik-tedavileri\\\/dondurulmus-embriyo-transferi-fet\\\/#breadcrumb\"},\"inLanguage\":\"tr\",\"potentialAction\":[{\"@type\":\"ReadAction\",\"target\":[\"https:\\\/\\\/cryosivfclinic.com\\\/tr\\\/dogurganlik-tedavileri\\\/dondurulmus-embriyo-transferi-fet\\\/\"]}]},{\"@type\":\"ImageObject\",\"inLanguage\":\"tr\",\"@id\":\"https:\\\/\\\/cryosivfclinic.com\\\/tr\\\/dogurganlik-tedavileri\\\/dondurulmus-embriyo-transferi-fet\\\/#primaryimage\",\"url\":\"https:\\\/\\\/cryosivfclinic.com\\\/wp-content\\\/uploads\\\/2025\\\/03\\\/Frozen-embryo-transfer-at-Cryos-IVF-Clinic.jpg\",\"contentUrl\":\"https:\\\/\\\/cryosivfclinic.com\\\/wp-content\\\/uploads\\\/2025\\\/03\\\/Frozen-embryo-transfer-at-Cryos-IVF-Clinic.jpg\"},{\"@type\":\"BreadcrumbList\",\"@id\":\"https:\\\/\\\/cryosivfclinic.com\\\/tr\\\/dogurganlik-tedavileri\\\/dondurulmus-embriyo-transferi-fet\\\/#breadcrumb\",\"itemListElement\":[{\"@type\":\"ListItem\",\"position\":1,\"name\":\"Home\",\"item\":\"https:\\\/\\\/cryosivfclinic.com\\\/tr\\\/kibrista-dunya-standartlarinda-dogurganlik-tedavisi\\\/\"},{\"@type\":\"ListItem\",\"position\":2,\"name\":\"Do\u011furganl\u0131k tedavileri\",\"item\":\"https:\\\/\\\/cryosivfclinic.com\\\/tr\\\/dogurganlik-tedavileri\\\/\"},{\"@type\":\"ListItem\",\"position\":3,\"name\":\"Dondurulmu\u015f embriyo transferi (FET)\"}]},{\"@type\":\"WebSite\",\"@id\":\"https:\\\/\\\/cryosivfclinic.com\\\/tr\\\/#website\",\"url\":\"https:\\\/\\\/cryosivfclinic.com\\\/tr\\\/\",\"name\":\"Cryos IVF Clinic in Cyprus\",\"description\":\"\",\"publisher\":{\"@id\":\"https:\\\/\\\/cryosivfclinic.com\\\/tr\\\/#organization\"},\"potentialAction\":[{\"@type\":\"SearchAction\",\"target\":{\"@type\":\"EntryPoint\",\"urlTemplate\":\"https:\\\/\\\/cryosivfclinic.com\\\/tr\\\/?s={search_term_string}\"},\"query-input\":{\"@type\":\"PropertyValueSpecification\",\"valueRequired\":true,\"valueName\":\"search_term_string\"}}],\"inLanguage\":\"tr\"},{\"@type\":\"Organization\",\"@id\":\"https:\\\/\\\/cryosivfclinic.com\\\/tr\\\/#organization\",\"name\":\"Cryos IVF Clinic in Cyprus\",\"url\":\"https:\\\/\\\/cryosivfclinic.com\\\/tr\\\/\",\"logo\":{\"@type\":\"ImageObject\",\"inLanguage\":\"tr\",\"@id\":\"https:\\\/\\\/cryosivfclinic.com\\\/tr\\\/#\\\/schema\\\/logo\\\/image\\\/\",\"url\":\"https:\\\/\\\/cryosivfclinic.com\\\/wp-content\\\/uploads\\\/2025\\\/01\\\/Cryos_Clinic_Logo_RGB_Blue_Black_ank.png\",\"contentUrl\":\"https:\\\/\\\/cryosivfclinic.com\\\/wp-content\\\/uploads\\\/2025\\\/01\\\/Cryos_Clinic_Logo_RGB_Blue_Black_ank.png\",\"width\":367,\"height\":207,\"caption\":\"Cryos IVF Clinic in Cyprus\"},\"image\":{\"@id\":\"https:\\\/\\\/cryosivfclinic.com\\\/tr\\\/#\\\/schema\\\/logo\\\/image\\\/\"}}]}<\/script>\n<!-- \/ Yoast SEO plugin. -->","yoast_head_json":{"title":"Dondurulmu\u015f embriyo transferi (FET) - Cryos IVF Clinic in Cyprus","description":"Dondurulmu\u015f embriyo transferi, t\u00fcp bebek tedavisinde hastalar i\u00e7in esnek ve etkili bir se\u00e7enektir. Buradan daha fazla bilgi edinin.","robots":{"index":"index","follow":"follow","max-snippet":"max-snippet:-1","max-image-preview":"max-image-preview:large","max-video-preview":"max-video-preview:-1"},"canonical":"https:\/\/cryosivfclinic.com\/tr\/dogurganlik-tedavileri\/dondurulmus-embriyo-transferi-fet\/","og_locale":"tr_TR","og_type":"article","og_title":"Dondurulmu\u015f embriyo transferi (FET) - Cryos IVF Clinic in Cyprus","og_description":"Dondurulmu\u015f embriyo transferi, t\u00fcp bebek tedavisinde hastalar i\u00e7in esnek ve etkili bir se\u00e7enektir. Buradan daha fazla bilgi edinin.","og_url":"https:\/\/cryosivfclinic.com\/tr\/dogurganlik-tedavileri\/dondurulmus-embriyo-transferi-fet\/","og_site_name":"Cryos IVF Clinic in Cyprus","article_modified_time":"2026-03-12T11:45:13+00:00","og_image":[{"width":960,"height":540,"url":"https:\/\/cryosivfclinic.com\/wp-content\/uploads\/2025\/03\/Frozen-embryo-transfer-at-Cryos-IVF-Clinic.jpg","type":"image\/jpeg"}],"twitter_card":"summary_large_image","twitter_misc":{"Tahmini okuma s\u00fcresi":"2 dakika"},"schema":{"@context":"https:\/\/schema.org","@graph":[{"@type":"WebPage","@id":"https:\/\/cryosivfclinic.com\/tr\/dogurganlik-tedavileri\/dondurulmus-embriyo-transferi-fet\/","url":"https:\/\/cryosivfclinic.com\/tr\/dogurganlik-tedavileri\/dondurulmus-embriyo-transferi-fet\/","name":"Dondurulmu\u015f embriyo transferi (FET) - Cryos IVF Clinic in Cyprus","isPartOf":{"@id":"https:\/\/cryosivfclinic.com\/tr\/#website"},"primaryImageOfPage":{"@id":"https:\/\/cryosivfclinic.com\/tr\/dogurganlik-tedavileri\/dondurulmus-embriyo-transferi-fet\/#primaryimage"},"image":{"@id":"https:\/\/cryosivfclinic.com\/tr\/dogurganlik-tedavileri\/dondurulmus-embriyo-transferi-fet\/#primaryimage"},"thumbnailUrl":"https:\/\/cryosivfclinic.com\/wp-content\/uploads\/2025\/03\/Frozen-embryo-transfer-at-Cryos-IVF-Clinic.jpg","datePublished":"2025-03-21T13:22:58+00:00","dateModified":"2026-03-12T11:45:13+00:00","description":"Dondurulmu\u015f embriyo transferi, t\u00fcp bebek tedavisinde hastalar i\u00e7in esnek ve etkili bir se\u00e7enektir. Buradan daha fazla bilgi edinin.","breadcrumb":{"@id":"https:\/\/cryosivfclinic.com\/tr\/dogurganlik-tedavileri\/dondurulmus-embriyo-transferi-fet\/#breadcrumb"},"inLanguage":"tr","potentialAction":[{"@type":"ReadAction","target":["https:\/\/cryosivfclinic.com\/tr\/dogurganlik-tedavileri\/dondurulmus-embriyo-transferi-fet\/"]}]},{"@type":"ImageObject","inLanguage":"tr","@id":"https:\/\/cryosivfclinic.com\/tr\/dogurganlik-tedavileri\/dondurulmus-embriyo-transferi-fet\/#primaryimage","url":"https:\/\/cryosivfclinic.com\/wp-content\/uploads\/2025\/03\/Frozen-embryo-transfer-at-Cryos-IVF-Clinic.jpg","contentUrl":"https:\/\/cryosivfclinic.com\/wp-content\/uploads\/2025\/03\/Frozen-embryo-transfer-at-Cryos-IVF-Clinic.jpg"},{"@type":"BreadcrumbList","@id":"https:\/\/cryosivfclinic.com\/tr\/dogurganlik-tedavileri\/dondurulmus-embriyo-transferi-fet\/#breadcrumb","itemListElement":[{"@type":"ListItem","position":1,"name":"Home","item":"https:\/\/cryosivfclinic.com\/tr\/kibrista-dunya-standartlarinda-dogurganlik-tedavisi\/"},{"@type":"ListItem","position":2,"name":"Do\u011furganl\u0131k tedavileri","item":"https:\/\/cryosivfclinic.com\/tr\/dogurganlik-tedavileri\/"},{"@type":"ListItem","position":3,"name":"Dondurulmu\u015f embriyo transferi (FET)"}]},{"@type":"WebSite","@id":"https:\/\/cryosivfclinic.com\/tr\/#website","url":"https:\/\/cryosivfclinic.com\/tr\/","name":"Cryos IVF Clinic in Cyprus","description":"","publisher":{"@id":"https:\/\/cryosivfclinic.com\/tr\/#organization"},"potentialAction":[{"@type":"SearchAction","target":{"@type":"EntryPoint","urlTemplate":"https:\/\/cryosivfclinic.com\/tr\/?s={search_term_string}"},"query-input":{"@type":"PropertyValueSpecification","valueRequired":true,"valueName":"search_term_string"}}],"inLanguage":"tr"},{"@type":"Organization","@id":"https:\/\/cryosivfclinic.com\/tr\/#organization","name":"Cryos IVF Clinic in Cyprus","url":"https:\/\/cryosivfclinic.com\/tr\/","logo":{"@type":"ImageObject","inLanguage":"tr","@id":"https:\/\/cryosivfclinic.com\/tr\/#\/schema\/logo\/image\/","url":"https:\/\/cryosivfclinic.com\/wp-content\/uploads\/2025\/01\/Cryos_Clinic_Logo_RGB_Blue_Black_ank.png","contentUrl":"https:\/\/cryosivfclinic.com\/wp-content\/uploads\/2025\/01\/Cryos_Clinic_Logo_RGB_Blue_Black_ank.png","width":367,"height":207,"caption":"Cryos IVF Clinic in Cyprus"},"image":{"@id":"https:\/\/cryosivfclinic.com\/tr\/#\/schema\/logo\/image\/"}}]}},"_links":{"self":[{"href":"https:\/\/cryosivfclinic.com\/tr\/wp-json\/wp\/v2\/pages\/2285","targetHints":{"allow":["GET"]}}],"collection":[{"href":"https:\/\/cryosivfclinic.com\/tr\/wp-json\/wp\/v2\/pages"}],"about":[{"href":"https:\/\/cryosivfclinic.com\/tr\/wp-json\/wp\/v2\/types\/page"}],"author":[{"embeddable":true,"href":"https:\/\/cryosivfclinic.com\/tr\/wp-json\/wp\/v2\/users\/2"}],"replies":[{"embeddable":true,"href":"https:\/\/cryosivfclinic.com\/tr\/wp-json\/wp\/v2\/comments?post=2285"}],"version-history":[{"count":5,"href":"https:\/\/cryosivfclinic.com\/tr\/wp-json\/wp\/v2\/pages\/2285\/revisions"}],"predecessor-version":[{"id":2807,"href":"https:\/\/cryosivfclinic.com\/tr\/wp-json\/wp\/v2\/pages\/2285\/revisions\/2807"}],"up":[{"embeddable":true,"href":"https:\/\/cryosivfclinic.com\/tr\/wp-json\/wp\/v2\/pages\/2279"}],"wp:attachment":[{"href":"https:\/\/cryosivfclinic.com\/tr\/wp-json\/wp\/v2\/media?parent=2285"}],"curies":[{"name":"wp","href":"https:\/\/api.w.org\/{rel}","templated":true}]}}