{"id":2279,"date":"2025-03-21T13:34:19","date_gmt":"2025-03-21T13:34:19","guid":{"rendered":"https:\/\/cryosivfclinic.com\/dogurganlik-tedavileri\/"},"modified":"2025-04-23T09:32:36","modified_gmt":"2025-04-23T09:32:36","slug":"dogurganlik-tedavileri","status":"publish","type":"page","link":"https:\/\/cryosivfclinic.com\/tr\/dogurganlik-tedavileri\/","title":{"rendered":"Do\u011furganl\u0131k tedavileri"},"content":{"rendered":"\t\t<div data-elementor-type=\"wp-page\" data-elementor-id=\"2279\" class=\"elementor elementor-2279 elementor-379\" data-elementor-post-type=\"page\">\n\t\t\t\t<div class=\"elementor-element elementor-element-32383e1 paddedsection_top e-flex e-con-boxed e-con e-parent\" data-id=\"32383e1\" data-element_type=\"container\" data-e-type=\"container\">\n\t\t\t\t\t<div class=\"e-con-inner\">\n\t\t\t\t<div class=\"elementor-element elementor-element-63e7e10 elementor-widget elementor-widget-heading\" data-id=\"63e7e10\" data-element_type=\"widget\" data-e-type=\"widget\" data-widget_type=\"heading.default\">\n\t\t\t\t\t<h1 class=\"elementor-heading-title elementor-size-default\">Cryos IVF Klini\u011finde Tedaviler\n<\/h1>\t\t\t\t<\/div>\n\t\t\t\t<div class=\"elementor-element elementor-element-a9806bf lastnospace elementor-widget elementor-widget-text-editor\" data-id=\"a9806bf\" data-element_type=\"widget\" data-e-type=\"widget\" data-widget_type=\"text-editor.default\">\n\t\t\t\t\t\t\t\t\t<p>Benzersiz ihtiya\u00e7lar\u0131n\u0131z\u0131 kar\u015f\u0131lamak \u00fczere tasarlanm\u0131\u015f \u00e7ok \u00e7e\u015fitli do\u011furganl\u0131k hizmetleri sunuyoruz. Size nas\u0131l yard\u0131mc\u0131 olabilece\u011fimizi buradan \u00f6\u011frenin. <\/p>\t\t\t\t\t\t\t\t<\/div>\n\t\t\t\t<div class=\"elementor-element elementor-element-934f14b elementor-widget-divider--view-line elementor-widget elementor-widget-divider\" data-id=\"934f14b\" data-element_type=\"widget\" data-e-type=\"widget\" data-widget_type=\"divider.default\">\n\t\t\t\t\t\t\t<div class=\"elementor-divider\">\n\t\t\t<span class=\"elementor-divider-separator\">\n\t\t\t\t\t\t<\/span>\n\t\t<\/div>\n\t\t\t\t\t\t<\/div>\n\t\t\t\t<div class=\"elementor-element elementor-element-e27ae7b elementor-widget elementor-widget-text-editor\" data-id=\"e27ae7b\" data-element_type=\"widget\" data-e-type=\"widget\" data-widget_type=\"text-editor.default\">\n\t\t\t\t\t\t\t\t\t<p>\u0130ster do\u011furganl\u0131\u011f\u0131n\u0131z\u0131 korumak ister ebeveyn olmak isteyin &#8211; belki de bir don\u00f6r\u00fcn yard\u0131m\u0131yla &#8211; sizin i\u00e7in buraday\u0131z. Hangi do\u011furganl\u0131k hizmetlerini sundu\u011fumuzu \u00f6\u011frenmek i\u00e7in okumaya devam edin. <\/p>\t\t\t\t\t\t\t\t<\/div>\n\t\t\t\t<div class=\"elementor-element elementor-element-815301e elementor-widget elementor-widget-image\" data-id=\"815301e\" data-element_type=\"widget\" data-e-type=\"widget\" data-widget_type=\"image.default\">\n\t\t\t\t\t\t\t\t\t\t\t\t\t\t\t<img fetchpriority=\"high\" decoding=\"async\" width=\"960\" height=\"540\" src=\"https:\/\/cryosivfclinic.com\/wp-content\/uploads\/2025\/03\/pregnant-belly-after-fertility-treatment.jpg\" class=\"attachment-full size-full wp-image-2280\" alt=\"\" srcset=\"https:\/\/cryosivfclinic.com\/wp-content\/uploads\/2025\/03\/pregnant-belly-after-fertility-treatment.jpg 960w, https:\/\/cryosivfclinic.com\/wp-content\/uploads\/2025\/03\/pregnant-belly-after-fertility-treatment-300x169.jpg 300w, https:\/\/cryosivfclinic.com\/wp-content\/uploads\/2025\/03\/pregnant-belly-after-fertility-treatment-768x432.jpg 768w\" sizes=\"(max-width: 960px) 100vw, 960px\" \/>\t\t\t\t\t\t\t\t\t\t\t\t\t\t\t<\/div>\n\t\t\t\t<div class=\"elementor-element elementor-element-d429c16 elementor-widget elementor-widget-text-editor\" data-id=\"d429c16\" data-element_type=\"widget\" data-e-type=\"widget\" data-widget_type=\"text-editor.default\">\n\t\t\t\t\t\t\t\t\t<h2>Cryos IVF Klini\u011finde do\u011furganl\u0131k tedavileri<\/h2>\nDo\u011furganl\u0131k tedavisinin duygusal ve fiziksel bir yolculuk olabilece\u011fini biliyoruz. Cryos IVF Klini\u011finde, <a href=\"https:\/\/cryosivfclinic.com\/our-clinic\/meet-our-team\/\">deneyimli ekibimiz<\/a> sizi her ad\u0131mda desteklemek, y\u00f6nlendirmek ve dinlemek i\u00e7in buradad\u0131r &#8211; b\u00f6ylece ger\u00e7ekten \u00f6nemli olana odaklanabilirsiniz: \u00e7ocuk sahibi olma hayalinizi ger\u00e7e\u011fe d\u00f6n\u00fc\u015ft\u00fcrmek. A\u015fa\u011f\u0131da hangi do\u011furganl\u0131k tedavilerini sundu\u011fumuzu g\u00f6r\u00fcn.  <br class=\"a\"><br class=\"a\"><h3>IVF\/ICSI<\/h3>\n\u0130n vitro fertilizasyon (IVF) ve intrasitoplazmik sperm enjeksiyonu (ICSI), bir embriyoyu rahme transfer etmeden \u00f6nce yumurtalar\u0131n bir laboratuvarda sperm ile d\u00f6llenmesini i\u00e7erir. Bu geli\u015fmi\u015f tedaviler bir\u00e7ok hasta i\u00e7in gebe kalma \u015fans\u0131n\u0131 art\u0131rmaktad\u0131r. <br class=\"a\"><br class=\"a\"><a href=\"https:\/\/cryosivfclinic.com\/treatments\/ivf\/\">IVF\/ICSI Hakk\u0131nda<\/a>\t\t\t\t\t\t\t\t<\/div>\n\t\t\t\t<div class=\"elementor-element elementor-element-59f6860 elementor-widget elementor-widget-text-editor\" data-id=\"59f6860\" data-element_type=\"widget\" data-e-type=\"widget\" data-widget_type=\"text-editor.default\">\n\t\t\t\t\t\t\t\t\t<h3>IUI<\/h3>\nIUI, spermin yumurtlama s\u0131ras\u0131nda rahme enjekte edildi\u011fi ve spermin yumurtaya yakla\u015fmas\u0131na yard\u0131mc\u0131 olan basit, daha az invaziv bir do\u011furganl\u0131k tedavisidir. Hafif do\u011furganl\u0131k sorunlar\u0131 olan \u00e7iftler veya don\u00f6r spermi kullanan bekar kad\u0131nlar i\u00e7in idealdir. <br class=\"a\"><br class=\"a\"><a href=\"https:\/\/cryosivfclinic.com\/treatments\/iui\/\">IUI Hakk\u0131nda<\/a>\t\t\t\t\t\t\t\t<\/div>\n\t\t\t\t<div class=\"elementor-element elementor-element-77867ce elementor-widget elementor-widget-text-editor\" data-id=\"77867ce\" data-element_type=\"widget\" data-e-type=\"widget\" data-widget_type=\"text-editor.default\">\n\t\t\t\t\t\t\t\t\t<h3>Don\u00f6r yumurtalar\u0131 ile tedavi<\/h3>\nKendi yumurtalar\u0131n\u0131 kullanamayan bireyler veya \u00e7iftler i\u00e7in yumurta ba\u011f\u0131\u015f\u0131, ebeveynli\u011fe giden uygun bir yol sa\u011flar. Bir yumurta don\u00f6r\u00fcn\u00fcn yard\u0131m\u0131yla IVF\/ICSI ba\u015far\u0131l\u0131 bir gebelik \u015fans\u0131n\u0131 art\u0131rabilir. <br class=\"a\"><br class=\"a\"><a href=\"https:\/\/cryosivfclinic.com\/treatments\/treatment-with-donor-eggs\/\">Don\u00f6r yumurtas\u0131 kullan\u0131m\u0131 hakk\u0131nda<\/a>\t\t\t\t\t\t\t\t<\/div>\n\t\t\t\t<div class=\"elementor-element elementor-element-e312da8 elementor-widget elementor-widget-text-editor\" data-id=\"e312da8\" data-element_type=\"widget\" data-e-type=\"widget\" data-widget_type=\"text-editor.default\">\n\t\t\t\t\t\t\t\t\t<h3>Don\u00f6r spermi ile tedavi<\/h3>\nDon\u00f6r spermi kullanmak, bekar kad\u0131nlar ve erkek k\u0131s\u0131rl\u0131\u011f\u0131yla kar\u015f\u0131 kar\u015f\u0131ya olan \u00e7iftler i\u00e7in idealdir. Ba\u011f\u0131\u015flanan sperm kullan\u0131larak yap\u0131lan yard\u0131mc\u0131 \u00fcreme tedavileri hakk\u0131nda buradan bilgi edinin. <br class=\"a\"><br class=\"a\"><a href=\"https:\/\/cryosivfclinic.com\/treatments\/treatment-with-donor-sperm\/\">Don\u00f6r spermi kullanma hakk\u0131nda<\/a>\t\t\t\t\t\t\t\t<\/div>\n\t\t\t\t<div class=\"elementor-element elementor-element-14d557f elementor-widget elementor-widget-text-editor\" data-id=\"14d557f\" data-element_type=\"widget\" data-e-type=\"widget\" data-widget_type=\"text-editor.default\">\n\t\t\t\t\t\t\t\t\t<h3>Dondurulmu\u015f embriyo transferi (FET)<\/h3>\nFET, \u00f6nceden dondurulmu\u015f bir embriyonun \u00e7\u00f6z\u00fcl\u00fcp transfer edilmesini i\u00e7erir ve tam bir IVF d\u00f6ng\u00fcs\u00fc ge\u00e7irmeden hamilelik \u015fans\u0131 sunar.<br class=\"a\"><br class=\"a\"><a href=\"https:\/\/cryosivfclinic.com\/treatments\/frozen-embryo-transfer-fet\/\">FET Hakk\u0131nda<\/a>\t\t\t\t\t\t\t\t<\/div>\n\t\t\t\t\t<\/div>\n\t\t\t\t<\/div>\n\t\t<div class=\"elementor-element elementor-element-33c61b0 e-flex e-con-boxed e-con e-parent\" data-id=\"33c61b0\" data-element_type=\"container\" data-e-type=\"container\">\n\t\t\t\t\t<div class=\"e-con-inner\">\n\t\t<div class=\"elementor-element elementor-element-3dfcb29 e-con-full paddedsection_bottom e-flex e-con e-child\" data-id=\"3dfcb29\" data-element_type=\"container\" data-e-type=\"container\" data-settings=\"{&quot;background_background&quot;:&quot;classic&quot;}\">\n\t\t\t\t<div class=\"elementor-element elementor-element-64229f2 elementor-widget elementor-widget-text-editor\" data-id=\"64229f2\" data-element_type=\"widget\" data-e-type=\"widget\" data-widget_type=\"text-editor.default\">\n\t\t\t\t\t\t\t\t\t<h2>Cryos ile \u00e7ocuk hayalinizi ger\u00e7e\u011fe d\u00f6n\u00fc\u015ft\u00fcr\u00fcn<\/h2><p>Her do\u011furganl\u0131k yolculu\u011fu benzersizdir. Ebeveynli\u011fe giden yolda size nas\u0131l destek olabilece\u011fimizi \u00f6\u011frenmek i\u00e7in bizimle ileti\u015fime ge\u00e7in. <\/p>\t\t\t\t\t\t\t\t<\/div>\n\t\t\t\t<div class=\"elementor-element elementor-element-fa991dc elementor-align-center elementor-widget elementor-widget-button\" data-id=\"fa991dc\" data-element_type=\"widget\" data-e-type=\"widget\" data-widget_type=\"button.default\">\n\t\t\t\t\t\t\t\t\t\t<a class=\"elementor-button elementor-button-link elementor-size-sm\" href=\"https:\/\/cryosivfclinic.com\/tr\/iletisim\/\">\n\t\t\t\t\t\t<span class=\"elementor-button-content-wrapper\">\n\t\t\t\t\t\t\t\t\t<span class=\"elementor-button-text\">Cryos IVF Klini\u011fi ile \u0130leti\u015fime Ge\u00e7in<\/span>\n\t\t\t\t\t<\/span>\n\t\t\t\t\t<\/a>\n\t\t\t\t\t\t\t\t<\/div>\n\t\t\t\t<\/div>\n\t\t\t\t\t<\/div>\n\t\t\t\t<\/div>\n\t\t<div class=\"elementor-element elementor-element-2fceeb4 paddedsection_bottom e-flex e-con-boxed e-con e-parent\" data-id=\"2fceeb4\" data-element_type=\"container\" data-e-type=\"container\">\n\t\t\t\t\t<div class=\"e-con-inner\">\n\t\t\t\t<div class=\"elementor-element elementor-element-882ed4f elementor-widget elementor-widget-text-editor\" data-id=\"882ed4f\" data-element_type=\"widget\" data-e-type=\"widget\" data-widget_type=\"text-editor.default\">\n\t\t\t\t\t\t\t\t\t<h2>Cryos IVF Klini\u011finde do\u011furganl\u0131\u011f\u0131n korunmas\u0131<\/h2><p>Sperm ve yumurta dondurma hizmetlerimizle \u00fcreme gelece\u011finizi kontrol alt\u0131na al\u0131n. \u0130ster ebeveynli\u011fi ertelemek ister t\u0131bbi nedenlerle do\u011furganl\u0131\u011f\u0131n\u0131z\u0131 korumak isteyin, dondurma hizmetlerimiz gelecekte \u00e7ocuk sahibi olma \u015fans\u0131n\u0131z\u0131 koruman\u0131za yard\u0131mc\u0131 olur. <br class=\"a\"><br class=\"a\"><\/p><h3>Yumurta dondurma<\/h3><p>Yumurta dondurma, yumurtalar\u0131n\u0131z\u0131n al\u0131nmas\u0131, dondurulmas\u0131 ve daha sonra kullan\u0131lmak \u00fczere saklanmas\u0131 anlam\u0131na gelir. Y\u00fcksek kaliteli yumurtalar\u0131 \u015fimdi dondurarak, hayat\u0131n\u0131z\u0131n ilerleyen d\u00f6nemlerinde \u00e7ocuk sahibi olma yetene\u011finizi koruyabilirsiniz. <br class=\"a\"><br class=\"a\"><a href=\"https:\/\/cryosivfclinic.com\/treatments\/egg-freezing\/\">Yumurta dondurma hakk\u0131nda<\/a><\/p>\t\t\t\t\t\t\t\t<\/div>\n\t\t\t\t<div class=\"elementor-element elementor-element-cd18293 elementor-widget elementor-widget-text-editor\" data-id=\"cd18293\" data-element_type=\"widget\" data-e-type=\"widget\" data-widget_type=\"text-editor.default\">\n\t\t\t\t\t\t\t\t\t<h3>Sperm dondurma<\/h3><p>Sperm dondurma, sperm \u00f6rneklerinin -196\u00b0C&#8217;de saklanmas\u0131n\u0131 i\u00e7erir. \u00c7\u00f6z\u00fcld\u00fc\u011f\u00fcnde, sperm \u00f6rnekleri do\u011furganl\u0131k tedavisi i\u00e7in kullan\u0131labilir ve gelecek i\u00e7in se\u00e7eneklerinizi a\u00e7\u0131k tutar. <br class=\"a\"><br class=\"a\"><a href=\"https:\/\/cryosivfclinic.com\/treatments\/sperm-freezing\/\">Sperm dondurma hakk\u0131nda<\/a><\/p>\t\t\t\t\t\t\t\t<\/div>\n\t\t\t\t\t<\/div>\n\t\t\t\t<\/div>\n\t\t\t\t<\/div>\n\t\t","protected":false},"excerpt":{"rendered":"<p>Cryos IVF Klini\u011finde Tedaviler Benzersiz ihtiya\u00e7lar\u0131n\u0131z\u0131 kar\u015f\u0131lamak \u00fczere tasarlanm\u0131\u015f \u00e7ok \u00e7e\u015fitli do\u011furganl\u0131k hizmetleri sunuyoruz. Size nas\u0131l yard\u0131mc\u0131 olabilece\u011fimizi buradan \u00f6\u011frenin. \u0130ster do\u011furganl\u0131\u011f\u0131n\u0131z\u0131 korumak ister ebeveyn olmak isteyin &#8211; belki de bir don\u00f6r\u00fcn yard\u0131m\u0131yla &#8211; sizin i\u00e7in buraday\u0131z. Hangi do\u011furganl\u0131k hizmetlerini sundu\u011fumuzu \u00f6\u011frenmek i\u00e7in okumaya devam edin. Cryos IVF Klini\u011finde do\u011furganl\u0131k tedavileri Do\u011furganl\u0131k tedavisinin duygusal ve [&hellip;]<\/p>\n","protected":false},"author":2,"featured_media":0,"parent":0,"menu_order":0,"comment_status":"closed","ping_status":"closed","template":"","meta":{"footnotes":""},"class_list":["post-2279","page","type-page","status-publish","hentry"],"yoast_head":"<!-- This site is optimized with the Yoast SEO plugin v27.4 - https:\/\/yoast.com\/product\/yoast-seo-wordpress\/ -->\n<title>Do\u011furganl\u0131k tedavileri - Cryos IVF Clinic in Cyprus<\/title>\n<meta name=\"description\" content=\"Cryos IVF Klini\u011fi, IVF ve IUI gibi do\u011furganl\u0131k tedavilerinin yan\u0131 s\u0131ra do\u011furganl\u0131\u011f\u0131n korunmas\u0131n\u0131 da sa\u011flar. Do\u011furganl\u0131k hizmetlerimizin bir listesini burada g\u00f6rebilirsiniz.\" \/>\n<meta name=\"robots\" content=\"index, follow, max-snippet:-1, max-image-preview:large, max-video-preview:-1\" \/>\n<link rel=\"canonical\" href=\"https:\/\/cryosivfclinic.com\/tr\/dogurganlik-tedavileri\/\" \/>\n<meta property=\"og:locale\" content=\"tr_TR\" \/>\n<meta property=\"og:type\" content=\"article\" \/>\n<meta property=\"og:title\" content=\"Do\u011furganl\u0131k tedavileri - Cryos IVF Clinic in Cyprus\" \/>\n<meta property=\"og:description\" content=\"Cryos IVF Klini\u011fi, IVF ve IUI gibi do\u011furganl\u0131k tedavilerinin yan\u0131 s\u0131ra do\u011furganl\u0131\u011f\u0131n korunmas\u0131n\u0131 da sa\u011flar. Do\u011furganl\u0131k hizmetlerimizin bir listesini burada g\u00f6rebilirsiniz.\" \/>\n<meta property=\"og:url\" content=\"https:\/\/cryosivfclinic.com\/tr\/dogurganlik-tedavileri\/\" \/>\n<meta property=\"og:site_name\" content=\"Cryos IVF Clinic in Cyprus\" \/>\n<meta property=\"article:modified_time\" content=\"2025-04-23T09:32:36+00:00\" \/>\n<meta property=\"og:image\" content=\"https:\/\/cryosivfclinic.com\/wp-content\/uploads\/2025\/03\/pregnant-belly-after-fertility-treatment.jpg\" \/>\n\t<meta property=\"og:image:width\" content=\"960\" \/>\n\t<meta property=\"og:image:height\" content=\"540\" \/>\n\t<meta property=\"og:image:type\" content=\"image\/jpeg\" \/>\n<meta name=\"twitter:card\" content=\"summary_large_image\" \/>\n<meta name=\"twitter:label1\" content=\"Tahmini okuma s\u00fcresi\" \/>\n\t<meta name=\"twitter:data1\" content=\"3 dakika\" \/>\n<script type=\"application\/ld+json\" class=\"yoast-schema-graph\">{\"@context\":\"https:\\\/\\\/schema.org\",\"@graph\":[{\"@type\":\"WebPage\",\"@id\":\"https:\\\/\\\/cryosivfclinic.com\\\/tr\\\/dogurganlik-tedavileri\\\/\",\"url\":\"https:\\\/\\\/cryosivfclinic.com\\\/tr\\\/dogurganlik-tedavileri\\\/\",\"name\":\"Do\u011furganl\u0131k tedavileri - Cryos IVF Clinic in Cyprus\",\"isPartOf\":{\"@id\":\"https:\\\/\\\/cryosivfclinic.com\\\/tr\\\/#website\"},\"primaryImageOfPage\":{\"@id\":\"https:\\\/\\\/cryosivfclinic.com\\\/tr\\\/dogurganlik-tedavileri\\\/#primaryimage\"},\"image\":{\"@id\":\"https:\\\/\\\/cryosivfclinic.com\\\/tr\\\/dogurganlik-tedavileri\\\/#primaryimage\"},\"thumbnailUrl\":\"https:\\\/\\\/cryosivfclinic.com\\\/wp-content\\\/uploads\\\/2025\\\/03\\\/pregnant-belly-after-fertility-treatment.jpg\",\"datePublished\":\"2025-03-21T13:34:19+00:00\",\"dateModified\":\"2025-04-23T09:32:36+00:00\",\"description\":\"Cryos IVF Klini\u011fi, IVF ve IUI gibi do\u011furganl\u0131k tedavilerinin yan\u0131 s\u0131ra do\u011furganl\u0131\u011f\u0131n korunmas\u0131n\u0131 da sa\u011flar. Do\u011furganl\u0131k hizmetlerimizin bir listesini burada g\u00f6rebilirsiniz.\",\"breadcrumb\":{\"@id\":\"https:\\\/\\\/cryosivfclinic.com\\\/tr\\\/dogurganlik-tedavileri\\\/#breadcrumb\"},\"inLanguage\":\"tr\",\"potentialAction\":[{\"@type\":\"ReadAction\",\"target\":[\"https:\\\/\\\/cryosivfclinic.com\\\/tr\\\/dogurganlik-tedavileri\\\/\"]}]},{\"@type\":\"ImageObject\",\"inLanguage\":\"tr\",\"@id\":\"https:\\\/\\\/cryosivfclinic.com\\\/tr\\\/dogurganlik-tedavileri\\\/#primaryimage\",\"url\":\"https:\\\/\\\/cryosivfclinic.com\\\/wp-content\\\/uploads\\\/2025\\\/03\\\/pregnant-belly-after-fertility-treatment.jpg\",\"contentUrl\":\"https:\\\/\\\/cryosivfclinic.com\\\/wp-content\\\/uploads\\\/2025\\\/03\\\/pregnant-belly-after-fertility-treatment.jpg\"},{\"@type\":\"BreadcrumbList\",\"@id\":\"https:\\\/\\\/cryosivfclinic.com\\\/tr\\\/dogurganlik-tedavileri\\\/#breadcrumb\",\"itemListElement\":[{\"@type\":\"ListItem\",\"position\":1,\"name\":\"Home\",\"item\":\"https:\\\/\\\/cryosivfclinic.com\\\/tr\\\/kibrista-dunya-standartlarinda-dogurganlik-tedavisi\\\/\"},{\"@type\":\"ListItem\",\"position\":2,\"name\":\"Do\u011furganl\u0131k tedavileri\"}]},{\"@type\":\"WebSite\",\"@id\":\"https:\\\/\\\/cryosivfclinic.com\\\/tr\\\/#website\",\"url\":\"https:\\\/\\\/cryosivfclinic.com\\\/tr\\\/\",\"name\":\"Cryos IVF Clinic in Cyprus\",\"description\":\"\",\"publisher\":{\"@id\":\"https:\\\/\\\/cryosivfclinic.com\\\/tr\\\/#organization\"},\"potentialAction\":[{\"@type\":\"SearchAction\",\"target\":{\"@type\":\"EntryPoint\",\"urlTemplate\":\"https:\\\/\\\/cryosivfclinic.com\\\/tr\\\/?s={search_term_string}\"},\"query-input\":{\"@type\":\"PropertyValueSpecification\",\"valueRequired\":true,\"valueName\":\"search_term_string\"}}],\"inLanguage\":\"tr\"},{\"@type\":\"Organization\",\"@id\":\"https:\\\/\\\/cryosivfclinic.com\\\/tr\\\/#organization\",\"name\":\"Cryos IVF Clinic in Cyprus\",\"url\":\"https:\\\/\\\/cryosivfclinic.com\\\/tr\\\/\",\"logo\":{\"@type\":\"ImageObject\",\"inLanguage\":\"tr\",\"@id\":\"https:\\\/\\\/cryosivfclinic.com\\\/tr\\\/#\\\/schema\\\/logo\\\/image\\\/\",\"url\":\"https:\\\/\\\/cryosivfclinic.com\\\/wp-content\\\/uploads\\\/2025\\\/01\\\/Cryos_Clinic_Logo_RGB_Blue_Black_ank.png\",\"contentUrl\":\"https:\\\/\\\/cryosivfclinic.com\\\/wp-content\\\/uploads\\\/2025\\\/01\\\/Cryos_Clinic_Logo_RGB_Blue_Black_ank.png\",\"width\":367,\"height\":207,\"caption\":\"Cryos IVF Clinic in Cyprus\"},\"image\":{\"@id\":\"https:\\\/\\\/cryosivfclinic.com\\\/tr\\\/#\\\/schema\\\/logo\\\/image\\\/\"}}]}<\/script>\n<!-- \/ Yoast SEO plugin. -->","yoast_head_json":{"title":"Do\u011furganl\u0131k tedavileri - Cryos IVF Clinic in Cyprus","description":"Cryos IVF Klini\u011fi, IVF ve IUI gibi do\u011furganl\u0131k tedavilerinin yan\u0131 s\u0131ra do\u011furganl\u0131\u011f\u0131n korunmas\u0131n\u0131 da sa\u011flar. Do\u011furganl\u0131k hizmetlerimizin bir listesini burada g\u00f6rebilirsiniz.","robots":{"index":"index","follow":"follow","max-snippet":"max-snippet:-1","max-image-preview":"max-image-preview:large","max-video-preview":"max-video-preview:-1"},"canonical":"https:\/\/cryosivfclinic.com\/tr\/dogurganlik-tedavileri\/","og_locale":"tr_TR","og_type":"article","og_title":"Do\u011furganl\u0131k tedavileri - Cryos IVF Clinic in Cyprus","og_description":"Cryos IVF Klini\u011fi, IVF ve IUI gibi do\u011furganl\u0131k tedavilerinin yan\u0131 s\u0131ra do\u011furganl\u0131\u011f\u0131n korunmas\u0131n\u0131 da sa\u011flar. Do\u011furganl\u0131k hizmetlerimizin bir listesini burada g\u00f6rebilirsiniz.","og_url":"https:\/\/cryosivfclinic.com\/tr\/dogurganlik-tedavileri\/","og_site_name":"Cryos IVF Clinic in Cyprus","article_modified_time":"2025-04-23T09:32:36+00:00","og_image":[{"width":960,"height":540,"url":"https:\/\/cryosivfclinic.com\/wp-content\/uploads\/2025\/03\/pregnant-belly-after-fertility-treatment.jpg","type":"image\/jpeg"}],"twitter_card":"summary_large_image","twitter_misc":{"Tahmini okuma s\u00fcresi":"3 dakika"},"schema":{"@context":"https:\/\/schema.org","@graph":[{"@type":"WebPage","@id":"https:\/\/cryosivfclinic.com\/tr\/dogurganlik-tedavileri\/","url":"https:\/\/cryosivfclinic.com\/tr\/dogurganlik-tedavileri\/","name":"Do\u011furganl\u0131k tedavileri - Cryos IVF Clinic in Cyprus","isPartOf":{"@id":"https:\/\/cryosivfclinic.com\/tr\/#website"},"primaryImageOfPage":{"@id":"https:\/\/cryosivfclinic.com\/tr\/dogurganlik-tedavileri\/#primaryimage"},"image":{"@id":"https:\/\/cryosivfclinic.com\/tr\/dogurganlik-tedavileri\/#primaryimage"},"thumbnailUrl":"https:\/\/cryosivfclinic.com\/wp-content\/uploads\/2025\/03\/pregnant-belly-after-fertility-treatment.jpg","datePublished":"2025-03-21T13:34:19+00:00","dateModified":"2025-04-23T09:32:36+00:00","description":"Cryos IVF Klini\u011fi, IVF ve IUI gibi do\u011furganl\u0131k tedavilerinin yan\u0131 s\u0131ra do\u011furganl\u0131\u011f\u0131n korunmas\u0131n\u0131 da sa\u011flar. Do\u011furganl\u0131k hizmetlerimizin bir listesini burada g\u00f6rebilirsiniz.","breadcrumb":{"@id":"https:\/\/cryosivfclinic.com\/tr\/dogurganlik-tedavileri\/#breadcrumb"},"inLanguage":"tr","potentialAction":[{"@type":"ReadAction","target":["https:\/\/cryosivfclinic.com\/tr\/dogurganlik-tedavileri\/"]}]},{"@type":"ImageObject","inLanguage":"tr","@id":"https:\/\/cryosivfclinic.com\/tr\/dogurganlik-tedavileri\/#primaryimage","url":"https:\/\/cryosivfclinic.com\/wp-content\/uploads\/2025\/03\/pregnant-belly-after-fertility-treatment.jpg","contentUrl":"https:\/\/cryosivfclinic.com\/wp-content\/uploads\/2025\/03\/pregnant-belly-after-fertility-treatment.jpg"},{"@type":"BreadcrumbList","@id":"https:\/\/cryosivfclinic.com\/tr\/dogurganlik-tedavileri\/#breadcrumb","itemListElement":[{"@type":"ListItem","position":1,"name":"Home","item":"https:\/\/cryosivfclinic.com\/tr\/kibrista-dunya-standartlarinda-dogurganlik-tedavisi\/"},{"@type":"ListItem","position":2,"name":"Do\u011furganl\u0131k tedavileri"}]},{"@type":"WebSite","@id":"https:\/\/cryosivfclinic.com\/tr\/#website","url":"https:\/\/cryosivfclinic.com\/tr\/","name":"Cryos IVF Clinic in Cyprus","description":"","publisher":{"@id":"https:\/\/cryosivfclinic.com\/tr\/#organization"},"potentialAction":[{"@type":"SearchAction","target":{"@type":"EntryPoint","urlTemplate":"https:\/\/cryosivfclinic.com\/tr\/?s={search_term_string}"},"query-input":{"@type":"PropertyValueSpecification","valueRequired":true,"valueName":"search_term_string"}}],"inLanguage":"tr"},{"@type":"Organization","@id":"https:\/\/cryosivfclinic.com\/tr\/#organization","name":"Cryos IVF Clinic in Cyprus","url":"https:\/\/cryosivfclinic.com\/tr\/","logo":{"@type":"ImageObject","inLanguage":"tr","@id":"https:\/\/cryosivfclinic.com\/tr\/#\/schema\/logo\/image\/","url":"https:\/\/cryosivfclinic.com\/wp-content\/uploads\/2025\/01\/Cryos_Clinic_Logo_RGB_Blue_Black_ank.png","contentUrl":"https:\/\/cryosivfclinic.com\/wp-content\/uploads\/2025\/01\/Cryos_Clinic_Logo_RGB_Blue_Black_ank.png","width":367,"height":207,"caption":"Cryos IVF Clinic in Cyprus"},"image":{"@id":"https:\/\/cryosivfclinic.com\/tr\/#\/schema\/logo\/image\/"}}]}},"_links":{"self":[{"href":"https:\/\/cryosivfclinic.com\/tr\/wp-json\/wp\/v2\/pages\/2279","targetHints":{"allow":["GET"]}}],"collection":[{"href":"https:\/\/cryosivfclinic.com\/tr\/wp-json\/wp\/v2\/pages"}],"about":[{"href":"https:\/\/cryosivfclinic.com\/tr\/wp-json\/wp\/v2\/types\/page"}],"author":[{"embeddable":true,"href":"https:\/\/cryosivfclinic.com\/tr\/wp-json\/wp\/v2\/users\/2"}],"replies":[{"embeddable":true,"href":"https:\/\/cryosivfclinic.com\/tr\/wp-json\/wp\/v2\/comments?post=2279"}],"version-history":[{"count":1,"href":"https:\/\/cryosivfclinic.com\/tr\/wp-json\/wp\/v2\/pages\/2279\/revisions"}],"predecessor-version":[{"id":2281,"href":"https:\/\/cryosivfclinic.com\/tr\/wp-json\/wp\/v2\/pages\/2279\/revisions\/2281"}],"wp:attachment":[{"href":"https:\/\/cryosivfclinic.com\/tr\/wp-json\/wp\/v2\/media?parent=2279"}],"curies":[{"name":"wp","href":"https:\/\/api.w.org\/{rel}","templated":true}]}}