{"id":2272,"date":"2025-02-26T12:47:27","date_gmt":"2025-02-26T12:47:27","guid":{"rendered":"https:\/\/cryosivfclinic.com\/iletisim\/"},"modified":"2025-09-26T06:14:51","modified_gmt":"2025-09-26T06:14:51","slug":"iletisim","status":"publish","type":"page","link":"https:\/\/cryosivfclinic.com\/tr\/iletisim\/","title":{"rendered":"\u0130leti\u015fim"},"content":{"rendered":"\t\t<div data-elementor-type=\"wp-page\" data-elementor-id=\"2272\" class=\"elementor elementor-2272 elementor-302\" data-elementor-post-type=\"page\">\n\t\t\t\t<div class=\"elementor-element elementor-element-96183c4 paddedsection_top e-flex e-con-boxed e-con e-parent\" data-id=\"96183c4\" data-element_type=\"container\" data-e-type=\"container\">\n\t\t\t\t\t<div class=\"e-con-inner\">\n\t\t\t\t<div class=\"elementor-element elementor-element-c833d31 elementor-widget elementor-widget-heading\" data-id=\"c833d31\" data-element_type=\"widget\" data-e-type=\"widget\" data-widget_type=\"heading.default\">\n\t\t\t\t\t<h1 class=\"elementor-heading-title elementor-size-default\">Cryos IVF Klini\u011fi ile \u0130leti\u015fime Ge\u00e7in\n<\/h1>\t\t\t\t<\/div>\n\t\t\t\t<div class=\"elementor-element elementor-element-a44245f lastnospace elementor-widget elementor-widget-text-editor\" data-id=\"a44245f\" data-element_type=\"widget\" data-e-type=\"widget\" data-widget_type=\"text-editor.default\">\n\t\t\t\t\t\t\t\t\t<p>Do\u011furganl\u0131k yolculu\u011funuzun her ad\u0131m\u0131nda size yard\u0131mc\u0131 olmak i\u00e7in buraday\u0131z. \u0130ster bir sorunuz olsun ister Cryos IVF Klini\u011findeki se\u00e7enekleriniz hakk\u0131nda daha fazla bilgi edinmek isteyin, l\u00fctfen bizimle ileti\u015fime ge\u00e7in. <\/p>\t\t\t\t\t\t\t\t<\/div>\n\t\t\t\t<div class=\"elementor-element elementor-element-286aae8 elementor-widget-divider--view-line elementor-widget elementor-widget-divider\" data-id=\"286aae8\" data-element_type=\"widget\" data-e-type=\"widget\" data-widget_type=\"divider.default\">\n\t\t\t\t\t\t\t<div class=\"elementor-divider\">\n\t\t\t<span class=\"elementor-divider-separator\">\n\t\t\t\t\t\t<\/span>\n\t\t<\/div>\n\t\t\t\t\t\t<\/div>\n\t\t\t\t<div class=\"elementor-element elementor-element-a413901 elementor-widget elementor-widget-text-editor\" data-id=\"a413901\" data-element_type=\"widget\" data-e-type=\"widget\" data-widget_type=\"text-editor.default\">\n\t\t\t\t\t\t\t\t\t<p>Do\u011furganl\u0131k tedavisi bunalt\u0131c\u0131 gelebilir, ancak biz sizi her ad\u0131mda desteklemek, y\u00f6nlendirmek ve dinlemek i\u00e7in buraday\u0131z. Ekibimiz \u0130ngilizce, Yunanca, \u0130spanyolca ve T\u00fcrk\u00e7e konu\u015fmaktad\u0131r, b\u00f6ylece size en uygun dilde ileti\u015fim kurarken kendinizi rahat hissedebilirsiniz. <br class=\"a\"><br class=\"a\"><\/p><h2>Cryos IVF Klini\u011fi ile ileti\u015fime ge\u00e7in<\/h2><p>L\u00fctfen a\u015fa\u011f\u0131daki ileti\u015fim formunu doldurun, size en k\u0131sa s\u00fcrede geri d\u00f6n\u00fc\u015f yapaca\u011f\u0131z.<\/p>\t\t\t\t\t\t\t\t<\/div>\n\t\t\t\t\t<\/div>\n\t\t\t\t<\/div>\n\t\t<div class=\"elementor-element elementor-element-6827943 e-grid paddedsection_bottom e-con-boxed e-con e-parent\" data-id=\"6827943\" data-element_type=\"container\" data-e-type=\"container\">\n\t\t\t\t\t<div class=\"e-con-inner\">\n\t\t<div class=\"elementor-element elementor-element-6a2857e e-con-full e-flex e-con e-child\" data-id=\"6a2857e\" data-element_type=\"container\" data-e-type=\"container\">\n\t\t\t\t<div class=\"elementor-element elementor-element-17f400d elementor-button-align-start elementor-widget elementor-widget-form\" data-id=\"17f400d\" data-element_type=\"widget\" data-e-type=\"widget\" data-settings=\"{&quot;step_next_label&quot;:&quot;Sonraki&quot;,&quot;step_previous_label&quot;:&quot;\\u00d6nceki&quot;,&quot;button_width&quot;:&quot;100&quot;,&quot;step_type&quot;:&quot;number_text&quot;,&quot;step_icon_shape&quot;:&quot;circle&quot;}\" data-widget_type=\"form.default\">\n\t\t\t\t\t\t\t<form class=\"elementor-form\" method=\"post\" name=\"Yeni Form\" aria-label=\"Yeni Form\">\n\t\t\t<input type=\"hidden\" name=\"post_id\" value=\"2272\"\/>\n\t\t\t<input type=\"hidden\" name=\"form_id\" value=\"17f400d\"\/>\n\t\t\t<input type=\"hidden\" name=\"referer_title\" value=\"\u0130leti\u015fim - Cryos IVF Clinic in Cyprus\" \/>\n\n\t\t\t\t\t\t\t<input type=\"hidden\" name=\"queried_id\" value=\"2272\"\/>\n\t\t\t\n\t\t\t<div class=\"elementor-form-fields-wrapper elementor-labels-above\">\n\t\t\t\t\t\t\t\t<div class=\"elementor-field-type-text elementor-field-group elementor-column elementor-field-group-name elementor-col-50 elementor-field-required elementor-mark-required\">\n\t\t\t\t\t\t\t\t\t\t\t\t<label for=\"form-field-name\" class=\"elementor-field-label\">\n\t\t\t\t\t\t\t\tAd ve soyad\t\t\t\t\t\t\t<\/label>\n\t\t\t\t\t\t\t\t\t\t\t\t\t\t<input size=\"1\" type=\"text\" name=\"form_fields[name]\" id=\"form-field-name\" class=\"elementor-field elementor-size-sm  elementor-field-textual\" placeholder=\"Ad ve soyad ekleyin\" required=\"required\">\n\t\t\t\t\t\t\t\t\t\t\t<\/div>\n\t\t\t\t\t\t\t\t<div class=\"elementor-field-type-email elementor-field-group elementor-column elementor-field-group-email elementor-col-50 elementor-field-required elementor-mark-required\">\n\t\t\t\t\t\t\t\t\t\t\t\t<label for=\"form-field-email\" class=\"elementor-field-label\">\n\t\t\t\t\t\t\t\tE-posta adresi\t\t\t\t\t\t\t<\/label>\n\t\t\t\t\t\t\t\t\t\t\t\t\t\t<input size=\"1\" type=\"email\" name=\"form_fields[email]\" id=\"form-field-email\" class=\"elementor-field elementor-size-sm  elementor-field-textual\" placeholder=\"E-posta adresi ekle\" required=\"required\">\n\t\t\t\t\t\t\t\t\t\t\t<\/div>\n\t\t\t\t\t\t\t\t<div class=\"elementor-field-type-tel elementor-field-group elementor-column elementor-field-group-field_f2e983b elementor-col-50 elementor-field-required elementor-mark-required\">\n\t\t\t\t\t\t\t\t\t\t\t\t<label for=\"form-field-field_f2e983b\" class=\"elementor-field-label\">\n\t\t\t\t\t\t\t\tTelefon numaras\u0131 (\u00f6rn. +4512341234)\t\t\t\t\t\t\t<\/label>\n\t\t\t\t\t\t\t\t<input size=\"1\" type=\"tel\" name=\"form_fields[field_f2e983b]\" id=\"form-field-field_f2e983b\" class=\"elementor-field elementor-size-sm  elementor-field-textual\" placeholder=\"\u00dclke kodu dahil telefon numaras\u0131 ekleyin \" required=\"required\" pattern=\"[0-9()#&amp;+*-=.]+\" title=\"Only numbers and phone characters (#, -, *, etc) are accepted.\">\n\n\t\t\t\t\t\t<\/div>\n\t\t\t\t\t\t\t\t<div class=\"elementor-field-type-select elementor-field-group elementor-column elementor-field-group-field_813be75 elementor-col-50 elementor-field-required elementor-mark-required\">\n\t\t\t\t\t\t\t\t\t\t\t\t<label for=\"form-field-field_813be75\" class=\"elementor-field-label\">\n\t\t\t\t\t\t\t\tKonu\t\t\t\t\t\t\t<\/label>\n\t\t\t\t\t\t\t\t<div class=\"elementor-field elementor-select-wrapper remove-before \">\n\t\t\t<div class=\"select-caret-down-wrapper\">\n\t\t\t\t<svg aria-hidden=\"true\" class=\"e-font-icon-svg e-eicon-caret-down\" viewBox=\"0 0 571.4 571.4\" xmlns=\"http:\/\/www.w3.org\/2000\/svg\"><path d=\"M571 393Q571 407 561 418L311 668Q300 679 286 679T261 668L11 418Q0 407 0 393T11 368 36 357H536Q550 357 561 368T571 393Z\"><\/path><\/svg>\t\t\t<\/div>\n\t\t\t<select name=\"form_fields[field_813be75]\" id=\"form-field-field_813be75\" class=\"elementor-field-textual elementor-size-sm\" required=\"required\">\n\t\t\t\t\t\t\t\t\t<option value=\"\"><\/option>\n\t\t\t\t\t\t\t\t\t<option value=\"IVF\">IVF<\/option>\n\t\t\t\t\t\t\t\t\t<option value=\"IUI\">IUI<\/option>\n\t\t\t\t\t\t\t\t\t<option value=\"Don\u00f6r yumurta ile tedavi\">Don\u00f6r yumurta ile tedavi<\/option>\n\t\t\t\t\t\t\t\t\t<option value=\"Don\u00f6r sperm ile tedavi\">Don\u00f6r sperm ile tedavi<\/option>\n\t\t\t\t\t\t\t\t\t<option value=\"Dondurulmu\u015f embriyo transferi (FET)\">Dondurulmu\u015f embriyo transferi (FET)<\/option>\n\t\t\t\t\t\t\t\t\t<option value=\"Yumurta dondurma\">Yumurta dondurma<\/option>\n\t\t\t\t\t\t\t\t\t<option value=\"Sperm dondurma\">Sperm dondurma<\/option>\n\t\t\t\t\t\t\t\t\t<option value=\"Di\u011fer\">Di\u011fer<\/option>\n\t\t\t\t\t\t\t\t\t<option value=\"Emin de\u011filim\">Emin de\u011filim<\/option>\n\t\t\t\t\t\t\t<\/select>\n\t\t<\/div>\n\t\t\t\t\t\t<\/div>\n\t\t\t\t\t\t\t\t<div class=\"elementor-field-type-text elementor-field-group elementor-column elementor-field-group-field_e5bf1e7 elementor-col-100 elementor-field-required elementor-mark-required\">\n\t\t\t\t\t\t\t\t\t\t\t\t<label for=\"form-field-field_e5bf1e7\" class=\"elementor-field-label\">\n\t\t\t\t\t\t\t\t\u00dclke\t\t\t\t\t\t\t<\/label>\n\t\t\t\t\t\t\t\t\t\t\t\t\t\t<input size=\"1\" type=\"text\" name=\"form_fields[field_e5bf1e7]\" id=\"form-field-field_e5bf1e7\" class=\"elementor-field elementor-size-sm  elementor-field-textual\" placeholder=\"\u00dclkenizi ekleyin\" required=\"required\">\n\t\t\t\t\t\t\t\t\t\t\t<\/div>\n\t\t\t\t\t\t\t\t<div class=\"elementor-field-type-textarea elementor-field-group elementor-column elementor-field-group-message elementor-col-100\">\n\t\t\t\t\t\t\t\t\t\t\t\t<label for=\"form-field-message\" class=\"elementor-field-label\">\n\t\t\t\t\t\t\t\tMesaj\t\t\t\t\t\t\t<\/label>\n\t\t\t\t\t\t<textarea class=\"elementor-field-textual elementor-field  elementor-size-sm\" name=\"form_fields[message]\" id=\"form-field-message\" rows=\"4\" placeholder=\"Mesaj ekle\"><\/textarea>\t\t\t\t<\/div>\n\t\t\t\t\t\t\t\t<div class=\"elementor-field-type-acceptance elementor-field-group elementor-column elementor-field-group-field_df8bf3b elementor-col-100 elementor-field-required elementor-mark-required\">\n\t\t\t\t\t\t\t\t\t\t\t\t<label for=\"form-field-field_df8bf3b\" class=\"elementor-field-label\">\n\t\t\t\t\t\t\t\tCryos IVF Klini\u011fi Gizlilik Politikas\u0131\t\t\t\t\t\t\t<\/label>\n\t\t\t\t\t\t\t\t<div class=\"elementor-field-subgroup\">\n\t\t\t<span class=\"elementor-field-option\">\n\t\t\t\t<input type=\"checkbox\" name=\"form_fields[field_df8bf3b]\" id=\"form-field-field_df8bf3b\" class=\"elementor-field elementor-size-sm  elementor-acceptance-field\" required=\"required\">\n\t\t\t\t<label for=\"form-field-field_df8bf3b\">\u0130leti\u015fim talep formunu g\u00f6ndererek, yukar\u0131da belirtilen ki\u015fisel verilerin ileti\u015fim talebimin i\u015flenmesi i\u00e7in saklanaca\u011f\u0131n\u0131 kabul ediyorum. Daha fazla bilgi Gizlilik Politikam\u0131zda bulunabilir.<br><a href=\"https:\/\/cryosivfclinic.com\/tr\/privacy-policy\/\" target=\"_blank\">Gizlilik Politik<\/a> as\u0131n\u0131 okudum ve ki\u015fisel verilerimin i\u015flenmesini kabul ediyorum.   <\/label>\t\t\t<\/span>\n\t\t<\/div>\n\t\t\t\t\t\t<\/div>\n\t\t\t\t\t\t\t\t<div class=\"elementor-field-group elementor-column elementor-field-type-submit elementor-col-100 e-form__buttons\">\n\t\t\t\t\t<button class=\"elementor-button elementor-size-sm\" type=\"submit\">\n\t\t\t\t\t\t<span class=\"elementor-button-content-wrapper\">\n\t\t\t\t\t\t\t\t\t\t\t\t\t\t\t\t\t\t\t\t\t\t<span class=\"elementor-button-text\">G\u00f6nder<\/span>\n\t\t\t\t\t\t\t\t\t\t\t\t\t<\/span>\n\t\t\t\t\t<\/button>\n\t\t\t\t<\/div>\n\t\t\t<\/div>\n\t\t<\/form>\n\t\t\t\t\t\t<\/div>\n\t\t\t\t<\/div>\n\t\t\t\t\t<\/div>\n\t\t\t\t<\/div>\n\t\t<div class=\"elementor-element elementor-element-33fa581 e-flex e-con-boxed e-con e-parent\" data-id=\"33fa581\" data-element_type=\"container\" data-e-type=\"container\">\n\t\t\t\t\t<div class=\"e-con-inner\">\n\t\t\t\t<div class=\"elementor-element elementor-element-48c5fce elementor-widget elementor-widget-image\" data-id=\"48c5fce\" data-element_type=\"widget\" data-e-type=\"widget\" data-widget_type=\"image.default\">\n\t\t\t\t\t\t\t\t\t\t\t\t\t\t\t<img fetchpriority=\"high\" decoding=\"async\" width=\"1086\" height=\"580\" src=\"https:\/\/cryosivfclinic.com\/wp-content\/uploads\/2025\/08\/cryos_ivf_clinic_contact_person.jpg\" class=\"attachment-full size-full wp-image-2670\" alt=\"Cryos IVF Clinic contact person\" srcset=\"https:\/\/cryosivfclinic.com\/wp-content\/uploads\/2025\/08\/cryos_ivf_clinic_contact_person.jpg 1086w, https:\/\/cryosivfclinic.com\/wp-content\/uploads\/2025\/08\/cryos_ivf_clinic_contact_person-300x160.jpg 300w, https:\/\/cryosivfclinic.com\/wp-content\/uploads\/2025\/08\/cryos_ivf_clinic_contact_person-1024x547.jpg 1024w, https:\/\/cryosivfclinic.com\/wp-content\/uploads\/2025\/08\/cryos_ivf_clinic_contact_person-768x410.jpg 768w\" sizes=\"(max-width: 1086px) 100vw, 1086px\" \/>\t\t\t\t\t\t\t\t\t\t\t\t\t\t\t<\/div>\n\t\t<div class=\"elementor-element elementor-element-c4c7621 e-con-full e-flex e-con e-child\" data-id=\"c4c7621\" data-element_type=\"container\" data-e-type=\"container\">\n\t\t<div class=\"elementor-element elementor-element-7bcdecc e-grid e-con-full e-con e-child\" data-id=\"7bcdecc\" data-element_type=\"container\" data-e-type=\"container\">\n\t\t\t\t<div class=\"elementor-element elementor-element-46cd080 elementor-widget elementor-widget-text-editor\" data-id=\"46cd080\" data-element_type=\"widget\" data-e-type=\"widget\" data-widget_type=\"text-editor.default\">\n\t\t\t\t\t\t\t\t\t<h2>Lefko\u015fa&#8217;n\u0131n kalbinde ki\u015fiye \u00f6zel do\u011furganl\u0131k bak\u0131m\u0131<\/h2><p>Cryos IVF Klini\u011finde, bekleme listesi olmadan ki\u015fiselle\u015ftirilmi\u015f do\u011furganl\u0131k bak\u0131m\u0131 sa\u011fl\u0131yoruz. Son derece yetenekli profesyonellerden olu\u015fan ekibimiz, uzmanl\u0131k, \u015fefkat ve ebeveynlik hayalinize ula\u015fman\u0131za yard\u0131mc\u0131 olmak i\u00e7in ger\u00e7ek bir ba\u011fl\u0131l\u0131k getirerek ba\u015far\u0131n\u0131za adanm\u0131\u015ft\u0131r. <\/p><p>K\u0131br\u0131s&#8217;a seyahat eden hastalar i\u00e7in, konaklaman\u0131z\u0131 konforlu ve rahat hale getirmek amac\u0131yla seyahat d\u00fczenlemeleri ve konaklama konusunda yard\u0131mc\u0131 olmak i\u00e7in buraday\u0131z. S\u0131cak iklim ve huzurlu atmosfer, tedavi yolculu\u011funuz s\u0131ras\u0131nda hem rahatl\u0131k hem de huzur sa\u011flar. <\/p>\t\t\t\t\t\t\t\t<\/div>\n\t\t\t\t<div class=\"elementor-element elementor-element-aad129d elementor-widget elementor-widget-text-editor\" data-id=\"aad129d\" data-element_type=\"widget\" data-e-type=\"widget\" data-widget_type=\"text-editor.default\">\n\t\t\t\t\t\t\t\t\t<h2>Adresimiz<\/h2><p>Cryos IVF Klini\u011fi,<br class=\"a\">Prigkipos Karolou 6,<br class=\"a\">Ayios Dometios,<br class=\"a\">2373 Lefko\u015fa, K\u0131br\u0131s<br class=\"a\">Adresi <a href=\"https:\/\/www.google.com\/maps\/place\/6,+Agios+Dometios+2373,+Cypern\/@35.1687301,33.3356108,888m\/data=!3m2!1e3!4b1!4m14!1m7!3m6!1s0x14de1bd58f3b6edb:0xc7898bfddc7a45f9!2sCryos+International+Cyprus!8m2!3d35.1687819!4d33.3382735!16s%2Fg%2F11pcmhv_q_!3m5!1s0x14de1a07e83d9099:0xb4dd608f357eb473!8m2!3d35.1687257!4d33.3381845!16s%2Fg%2F11bw424rm6?entry=ttu&amp;g_ep=EgoyMDI1MDMyNS4xIKXMDSoJLDEwMjExNDU1SAFQAw%3D%3D\">Google Haritalar<\/a>&#8216;da g\u00f6r\u00fcn<br class=\"a\"><br class=\"a\"><\/p><h2>\u0130leti\u015fim ve \u00e7al\u0131\u015fma saatleri<\/h2><p>Telefon: 00357 22007656<br class=\"a\">Pazartesi &#8211; Cuma: 9:00 &#8211; 16:00 (EET)<br class=\"a\">Cumartesi: 9:00 &#8211; 12:00 (EET)<\/p>\t\t\t\t\t\t\t\t<\/div>\n\t\t\t\t<\/div>\n\t\t\t\t<\/div>\n\t\t\t\t\t<\/div>\n\t\t\t\t<\/div>\n\t\t<div class=\"elementor-element elementor-element-df8f37d paddedsection_bottom e-flex e-con-boxed e-con e-parent\" data-id=\"df8f37d\" data-element_type=\"container\" data-e-type=\"container\">\n\t\t\t\t\t<div class=\"e-con-inner\">\n\t\t\t\t<div class=\"elementor-element elementor-element-4cd7400 elementor-widget elementor-widget-image\" data-id=\"4cd7400\" data-element_type=\"widget\" data-e-type=\"widget\" data-widget_type=\"image.default\">\n\t\t\t\t\t\t\t\t\t\t\t\t\t\t\t<img decoding=\"async\" width=\"995\" height=\"614\" src=\"https:\/\/cryosivfclinic.com\/wp-content\/uploads\/2025\/03\/Cryos_IVF-1.jpg\" class=\"attachment-full size-full wp-image-2275\" alt=\"\" srcset=\"https:\/\/cryosivfclinic.com\/wp-content\/uploads\/2025\/03\/Cryos_IVF-1.jpg 995w, https:\/\/cryosivfclinic.com\/wp-content\/uploads\/2025\/03\/Cryos_IVF-1-300x185.jpg 300w, https:\/\/cryosivfclinic.com\/wp-content\/uploads\/2025\/03\/Cryos_IVF-1-768x474.jpg 768w\" sizes=\"(max-width: 995px) 100vw, 995px\" \/>\t\t\t\t\t\t\t\t\t\t\t\t\t\t\t<\/div>\n\t\t\t\t\t<\/div>\n\t\t\t\t<\/div>\n\t\t\t\t<\/div>\n\t\t","protected":false},"excerpt":{"rendered":"<p>Cryos IVF Klini\u011fi ile \u0130leti\u015fime Ge\u00e7in Do\u011furganl\u0131k yolculu\u011funuzun her ad\u0131m\u0131nda size yard\u0131mc\u0131 olmak i\u00e7in buraday\u0131z. \u0130ster bir sorunuz olsun ister Cryos IVF Klini\u011findeki se\u00e7enekleriniz hakk\u0131nda daha fazla bilgi edinmek isteyin, l\u00fctfen bizimle ileti\u015fime ge\u00e7in. Do\u011furganl\u0131k tedavisi bunalt\u0131c\u0131 gelebilir, ancak biz sizi her ad\u0131mda desteklemek, y\u00f6nlendirmek ve dinlemek i\u00e7in buraday\u0131z. Ekibimiz \u0130ngilizce, Yunanca, \u0130spanyolca ve T\u00fcrk\u00e7e [&hellip;]<\/p>\n","protected":false},"author":2,"featured_media":0,"parent":0,"menu_order":0,"comment_status":"closed","ping_status":"closed","template":"","meta":{"footnotes":""},"class_list":["post-2272","page","type-page","status-publish","hentry"],"yoast_head":"<!-- This site is optimized with the Yoast SEO plugin v27.4 - https:\/\/yoast.com\/product\/yoast-seo-wordpress\/ -->\n<title>\u0130leti\u015fim - Cryos IVF Clinic in Cyprus<\/title>\n<meta name=\"description\" content=\"K\u0131br\u0131s&#039;taki Cryos IVF Klini\u011fi ile nas\u0131l ileti\u015fime ge\u00e7ece\u011finizi g\u00f6r\u00fcn ve do\u011furganl\u0131k yolculu\u011funuza bug\u00fcn ba\u015flay\u0131n.\" \/>\n<meta name=\"robots\" content=\"index, follow, max-snippet:-1, max-image-preview:large, max-video-preview:-1\" \/>\n<link rel=\"canonical\" href=\"https:\/\/cryosivfclinic.com\/tr\/iletisim\/\" \/>\n<meta property=\"og:locale\" content=\"tr_TR\" \/>\n<meta property=\"og:type\" content=\"article\" \/>\n<meta property=\"og:title\" content=\"\u0130leti\u015fim - Cryos IVF Clinic in Cyprus\" \/>\n<meta property=\"og:description\" content=\"K\u0131br\u0131s&#039;taki Cryos IVF Klini\u011fi ile nas\u0131l ileti\u015fime ge\u00e7ece\u011finizi g\u00f6r\u00fcn ve do\u011furganl\u0131k yolculu\u011funuza bug\u00fcn ba\u015flay\u0131n.\" \/>\n<meta property=\"og:url\" content=\"https:\/\/cryosivfclinic.com\/tr\/iletisim\/\" \/>\n<meta property=\"og:site_name\" content=\"Cryos IVF Clinic in Cyprus\" \/>\n<meta property=\"article:modified_time\" content=\"2025-09-26T06:14:51+00:00\" \/>\n<meta property=\"og:image\" content=\"https:\/\/cryosivfclinic.com\/wp-content\/uploads\/2025\/08\/cryos_ivf_clinic_contact_person.jpg\" \/>\n\t<meta property=\"og:image:width\" content=\"1086\" \/>\n\t<meta property=\"og:image:height\" content=\"580\" \/>\n\t<meta property=\"og:image:type\" content=\"image\/jpeg\" \/>\n<meta name=\"twitter:card\" content=\"summary_large_image\" \/>\n<meta name=\"twitter:label1\" content=\"Tahmini okuma s\u00fcresi\" \/>\n\t<meta name=\"twitter:data1\" content=\"1 dakika\" \/>\n<script type=\"application\/ld+json\" class=\"yoast-schema-graph\">{\"@context\":\"https:\\\/\\\/schema.org\",\"@graph\":[{\"@type\":\"WebPage\",\"@id\":\"https:\\\/\\\/cryosivfclinic.com\\\/tr\\\/iletisim\\\/\",\"url\":\"https:\\\/\\\/cryosivfclinic.com\\\/tr\\\/iletisim\\\/\",\"name\":\"\u0130leti\u015fim - Cryos IVF Clinic in Cyprus\",\"isPartOf\":{\"@id\":\"https:\\\/\\\/cryosivfclinic.com\\\/tr\\\/#website\"},\"primaryImageOfPage\":{\"@id\":\"https:\\\/\\\/cryosivfclinic.com\\\/tr\\\/iletisim\\\/#primaryimage\"},\"image\":{\"@id\":\"https:\\\/\\\/cryosivfclinic.com\\\/tr\\\/iletisim\\\/#primaryimage\"},\"thumbnailUrl\":\"https:\\\/\\\/cryosivfclinic.com\\\/wp-content\\\/uploads\\\/2025\\\/08\\\/cryos_ivf_clinic_contact_person.jpg\",\"datePublished\":\"2025-02-26T12:47:27+00:00\",\"dateModified\":\"2025-09-26T06:14:51+00:00\",\"description\":\"K\u0131br\u0131s'taki Cryos IVF Klini\u011fi ile nas\u0131l ileti\u015fime ge\u00e7ece\u011finizi g\u00f6r\u00fcn ve do\u011furganl\u0131k yolculu\u011funuza bug\u00fcn ba\u015flay\u0131n.\",\"breadcrumb\":{\"@id\":\"https:\\\/\\\/cryosivfclinic.com\\\/tr\\\/iletisim\\\/#breadcrumb\"},\"inLanguage\":\"tr\",\"potentialAction\":[{\"@type\":\"ReadAction\",\"target\":[\"https:\\\/\\\/cryosivfclinic.com\\\/tr\\\/iletisim\\\/\"]}]},{\"@type\":\"ImageObject\",\"inLanguage\":\"tr\",\"@id\":\"https:\\\/\\\/cryosivfclinic.com\\\/tr\\\/iletisim\\\/#primaryimage\",\"url\":\"https:\\\/\\\/cryosivfclinic.com\\\/wp-content\\\/uploads\\\/2025\\\/08\\\/cryos_ivf_clinic_contact_person.jpg\",\"contentUrl\":\"https:\\\/\\\/cryosivfclinic.com\\\/wp-content\\\/uploads\\\/2025\\\/08\\\/cryos_ivf_clinic_contact_person.jpg\"},{\"@type\":\"BreadcrumbList\",\"@id\":\"https:\\\/\\\/cryosivfclinic.com\\\/tr\\\/iletisim\\\/#breadcrumb\",\"itemListElement\":[{\"@type\":\"ListItem\",\"position\":1,\"name\":\"Home\",\"item\":\"https:\\\/\\\/cryosivfclinic.com\\\/tr\\\/kibrista-dunya-standartlarinda-dogurganlik-tedavisi\\\/\"},{\"@type\":\"ListItem\",\"position\":2,\"name\":\"\u0130leti\u015fim\"}]},{\"@type\":\"WebSite\",\"@id\":\"https:\\\/\\\/cryosivfclinic.com\\\/tr\\\/#website\",\"url\":\"https:\\\/\\\/cryosivfclinic.com\\\/tr\\\/\",\"name\":\"Cryos IVF Clinic in Cyprus\",\"description\":\"\",\"publisher\":{\"@id\":\"https:\\\/\\\/cryosivfclinic.com\\\/tr\\\/#organization\"},\"potentialAction\":[{\"@type\":\"SearchAction\",\"target\":{\"@type\":\"EntryPoint\",\"urlTemplate\":\"https:\\\/\\\/cryosivfclinic.com\\\/tr\\\/?s={search_term_string}\"},\"query-input\":{\"@type\":\"PropertyValueSpecification\",\"valueRequired\":true,\"valueName\":\"search_term_string\"}}],\"inLanguage\":\"tr\"},{\"@type\":\"Organization\",\"@id\":\"https:\\\/\\\/cryosivfclinic.com\\\/tr\\\/#organization\",\"name\":\"Cryos IVF Clinic in Cyprus\",\"url\":\"https:\\\/\\\/cryosivfclinic.com\\\/tr\\\/\",\"logo\":{\"@type\":\"ImageObject\",\"inLanguage\":\"tr\",\"@id\":\"https:\\\/\\\/cryosivfclinic.com\\\/tr\\\/#\\\/schema\\\/logo\\\/image\\\/\",\"url\":\"https:\\\/\\\/cryosivfclinic.com\\\/wp-content\\\/uploads\\\/2025\\\/01\\\/Cryos_Clinic_Logo_RGB_Blue_Black_ank.png\",\"contentUrl\":\"https:\\\/\\\/cryosivfclinic.com\\\/wp-content\\\/uploads\\\/2025\\\/01\\\/Cryos_Clinic_Logo_RGB_Blue_Black_ank.png\",\"width\":367,\"height\":207,\"caption\":\"Cryos IVF Clinic in Cyprus\"},\"image\":{\"@id\":\"https:\\\/\\\/cryosivfclinic.com\\\/tr\\\/#\\\/schema\\\/logo\\\/image\\\/\"}}]}<\/script>\n<!-- \/ Yoast SEO plugin. -->","yoast_head_json":{"title":"\u0130leti\u015fim - Cryos IVF Clinic in Cyprus","description":"K\u0131br\u0131s'taki Cryos IVF Klini\u011fi ile nas\u0131l ileti\u015fime ge\u00e7ece\u011finizi g\u00f6r\u00fcn ve do\u011furganl\u0131k yolculu\u011funuza bug\u00fcn ba\u015flay\u0131n.","robots":{"index":"index","follow":"follow","max-snippet":"max-snippet:-1","max-image-preview":"max-image-preview:large","max-video-preview":"max-video-preview:-1"},"canonical":"https:\/\/cryosivfclinic.com\/tr\/iletisim\/","og_locale":"tr_TR","og_type":"article","og_title":"\u0130leti\u015fim - Cryos IVF Clinic in Cyprus","og_description":"K\u0131br\u0131s'taki Cryos IVF Klini\u011fi ile nas\u0131l ileti\u015fime ge\u00e7ece\u011finizi g\u00f6r\u00fcn ve do\u011furganl\u0131k yolculu\u011funuza bug\u00fcn ba\u015flay\u0131n.","og_url":"https:\/\/cryosivfclinic.com\/tr\/iletisim\/","og_site_name":"Cryos IVF Clinic in Cyprus","article_modified_time":"2025-09-26T06:14:51+00:00","og_image":[{"width":1086,"height":580,"url":"https:\/\/cryosivfclinic.com\/wp-content\/uploads\/2025\/08\/cryos_ivf_clinic_contact_person.jpg","type":"image\/jpeg"}],"twitter_card":"summary_large_image","twitter_misc":{"Tahmini okuma s\u00fcresi":"1 dakika"},"schema":{"@context":"https:\/\/schema.org","@graph":[{"@type":"WebPage","@id":"https:\/\/cryosivfclinic.com\/tr\/iletisim\/","url":"https:\/\/cryosivfclinic.com\/tr\/iletisim\/","name":"\u0130leti\u015fim - Cryos IVF Clinic in Cyprus","isPartOf":{"@id":"https:\/\/cryosivfclinic.com\/tr\/#website"},"primaryImageOfPage":{"@id":"https:\/\/cryosivfclinic.com\/tr\/iletisim\/#primaryimage"},"image":{"@id":"https:\/\/cryosivfclinic.com\/tr\/iletisim\/#primaryimage"},"thumbnailUrl":"https:\/\/cryosivfclinic.com\/wp-content\/uploads\/2025\/08\/cryos_ivf_clinic_contact_person.jpg","datePublished":"2025-02-26T12:47:27+00:00","dateModified":"2025-09-26T06:14:51+00:00","description":"K\u0131br\u0131s'taki Cryos IVF Klini\u011fi ile nas\u0131l ileti\u015fime ge\u00e7ece\u011finizi g\u00f6r\u00fcn ve do\u011furganl\u0131k yolculu\u011funuza bug\u00fcn ba\u015flay\u0131n.","breadcrumb":{"@id":"https:\/\/cryosivfclinic.com\/tr\/iletisim\/#breadcrumb"},"inLanguage":"tr","potentialAction":[{"@type":"ReadAction","target":["https:\/\/cryosivfclinic.com\/tr\/iletisim\/"]}]},{"@type":"ImageObject","inLanguage":"tr","@id":"https:\/\/cryosivfclinic.com\/tr\/iletisim\/#primaryimage","url":"https:\/\/cryosivfclinic.com\/wp-content\/uploads\/2025\/08\/cryos_ivf_clinic_contact_person.jpg","contentUrl":"https:\/\/cryosivfclinic.com\/wp-content\/uploads\/2025\/08\/cryos_ivf_clinic_contact_person.jpg"},{"@type":"BreadcrumbList","@id":"https:\/\/cryosivfclinic.com\/tr\/iletisim\/#breadcrumb","itemListElement":[{"@type":"ListItem","position":1,"name":"Home","item":"https:\/\/cryosivfclinic.com\/tr\/kibrista-dunya-standartlarinda-dogurganlik-tedavisi\/"},{"@type":"ListItem","position":2,"name":"\u0130leti\u015fim"}]},{"@type":"WebSite","@id":"https:\/\/cryosivfclinic.com\/tr\/#website","url":"https:\/\/cryosivfclinic.com\/tr\/","name":"Cryos IVF Clinic in Cyprus","description":"","publisher":{"@id":"https:\/\/cryosivfclinic.com\/tr\/#organization"},"potentialAction":[{"@type":"SearchAction","target":{"@type":"EntryPoint","urlTemplate":"https:\/\/cryosivfclinic.com\/tr\/?s={search_term_string}"},"query-input":{"@type":"PropertyValueSpecification","valueRequired":true,"valueName":"search_term_string"}}],"inLanguage":"tr"},{"@type":"Organization","@id":"https:\/\/cryosivfclinic.com\/tr\/#organization","name":"Cryos IVF Clinic in Cyprus","url":"https:\/\/cryosivfclinic.com\/tr\/","logo":{"@type":"ImageObject","inLanguage":"tr","@id":"https:\/\/cryosivfclinic.com\/tr\/#\/schema\/logo\/image\/","url":"https:\/\/cryosivfclinic.com\/wp-content\/uploads\/2025\/01\/Cryos_Clinic_Logo_RGB_Blue_Black_ank.png","contentUrl":"https:\/\/cryosivfclinic.com\/wp-content\/uploads\/2025\/01\/Cryos_Clinic_Logo_RGB_Blue_Black_ank.png","width":367,"height":207,"caption":"Cryos IVF Clinic in Cyprus"},"image":{"@id":"https:\/\/cryosivfclinic.com\/tr\/#\/schema\/logo\/image\/"}}]}},"_links":{"self":[{"href":"https:\/\/cryosivfclinic.com\/tr\/wp-json\/wp\/v2\/pages\/2272","targetHints":{"allow":["GET"]}}],"collection":[{"href":"https:\/\/cryosivfclinic.com\/tr\/wp-json\/wp\/v2\/pages"}],"about":[{"href":"https:\/\/cryosivfclinic.com\/tr\/wp-json\/wp\/v2\/types\/page"}],"author":[{"embeddable":true,"href":"https:\/\/cryosivfclinic.com\/tr\/wp-json\/wp\/v2\/users\/2"}],"replies":[{"embeddable":true,"href":"https:\/\/cryosivfclinic.com\/tr\/wp-json\/wp\/v2\/comments?post=2272"}],"version-history":[{"count":6,"href":"https:\/\/cryosivfclinic.com\/tr\/wp-json\/wp\/v2\/pages\/2272\/revisions"}],"predecessor-version":[{"id":2695,"href":"https:\/\/cryosivfclinic.com\/tr\/wp-json\/wp\/v2\/pages\/2272\/revisions\/2695"}],"wp:attachment":[{"href":"https:\/\/cryosivfclinic.com\/tr\/wp-json\/wp\/v2\/media?parent=2272"}],"curies":[{"name":"wp","href":"https:\/\/api.w.org\/{rel}","templated":true}]}}