{"id":1847,"date":"2025-02-26T12:47:27","date_gmt":"2025-02-26T12:47:27","guid":{"rendered":"https:\/\/cryosivfclinic.com\/contact\/"},"modified":"2025-09-26T06:14:51","modified_gmt":"2025-09-26T06:14:51","slug":"contact","status":"publish","type":"page","link":"https:\/\/cryosivfclinic.com\/fr\/contact\/","title":{"rendered":"Contact"},"content":{"rendered":"\t\t<div data-elementor-type=\"wp-page\" data-elementor-id=\"1847\" class=\"elementor elementor-1847 elementor-302\" data-elementor-post-type=\"page\">\n\t\t\t\t<div class=\"elementor-element elementor-element-96183c4 paddedsection_top e-flex e-con-boxed e-con e-parent\" data-id=\"96183c4\" data-element_type=\"container\" data-e-type=\"container\">\n\t\t\t\t\t<div class=\"e-con-inner\">\n\t\t\t\t<div class=\"elementor-element elementor-element-c833d31 elementor-widget elementor-widget-heading\" data-id=\"c833d31\" data-element_type=\"widget\" data-e-type=\"widget\" data-widget_type=\"heading.default\">\n\t\t\t\t\t<h1 class=\"elementor-heading-title elementor-size-default\">Contacter la clinique de FIV Cryos\n<\/h1>\t\t\t\t<\/div>\n\t\t\t\t<div class=\"elementor-element elementor-element-a44245f lastnospace elementor-widget elementor-widget-text-editor\" data-id=\"a44245f\" data-element_type=\"widget\" data-e-type=\"widget\" data-widget_type=\"text-editor.default\">\n\t\t\t\t\t\t\t\t\t<p>Nous sommes l\u00e0 pour vous aider \u00e0 chaque \u00e9tape de votre parcours de fertilit\u00e9. Si vous avez une question ou si vous souhaitez en savoir plus sur les possibilit\u00e9s qui s&rsquo;offrent \u00e0 vous \u00e0 la Cryos IVF Clinic, n&rsquo;h\u00e9sitez pas \u00e0 nous contacter. <\/p>\t\t\t\t\t\t\t\t<\/div>\n\t\t\t\t<div class=\"elementor-element elementor-element-286aae8 elementor-widget-divider--view-line elementor-widget elementor-widget-divider\" data-id=\"286aae8\" data-element_type=\"widget\" data-e-type=\"widget\" data-widget_type=\"divider.default\">\n\t\t\t\t\t\t\t<div class=\"elementor-divider\">\n\t\t\t<span class=\"elementor-divider-separator\">\n\t\t\t\t\t\t<\/span>\n\t\t<\/div>\n\t\t\t\t\t\t<\/div>\n\t\t\t\t<div class=\"elementor-element elementor-element-a413901 elementor-widget elementor-widget-text-editor\" data-id=\"a413901\" data-element_type=\"widget\" data-e-type=\"widget\" data-widget_type=\"text-editor.default\">\n\t\t\t\t\t\t\t\t\t<p>Le traitement de la fertilit\u00e9 peut sembler accablant, mais nous sommes l\u00e0 pour vous soutenir, vous guider et vous \u00e9couter \u00e0 chaque \u00e9tape du processus. Notre \u00e9quipe parle l&rsquo;anglais, le grec, l&rsquo;espagnol et le turc, afin que vous puissiez vous sentir \u00e0 l&rsquo;aise pour communiquer dans la langue qui vous convient le mieux. <br class=\"a\"><br class=\"a\"><\/p><h2>Contactez Cryos IVF Clinic<\/h2><p>Veuillez remplir le formulaire de contact ci-dessous et nous vous r\u00e9pondrons dans les plus brefs d\u00e9lais.<\/p>\t\t\t\t\t\t\t\t<\/div>\n\t\t\t\t\t<\/div>\n\t\t\t\t<\/div>\n\t\t<div class=\"elementor-element elementor-element-6827943 e-grid paddedsection_bottom e-con-boxed e-con e-parent\" data-id=\"6827943\" data-element_type=\"container\" data-e-type=\"container\">\n\t\t\t\t\t<div class=\"e-con-inner\">\n\t\t<div class=\"elementor-element elementor-element-6a2857e e-con-full e-flex e-con e-child\" data-id=\"6a2857e\" data-element_type=\"container\" data-e-type=\"container\">\n\t\t\t\t<div class=\"elementor-element elementor-element-17f400d elementor-button-align-start elementor-widget elementor-widget-form\" data-id=\"17f400d\" data-element_type=\"widget\" data-e-type=\"widget\" data-settings=\"{&quot;step_next_label&quot;:&quot;Suivant&quot;,&quot;step_previous_label&quot;:&quot;Pr\\u00e9c\\u00e9dent&quot;,&quot;button_width&quot;:&quot;100&quot;,&quot;step_type&quot;:&quot;number_text&quot;,&quot;step_icon_shape&quot;:&quot;circle&quot;}\" data-widget_type=\"form.default\">\n\t\t\t\t\t\t\t<form class=\"elementor-form\" method=\"post\" name=\"Nouveau formulaire\" aria-label=\"Nouveau formulaire\">\n\t\t\t<input type=\"hidden\" name=\"post_id\" value=\"1847\"\/>\n\t\t\t<input type=\"hidden\" name=\"form_id\" value=\"17f400d\"\/>\n\t\t\t<input type=\"hidden\" name=\"referer_title\" value=\"Contact - Cryos IVF Clinic in Cyprus\" \/>\n\n\t\t\t\t\t\t\t<input type=\"hidden\" name=\"queried_id\" value=\"1847\"\/>\n\t\t\t\n\t\t\t<div class=\"elementor-form-fields-wrapper elementor-labels-above\">\n\t\t\t\t\t\t\t\t<div class=\"elementor-field-type-text elementor-field-group elementor-column elementor-field-group-name elementor-col-50 elementor-field-required elementor-mark-required\">\n\t\t\t\t\t\t\t\t\t\t\t\t<label for=\"form-field-name\" class=\"elementor-field-label\">\n\t\t\t\t\t\t\t\tNom et pr\u00e9nom\t\t\t\t\t\t\t<\/label>\n\t\t\t\t\t\t\t\t\t\t\t\t\t\t<input size=\"1\" type=\"text\" name=\"form_fields[name]\" id=\"form-field-name\" class=\"elementor-field elementor-size-sm  elementor-field-textual\" placeholder=\"Ajouter le nom et le pr\u00e9nom\" required=\"required\">\n\t\t\t\t\t\t\t\t\t\t\t<\/div>\n\t\t\t\t\t\t\t\t<div class=\"elementor-field-type-email elementor-field-group elementor-column elementor-field-group-email elementor-col-50 elementor-field-required elementor-mark-required\">\n\t\t\t\t\t\t\t\t\t\t\t\t<label for=\"form-field-email\" class=\"elementor-field-label\">\n\t\t\t\t\t\t\t\tAdresse \u00e9lectronique\t\t\t\t\t\t\t<\/label>\n\t\t\t\t\t\t\t\t\t\t\t\t\t\t<input size=\"1\" type=\"email\" name=\"form_fields[email]\" id=\"form-field-email\" class=\"elementor-field elementor-size-sm  elementor-field-textual\" placeholder=\"Ajouter une adresse \u00e9lectronique\" required=\"required\">\n\t\t\t\t\t\t\t\t\t\t\t<\/div>\n\t\t\t\t\t\t\t\t<div class=\"elementor-field-type-tel elementor-field-group elementor-column elementor-field-group-field_f2e983b elementor-col-50 elementor-field-required elementor-mark-required\">\n\t\t\t\t\t\t\t\t\t\t\t\t<label for=\"form-field-field_f2e983b\" class=\"elementor-field-label\">\n\t\t\t\t\t\t\t\tNum\u00e9ro de t\u00e9l\u00e9phone (par exemple +4512341234)\t\t\t\t\t\t\t<\/label>\n\t\t\t\t\t\t\t\t<input size=\"1\" type=\"tel\" name=\"form_fields[field_f2e983b]\" id=\"form-field-field_f2e983b\" class=\"elementor-field elementor-size-sm  elementor-field-textual\" placeholder=\"Ajouter un num\u00e9ro de t\u00e9l\u00e9phone avec l&#039;indicatif du pays \" required=\"required\" pattern=\"[0-9()#&amp;+*-=.]+\" title=\"Seuls les caract\u00e8res de num\u00e9ros de t\u00e9l\u00e9phone (#, -, *, etc.) sont accept\u00e9s.\">\n\n\t\t\t\t\t\t<\/div>\n\t\t\t\t\t\t\t\t<div class=\"elementor-field-type-select elementor-field-group elementor-column elementor-field-group-field_813be75 elementor-col-50 elementor-field-required elementor-mark-required\">\n\t\t\t\t\t\t\t\t\t\t\t\t<label for=\"form-field-field_813be75\" class=\"elementor-field-label\">\n\t\t\t\t\t\t\t\tSujet\t\t\t\t\t\t\t<\/label>\n\t\t\t\t\t\t\t\t<div class=\"elementor-field elementor-select-wrapper remove-before \">\n\t\t\t<div class=\"select-caret-down-wrapper\">\n\t\t\t\t<svg aria-hidden=\"true\" class=\"e-font-icon-svg e-eicon-caret-down\" viewBox=\"0 0 571.4 571.4\" xmlns=\"http:\/\/www.w3.org\/2000\/svg\"><path d=\"M571 393Q571 407 561 418L311 668Q300 679 286 679T261 668L11 418Q0 407 0 393T11 368 36 357H536Q550 357 561 368T571 393Z\"><\/path><\/svg>\t\t\t<\/div>\n\t\t\t<select name=\"form_fields[field_813be75]\" id=\"form-field-field_813be75\" class=\"elementor-field-textual elementor-size-sm\" required=\"required\">\n\t\t\t\t\t\t\t\t\t<option value=\"\"><\/option>\n\t\t\t\t\t\t\t\t\t<option value=\"FIV\">FIV<\/option>\n\t\t\t\t\t\t\t\t\t<option value=\"IUI\">IUI<\/option>\n\t\t\t\t\t\t\t\t\t<option value=\"Traitement avec des ovules de donneur\">Traitement avec des ovules de donneur<\/option>\n\t\t\t\t\t\t\t\t\t<option value=\"Traitement avec du sperme de donneur\">Traitement avec du sperme de donneur<\/option>\n\t\t\t\t\t\t\t\t\t<option value=\"Transfert d&#039;embryons congel\u00e9s (FET)\">Transfert d&#039;embryons congel\u00e9s (FET)<\/option>\n\t\t\t\t\t\t\t\t\t<option value=\"Cong\u00e9lation d&#039;ovules\">Cong\u00e9lation d&#039;ovules<\/option>\n\t\t\t\t\t\t\t\t\t<option value=\"Cong\u00e9lation de sperme\">Cong\u00e9lation de sperme<\/option>\n\t\t\t\t\t\t\t\t\t<option value=\"Autre\">Autre<\/option>\n\t\t\t\t\t\t\t\t\t<option value=\"Ne sait pas\">Ne sait pas<\/option>\n\t\t\t\t\t\t\t<\/select>\n\t\t<\/div>\n\t\t\t\t\t\t<\/div>\n\t\t\t\t\t\t\t\t<div class=\"elementor-field-type-text elementor-field-group elementor-column elementor-field-group-field_e5bf1e7 elementor-col-100 elementor-field-required elementor-mark-required\">\n\t\t\t\t\t\t\t\t\t\t\t\t<label for=\"form-field-field_e5bf1e7\" class=\"elementor-field-label\">\n\t\t\t\t\t\t\t\tPays\t\t\t\t\t\t\t<\/label>\n\t\t\t\t\t\t\t\t\t\t\t\t\t\t<input size=\"1\" type=\"text\" name=\"form_fields[field_e5bf1e7]\" id=\"form-field-field_e5bf1e7\" class=\"elementor-field elementor-size-sm  elementor-field-textual\" placeholder=\"Ajouter votre pays\" required=\"required\">\n\t\t\t\t\t\t\t\t\t\t\t<\/div>\n\t\t\t\t\t\t\t\t<div class=\"elementor-field-type-textarea elementor-field-group elementor-column elementor-field-group-message elementor-col-100\">\n\t\t\t\t\t\t\t\t\t\t\t\t<label for=\"form-field-message\" class=\"elementor-field-label\">\n\t\t\t\t\t\t\t\tMessage\t\t\t\t\t\t\t<\/label>\n\t\t\t\t\t\t<textarea class=\"elementor-field-textual elementor-field  elementor-size-sm\" name=\"form_fields[message]\" id=\"form-field-message\" rows=\"4\" placeholder=\"Ajouter un message\"><\/textarea>\t\t\t\t<\/div>\n\t\t\t\t\t\t\t\t<div class=\"elementor-field-type-acceptance elementor-field-group elementor-column elementor-field-group-field_df8bf3b elementor-col-100 elementor-field-required elementor-mark-required\">\n\t\t\t\t\t\t\t\t\t\t\t\t<label for=\"form-field-field_df8bf3b\" class=\"elementor-field-label\">\n\t\t\t\t\t\t\t\tPolitique de confidentialit\u00e9 de la clinique de FIV Cryos\t\t\t\t\t\t\t<\/label>\n\t\t\t\t\t\t\t\t<div class=\"elementor-field-subgroup\">\n\t\t\t<span class=\"elementor-field-option\">\n\t\t\t\t<input type=\"checkbox\" name=\"form_fields[field_df8bf3b]\" id=\"form-field-field_df8bf3b\" class=\"elementor-field elementor-size-sm  elementor-acceptance-field\" required=\"required\">\n\t\t\t\t<label for=\"form-field-field_df8bf3b\">En soumettant le formulaire de demande de contact, j'accepte que les donn\u00e9es personnelles susmentionn\u00e9es soient stock\u00e9es pour le traitement de ma demande de contact. Vous trouverez de plus amples informations dans notre politique de confidentialit\u00e9.<br>J'ai lu la <a href=\"https:\/\/cryosivfclinic.com\/fr\/privacy-policy\/\" target=\"_blank\">politique de confidentialit\u00e9<\/a> et j'accepte que mes donn\u00e9es personnelles soient trait\u00e9es.   <\/label>\t\t\t<\/span>\n\t\t<\/div>\n\t\t\t\t\t\t<\/div>\n\t\t\t\t\t\t\t\t<div class=\"elementor-field-group elementor-column elementor-field-type-submit elementor-col-100 e-form__buttons\">\n\t\t\t\t\t<button class=\"elementor-button elementor-size-sm\" type=\"submit\">\n\t\t\t\t\t\t<span class=\"elementor-button-content-wrapper\">\n\t\t\t\t\t\t\t\t\t\t\t\t\t\t\t\t\t\t\t\t\t\t<span class=\"elementor-button-text\">Envoyer<\/span>\n\t\t\t\t\t\t\t\t\t\t\t\t\t<\/span>\n\t\t\t\t\t<\/button>\n\t\t\t\t<\/div>\n\t\t\t<\/div>\n\t\t<\/form>\n\t\t\t\t\t\t<\/div>\n\t\t\t\t<\/div>\n\t\t\t\t\t<\/div>\n\t\t\t\t<\/div>\n\t\t<div class=\"elementor-element elementor-element-33fa581 e-flex e-con-boxed e-con e-parent\" data-id=\"33fa581\" data-element_type=\"container\" data-e-type=\"container\">\n\t\t\t\t\t<div class=\"e-con-inner\">\n\t\t\t\t<div class=\"elementor-element elementor-element-48c5fce elementor-widget elementor-widget-image\" data-id=\"48c5fce\" data-element_type=\"widget\" data-e-type=\"widget\" data-widget_type=\"image.default\">\n\t\t\t\t\t\t\t\t\t\t\t\t\t\t\t<img fetchpriority=\"high\" decoding=\"async\" width=\"1086\" height=\"580\" src=\"https:\/\/cryosivfclinic.com\/wp-content\/uploads\/2025\/08\/cryos_ivf_clinic_contact_person.jpg\" class=\"attachment-full size-full wp-image-2667\" alt=\"Cryos IVF Clinic contact person\" srcset=\"https:\/\/cryosivfclinic.com\/wp-content\/uploads\/2025\/08\/cryos_ivf_clinic_contact_person.jpg 1086w, https:\/\/cryosivfclinic.com\/wp-content\/uploads\/2025\/08\/cryos_ivf_clinic_contact_person-300x160.jpg 300w, https:\/\/cryosivfclinic.com\/wp-content\/uploads\/2025\/08\/cryos_ivf_clinic_contact_person-1024x547.jpg 1024w, https:\/\/cryosivfclinic.com\/wp-content\/uploads\/2025\/08\/cryos_ivf_clinic_contact_person-768x410.jpg 768w\" sizes=\"(max-width: 1086px) 100vw, 1086px\" \/>\t\t\t\t\t\t\t\t\t\t\t\t\t\t\t<\/div>\n\t\t<div class=\"elementor-element elementor-element-c4c7621 e-con-full e-flex e-con e-child\" data-id=\"c4c7621\" data-element_type=\"container\" data-e-type=\"container\">\n\t\t<div class=\"elementor-element elementor-element-7bcdecc e-grid e-con-full e-con e-child\" data-id=\"7bcdecc\" data-element_type=\"container\" data-e-type=\"container\">\n\t\t\t\t<div class=\"elementor-element elementor-element-46cd080 elementor-widget elementor-widget-text-editor\" data-id=\"46cd080\" data-element_type=\"widget\" data-e-type=\"widget\" data-widget_type=\"text-editor.default\">\n\t\t\t\t\t\t\t\t\t<h2>Soins de fertilit\u00e9 personnalis\u00e9s au c\u0153ur de Nicosie<\/h2><p>\u00c0 la clinique de FIV Cryos, nous proposons des soins de fertilit\u00e9 personnalis\u00e9s, sans liste d&rsquo;attente. Notre \u00e9quipe de professionnels hautement qualifi\u00e9s se consacre \u00e0 votre r\u00e9ussite, en vous faisant b\u00e9n\u00e9ficier de son expertise, de sa compassion et de son engagement sinc\u00e8re \u00e0 vous aider \u00e0 r\u00e9aliser votre r\u00eave de devenir parent. <\/p><p>Pour les patients qui se rendent \u00e0 Chypre, nous sommes l\u00e0 pour vous aider \u00e0 organiser votre voyage et votre h\u00e9bergement afin de rendre votre s\u00e9jour confortable et pratique. Le climat chaud et l&rsquo;atmosph\u00e8re paisible vous apporteront confort et tranquillit\u00e9 d&rsquo;esprit pendant votre traitement. <\/p>\t\t\t\t\t\t\t\t<\/div>\n\t\t\t\t<div class=\"elementor-element elementor-element-aad129d elementor-widget elementor-widget-text-editor\" data-id=\"aad129d\" data-element_type=\"widget\" data-e-type=\"widget\" data-widget_type=\"text-editor.default\">\n\t\t\t\t\t\t\t\t\t<h2>Notre adresse<\/h2><p>Cryos IVF Clinic,<br class=\"a\">Prigkipos Karolou 6,<br class=\"a\">Ayios Dometios,<br class=\"a\">2373 Nicosia, Cyprus<br class=\"a\">Voir l&rsquo;adresse sur <a href=\"https:\/\/www.google.com\/maps\/place\/6,+Agios+Dometios+2373,+Cypern\/@35.1687301,33.3356108,888m\/data=!3m2!1e3!4b1!4m14!1m7!3m6!1s0x14de1bd58f3b6edb:0xc7898bfddc7a45f9!2sCryos+International+Cyprus!8m2!3d35.1687819!4d33.3382735!16s%2Fg%2F11pcmhv_q_!3m5!1s0x14de1a07e83d9099:0xb4dd608f357eb473!8m2!3d35.1687257!4d33.3381845!16s%2Fg%2F11bw424rm6?entry=ttu&amp;g_ep=EgoyMDI1MDMyNS4xIKXMDSoJLDEwMjExNDU1SAFQAw%3D%3D\">Google Maps<\/a><br class=\"a\"><br class=\"a\"><\/p><h2>Contact et heures d&rsquo;ouverture<\/h2><p>T\u00e9l\u00e9phone : 00357 22007656<br class=\"a\">Du lundi au vendredi : 9h00 &#8211; 16h00 (EET)<br class=\"a\">Samedi : 9:00am &#8211; 12:00pm (EET)<\/p>\t\t\t\t\t\t\t\t<\/div>\n\t\t\t\t<\/div>\n\t\t\t\t<\/div>\n\t\t\t\t\t<\/div>\n\t\t\t\t<\/div>\n\t\t<div class=\"elementor-element elementor-element-df8f37d paddedsection_bottom e-flex e-con-boxed e-con e-parent\" data-id=\"df8f37d\" data-element_type=\"container\" data-e-type=\"container\">\n\t\t\t\t\t<div class=\"e-con-inner\">\n\t\t\t\t<div class=\"elementor-element elementor-element-4cd7400 elementor-widget elementor-widget-image\" data-id=\"4cd7400\" data-element_type=\"widget\" data-e-type=\"widget\" data-widget_type=\"image.default\">\n\t\t\t\t\t\t\t\t\t\t\t\t\t\t\t<img decoding=\"async\" width=\"995\" height=\"614\" src=\"https:\/\/cryosivfclinic.com\/wp-content\/uploads\/2025\/03\/Cryos_IVF-1.jpg\" class=\"attachment-full size-full wp-image-1666\" alt=\"\" srcset=\"https:\/\/cryosivfclinic.com\/wp-content\/uploads\/2025\/03\/Cryos_IVF-1.jpg 995w, https:\/\/cryosivfclinic.com\/wp-content\/uploads\/2025\/03\/Cryos_IVF-1-300x185.jpg 300w, https:\/\/cryosivfclinic.com\/wp-content\/uploads\/2025\/03\/Cryos_IVF-1-768x474.jpg 768w\" sizes=\"(max-width: 995px) 100vw, 995px\" \/>\t\t\t\t\t\t\t\t\t\t\t\t\t\t\t<\/div>\n\t\t\t\t\t<\/div>\n\t\t\t\t<\/div>\n\t\t\t\t<\/div>\n\t\t","protected":false},"excerpt":{"rendered":"<p>Contacter la clinique de FIV Cryos Nous sommes l\u00e0 pour vous aider \u00e0 chaque \u00e9tape de votre parcours de fertilit\u00e9. Si vous avez une question ou si vous souhaitez en savoir plus sur les possibilit\u00e9s qui s&rsquo;offrent \u00e0 vous \u00e0 la Cryos IVF Clinic, n&rsquo;h\u00e9sitez pas \u00e0 nous contacter. Le traitement de la fertilit\u00e9 peut [&hellip;]<\/p>\n","protected":false},"author":2,"featured_media":0,"parent":0,"menu_order":0,"comment_status":"closed","ping_status":"closed","template":"","meta":{"footnotes":""},"class_list":["post-1847","page","type-page","status-publish","hentry"],"yoast_head":"<!-- This site is optimized with the Yoast SEO plugin v27.4 - https:\/\/yoast.com\/product\/yoast-seo-wordpress\/ -->\n<title>Contact - Cryos IVF Clinic in Cyprus<\/title>\n<meta name=\"description\" content=\"D\u00e9couvrez comment contacter la clinique de FIV Cryos \u00e0 Chypre et commencez votre voyage de fertilit\u00e9 d\u00e8s aujourd&#039;hui.\" \/>\n<meta name=\"robots\" content=\"index, follow, max-snippet:-1, max-image-preview:large, max-video-preview:-1\" \/>\n<link rel=\"canonical\" href=\"https:\/\/cryosivfclinic.com\/fr\/contact\/\" \/>\n<meta property=\"og:locale\" content=\"fr_FR\" \/>\n<meta property=\"og:type\" content=\"article\" \/>\n<meta property=\"og:title\" content=\"Contact - Cryos IVF Clinic in Cyprus\" \/>\n<meta property=\"og:description\" content=\"D\u00e9couvrez comment contacter la clinique de FIV Cryos \u00e0 Chypre et commencez votre voyage de fertilit\u00e9 d\u00e8s aujourd&#039;hui.\" \/>\n<meta property=\"og:url\" content=\"https:\/\/cryosivfclinic.com\/fr\/contact\/\" \/>\n<meta property=\"og:site_name\" content=\"Cryos IVF Clinic in Cyprus\" \/>\n<meta property=\"article:modified_time\" content=\"2025-09-26T06:14:51+00:00\" \/>\n<meta property=\"og:image\" content=\"https:\/\/cryosivfclinic.com\/wp-content\/uploads\/2025\/08\/cryos_ivf_clinic_contact_person.jpg\" \/>\n\t<meta property=\"og:image:width\" content=\"1086\" \/>\n\t<meta property=\"og:image:height\" content=\"580\" \/>\n\t<meta property=\"og:image:type\" content=\"image\/jpeg\" \/>\n<meta name=\"twitter:card\" content=\"summary_large_image\" \/>\n<meta name=\"twitter:label1\" content=\"Dur\u00e9e de lecture estim\u00e9e\" \/>\n\t<meta name=\"twitter:data1\" content=\"1 minute\" \/>\n<script type=\"application\/ld+json\" class=\"yoast-schema-graph\">{\"@context\":\"https:\\\/\\\/schema.org\",\"@graph\":[{\"@type\":\"WebPage\",\"@id\":\"https:\\\/\\\/cryosivfclinic.com\\\/fr\\\/contact\\\/\",\"url\":\"https:\\\/\\\/cryosivfclinic.com\\\/fr\\\/contact\\\/\",\"name\":\"Contact - Cryos IVF Clinic in Cyprus\",\"isPartOf\":{\"@id\":\"https:\\\/\\\/cryosivfclinic.com\\\/fr\\\/#website\"},\"primaryImageOfPage\":{\"@id\":\"https:\\\/\\\/cryosivfclinic.com\\\/fr\\\/contact\\\/#primaryimage\"},\"image\":{\"@id\":\"https:\\\/\\\/cryosivfclinic.com\\\/fr\\\/contact\\\/#primaryimage\"},\"thumbnailUrl\":\"https:\\\/\\\/cryosivfclinic.com\\\/wp-content\\\/uploads\\\/2025\\\/08\\\/cryos_ivf_clinic_contact_person.jpg\",\"datePublished\":\"2025-02-26T12:47:27+00:00\",\"dateModified\":\"2025-09-26T06:14:51+00:00\",\"description\":\"D\u00e9couvrez comment contacter la clinique de FIV Cryos \u00e0 Chypre et commencez votre voyage de fertilit\u00e9 d\u00e8s aujourd'hui.\",\"breadcrumb\":{\"@id\":\"https:\\\/\\\/cryosivfclinic.com\\\/fr\\\/contact\\\/#breadcrumb\"},\"inLanguage\":\"fr-FR\",\"potentialAction\":[{\"@type\":\"ReadAction\",\"target\":[\"https:\\\/\\\/cryosivfclinic.com\\\/fr\\\/contact\\\/\"]}]},{\"@type\":\"ImageObject\",\"inLanguage\":\"fr-FR\",\"@id\":\"https:\\\/\\\/cryosivfclinic.com\\\/fr\\\/contact\\\/#primaryimage\",\"url\":\"https:\\\/\\\/cryosivfclinic.com\\\/wp-content\\\/uploads\\\/2025\\\/08\\\/cryos_ivf_clinic_contact_person.jpg\",\"contentUrl\":\"https:\\\/\\\/cryosivfclinic.com\\\/wp-content\\\/uploads\\\/2025\\\/08\\\/cryos_ivf_clinic_contact_person.jpg\"},{\"@type\":\"BreadcrumbList\",\"@id\":\"https:\\\/\\\/cryosivfclinic.com\\\/fr\\\/contact\\\/#breadcrumb\",\"itemListElement\":[{\"@type\":\"ListItem\",\"position\":1,\"name\":\"Home\",\"item\":\"https:\\\/\\\/cryosivfclinic.com\\\/fr\\\/fertility-treatment\\\/\"},{\"@type\":\"ListItem\",\"position\":2,\"name\":\"Contact\"}]},{\"@type\":\"WebSite\",\"@id\":\"https:\\\/\\\/cryosivfclinic.com\\\/fr\\\/#website\",\"url\":\"https:\\\/\\\/cryosivfclinic.com\\\/fr\\\/\",\"name\":\"Cryos IVF Clinic in Cyprus\",\"description\":\"\",\"publisher\":{\"@id\":\"https:\\\/\\\/cryosivfclinic.com\\\/fr\\\/#organization\"},\"potentialAction\":[{\"@type\":\"SearchAction\",\"target\":{\"@type\":\"EntryPoint\",\"urlTemplate\":\"https:\\\/\\\/cryosivfclinic.com\\\/fr\\\/?s={search_term_string}\"},\"query-input\":{\"@type\":\"PropertyValueSpecification\",\"valueRequired\":true,\"valueName\":\"search_term_string\"}}],\"inLanguage\":\"fr-FR\"},{\"@type\":\"Organization\",\"@id\":\"https:\\\/\\\/cryosivfclinic.com\\\/fr\\\/#organization\",\"name\":\"Cryos IVF Clinic in Cyprus\",\"url\":\"https:\\\/\\\/cryosivfclinic.com\\\/fr\\\/\",\"logo\":{\"@type\":\"ImageObject\",\"inLanguage\":\"fr-FR\",\"@id\":\"https:\\\/\\\/cryosivfclinic.com\\\/fr\\\/#\\\/schema\\\/logo\\\/image\\\/\",\"url\":\"https:\\\/\\\/cryosivfclinic.com\\\/wp-content\\\/uploads\\\/2025\\\/01\\\/Cryos_Clinic_Logo_RGB_Blue_Black_ank.png\",\"contentUrl\":\"https:\\\/\\\/cryosivfclinic.com\\\/wp-content\\\/uploads\\\/2025\\\/01\\\/Cryos_Clinic_Logo_RGB_Blue_Black_ank.png\",\"width\":367,\"height\":207,\"caption\":\"Cryos IVF Clinic in Cyprus\"},\"image\":{\"@id\":\"https:\\\/\\\/cryosivfclinic.com\\\/fr\\\/#\\\/schema\\\/logo\\\/image\\\/\"}}]}<\/script>\n<!-- \/ Yoast SEO plugin. -->","yoast_head_json":{"title":"Contact - Cryos IVF Clinic in Cyprus","description":"D\u00e9couvrez comment contacter la clinique de FIV Cryos \u00e0 Chypre et commencez votre voyage de fertilit\u00e9 d\u00e8s aujourd'hui.","robots":{"index":"index","follow":"follow","max-snippet":"max-snippet:-1","max-image-preview":"max-image-preview:large","max-video-preview":"max-video-preview:-1"},"canonical":"https:\/\/cryosivfclinic.com\/fr\/contact\/","og_locale":"fr_FR","og_type":"article","og_title":"Contact - Cryos IVF Clinic in Cyprus","og_description":"D\u00e9couvrez comment contacter la clinique de FIV Cryos \u00e0 Chypre et commencez votre voyage de fertilit\u00e9 d\u00e8s aujourd'hui.","og_url":"https:\/\/cryosivfclinic.com\/fr\/contact\/","og_site_name":"Cryos IVF Clinic in Cyprus","article_modified_time":"2025-09-26T06:14:51+00:00","og_image":[{"width":1086,"height":580,"url":"https:\/\/cryosivfclinic.com\/wp-content\/uploads\/2025\/08\/cryos_ivf_clinic_contact_person.jpg","type":"image\/jpeg"}],"twitter_card":"summary_large_image","twitter_misc":{"Dur\u00e9e de lecture estim\u00e9e":"1 minute"},"schema":{"@context":"https:\/\/schema.org","@graph":[{"@type":"WebPage","@id":"https:\/\/cryosivfclinic.com\/fr\/contact\/","url":"https:\/\/cryosivfclinic.com\/fr\/contact\/","name":"Contact - Cryos IVF Clinic in Cyprus","isPartOf":{"@id":"https:\/\/cryosivfclinic.com\/fr\/#website"},"primaryImageOfPage":{"@id":"https:\/\/cryosivfclinic.com\/fr\/contact\/#primaryimage"},"image":{"@id":"https:\/\/cryosivfclinic.com\/fr\/contact\/#primaryimage"},"thumbnailUrl":"https:\/\/cryosivfclinic.com\/wp-content\/uploads\/2025\/08\/cryos_ivf_clinic_contact_person.jpg","datePublished":"2025-02-26T12:47:27+00:00","dateModified":"2025-09-26T06:14:51+00:00","description":"D\u00e9couvrez comment contacter la clinique de FIV Cryos \u00e0 Chypre et commencez votre voyage de fertilit\u00e9 d\u00e8s aujourd'hui.","breadcrumb":{"@id":"https:\/\/cryosivfclinic.com\/fr\/contact\/#breadcrumb"},"inLanguage":"fr-FR","potentialAction":[{"@type":"ReadAction","target":["https:\/\/cryosivfclinic.com\/fr\/contact\/"]}]},{"@type":"ImageObject","inLanguage":"fr-FR","@id":"https:\/\/cryosivfclinic.com\/fr\/contact\/#primaryimage","url":"https:\/\/cryosivfclinic.com\/wp-content\/uploads\/2025\/08\/cryos_ivf_clinic_contact_person.jpg","contentUrl":"https:\/\/cryosivfclinic.com\/wp-content\/uploads\/2025\/08\/cryos_ivf_clinic_contact_person.jpg"},{"@type":"BreadcrumbList","@id":"https:\/\/cryosivfclinic.com\/fr\/contact\/#breadcrumb","itemListElement":[{"@type":"ListItem","position":1,"name":"Home","item":"https:\/\/cryosivfclinic.com\/fr\/fertility-treatment\/"},{"@type":"ListItem","position":2,"name":"Contact"}]},{"@type":"WebSite","@id":"https:\/\/cryosivfclinic.com\/fr\/#website","url":"https:\/\/cryosivfclinic.com\/fr\/","name":"Cryos IVF Clinic in Cyprus","description":"","publisher":{"@id":"https:\/\/cryosivfclinic.com\/fr\/#organization"},"potentialAction":[{"@type":"SearchAction","target":{"@type":"EntryPoint","urlTemplate":"https:\/\/cryosivfclinic.com\/fr\/?s={search_term_string}"},"query-input":{"@type":"PropertyValueSpecification","valueRequired":true,"valueName":"search_term_string"}}],"inLanguage":"fr-FR"},{"@type":"Organization","@id":"https:\/\/cryosivfclinic.com\/fr\/#organization","name":"Cryos IVF Clinic in Cyprus","url":"https:\/\/cryosivfclinic.com\/fr\/","logo":{"@type":"ImageObject","inLanguage":"fr-FR","@id":"https:\/\/cryosivfclinic.com\/fr\/#\/schema\/logo\/image\/","url":"https:\/\/cryosivfclinic.com\/wp-content\/uploads\/2025\/01\/Cryos_Clinic_Logo_RGB_Blue_Black_ank.png","contentUrl":"https:\/\/cryosivfclinic.com\/wp-content\/uploads\/2025\/01\/Cryos_Clinic_Logo_RGB_Blue_Black_ank.png","width":367,"height":207,"caption":"Cryos IVF Clinic in Cyprus"},"image":{"@id":"https:\/\/cryosivfclinic.com\/fr\/#\/schema\/logo\/image\/"}}]}},"_links":{"self":[{"href":"https:\/\/cryosivfclinic.com\/fr\/wp-json\/wp\/v2\/pages\/1847","targetHints":{"allow":["GET"]}}],"collection":[{"href":"https:\/\/cryosivfclinic.com\/fr\/wp-json\/wp\/v2\/pages"}],"about":[{"href":"https:\/\/cryosivfclinic.com\/fr\/wp-json\/wp\/v2\/types\/page"}],"author":[{"embeddable":true,"href":"https:\/\/cryosivfclinic.com\/fr\/wp-json\/wp\/v2\/users\/2"}],"replies":[{"embeddable":true,"href":"https:\/\/cryosivfclinic.com\/fr\/wp-json\/wp\/v2\/comments?post=1847"}],"version-history":[{"count":11,"href":"https:\/\/cryosivfclinic.com\/fr\/wp-json\/wp\/v2\/pages\/1847\/revisions"}],"predecessor-version":[{"id":2694,"href":"https:\/\/cryosivfclinic.com\/fr\/wp-json\/wp\/v2\/pages\/1847\/revisions\/2694"}],"wp:attachment":[{"href":"https:\/\/cryosivfclinic.com\/fr\/wp-json\/wp\/v2\/media?parent=1847"}],"curies":[{"name":"wp","href":"https:\/\/api.w.org\/{rel}","templated":true}]}}