{"id":1835,"date":"2025-03-21T13:22:15","date_gmt":"2025-03-21T13:22:15","guid":{"rendered":"https:\/\/cryosivfclinic.com\/traitements-de-fertilite\/traitement-iui\/"},"modified":"2026-03-12T11:32:52","modified_gmt":"2026-03-12T11:32:52","slug":"traitement-iui","status":"publish","type":"page","link":"https:\/\/cryosivfclinic.com\/fr\/traitements-de-fertilite\/traitement-iui\/","title":{"rendered":"Traitement IUI"},"content":{"rendered":"\t\t<div data-elementor-type=\"wp-page\" data-elementor-id=\"1835\" class=\"elementor elementor-1835 elementor-344\" data-elementor-post-type=\"page\">\n\t\t\t\t<div class=\"elementor-element elementor-element-c968dae paddedsection e-flex e-con-boxed e-con e-parent\" data-id=\"c968dae\" data-element_type=\"container\" data-e-type=\"container\">\n\t\t\t\t\t<div class=\"e-con-inner\">\n\t\t\t\t<div class=\"elementor-element elementor-element-9ba3891 elementor-widget elementor-widget-heading\" data-id=\"9ba3891\" data-element_type=\"widget\" data-e-type=\"widget\" data-widget_type=\"heading.default\">\n\t\t\t\t\t<h1 class=\"elementor-heading-title elementor-size-default\">Traitement IUI\n<\/h1>\t\t\t\t<\/div>\n\t\t\t\t<div class=\"elementor-element elementor-element-394edf9 elementor-widget elementor-widget-text-editor\" data-id=\"394edf9\" data-element_type=\"widget\" data-e-type=\"widget\" data-widget_type=\"text-editor.default\">\n\t\t\t\t\t\t\t\t\t<p>\u00c0 la clinique de FIV Cryos, nous proposons un traitement IUI, dans le cadre duquel le sperme du partenaire ou d&rsquo;un donneur est plac\u00e9 directement dans l&rsquo;ut\u00e9rus au moment de l&rsquo;ovulation.<\/p>\t\t\t\t\t\t\t\t<\/div>\n\t\t\t\t<div class=\"elementor-element elementor-element-677b2ac elementor-widget-divider--view-line elementor-widget elementor-widget-divider\" data-id=\"677b2ac\" data-element_type=\"widget\" data-e-type=\"widget\" data-widget_type=\"divider.default\">\n\t\t\t\t\t\t\t<div class=\"elementor-divider\">\n\t\t\t<span class=\"elementor-divider-separator\">\n\t\t\t\t\t\t<\/span>\n\t\t<\/div>\n\t\t\t\t\t\t<\/div>\n\t\t\t\t<div class=\"elementor-element elementor-element-4978881 elementor-widget elementor-widget-text-editor\" data-id=\"4978881\" data-element_type=\"widget\" data-e-type=\"widget\" data-widget_type=\"text-editor.default\">\n\t\t\t\t\t\t\t\t\t<p>L&rsquo;ins\u00e9mination intra-ut\u00e9rine (IUI) est particuli\u00e8rement int\u00e9ressante pour les femmes qui ont besoin d&rsquo;un traitement avec le sperme d&rsquo;un donneur ou pour les couples qui ont de l\u00e9gers probl\u00e8mes de fertilit\u00e9.<br><br><\/p><h2>Qu&rsquo;est-ce que le traitement IUI ?<\/h2><p>Dans ce type de traitement de la fertilit\u00e9, l&rsquo;ins\u00e9mination est effectu\u00e9e par un professionnel de la sant\u00e9 qui injecte des spermatozo\u00efdes directement dans l&rsquo;ut\u00e9rus de la femme au moment de l&rsquo;ovulation. Cela permet aux spermatozo\u00efdes de s&rsquo;approcher de l&rsquo;ovule, ce qui augmente les chances qu&rsquo;un spermatozo\u00efde f\u00e9conde l&rsquo;ovule. <\/p>\t\t\t\t\t\t\t\t<\/div>\n\t\t\t\t<div class=\"elementor-element elementor-element-7d6ac06 elementor-widget elementor-widget-image\" data-id=\"7d6ac06\" data-element_type=\"widget\" data-e-type=\"widget\" data-widget_type=\"image.default\">\n\t\t\t\t\t\t\t\t\t\t\t\t\t\t\t<img fetchpriority=\"high\" decoding=\"async\" width=\"960\" height=\"540\" src=\"https:\/\/cryosivfclinic.com\/wp-content\/uploads\/2025\/03\/Pregnant-woman.jpg\" class=\"attachment-full size-full wp-image-1632\" alt=\"Femme enceinte\" srcset=\"https:\/\/cryosivfclinic.com\/wp-content\/uploads\/2025\/03\/Pregnant-woman.jpg 960w, https:\/\/cryosivfclinic.com\/wp-content\/uploads\/2025\/03\/Pregnant-woman-300x169.jpg 300w, https:\/\/cryosivfclinic.com\/wp-content\/uploads\/2025\/03\/Pregnant-woman-768x432.jpg 768w\" sizes=\"(max-width: 960px) 100vw, 960px\" \/>\t\t\t\t\t\t\t\t\t\t\t\t\t\t\t<\/div>\n\t\t\t\t<div class=\"elementor-element elementor-element-b73fdb1 elementor-widget elementor-widget-text-editor\" data-id=\"b73fdb1\" data-element_type=\"widget\" data-e-type=\"widget\" data-widget_type=\"text-editor.default\">\n\t\t\t\t\t\t\t\t\t<h2>La proc\u00e9dure de traitement IUI<\/h2><p>Voici une introduction \u00e0 ce \u00e0 quoi vous pouvez vous attendre lors d&rsquo;un traitement par IUI \u00e0 la Cryos IVF Clinic.  <\/p><ol><li><strong>Consultation initiale<\/strong> <br>La premi\u00e8re \u00e9tape consiste \u00e0 nous contacter pour une consultation initiale gratuite avec l&rsquo;un de nos professionnels de sant\u00e9 exp\u00e9riment\u00e9s, qui \u00e9valuera vos ant\u00e9c\u00e9dents m\u00e9dicaux et votre fertilit\u00e9 afin de d\u00e9terminer si le traitement IUI est la bonne option pour vous, et si nous vous recommanderons un cycle naturel ou un cycle stimul\u00e9 dans votre situation.<\/li><li><strong>Stimulation hormonale et \u00e9chographie (uniquement pour un cycle stimul\u00e9)<\/strong><br>Si nous d\u00e9terminons que vos chances de grossesse sont plus \u00e9lev\u00e9es avec l&rsquo;IIU dans un cycle stimul\u00e9, vous devez vous rendre \u00e0 la clinique de FIV Cryos pour une ou plusieurs \u00e9chographies avant que nous puissions planifier davantage le d\u00e9roulement du traitement. Si vous pr\u00e9f\u00e9rez limiter vos d\u00e9placements, vous pouvez, \u00e0 vos frais, organiser des \u00e9chographies dans une clinique plus proche de votre domicile. La stimulation hormonale consiste g\u00e9n\u00e9ralement en la prise de comprim\u00e9s et\/ou en des injections \u00e0 domicile.  <\/li><li><strong>Faire co\u00efncider votre traitement avec votre ovulation<\/strong><br>Le choix du moment est important dans le traitement par IUI, car l&rsquo;ins\u00e9mination doit avoir lieu le plus pr\u00e8s possible de l&rsquo;ovulation, afin d&rsquo;augmenter vos chances de r\u00e9ussite. Le moment de l&rsquo;ovulation varie en fonction de votre cycle et de la prise \u00e9ventuelle de m\u00e9dicaments de fertilit\u00e9. Une fois que vous conna\u00eetrez le moment pr\u00e9vu de votre ovulation, nous fixerons la date et l&rsquo;heure de votre ins\u00e9mination.  <\/li><li><strong>Pr\u00e9paration du sperme<\/strong><br>Si vous devez utiliser le sperme d&rsquo;un partenaire, celui-ci doit fournir un \u00e9chantillon de sperme \u00e0 l&rsquo;avance ou le jour de l&rsquo;ins\u00e9mination. Nous laverons ensuite le sperme dans notre laboratoire, \u00e9liminerons les \u00e9l\u00e9ments ind\u00e9sirables et concentrerons les spermatozo\u00efdes mobiles. Si vous souhaitez utiliser le sperme d&rsquo;un donneur, vous devez vous assurer de commander le sperme du donneur de votre choix \u00e0 temps pour le traitement. Pour en savoir plus sur le traitement avec du sperme de donneur, cliquez ici.   <\/li><li><strong>Ins\u00e9mination<\/strong><br>Une fois que le sperme est pr\u00eat, l&rsquo;ins\u00e9mination est effectu\u00e9e par un professionnel de la sant\u00e9 qui injecte le sperme dans votre ut\u00e9rus \u00e0 l&rsquo;aide d&rsquo;un tube en plastique fin et flexible. Pour la plupart des gens, le traitement par ins\u00e9mination est indolore et la proc\u00e9dure ne dure que quelques minutes &#8211; au total, vous pouvez vous attendre \u00e0 passer environ une heure \u00e0 la clinique. <\/li><\/ol><h2>Apr\u00e8s votre traitement IUI<\/h2><p>Apr\u00e8s votre traitement IUI, vous pouvez retourner \u00e0 votre vie quotidienne. Deux semaines plus tard, vous pouvez effectuer un test de grossesse urinaire pour v\u00e9rifier si le traitement a r\u00e9ussi.   <\/p><p>Si vous ne tombez pas enceinte, le traitement peut \u00eatre r\u00e9p\u00e9t\u00e9 lors du cycle suivant. Nos professionnels de la sant\u00e9 pourront \u00e9galement vous orienter vers d&rsquo;autres options th\u00e9rapeutiques en cas d&rsquo;\u00e9chec du traitement. <\/p><h2>Quel est le co\u00fbt d&rsquo;un traitement par IUI ?<\/h2><p>Le prix d&rsquo;un traitement IUI est de 975 \u20ac. Vous pouvez \u00e9galement choisir de n&rsquo;effectuer qu&rsquo;une partie de votre traitement \u00e0 la Cryos IVF Clinic \u00e0 un prix inf\u00e9rieur.  <a href=\"https:\/\/cryosivfclinic.com\/fr\/apercu-des-prix\/\">Pour en savoir plus sur nos prix, cliquez ici.<\/a><\/p><h2>Avez-vous besoin du sperme d&rsquo;un donneur pour votre traitement IUI ?<\/h2><p>\u00c0 la clinique de FIV Cryos, il est possible d&rsquo;utiliser du sperme de donneur provenant de la banque de sperme Cryos ou d&rsquo;une autre banque de sperme. Pour en savoir plus sur le <a href=\"https:\/\/cryosivfclinic.com\/fr\/traitements-de-fertilite\/traitement-avec-le-sperme-dun-donneur\/\">traitement avec du sperme de donneur<\/a>, cliquez ici. <\/p><h2>Nous sommes l\u00e0 pour vous<\/h2><p>Envisagez-vous un traitement IUI ? Nous nous ferons un plaisir de r\u00e9pondre \u00e0 vos questions et de vous aider \u00e0 planifier un traitement adapt\u00e9 \u00e0 vos besoins. <\/p>\t\t\t\t\t\t\t\t<\/div>\n\t\t\t\t<div class=\"elementor-element elementor-element-add4e4d elementor-align-center elementor-widget elementor-widget-button\" data-id=\"add4e4d\" data-element_type=\"widget\" data-e-type=\"widget\" data-widget_type=\"button.default\">\n\t\t\t\t\t\t\t\t\t\t<a class=\"elementor-button elementor-button-link elementor-size-sm\" href=\"https:\/\/cryosivfclinic.com\/fr\/contact\/\">\n\t\t\t\t\t\t<span class=\"elementor-button-content-wrapper\">\n\t\t\t\t\t\t\t\t\t<span class=\"elementor-button-text\">Contactez nous<\/span>\n\t\t\t\t\t<\/span>\n\t\t\t\t\t<\/a>\n\t\t\t\t\t\t\t\t<\/div>\n\t\t\t\t\t<\/div>\n\t\t\t\t<\/div>\n\t\t\t\t<\/div>\n\t\t","protected":false},"excerpt":{"rendered":"<p>Traitement IUI \u00c0 la clinique de FIV Cryos, nous proposons un traitement IUI, dans le cadre duquel le sperme du partenaire ou d&rsquo;un donneur est plac\u00e9 directement dans l&rsquo;ut\u00e9rus au moment de l&rsquo;ovulation. L&rsquo;ins\u00e9mination intra-ut\u00e9rine (IUI) est particuli\u00e8rement int\u00e9ressante pour les femmes qui ont besoin d&rsquo;un traitement avec le sperme d&rsquo;un donneur ou pour les [&hellip;]<\/p>\n","protected":false},"author":2,"featured_media":0,"parent":1767,"menu_order":0,"comment_status":"closed","ping_status":"closed","template":"","meta":{"footnotes":""},"class_list":["post-1835","page","type-page","status-publish","hentry"],"yoast_head":"<!-- This site is optimized with the Yoast SEO plugin v27.4 - https:\/\/yoast.com\/product\/yoast-seo-wordpress\/ -->\n<title>Traitement IUI - Cryos IVF Clinic in Cyprus<\/title>\n<meta name=\"description\" content=\"Le traitement IUI est un type de traitement de la fertilit\u00e9 qui consiste \u00e0 injecter des spermatozo\u00efdes directement dans l&#039;ut\u00e9rus. D\u00e9couvrez ici quand ce traitement est pertinent et comment il fonctionne.\" \/>\n<meta name=\"robots\" content=\"index, follow, max-snippet:-1, max-image-preview:large, max-video-preview:-1\" \/>\n<link rel=\"canonical\" href=\"https:\/\/cryosivfclinic.com\/fr\/traitements-de-fertilite\/traitement-iui\/\" \/>\n<meta property=\"og:locale\" content=\"fr_FR\" \/>\n<meta property=\"og:type\" content=\"article\" \/>\n<meta property=\"og:title\" content=\"Traitement IUI - Cryos IVF Clinic in Cyprus\" \/>\n<meta property=\"og:description\" content=\"Le traitement IUI est un type de traitement de la fertilit\u00e9 qui consiste \u00e0 injecter des spermatozo\u00efdes directement dans l&#039;ut\u00e9rus. D\u00e9couvrez ici quand ce traitement est pertinent et comment il fonctionne.\" \/>\n<meta property=\"og:url\" content=\"https:\/\/cryosivfclinic.com\/fr\/traitements-de-fertilite\/traitement-iui\/\" \/>\n<meta property=\"og:site_name\" content=\"Cryos IVF Clinic in Cyprus\" \/>\n<meta property=\"article:modified_time\" content=\"2026-03-12T11:32:52+00:00\" \/>\n<meta property=\"og:image\" content=\"https:\/\/cryosivfclinic.com\/wp-content\/uploads\/2025\/03\/Pregnant-woman.jpg\" \/>\n\t<meta property=\"og:image:width\" content=\"960\" \/>\n\t<meta property=\"og:image:height\" content=\"540\" \/>\n\t<meta property=\"og:image:type\" content=\"image\/jpeg\" \/>\n<meta name=\"twitter:card\" content=\"summary_large_image\" \/>\n<meta name=\"twitter:label1\" content=\"Dur\u00e9e de lecture estim\u00e9e\" \/>\n\t<meta name=\"twitter:data1\" content=\"4 minutes\" \/>\n<script type=\"application\/ld+json\" class=\"yoast-schema-graph\">{\"@context\":\"https:\\\/\\\/schema.org\",\"@graph\":[{\"@type\":\"WebPage\",\"@id\":\"https:\\\/\\\/cryosivfclinic.com\\\/fr\\\/traitements-de-fertilite\\\/traitement-iui\\\/\",\"url\":\"https:\\\/\\\/cryosivfclinic.com\\\/fr\\\/traitements-de-fertilite\\\/traitement-iui\\\/\",\"name\":\"Traitement IUI - Cryos IVF Clinic in Cyprus\",\"isPartOf\":{\"@id\":\"https:\\\/\\\/cryosivfclinic.com\\\/fr\\\/#website\"},\"primaryImageOfPage\":{\"@id\":\"https:\\\/\\\/cryosivfclinic.com\\\/fr\\\/traitements-de-fertilite\\\/traitement-iui\\\/#primaryimage\"},\"image\":{\"@id\":\"https:\\\/\\\/cryosivfclinic.com\\\/fr\\\/traitements-de-fertilite\\\/traitement-iui\\\/#primaryimage\"},\"thumbnailUrl\":\"https:\\\/\\\/cryosivfclinic.com\\\/wp-content\\\/uploads\\\/2025\\\/03\\\/Pregnant-woman.jpg\",\"datePublished\":\"2025-03-21T13:22:15+00:00\",\"dateModified\":\"2026-03-12T11:32:52+00:00\",\"description\":\"Le traitement IUI est un type de traitement de la fertilit\u00e9 qui consiste \u00e0 injecter des spermatozo\u00efdes directement dans l'ut\u00e9rus. D\u00e9couvrez ici quand ce traitement est pertinent et comment il fonctionne.\",\"breadcrumb\":{\"@id\":\"https:\\\/\\\/cryosivfclinic.com\\\/fr\\\/traitements-de-fertilite\\\/traitement-iui\\\/#breadcrumb\"},\"inLanguage\":\"fr-FR\",\"potentialAction\":[{\"@type\":\"ReadAction\",\"target\":[\"https:\\\/\\\/cryosivfclinic.com\\\/fr\\\/traitements-de-fertilite\\\/traitement-iui\\\/\"]}]},{\"@type\":\"ImageObject\",\"inLanguage\":\"fr-FR\",\"@id\":\"https:\\\/\\\/cryosivfclinic.com\\\/fr\\\/traitements-de-fertilite\\\/traitement-iui\\\/#primaryimage\",\"url\":\"https:\\\/\\\/cryosivfclinic.com\\\/wp-content\\\/uploads\\\/2025\\\/03\\\/Pregnant-woman.jpg\",\"contentUrl\":\"https:\\\/\\\/cryosivfclinic.com\\\/wp-content\\\/uploads\\\/2025\\\/03\\\/Pregnant-woman.jpg\"},{\"@type\":\"BreadcrumbList\",\"@id\":\"https:\\\/\\\/cryosivfclinic.com\\\/fr\\\/traitements-de-fertilite\\\/traitement-iui\\\/#breadcrumb\",\"itemListElement\":[{\"@type\":\"ListItem\",\"position\":1,\"name\":\"Home\",\"item\":\"https:\\\/\\\/cryosivfclinic.com\\\/fr\\\/fertility-treatment\\\/\"},{\"@type\":\"ListItem\",\"position\":2,\"name\":\"Traitements de fertilit\u00e9\",\"item\":\"https:\\\/\\\/cryosivfclinic.com\\\/fr\\\/traitements-de-fertilite\\\/\"},{\"@type\":\"ListItem\",\"position\":3,\"name\":\"Traitement IUI\"}]},{\"@type\":\"WebSite\",\"@id\":\"https:\\\/\\\/cryosivfclinic.com\\\/fr\\\/#website\",\"url\":\"https:\\\/\\\/cryosivfclinic.com\\\/fr\\\/\",\"name\":\"Cryos IVF Clinic in Cyprus\",\"description\":\"\",\"publisher\":{\"@id\":\"https:\\\/\\\/cryosivfclinic.com\\\/fr\\\/#organization\"},\"potentialAction\":[{\"@type\":\"SearchAction\",\"target\":{\"@type\":\"EntryPoint\",\"urlTemplate\":\"https:\\\/\\\/cryosivfclinic.com\\\/fr\\\/?s={search_term_string}\"},\"query-input\":{\"@type\":\"PropertyValueSpecification\",\"valueRequired\":true,\"valueName\":\"search_term_string\"}}],\"inLanguage\":\"fr-FR\"},{\"@type\":\"Organization\",\"@id\":\"https:\\\/\\\/cryosivfclinic.com\\\/fr\\\/#organization\",\"name\":\"Cryos IVF Clinic in Cyprus\",\"url\":\"https:\\\/\\\/cryosivfclinic.com\\\/fr\\\/\",\"logo\":{\"@type\":\"ImageObject\",\"inLanguage\":\"fr-FR\",\"@id\":\"https:\\\/\\\/cryosivfclinic.com\\\/fr\\\/#\\\/schema\\\/logo\\\/image\\\/\",\"url\":\"https:\\\/\\\/cryosivfclinic.com\\\/wp-content\\\/uploads\\\/2025\\\/01\\\/Cryos_Clinic_Logo_RGB_Blue_Black_ank.png\",\"contentUrl\":\"https:\\\/\\\/cryosivfclinic.com\\\/wp-content\\\/uploads\\\/2025\\\/01\\\/Cryos_Clinic_Logo_RGB_Blue_Black_ank.png\",\"width\":367,\"height\":207,\"caption\":\"Cryos IVF Clinic in Cyprus\"},\"image\":{\"@id\":\"https:\\\/\\\/cryosivfclinic.com\\\/fr\\\/#\\\/schema\\\/logo\\\/image\\\/\"}}]}<\/script>\n<!-- \/ Yoast SEO plugin. -->","yoast_head_json":{"title":"Traitement IUI - Cryos IVF Clinic in Cyprus","description":"Le traitement IUI est un type de traitement de la fertilit\u00e9 qui consiste \u00e0 injecter des spermatozo\u00efdes directement dans l'ut\u00e9rus. D\u00e9couvrez ici quand ce traitement est pertinent et comment il fonctionne.","robots":{"index":"index","follow":"follow","max-snippet":"max-snippet:-1","max-image-preview":"max-image-preview:large","max-video-preview":"max-video-preview:-1"},"canonical":"https:\/\/cryosivfclinic.com\/fr\/traitements-de-fertilite\/traitement-iui\/","og_locale":"fr_FR","og_type":"article","og_title":"Traitement IUI - Cryos IVF Clinic in Cyprus","og_description":"Le traitement IUI est un type de traitement de la fertilit\u00e9 qui consiste \u00e0 injecter des spermatozo\u00efdes directement dans l'ut\u00e9rus. D\u00e9couvrez ici quand ce traitement est pertinent et comment il fonctionne.","og_url":"https:\/\/cryosivfclinic.com\/fr\/traitements-de-fertilite\/traitement-iui\/","og_site_name":"Cryos IVF Clinic in Cyprus","article_modified_time":"2026-03-12T11:32:52+00:00","og_image":[{"width":960,"height":540,"url":"https:\/\/cryosivfclinic.com\/wp-content\/uploads\/2025\/03\/Pregnant-woman.jpg","type":"image\/jpeg"}],"twitter_card":"summary_large_image","twitter_misc":{"Dur\u00e9e de lecture estim\u00e9e":"4 minutes"},"schema":{"@context":"https:\/\/schema.org","@graph":[{"@type":"WebPage","@id":"https:\/\/cryosivfclinic.com\/fr\/traitements-de-fertilite\/traitement-iui\/","url":"https:\/\/cryosivfclinic.com\/fr\/traitements-de-fertilite\/traitement-iui\/","name":"Traitement IUI - Cryos IVF Clinic in Cyprus","isPartOf":{"@id":"https:\/\/cryosivfclinic.com\/fr\/#website"},"primaryImageOfPage":{"@id":"https:\/\/cryosivfclinic.com\/fr\/traitements-de-fertilite\/traitement-iui\/#primaryimage"},"image":{"@id":"https:\/\/cryosivfclinic.com\/fr\/traitements-de-fertilite\/traitement-iui\/#primaryimage"},"thumbnailUrl":"https:\/\/cryosivfclinic.com\/wp-content\/uploads\/2025\/03\/Pregnant-woman.jpg","datePublished":"2025-03-21T13:22:15+00:00","dateModified":"2026-03-12T11:32:52+00:00","description":"Le traitement IUI est un type de traitement de la fertilit\u00e9 qui consiste \u00e0 injecter des spermatozo\u00efdes directement dans l'ut\u00e9rus. D\u00e9couvrez ici quand ce traitement est pertinent et comment il fonctionne.","breadcrumb":{"@id":"https:\/\/cryosivfclinic.com\/fr\/traitements-de-fertilite\/traitement-iui\/#breadcrumb"},"inLanguage":"fr-FR","potentialAction":[{"@type":"ReadAction","target":["https:\/\/cryosivfclinic.com\/fr\/traitements-de-fertilite\/traitement-iui\/"]}]},{"@type":"ImageObject","inLanguage":"fr-FR","@id":"https:\/\/cryosivfclinic.com\/fr\/traitements-de-fertilite\/traitement-iui\/#primaryimage","url":"https:\/\/cryosivfclinic.com\/wp-content\/uploads\/2025\/03\/Pregnant-woman.jpg","contentUrl":"https:\/\/cryosivfclinic.com\/wp-content\/uploads\/2025\/03\/Pregnant-woman.jpg"},{"@type":"BreadcrumbList","@id":"https:\/\/cryosivfclinic.com\/fr\/traitements-de-fertilite\/traitement-iui\/#breadcrumb","itemListElement":[{"@type":"ListItem","position":1,"name":"Home","item":"https:\/\/cryosivfclinic.com\/fr\/fertility-treatment\/"},{"@type":"ListItem","position":2,"name":"Traitements de fertilit\u00e9","item":"https:\/\/cryosivfclinic.com\/fr\/traitements-de-fertilite\/"},{"@type":"ListItem","position":3,"name":"Traitement IUI"}]},{"@type":"WebSite","@id":"https:\/\/cryosivfclinic.com\/fr\/#website","url":"https:\/\/cryosivfclinic.com\/fr\/","name":"Cryos IVF Clinic in Cyprus","description":"","publisher":{"@id":"https:\/\/cryosivfclinic.com\/fr\/#organization"},"potentialAction":[{"@type":"SearchAction","target":{"@type":"EntryPoint","urlTemplate":"https:\/\/cryosivfclinic.com\/fr\/?s={search_term_string}"},"query-input":{"@type":"PropertyValueSpecification","valueRequired":true,"valueName":"search_term_string"}}],"inLanguage":"fr-FR"},{"@type":"Organization","@id":"https:\/\/cryosivfclinic.com\/fr\/#organization","name":"Cryos IVF Clinic in Cyprus","url":"https:\/\/cryosivfclinic.com\/fr\/","logo":{"@type":"ImageObject","inLanguage":"fr-FR","@id":"https:\/\/cryosivfclinic.com\/fr\/#\/schema\/logo\/image\/","url":"https:\/\/cryosivfclinic.com\/wp-content\/uploads\/2025\/01\/Cryos_Clinic_Logo_RGB_Blue_Black_ank.png","contentUrl":"https:\/\/cryosivfclinic.com\/wp-content\/uploads\/2025\/01\/Cryos_Clinic_Logo_RGB_Blue_Black_ank.png","width":367,"height":207,"caption":"Cryos IVF Clinic in Cyprus"},"image":{"@id":"https:\/\/cryosivfclinic.com\/fr\/#\/schema\/logo\/image\/"}}]}},"_links":{"self":[{"href":"https:\/\/cryosivfclinic.com\/fr\/wp-json\/wp\/v2\/pages\/1835","targetHints":{"allow":["GET"]}}],"collection":[{"href":"https:\/\/cryosivfclinic.com\/fr\/wp-json\/wp\/v2\/pages"}],"about":[{"href":"https:\/\/cryosivfclinic.com\/fr\/wp-json\/wp\/v2\/types\/page"}],"author":[{"embeddable":true,"href":"https:\/\/cryosivfclinic.com\/fr\/wp-json\/wp\/v2\/users\/2"}],"replies":[{"embeddable":true,"href":"https:\/\/cryosivfclinic.com\/fr\/wp-json\/wp\/v2\/comments?post=1835"}],"version-history":[{"count":5,"href":"https:\/\/cryosivfclinic.com\/fr\/wp-json\/wp\/v2\/pages\/1835\/revisions"}],"predecessor-version":[{"id":2781,"href":"https:\/\/cryosivfclinic.com\/fr\/wp-json\/wp\/v2\/pages\/1835\/revisions\/2781"}],"up":[{"embeddable":true,"href":"https:\/\/cryosivfclinic.com\/fr\/wp-json\/wp\/v2\/pages\/1767"}],"wp:attachment":[{"href":"https:\/\/cryosivfclinic.com\/fr\/wp-json\/wp\/v2\/media?parent=1835"}],"curies":[{"name":"wp","href":"https:\/\/api.w.org\/{rel}","templated":true}]}}