{"id":1830,"date":"2025-03-21T13:22:41","date_gmt":"2025-03-21T13:22:41","guid":{"rendered":"https:\/\/cryosivfclinic.com\/traitements-de-fertilite\/traitement-avec-le-sperme-dun-donneur\/"},"modified":"2026-03-12T12:55:37","modified_gmt":"2026-03-12T12:55:37","slug":"traitement-avec-le-sperme-dun-donneur","status":"publish","type":"page","link":"https:\/\/cryosivfclinic.com\/fr\/traitements-de-fertilite\/traitement-avec-le-sperme-dun-donneur\/","title":{"rendered":"Traitement avec le sperme d&rsquo;un donneur"},"content":{"rendered":"\t\t<div data-elementor-type=\"wp-page\" data-elementor-id=\"1830\" class=\"elementor elementor-1830 elementor-348\" data-elementor-post-type=\"page\">\n\t\t\t\t<div class=\"elementor-element elementor-element-4752b33 paddedsection e-flex e-con-boxed e-con e-parent\" data-id=\"4752b33\" data-element_type=\"container\" data-e-type=\"container\">\n\t\t\t\t\t<div class=\"e-con-inner\">\n\t\t\t\t<div class=\"elementor-element elementor-element-f05eec0 elementor-widget elementor-widget-heading\" data-id=\"f05eec0\" data-element_type=\"widget\" data-e-type=\"widget\" data-widget_type=\"heading.default\">\n\t\t\t\t\t<h1 class=\"elementor-heading-title elementor-size-default\">Traitement avec le sperme d'un donneur\n<\/h1>\t\t\t\t<\/div>\n\t\t\t\t<div class=\"elementor-element elementor-element-0b1ef37 lastnospace elementor-widget elementor-widget-text-editor\" data-id=\"0b1ef37\" data-element_type=\"widget\" data-e-type=\"widget\" data-widget_type=\"text-editor.default\">\n\t\t\t\t\t\t\t\t\t<p>Vous r\u00eavez de fonder une famille mais vous avez besoin de l&rsquo;aide d&rsquo;un donneur de sperme ? \u00c0 la clinique de FIV Cryos, nous vous proposons diff\u00e9rents types de traitement avec le sperme d&rsquo;un donneur. <\/p>\t\t\t\t\t\t\t\t<\/div>\n\t\t\t\t<div class=\"elementor-element elementor-element-d474cc5 elementor-widget-divider--view-line elementor-widget elementor-widget-divider\" data-id=\"d474cc5\" data-element_type=\"widget\" data-e-type=\"widget\" data-widget_type=\"divider.default\">\n\t\t\t\t\t\t\t<div class=\"elementor-divider\">\n\t\t\t<span class=\"elementor-divider-separator\">\n\t\t\t\t\t\t<\/span>\n\t\t<\/div>\n\t\t\t\t\t\t<\/div>\n\t\t\t\t<div class=\"elementor-element elementor-element-3a08f9c elementor-widget elementor-widget-text-editor\" data-id=\"3a08f9c\" data-element_type=\"widget\" data-e-type=\"widget\" data-widget_type=\"text-editor.default\">\n\t\t\t\t\t\t\t\t\t<p>Le traitement de la fertilit\u00e9 avec le sperme d&rsquo;un donneur est de plus en plus r\u00e9pandu et peut \u00eatre une bonne option pour les personnes qui ne peuvent pas concevoir sans l&rsquo;aide d&rsquo;un donneur.<\/p>\t\t\t\t\t\t\t\t<\/div>\n\t\t\t\t<div class=\"elementor-element elementor-element-564bb37 elementor-widget elementor-widget-image\" data-id=\"564bb37\" data-element_type=\"widget\" data-e-type=\"widget\" data-widget_type=\"image.default\">\n\t\t\t\t\t\t\t\t\t\t\t\t\t\t\t<img fetchpriority=\"high\" decoding=\"async\" width=\"2560\" height=\"1707\" src=\"https:\/\/cryosivfclinic.com\/wp-content\/uploads\/2025\/03\/Mother-and-child-dark_5-kopi-scaled.jpg\" class=\"attachment-full size-full wp-image-1680\" alt=\"M\u00e8re avec un b\u00e9b\u00e9 con\u00e7u gr\u00e2ce \u00e0 un traitement avec le sperme d&#039;un donneur\" srcset=\"https:\/\/cryosivfclinic.com\/wp-content\/uploads\/2025\/03\/Mother-and-child-dark_5-kopi-scaled.jpg 2560w, https:\/\/cryosivfclinic.com\/wp-content\/uploads\/2025\/03\/Mother-and-child-dark_5-kopi-300x200.jpg 300w, https:\/\/cryosivfclinic.com\/wp-content\/uploads\/2025\/03\/Mother-and-child-dark_5-kopi-1024x683.jpg 1024w, https:\/\/cryosivfclinic.com\/wp-content\/uploads\/2025\/03\/Mother-and-child-dark_5-kopi-768x512.jpg 768w, https:\/\/cryosivfclinic.com\/wp-content\/uploads\/2025\/03\/Mother-and-child-dark_5-kopi-1536x1024.jpg 1536w, https:\/\/cryosivfclinic.com\/wp-content\/uploads\/2025\/03\/Mother-and-child-dark_5-kopi-2048x1365.jpg 2048w\" sizes=\"(max-width: 2560px) 100vw, 2560px\" \/>\t\t\t\t\t\t\t\t\t\t\t\t\t\t\t<\/div>\n\t\t\t\t<div class=\"elementor-element elementor-element-90abf1f elementor-widget elementor-widget-text-editor\" data-id=\"90abf1f\" data-element_type=\"widget\" data-e-type=\"widget\" data-widget_type=\"text-editor.default\">\n\t\t\t\t\t\t\t\t\t<h2>Pourquoi choisir un traitement avec le sperme d&rsquo;un donneur ?<\/h2>\nIl existe de nombreuses raisons pour lesquelles une personne peut envisager un traitement de fertilit\u00e9 avec le sperme d&rsquo;un donneur. L&rsquo;infertilit\u00e9 masculine, les conditions g\u00e9n\u00e9tiques ou l&rsquo;absence d&rsquo;un partenaire masculin peuvent rendre la conception difficile sans assistance m\u00e9dicale. \u00c0 la clinique de FIV Cryos, nous sommes fiers d&rsquo;aider tous ceux qui souhaitent r\u00e9aliser leur r\u00eave d&rsquo;avoir un enfant.  \n<br class=\"a\"><br class=\"a\">Veuillez noter que, conform\u00e9ment \u00e0 la l\u00e9gislation chypriote, la Cryos IVF Clinic ne peut traiter que des femmes \u00e2g\u00e9es de 53 ans au maximum.<br class=\"a\"><br class=\"a\"><h3>Quelles sont les implications juridiques du recours \u00e0 un donneur de sperme ?<\/h3>\nLa loi garantit que le donneur de sperme n&rsquo;a aucune obligation l\u00e9gale ou morale envers l&rsquo;enfant et qu&rsquo;il ne sera jamais consid\u00e9r\u00e9 comme le parent l\u00e9gal des enfants con\u00e7us gr\u00e2ce \u00e0 ses dons.\t\t\t\t\t\t\t\t<\/div>\n\t\t\t\t<div class=\"elementor-element elementor-element-d6b9d42 elementor-widget elementor-widget-text-editor\" data-id=\"d6b9d42\" data-element_type=\"widget\" data-e-type=\"widget\" data-widget_type=\"text-editor.default\">\n\t\t\t\t\t\t\t\t\t<h2>Types de traitement avec le sperme d&rsquo;un donneur \u00e0 la clinique de FIV Cryos<\/h2><br class=\"a\"><h3>Traitement IUI avec sperme de donneur<\/h3>\nL&rsquo;ins\u00e9mination intra-ut\u00e9rine avec sperme de donneur est une m\u00e9thode de traitement qui consiste \u00e0 ins\u00e9miner du sperme de donneur dans l&rsquo;ut\u00e9rus. Pour en savoir plus sur l&rsquo;<a href=\"https:\/\/cryosivfclinic.com\/fr\/traitements-de-fertilite\/traitement-iui\/\">ins\u00e9mination intra-ut\u00e9rine<\/a>, cliquez ici. <br class=\"a\"><br class=\"a\"><h3>FIV avec sperme de donneur<\/h3>\nLa FIV (f\u00e9condation in vitro) avec sperme de donneur est une m\u00e9thode de traitement dans laquelle le sperme d&rsquo;un donneur est utilis\u00e9 pour f\u00e9conder les ovules en laboratoire. Pour en savoir plus sur la <a href=\"https:\/\/cryosivfclinic.com\/fr\/traitements-de-fertilite\/traitement-fiv\/\">FIV<\/a>, cliquez ici. \n<br class=\"a\"><br class=\"a\">Notre \u00e9quipe exp\u00e9riment\u00e9e peut vous aider \u00e0 d\u00e9terminer quel type de traitement est la meilleure option dans votre situation et, ensemble, nous pouvons planifier un traitement adapt\u00e9 \u00e0 vos besoins.\t\t\t\t\t\t\t\t<\/div>\n\t\t\t\t<div class=\"elementor-element elementor-element-8a303d9 elementor-widget elementor-widget-text-editor\" data-id=\"8a303d9\" data-element_type=\"widget\" data-e-type=\"widget\" data-widget_type=\"text-editor.default\">\n\t\t\t\t\t\t\t\t\t<h2>Quel est le processus d&rsquo;utilisation du sperme d&rsquo;un donneur ?<\/h2><p>Le processus d&rsquo;utilisation du sperme de donneur dans votre traitement d\u00e9pend du type de traitement recommand\u00e9 dans votre situation. Dans l&rsquo;ensemble, le processus de l&rsquo;IIU et de la FIV est le m\u00eame que lorsque vous utilisez le sperme de votre partenaire, mais avec les \u00e9tapes suppl\u00e9mentaires suivantes : <\/p><ol><li>S\u00e9lection d&rsquo;un donneur de sperme avant le traitement<\/li><li>Commander du sperme de donneur \u00e0 temps pour le traitement<\/li><\/ol><p> <\/p><h2>Comment choisir un donneur de sperme<\/h2><p>Lors d&rsquo;un traitement avec du sperme de donneur, vous pouvez choisir un donneur de sperme de Cryos ou d&rsquo;une autre banque de sperme. C&rsquo;est \u00e0 vous de choisir.   <\/p>\t\t\t\t\t\t\t\t<\/div>\n\t\t\t\t<div class=\"elementor-element elementor-element-f910794 elementor-align-center elementor-widget elementor-widget-button\" data-id=\"f910794\" data-element_type=\"widget\" data-e-type=\"widget\" data-widget_type=\"button.default\">\n\t\t\t\t\t\t\t\t\t\t<a class=\"elementor-button elementor-button-link elementor-size-sm\" href=\"https:\/\/www.cryosinternational.com\/en-gb\/dk-shop\/private\/find-donor\/search-sperm-donors\/?take=20&#038;sortId=16766\" target=\"_blank\">\n\t\t\t\t\t\t<span class=\"elementor-button-content-wrapper\">\n\t\t\t\t\t\t\t\t\t<span class=\"elementor-button-text\">Voir les donneurs de sperme de Cryos<\/span>\n\t\t\t\t\t<\/span>\n\t\t\t\t\t<\/a>\n\t\t\t\t\t\t\t\t<\/div>\n\t\t\t\t<div class=\"elementor-element elementor-element-0cb0a8f elementor-widget elementor-widget-spacer\" data-id=\"0cb0a8f\" data-element_type=\"widget\" data-e-type=\"widget\" data-widget_type=\"spacer.default\">\n\t\t\t\t\t\t\t<div class=\"elementor-spacer\">\n\t\t\t<div class=\"elementor-spacer-inner\"><\/div>\n\t\t<\/div>\n\t\t\t\t\t\t<\/div>\n\t\t\t\t<div class=\"elementor-element elementor-element-a2b8117 elementor-align-center elementor-widget elementor-widget-button\" data-id=\"a2b8117\" data-element_type=\"widget\" data-e-type=\"widget\" data-widget_type=\"button.default\">\n\t\t\t\t\t\t\t\t\t\t<a class=\"elementor-button elementor-button-link elementor-size-sm\" href=\"https:\/\/cryosivfclinic.com\/fr\/contact\/\">\n\t\t\t\t\t\t<span class=\"elementor-button-content-wrapper\">\n\t\t\t\t\t\t\t\t\t<span class=\"elementor-button-text\">Contactez nous<\/span>\n\t\t\t\t\t<\/span>\n\t\t\t\t\t<\/a>\n\t\t\t\t\t\t\t\t<\/div>\n\t\t\t\t<div class=\"elementor-element elementor-element-af4d4cb elementor-widget elementor-widget-text-editor\" data-id=\"af4d4cb\" data-element_type=\"widget\" data-e-type=\"widget\" data-widget_type=\"text-editor.default\">\n\t\t\t\t\t\t\t\t\t<h3>Que souhaitez-vous savoir sur le donneur ?<\/h3><p>Chez Cryos, vous aurez acc\u00e8s gratuitement \u00e0 plus de 1.000 donneurs de sperme avec diff\u00e9rents profils de donneurs. Les donneurs de sperme ayant un profil de base ne contiennent que des informations essentielles telles que la couleur des yeux et le groupe sanguin, tandis que les donneurs ayant un profil \u00e9tendu contiennent beaucoup plus d&rsquo;informations, telles qu&rsquo;une description d\u00e9taill\u00e9e de la personnalit\u00e9 et de l&rsquo;apparence du donneur. <br class=\"a\"><br class=\"a\"><\/p><h3>Votre enfant doit-il pouvoir essayer de contacter le donneur ?<\/h3><p>Si vous faites appel \u00e0 un donneur d&rsquo;une banque de sperme, vous ne conna\u00eetrez pas l&rsquo;identit\u00e9 du donneur et celui-ci ne conna\u00eetra pas la vie de votre enfant et n&rsquo;en fera pas partie. Si vous choisissez un donneur de sperme ID Release, votre enfant peut contacter Cryos pour recevoir les coordonn\u00e9es de son donneur apr\u00e8s avoir atteint l&rsquo;\u00e2ge de 18 ans. Suivez le lien pour en savoir plus sur les <a href=\"https:\/\/www.cryosinternational.com\/en-gb\/dk-shop\/private\/how-to\/how-to-choose-a-sperm-donor\/id-release-or-non-id-release-sperm-donors\/\" target=\"_blank\" rel=\"noopener\">donneurs ID Release et Non-ID Release<\/a>.  <\/p><p>Veuillez noter que, conform\u00e9ment \u00e0 la l\u00e9gislation chypriote, les ressortissants de Chypre ne peuvent choisir qu&rsquo;un donneur sans obligation d&rsquo;identification.<\/p><p>Le choix d&rsquo;un donneur de sperme peut sembler insurmontable, car vous devez r\u00e9fl\u00e9chir \u00e0 ce qui vous convient le mieux. Vous pouvez \u00e9galement consulter ce <a href=\"https:\/\/www.cryosinternational.com\/en-gb\/dk-shop\/private\/how-to\/how-to-choose-a-sperm-donor\/\" target=\"_blank\" rel=\"noopener\">guide sur le choix d&rsquo;un donneur de sperme<\/a>. <br class=\"a\"><br class=\"a\"><\/p><h2>Comment commander du sperme de donneur pour votre traitement<\/h2><p>Si vous d\u00e9cidez de faire appel \u00e0 un donneur de sperme de Cryos, vous pouvez commander le sperme en ligne en l&rsquo;ajoutant \u00e0 votre panier et en choisissant la livraison \u00e0 la clinique de FIV Cryos. Veuillez nous consulter concernant le type de sperme de donneur et le moment de la livraison. Vous pouvez \u00e9galement consulter ce <a href=\"https:\/\/www.cryosinternational.com\/en-gb\/dk-shop\/private\/how-to\/how-to-order-donor-sperm\/\" target=\"_blank\" rel=\"noopener\">guide sur la fa\u00e7on de commander du sperme de donneur aupr\u00e8s de Cryos<\/a>.  <br class=\"a\"><br class=\"a\"><\/p><h2>Quel est le co\u00fbt d&rsquo;un traitement avec le sperme d&rsquo;un donneur ?<\/h2><p>Le co\u00fbt du traitement FIV\/ICSI avec sperme de donneur est de 5 200 \u20ac, et le co\u00fbt du traitement IUI avec sperme de donneur est de 975 \u20ac. Vous pouvez \u00e9galement choisir de ne suivre qu&rsquo;une partie de votre traitement \u00e0 la Cryos IVF Clinic \u00e0 un prix inf\u00e9rieur. Le co\u00fbt du sperme de donneur n&rsquo;est pas inclus dans le prix.   <a href=\"https:\/\/cryosivfclinic.com\/fr\/apercu-des-prix\/\">Pour en savoir plus sur les prix de nos traitements et les co\u00fbts du sperme de donneur Cryos, cliquez ici.<\/a><\/p><h2>Envisagez-vous un traitement avec le sperme d&rsquo;un donneur ?<\/h2><p>Que vous envisagiez un traitement pour la premi\u00e8re fois ou que vous ayez d\u00e9j\u00e0 explor\u00e9 vos options, nous sommes pr\u00eats \u00e0 vous aider. Contactez-nous pour prendre rendez-vous pour une consultation gratuite. <\/p>\t\t\t\t\t\t\t\t<\/div>\n\t\t\t\t\t<\/div>\n\t\t\t\t<\/div>\n\t\t\t\t<\/div>\n\t\t","protected":false},"excerpt":{"rendered":"<p>Traitement avec le sperme d&rsquo;un donneur Vous r\u00eavez de fonder une famille mais vous avez besoin de l&rsquo;aide d&rsquo;un donneur de sperme ? \u00c0 la clinique de FIV Cryos, nous vous proposons diff\u00e9rents types de traitement avec le sperme d&rsquo;un donneur. Le traitement de la fertilit\u00e9 avec le sperme d&rsquo;un donneur est de plus en [&hellip;]<\/p>\n","protected":false},"author":2,"featured_media":0,"parent":1767,"menu_order":0,"comment_status":"closed","ping_status":"closed","template":"","meta":{"footnotes":""},"class_list":["post-1830","page","type-page","status-publish","hentry"],"yoast_head":"<!-- This site is optimized with the Yoast SEO plugin v27.4 - https:\/\/yoast.com\/product\/yoast-seo-wordpress\/ -->\n<title>Traitement avec le sperme d&#039;un donneur - Cryos IVF Clinic in Cyprus<\/title>\n<meta name=\"description\" content=\"Commencez votre famille avec l&#039;aide d&#039;un donneur de sperme. \u00c0 la clinique de FIV Cryos, nous proposons diff\u00e9rents types de traitement avec le sperme d&#039;un donneur.\" \/>\n<meta name=\"robots\" content=\"index, follow, max-snippet:-1, max-image-preview:large, max-video-preview:-1\" \/>\n<link rel=\"canonical\" href=\"https:\/\/cryosivfclinic.com\/fr\/traitements-de-fertilite\/traitement-avec-le-sperme-dun-donneur\/\" \/>\n<meta property=\"og:locale\" content=\"fr_FR\" \/>\n<meta property=\"og:type\" content=\"article\" \/>\n<meta property=\"og:title\" content=\"Traitement avec le sperme d&#039;un donneur - Cryos IVF Clinic in Cyprus\" \/>\n<meta property=\"og:description\" content=\"Commencez votre famille avec l&#039;aide d&#039;un donneur de sperme. \u00c0 la clinique de FIV Cryos, nous proposons diff\u00e9rents types de traitement avec le sperme d&#039;un donneur.\" \/>\n<meta property=\"og:url\" content=\"https:\/\/cryosivfclinic.com\/fr\/traitements-de-fertilite\/traitement-avec-le-sperme-dun-donneur\/\" \/>\n<meta property=\"og:site_name\" content=\"Cryos IVF Clinic in Cyprus\" \/>\n<meta property=\"article:modified_time\" content=\"2026-03-12T12:55:37+00:00\" \/>\n<meta property=\"og:image\" content=\"https:\/\/cryosivfclinic.com\/wp-content\/uploads\/2025\/03\/Mother-and-child-dark_5-kopi-scaled.jpg\" \/>\n\t<meta property=\"og:image:width\" content=\"2560\" \/>\n\t<meta property=\"og:image:height\" content=\"1707\" \/>\n\t<meta property=\"og:image:type\" content=\"image\/jpeg\" \/>\n<meta name=\"twitter:card\" content=\"summary_large_image\" \/>\n<meta name=\"twitter:label1\" content=\"Dur\u00e9e de lecture estim\u00e9e\" \/>\n\t<meta name=\"twitter:data1\" content=\"4 minutes\" \/>\n<script type=\"application\/ld+json\" class=\"yoast-schema-graph\">{\"@context\":\"https:\\\/\\\/schema.org\",\"@graph\":[{\"@type\":\"WebPage\",\"@id\":\"https:\\\/\\\/cryosivfclinic.com\\\/fr\\\/traitements-de-fertilite\\\/traitement-avec-le-sperme-dun-donneur\\\/\",\"url\":\"https:\\\/\\\/cryosivfclinic.com\\\/fr\\\/traitements-de-fertilite\\\/traitement-avec-le-sperme-dun-donneur\\\/\",\"name\":\"Traitement avec le sperme d'un donneur - Cryos IVF Clinic in Cyprus\",\"isPartOf\":{\"@id\":\"https:\\\/\\\/cryosivfclinic.com\\\/fr\\\/#website\"},\"primaryImageOfPage\":{\"@id\":\"https:\\\/\\\/cryosivfclinic.com\\\/fr\\\/traitements-de-fertilite\\\/traitement-avec-le-sperme-dun-donneur\\\/#primaryimage\"},\"image\":{\"@id\":\"https:\\\/\\\/cryosivfclinic.com\\\/fr\\\/traitements-de-fertilite\\\/traitement-avec-le-sperme-dun-donneur\\\/#primaryimage\"},\"thumbnailUrl\":\"https:\\\/\\\/cryosivfclinic.com\\\/wp-content\\\/uploads\\\/2025\\\/03\\\/Mother-and-child-dark_5-kopi-scaled.jpg\",\"datePublished\":\"2025-03-21T13:22:41+00:00\",\"dateModified\":\"2026-03-12T12:55:37+00:00\",\"description\":\"Commencez votre famille avec l'aide d'un donneur de sperme. \u00c0 la clinique de FIV Cryos, nous proposons diff\u00e9rents types de traitement avec le sperme d'un donneur.\",\"breadcrumb\":{\"@id\":\"https:\\\/\\\/cryosivfclinic.com\\\/fr\\\/traitements-de-fertilite\\\/traitement-avec-le-sperme-dun-donneur\\\/#breadcrumb\"},\"inLanguage\":\"fr-FR\",\"potentialAction\":[{\"@type\":\"ReadAction\",\"target\":[\"https:\\\/\\\/cryosivfclinic.com\\\/fr\\\/traitements-de-fertilite\\\/traitement-avec-le-sperme-dun-donneur\\\/\"]}]},{\"@type\":\"ImageObject\",\"inLanguage\":\"fr-FR\",\"@id\":\"https:\\\/\\\/cryosivfclinic.com\\\/fr\\\/traitements-de-fertilite\\\/traitement-avec-le-sperme-dun-donneur\\\/#primaryimage\",\"url\":\"https:\\\/\\\/cryosivfclinic.com\\\/wp-content\\\/uploads\\\/2025\\\/03\\\/Mother-and-child-dark_5-kopi-scaled.jpg\",\"contentUrl\":\"https:\\\/\\\/cryosivfclinic.com\\\/wp-content\\\/uploads\\\/2025\\\/03\\\/Mother-and-child-dark_5-kopi-scaled.jpg\"},{\"@type\":\"BreadcrumbList\",\"@id\":\"https:\\\/\\\/cryosivfclinic.com\\\/fr\\\/traitements-de-fertilite\\\/traitement-avec-le-sperme-dun-donneur\\\/#breadcrumb\",\"itemListElement\":[{\"@type\":\"ListItem\",\"position\":1,\"name\":\"Home\",\"item\":\"https:\\\/\\\/cryosivfclinic.com\\\/fr\\\/fertility-treatment\\\/\"},{\"@type\":\"ListItem\",\"position\":2,\"name\":\"Traitements de fertilit\u00e9\",\"item\":\"https:\\\/\\\/cryosivfclinic.com\\\/fr\\\/traitements-de-fertilite\\\/\"},{\"@type\":\"ListItem\",\"position\":3,\"name\":\"Traitement avec le sperme d&rsquo;un donneur\"}]},{\"@type\":\"WebSite\",\"@id\":\"https:\\\/\\\/cryosivfclinic.com\\\/fr\\\/#website\",\"url\":\"https:\\\/\\\/cryosivfclinic.com\\\/fr\\\/\",\"name\":\"Cryos IVF Clinic in Cyprus\",\"description\":\"\",\"publisher\":{\"@id\":\"https:\\\/\\\/cryosivfclinic.com\\\/fr\\\/#organization\"},\"potentialAction\":[{\"@type\":\"SearchAction\",\"target\":{\"@type\":\"EntryPoint\",\"urlTemplate\":\"https:\\\/\\\/cryosivfclinic.com\\\/fr\\\/?s={search_term_string}\"},\"query-input\":{\"@type\":\"PropertyValueSpecification\",\"valueRequired\":true,\"valueName\":\"search_term_string\"}}],\"inLanguage\":\"fr-FR\"},{\"@type\":\"Organization\",\"@id\":\"https:\\\/\\\/cryosivfclinic.com\\\/fr\\\/#organization\",\"name\":\"Cryos IVF Clinic in Cyprus\",\"url\":\"https:\\\/\\\/cryosivfclinic.com\\\/fr\\\/\",\"logo\":{\"@type\":\"ImageObject\",\"inLanguage\":\"fr-FR\",\"@id\":\"https:\\\/\\\/cryosivfclinic.com\\\/fr\\\/#\\\/schema\\\/logo\\\/image\\\/\",\"url\":\"https:\\\/\\\/cryosivfclinic.com\\\/wp-content\\\/uploads\\\/2025\\\/01\\\/Cryos_Clinic_Logo_RGB_Blue_Black_ank.png\",\"contentUrl\":\"https:\\\/\\\/cryosivfclinic.com\\\/wp-content\\\/uploads\\\/2025\\\/01\\\/Cryos_Clinic_Logo_RGB_Blue_Black_ank.png\",\"width\":367,\"height\":207,\"caption\":\"Cryos IVF Clinic in Cyprus\"},\"image\":{\"@id\":\"https:\\\/\\\/cryosivfclinic.com\\\/fr\\\/#\\\/schema\\\/logo\\\/image\\\/\"}}]}<\/script>\n<!-- \/ Yoast SEO plugin. -->","yoast_head_json":{"title":"Traitement avec le sperme d'un donneur - Cryos IVF Clinic in Cyprus","description":"Commencez votre famille avec l'aide d'un donneur de sperme. \u00c0 la clinique de FIV Cryos, nous proposons diff\u00e9rents types de traitement avec le sperme d'un donneur.","robots":{"index":"index","follow":"follow","max-snippet":"max-snippet:-1","max-image-preview":"max-image-preview:large","max-video-preview":"max-video-preview:-1"},"canonical":"https:\/\/cryosivfclinic.com\/fr\/traitements-de-fertilite\/traitement-avec-le-sperme-dun-donneur\/","og_locale":"fr_FR","og_type":"article","og_title":"Traitement avec le sperme d'un donneur - Cryos IVF Clinic in Cyprus","og_description":"Commencez votre famille avec l'aide d'un donneur de sperme. \u00c0 la clinique de FIV Cryos, nous proposons diff\u00e9rents types de traitement avec le sperme d'un donneur.","og_url":"https:\/\/cryosivfclinic.com\/fr\/traitements-de-fertilite\/traitement-avec-le-sperme-dun-donneur\/","og_site_name":"Cryos IVF Clinic in Cyprus","article_modified_time":"2026-03-12T12:55:37+00:00","og_image":[{"width":2560,"height":1707,"url":"https:\/\/cryosivfclinic.com\/wp-content\/uploads\/2025\/03\/Mother-and-child-dark_5-kopi-scaled.jpg","type":"image\/jpeg"}],"twitter_card":"summary_large_image","twitter_misc":{"Dur\u00e9e de lecture estim\u00e9e":"4 minutes"},"schema":{"@context":"https:\/\/schema.org","@graph":[{"@type":"WebPage","@id":"https:\/\/cryosivfclinic.com\/fr\/traitements-de-fertilite\/traitement-avec-le-sperme-dun-donneur\/","url":"https:\/\/cryosivfclinic.com\/fr\/traitements-de-fertilite\/traitement-avec-le-sperme-dun-donneur\/","name":"Traitement avec le sperme d'un donneur - Cryos IVF Clinic in Cyprus","isPartOf":{"@id":"https:\/\/cryosivfclinic.com\/fr\/#website"},"primaryImageOfPage":{"@id":"https:\/\/cryosivfclinic.com\/fr\/traitements-de-fertilite\/traitement-avec-le-sperme-dun-donneur\/#primaryimage"},"image":{"@id":"https:\/\/cryosivfclinic.com\/fr\/traitements-de-fertilite\/traitement-avec-le-sperme-dun-donneur\/#primaryimage"},"thumbnailUrl":"https:\/\/cryosivfclinic.com\/wp-content\/uploads\/2025\/03\/Mother-and-child-dark_5-kopi-scaled.jpg","datePublished":"2025-03-21T13:22:41+00:00","dateModified":"2026-03-12T12:55:37+00:00","description":"Commencez votre famille avec l'aide d'un donneur de sperme. \u00c0 la clinique de FIV Cryos, nous proposons diff\u00e9rents types de traitement avec le sperme d'un donneur.","breadcrumb":{"@id":"https:\/\/cryosivfclinic.com\/fr\/traitements-de-fertilite\/traitement-avec-le-sperme-dun-donneur\/#breadcrumb"},"inLanguage":"fr-FR","potentialAction":[{"@type":"ReadAction","target":["https:\/\/cryosivfclinic.com\/fr\/traitements-de-fertilite\/traitement-avec-le-sperme-dun-donneur\/"]}]},{"@type":"ImageObject","inLanguage":"fr-FR","@id":"https:\/\/cryosivfclinic.com\/fr\/traitements-de-fertilite\/traitement-avec-le-sperme-dun-donneur\/#primaryimage","url":"https:\/\/cryosivfclinic.com\/wp-content\/uploads\/2025\/03\/Mother-and-child-dark_5-kopi-scaled.jpg","contentUrl":"https:\/\/cryosivfclinic.com\/wp-content\/uploads\/2025\/03\/Mother-and-child-dark_5-kopi-scaled.jpg"},{"@type":"BreadcrumbList","@id":"https:\/\/cryosivfclinic.com\/fr\/traitements-de-fertilite\/traitement-avec-le-sperme-dun-donneur\/#breadcrumb","itemListElement":[{"@type":"ListItem","position":1,"name":"Home","item":"https:\/\/cryosivfclinic.com\/fr\/fertility-treatment\/"},{"@type":"ListItem","position":2,"name":"Traitements de fertilit\u00e9","item":"https:\/\/cryosivfclinic.com\/fr\/traitements-de-fertilite\/"},{"@type":"ListItem","position":3,"name":"Traitement avec le sperme d&rsquo;un donneur"}]},{"@type":"WebSite","@id":"https:\/\/cryosivfclinic.com\/fr\/#website","url":"https:\/\/cryosivfclinic.com\/fr\/","name":"Cryos IVF Clinic in Cyprus","description":"","publisher":{"@id":"https:\/\/cryosivfclinic.com\/fr\/#organization"},"potentialAction":[{"@type":"SearchAction","target":{"@type":"EntryPoint","urlTemplate":"https:\/\/cryosivfclinic.com\/fr\/?s={search_term_string}"},"query-input":{"@type":"PropertyValueSpecification","valueRequired":true,"valueName":"search_term_string"}}],"inLanguage":"fr-FR"},{"@type":"Organization","@id":"https:\/\/cryosivfclinic.com\/fr\/#organization","name":"Cryos IVF Clinic in Cyprus","url":"https:\/\/cryosivfclinic.com\/fr\/","logo":{"@type":"ImageObject","inLanguage":"fr-FR","@id":"https:\/\/cryosivfclinic.com\/fr\/#\/schema\/logo\/image\/","url":"https:\/\/cryosivfclinic.com\/wp-content\/uploads\/2025\/01\/Cryos_Clinic_Logo_RGB_Blue_Black_ank.png","contentUrl":"https:\/\/cryosivfclinic.com\/wp-content\/uploads\/2025\/01\/Cryos_Clinic_Logo_RGB_Blue_Black_ank.png","width":367,"height":207,"caption":"Cryos IVF Clinic in Cyprus"},"image":{"@id":"https:\/\/cryosivfclinic.com\/fr\/#\/schema\/logo\/image\/"}}]}},"_links":{"self":[{"href":"https:\/\/cryosivfclinic.com\/fr\/wp-json\/wp\/v2\/pages\/1830","targetHints":{"allow":["GET"]}}],"collection":[{"href":"https:\/\/cryosivfclinic.com\/fr\/wp-json\/wp\/v2\/pages"}],"about":[{"href":"https:\/\/cryosivfclinic.com\/fr\/wp-json\/wp\/v2\/types\/page"}],"author":[{"embeddable":true,"href":"https:\/\/cryosivfclinic.com\/fr\/wp-json\/wp\/v2\/users\/2"}],"replies":[{"embeddable":true,"href":"https:\/\/cryosivfclinic.com\/fr\/wp-json\/wp\/v2\/comments?post=1830"}],"version-history":[{"count":5,"href":"https:\/\/cryosivfclinic.com\/fr\/wp-json\/wp\/v2\/pages\/1830\/revisions"}],"predecessor-version":[{"id":2811,"href":"https:\/\/cryosivfclinic.com\/fr\/wp-json\/wp\/v2\/pages\/1830\/revisions\/2811"}],"up":[{"embeddable":true,"href":"https:\/\/cryosivfclinic.com\/fr\/wp-json\/wp\/v2\/pages\/1767"}],"wp:attachment":[{"href":"https:\/\/cryosivfclinic.com\/fr\/wp-json\/wp\/v2\/media?parent=1830"}],"curies":[{"name":"wp","href":"https:\/\/api.w.org\/{rel}","templated":true}]}}