{"id":1822,"date":"2025-03-21T13:22:58","date_gmt":"2025-03-21T13:22:58","guid":{"rendered":"https:\/\/cryosivfclinic.com\/traitements-de-fertilite\/transfert-dembryons-congeles-fet\/"},"modified":"2026-03-12T11:44:10","modified_gmt":"2026-03-12T11:44:10","slug":"transfert-dembryons-congeles-fet","status":"publish","type":"page","link":"https:\/\/cryosivfclinic.com\/fr\/traitements-de-fertilite\/transfert-dembryons-congeles-fet\/","title":{"rendered":"Transfert d&#8217;embryons congel\u00e9s (FET)"},"content":{"rendered":"\t\t<div data-elementor-type=\"wp-page\" data-elementor-id=\"1822\" class=\"elementor elementor-1822 elementor-350\" data-elementor-post-type=\"page\">\n\t\t\t\t<div class=\"elementor-element elementor-element-a880fb1 paddedsection e-flex e-con-boxed e-con e-parent\" data-id=\"a880fb1\" data-element_type=\"container\" data-e-type=\"container\">\n\t\t\t\t\t<div class=\"e-con-inner\">\n\t\t\t\t<div class=\"elementor-element elementor-element-73fb831 elementor-widget elementor-widget-heading\" data-id=\"73fb831\" data-element_type=\"widget\" data-e-type=\"widget\" data-widget_type=\"heading.default\">\n\t\t\t\t\t<h1 class=\"elementor-heading-title elementor-size-default\">Transfert d'embryons congel\u00e9s (FET)\n<\/h1>\t\t\t\t<\/div>\n\t\t\t\t<div class=\"elementor-element elementor-element-4950a72 lastnospace elementor-widget elementor-widget-text-editor\" data-id=\"4950a72\" data-element_type=\"widget\" data-e-type=\"widget\" data-widget_type=\"text-editor.default\">\n\t\t\t\t\t\t\t\t\t<p>\u00c0 la clinique de FIV Cryos, nous proposons le transfert d&#8217;embryons congel\u00e9s (TEC) comme une option flexible et efficace pour les patients en traitement de FIV.<\/p>\t\t\t\t\t\t\t\t<\/div>\n\t\t\t\t<div class=\"elementor-element elementor-element-46ac94f elementor-widget-divider--view-line elementor-widget elementor-widget-divider\" data-id=\"46ac94f\" data-element_type=\"widget\" data-e-type=\"widget\" data-widget_type=\"divider.default\">\n\t\t\t\t\t\t\t<div class=\"elementor-divider\">\n\t\t\t<span class=\"elementor-divider-separator\">\n\t\t\t\t\t\t<\/span>\n\t\t<\/div>\n\t\t\t\t\t\t<\/div>\n\t\t\t\t<div class=\"elementor-element elementor-element-a244355 elementor-widget elementor-widget-text-editor\" data-id=\"a244355\" data-element_type=\"widget\" data-e-type=\"widget\" data-widget_type=\"text-editor.default\">\n\t\t\t\t\t\t\t\t\t<p>Les transferts d&#8217;embryons congel\u00e9s peuvent \u00eatre aussi fructueux que les transferts d&#8217;embryons frais. D\u00e9couvrez ici quand cette option peut \u00eatre pertinente et comment elle fonctionne. <br class=\"a\"><br class=\"a\"><\/p><h2>Qu&rsquo;est-ce qu&rsquo;un transfert d&#8217;embryons congel\u00e9s ?<\/h2><p>Le transfert d&#8217;embryons congel\u00e9s (TEC) est un processus au cours duquel des embryons pr\u00e9alablement congel\u00e9s et cryopr\u00e9serv\u00e9s dans le cadre d&rsquo;un traitement de FIV sont d\u00e9congel\u00e9s et transf\u00e9r\u00e9s dans l&rsquo;ut\u00e9rus. Cette approche permet \u00e0 la femme d&rsquo;\u00e9viter de repasser par tout le processus de FIV si elle souhaite avoir des fr\u00e8res et s\u0153urs ou si le cycle initial n&rsquo;a pas abouti. Le transfert d&#8217;embryons frais est une m\u00e9thode s\u00fbre et efficace qui offre des chances de conception similaires \u00e0 celles d&rsquo;un transfert d&#8217;embryons frais.  <\/p>\t\t\t\t\t\t\t\t<\/div>\n\t\t\t\t<div class=\"elementor-element elementor-element-ceee065 elementor-widget elementor-widget-image\" data-id=\"ceee065\" data-element_type=\"widget\" data-e-type=\"widget\" data-widget_type=\"image.default\">\n\t\t\t\t\t\t\t\t\t\t\t\t\t\t\t<img fetchpriority=\"high\" decoding=\"async\" width=\"960\" height=\"540\" src=\"https:\/\/cryosivfclinic.com\/wp-content\/uploads\/2025\/03\/Frozen-embryo-transfer-at-Cryos-IVF-Clinic.jpg\" class=\"attachment-full size-full wp-image-1682\" alt=\"Transfert d&#039;embryons congel\u00e9s \u00e0 la clinique de FIV Cryos\" srcset=\"https:\/\/cryosivfclinic.com\/wp-content\/uploads\/2025\/03\/Frozen-embryo-transfer-at-Cryos-IVF-Clinic.jpg 960w, https:\/\/cryosivfclinic.com\/wp-content\/uploads\/2025\/03\/Frozen-embryo-transfer-at-Cryos-IVF-Clinic-300x169.jpg 300w, https:\/\/cryosivfclinic.com\/wp-content\/uploads\/2025\/03\/Frozen-embryo-transfer-at-Cryos-IVF-Clinic-768x432.jpg 768w\" sizes=\"(max-width: 960px) 100vw, 960px\" \/>\t\t\t\t\t\t\t\t\t\t\t\t\t\t\t<\/div>\n\t\t\t\t<div class=\"elementor-element elementor-element-e4128b1 elementor-widget elementor-widget-text-editor\" data-id=\"e4128b1\" data-element_type=\"widget\" data-e-type=\"widget\" data-widget_type=\"text-editor.default\">\n\t\t\t\t\t\t\t\t\t<h2>Quand le transfert d&#8217;embryons congel\u00e9s est-il pertinent ?<\/h2><p>Les embryons congel\u00e9s peuvent \u00eatre transf\u00e9r\u00e9s au moment id\u00e9al sans la pression d&rsquo;un nouveau cycle. Cela peut s&rsquo;av\u00e9rer utile dans les cas suivants <\/p><ul><li>Les patients qui ont des indications m\u00e9dicales sp\u00e9cifiques pour \u00e9viter un transfert d&#8217;embryons frais<\/li><li>Les patients qui ont des embryons congel\u00e9s conserv\u00e9s \u00e0 la suite d&rsquo;un cycle ant\u00e9rieur de <a href=\"https:\/\/cryosivfclinic.com\/fr\/traitements-de-fertilite\/traitement-fiv\/\">traitement par FIV<\/a> <\/li><li>Les patients qui choisissent la <a href=\"https:\/\/cryosclinic.com\/en-gb\/treatments\/embryo-creation-treatment\" target=\"_blank\" rel=\"noopener\">cr\u00e9ation d&#8217;embryons avec des ovules de donneuses \u00e0 la Cryos Clinic au Danemark<\/a> et qui souhaitent que le transfert ait lieu \u00e0 la Cryos IVF Clinic \u00e0 Chypre.<\/li><\/ul><p><br class=\"a\"><br class=\"a\"><\/p><h2>Le transfert d&#8217;embryons congel\u00e9s &#8211; le processus<\/h2><p>Le processus commence lorsque vous nous contactez pour organiser le transfert d&#8217;embryons congel\u00e9s. Les \u00e9tapes suivantes sont les suivantes : <br class=\"a\"><br class=\"a\"><\/p><ol><li style=\"list-style-type: none;\"><ol><li><strong>Pr\u00e9paration de l&rsquo;ut\u00e9rus<\/strong><br class=\"a\">Quelques jours avant le transfert, la muqueuse ut\u00e9rine est pr\u00e9par\u00e9e afin de cr\u00e9er un environnement optimal pour la nidation. Cette pr\u00e9paration peut se faire dans le cadre d&rsquo;un cycle naturel ou \u00e0 l&rsquo;aide de m\u00e9dicaments hormonaux destin\u00e9s \u00e0 r\u00e9guler l&rsquo;\u00e9paisseur de l&rsquo;endom\u00e8tre. <\/li><li><strong>D\u00e9cong\u00e9lation des<\/strong> embryons<br class=\"a\">Les embryons congel\u00e9s sont soigneusement d\u00e9congel\u00e9s \u00e0 l&rsquo;aide de techniques avanc\u00e9es afin de garantir leur viabilit\u00e9. Gr\u00e2ce \u00e0 la technique de vitrification, les m\u00e9thodes de cong\u00e9lation modernes permettent d&rsquo;atteindre des taux de survie \u00e9lev\u00e9s des embryons. <\/li><li><strong>Transfert d&#8217;embryon<\/strong><br class=\"a\">Lorsque l&rsquo;ut\u00e9rus et l&#8217;embryon sont pr\u00eats, l&#8217;embryon s\u00e9lectionn\u00e9 est plac\u00e9 dans l&rsquo;ut\u00e9rus \u00e0 l&rsquo;aide d&rsquo;un cath\u00e9ter guid\u00e9 par un m\u00e9decin sp\u00e9cialiste de la fertilit\u00e9. La proc\u00e9dure est indolore et ne n\u00e9cessite pas d&rsquo;anesth\u00e9sie. <\/li><\/ol><\/li><\/ol><ol><li style=\"list-style-type: none;\"> <\/li><\/ol><p><br class=\"a\"><br class=\"a\"><\/p><h2>Apr\u00e8s le transfert d&#8217;embryons congel\u00e9s<\/h2><p>Deux semaines apr\u00e8s le transfert d&#8217;embryons, vous devez subir un test sanguin de grossesse pour v\u00e9rifier si le traitement a r\u00e9ussi.<br class=\"a\"><br class=\"a\"><\/p><h2>Quel est le co\u00fbt d&rsquo;un transfert d&#8217;embryons congel\u00e9s ?<\/h2><p>Le prix d&rsquo;un transfert d&#8217;embryons congel\u00e9s est de 2 000 \u20ac. Vous pouvez \u00e9galement choisir de ne suivre qu&rsquo;une partie de votre traitement \u00e0 la Cryos IVF Clinic \u00e0 un prix inf\u00e9rieur.   <a href=\"https:\/\/cryosivfclinic.com\/fr\/apercu-des-prix\/\">Pour en savoir plus sur nos tarifs, cliquez ici.<\/a><br class=\"a\"><br class=\"a\"><\/p><h2>Nous sommes l\u00e0 pour vous<\/h2><p>Si vous envisagez un transfert d&#8217;embryons congel\u00e9s \u00e0 la clinique de FIV Cryos, notre \u00e9quipe est l\u00e0 pour vous guider. Contactez-nous d\u00e8s aujourd&rsquo;hui pour prendre rendez-vous pour une consultation gratuite et franchir la prochaine \u00e9tape vers la parentalit\u00e9. <\/p>\t\t\t\t\t\t\t\t<\/div>\n\t\t\t\t<div class=\"elementor-element elementor-element-e94d888 elementor-align-center elementor-widget elementor-widget-button\" data-id=\"e94d888\" data-element_type=\"widget\" data-e-type=\"widget\" data-widget_type=\"button.default\">\n\t\t\t\t\t\t\t\t\t\t<a class=\"elementor-button elementor-button-link elementor-size-sm\" href=\"https:\/\/cryosivfclinic.com\/fr\/contact\/\">\n\t\t\t\t\t\t<span class=\"elementor-button-content-wrapper\">\n\t\t\t\t\t\t\t\t\t<span class=\"elementor-button-text\">Contactez nous<\/span>\n\t\t\t\t\t<\/span>\n\t\t\t\t\t<\/a>\n\t\t\t\t\t\t\t\t<\/div>\n\t\t\t\t\t<\/div>\n\t\t\t\t<\/div>\n\t\t\t\t<\/div>\n\t\t","protected":false},"excerpt":{"rendered":"<p>Transfert d&#8217;embryons congel\u00e9s (FET) \u00c0 la clinique de FIV Cryos, nous proposons le transfert d&#8217;embryons congel\u00e9s (TEC) comme une option flexible et efficace pour les patients en traitement de FIV. Les transferts d&#8217;embryons congel\u00e9s peuvent \u00eatre aussi fructueux que les transferts d&#8217;embryons frais. D\u00e9couvrez ici quand cette option peut \u00eatre pertinente et comment elle fonctionne. [&hellip;]<\/p>\n","protected":false},"author":2,"featured_media":0,"parent":1767,"menu_order":0,"comment_status":"closed","ping_status":"closed","template":"","meta":{"footnotes":""},"class_list":["post-1822","page","type-page","status-publish","hentry"],"yoast_head":"<!-- This site is optimized with the Yoast SEO plugin v27.4 - https:\/\/yoast.com\/product\/yoast-seo-wordpress\/ -->\n<title>Transfert d&#039;embryons congel\u00e9s (FET) - Cryos IVF Clinic in Cyprus<\/title>\n<meta name=\"description\" content=\"Le transfert d&#039;embryons congel\u00e9s est une option flexible et efficace pour les patients en traitement de FIV. Pour en savoir plus, cliquez ici.\" \/>\n<meta name=\"robots\" content=\"index, follow, max-snippet:-1, max-image-preview:large, max-video-preview:-1\" \/>\n<link rel=\"canonical\" href=\"https:\/\/cryosivfclinic.com\/fr\/traitements-de-fertilite\/transfert-dembryons-congeles-fet\/\" \/>\n<meta property=\"og:locale\" content=\"fr_FR\" \/>\n<meta property=\"og:type\" content=\"article\" \/>\n<meta property=\"og:title\" content=\"Transfert d&#039;embryons congel\u00e9s (FET) - Cryos IVF Clinic in Cyprus\" \/>\n<meta property=\"og:description\" content=\"Le transfert d&#039;embryons congel\u00e9s est une option flexible et efficace pour les patients en traitement de FIV. Pour en savoir plus, cliquez ici.\" \/>\n<meta property=\"og:url\" content=\"https:\/\/cryosivfclinic.com\/fr\/traitements-de-fertilite\/transfert-dembryons-congeles-fet\/\" \/>\n<meta property=\"og:site_name\" content=\"Cryos IVF Clinic in Cyprus\" \/>\n<meta property=\"article:modified_time\" content=\"2026-03-12T11:44:10+00:00\" \/>\n<meta property=\"og:image\" content=\"https:\/\/cryosivfclinic.com\/wp-content\/uploads\/2025\/03\/Frozen-embryo-transfer-at-Cryos-IVF-Clinic.jpg\" \/>\n\t<meta property=\"og:image:width\" content=\"960\" \/>\n\t<meta property=\"og:image:height\" content=\"540\" \/>\n\t<meta property=\"og:image:type\" content=\"image\/jpeg\" \/>\n<meta name=\"twitter:card\" content=\"summary_large_image\" \/>\n<meta name=\"twitter:label1\" content=\"Dur\u00e9e de lecture estim\u00e9e\" \/>\n\t<meta name=\"twitter:data1\" content=\"3 minutes\" \/>\n<script type=\"application\/ld+json\" class=\"yoast-schema-graph\">{\"@context\":\"https:\\\/\\\/schema.org\",\"@graph\":[{\"@type\":\"WebPage\",\"@id\":\"https:\\\/\\\/cryosivfclinic.com\\\/fr\\\/traitements-de-fertilite\\\/transfert-dembryons-congeles-fet\\\/\",\"url\":\"https:\\\/\\\/cryosivfclinic.com\\\/fr\\\/traitements-de-fertilite\\\/transfert-dembryons-congeles-fet\\\/\",\"name\":\"Transfert d'embryons congel\u00e9s (FET) - Cryos IVF Clinic in Cyprus\",\"isPartOf\":{\"@id\":\"https:\\\/\\\/cryosivfclinic.com\\\/fr\\\/#website\"},\"primaryImageOfPage\":{\"@id\":\"https:\\\/\\\/cryosivfclinic.com\\\/fr\\\/traitements-de-fertilite\\\/transfert-dembryons-congeles-fet\\\/#primaryimage\"},\"image\":{\"@id\":\"https:\\\/\\\/cryosivfclinic.com\\\/fr\\\/traitements-de-fertilite\\\/transfert-dembryons-congeles-fet\\\/#primaryimage\"},\"thumbnailUrl\":\"https:\\\/\\\/cryosivfclinic.com\\\/wp-content\\\/uploads\\\/2025\\\/03\\\/Frozen-embryo-transfer-at-Cryos-IVF-Clinic.jpg\",\"datePublished\":\"2025-03-21T13:22:58+00:00\",\"dateModified\":\"2026-03-12T11:44:10+00:00\",\"description\":\"Le transfert d'embryons congel\u00e9s est une option flexible et efficace pour les patients en traitement de FIV. Pour en savoir plus, cliquez ici.\",\"breadcrumb\":{\"@id\":\"https:\\\/\\\/cryosivfclinic.com\\\/fr\\\/traitements-de-fertilite\\\/transfert-dembryons-congeles-fet\\\/#breadcrumb\"},\"inLanguage\":\"fr-FR\",\"potentialAction\":[{\"@type\":\"ReadAction\",\"target\":[\"https:\\\/\\\/cryosivfclinic.com\\\/fr\\\/traitements-de-fertilite\\\/transfert-dembryons-congeles-fet\\\/\"]}]},{\"@type\":\"ImageObject\",\"inLanguage\":\"fr-FR\",\"@id\":\"https:\\\/\\\/cryosivfclinic.com\\\/fr\\\/traitements-de-fertilite\\\/transfert-dembryons-congeles-fet\\\/#primaryimage\",\"url\":\"https:\\\/\\\/cryosivfclinic.com\\\/wp-content\\\/uploads\\\/2025\\\/03\\\/Frozen-embryo-transfer-at-Cryos-IVF-Clinic.jpg\",\"contentUrl\":\"https:\\\/\\\/cryosivfclinic.com\\\/wp-content\\\/uploads\\\/2025\\\/03\\\/Frozen-embryo-transfer-at-Cryos-IVF-Clinic.jpg\"},{\"@type\":\"BreadcrumbList\",\"@id\":\"https:\\\/\\\/cryosivfclinic.com\\\/fr\\\/traitements-de-fertilite\\\/transfert-dembryons-congeles-fet\\\/#breadcrumb\",\"itemListElement\":[{\"@type\":\"ListItem\",\"position\":1,\"name\":\"Home\",\"item\":\"https:\\\/\\\/cryosivfclinic.com\\\/fr\\\/fertility-treatment\\\/\"},{\"@type\":\"ListItem\",\"position\":2,\"name\":\"Traitements de fertilit\u00e9\",\"item\":\"https:\\\/\\\/cryosivfclinic.com\\\/fr\\\/traitements-de-fertilite\\\/\"},{\"@type\":\"ListItem\",\"position\":3,\"name\":\"Transfert d&#8217;embryons congel\u00e9s (FET)\"}]},{\"@type\":\"WebSite\",\"@id\":\"https:\\\/\\\/cryosivfclinic.com\\\/fr\\\/#website\",\"url\":\"https:\\\/\\\/cryosivfclinic.com\\\/fr\\\/\",\"name\":\"Cryos IVF Clinic in Cyprus\",\"description\":\"\",\"publisher\":{\"@id\":\"https:\\\/\\\/cryosivfclinic.com\\\/fr\\\/#organization\"},\"potentialAction\":[{\"@type\":\"SearchAction\",\"target\":{\"@type\":\"EntryPoint\",\"urlTemplate\":\"https:\\\/\\\/cryosivfclinic.com\\\/fr\\\/?s={search_term_string}\"},\"query-input\":{\"@type\":\"PropertyValueSpecification\",\"valueRequired\":true,\"valueName\":\"search_term_string\"}}],\"inLanguage\":\"fr-FR\"},{\"@type\":\"Organization\",\"@id\":\"https:\\\/\\\/cryosivfclinic.com\\\/fr\\\/#organization\",\"name\":\"Cryos IVF Clinic in Cyprus\",\"url\":\"https:\\\/\\\/cryosivfclinic.com\\\/fr\\\/\",\"logo\":{\"@type\":\"ImageObject\",\"inLanguage\":\"fr-FR\",\"@id\":\"https:\\\/\\\/cryosivfclinic.com\\\/fr\\\/#\\\/schema\\\/logo\\\/image\\\/\",\"url\":\"https:\\\/\\\/cryosivfclinic.com\\\/wp-content\\\/uploads\\\/2025\\\/01\\\/Cryos_Clinic_Logo_RGB_Blue_Black_ank.png\",\"contentUrl\":\"https:\\\/\\\/cryosivfclinic.com\\\/wp-content\\\/uploads\\\/2025\\\/01\\\/Cryos_Clinic_Logo_RGB_Blue_Black_ank.png\",\"width\":367,\"height\":207,\"caption\":\"Cryos IVF Clinic in Cyprus\"},\"image\":{\"@id\":\"https:\\\/\\\/cryosivfclinic.com\\\/fr\\\/#\\\/schema\\\/logo\\\/image\\\/\"}}]}<\/script>\n<!-- \/ Yoast SEO plugin. -->","yoast_head_json":{"title":"Transfert d'embryons congel\u00e9s (FET) - Cryos IVF Clinic in Cyprus","description":"Le transfert d'embryons congel\u00e9s est une option flexible et efficace pour les patients en traitement de FIV. Pour en savoir plus, cliquez ici.","robots":{"index":"index","follow":"follow","max-snippet":"max-snippet:-1","max-image-preview":"max-image-preview:large","max-video-preview":"max-video-preview:-1"},"canonical":"https:\/\/cryosivfclinic.com\/fr\/traitements-de-fertilite\/transfert-dembryons-congeles-fet\/","og_locale":"fr_FR","og_type":"article","og_title":"Transfert d'embryons congel\u00e9s (FET) - Cryos IVF Clinic in Cyprus","og_description":"Le transfert d'embryons congel\u00e9s est une option flexible et efficace pour les patients en traitement de FIV. Pour en savoir plus, cliquez ici.","og_url":"https:\/\/cryosivfclinic.com\/fr\/traitements-de-fertilite\/transfert-dembryons-congeles-fet\/","og_site_name":"Cryos IVF Clinic in Cyprus","article_modified_time":"2026-03-12T11:44:10+00:00","og_image":[{"width":960,"height":540,"url":"https:\/\/cryosivfclinic.com\/wp-content\/uploads\/2025\/03\/Frozen-embryo-transfer-at-Cryos-IVF-Clinic.jpg","type":"image\/jpeg"}],"twitter_card":"summary_large_image","twitter_misc":{"Dur\u00e9e de lecture estim\u00e9e":"3 minutes"},"schema":{"@context":"https:\/\/schema.org","@graph":[{"@type":"WebPage","@id":"https:\/\/cryosivfclinic.com\/fr\/traitements-de-fertilite\/transfert-dembryons-congeles-fet\/","url":"https:\/\/cryosivfclinic.com\/fr\/traitements-de-fertilite\/transfert-dembryons-congeles-fet\/","name":"Transfert d'embryons congel\u00e9s (FET) - Cryos IVF Clinic in Cyprus","isPartOf":{"@id":"https:\/\/cryosivfclinic.com\/fr\/#website"},"primaryImageOfPage":{"@id":"https:\/\/cryosivfclinic.com\/fr\/traitements-de-fertilite\/transfert-dembryons-congeles-fet\/#primaryimage"},"image":{"@id":"https:\/\/cryosivfclinic.com\/fr\/traitements-de-fertilite\/transfert-dembryons-congeles-fet\/#primaryimage"},"thumbnailUrl":"https:\/\/cryosivfclinic.com\/wp-content\/uploads\/2025\/03\/Frozen-embryo-transfer-at-Cryos-IVF-Clinic.jpg","datePublished":"2025-03-21T13:22:58+00:00","dateModified":"2026-03-12T11:44:10+00:00","description":"Le transfert d'embryons congel\u00e9s est une option flexible et efficace pour les patients en traitement de FIV. Pour en savoir plus, cliquez ici.","breadcrumb":{"@id":"https:\/\/cryosivfclinic.com\/fr\/traitements-de-fertilite\/transfert-dembryons-congeles-fet\/#breadcrumb"},"inLanguage":"fr-FR","potentialAction":[{"@type":"ReadAction","target":["https:\/\/cryosivfclinic.com\/fr\/traitements-de-fertilite\/transfert-dembryons-congeles-fet\/"]}]},{"@type":"ImageObject","inLanguage":"fr-FR","@id":"https:\/\/cryosivfclinic.com\/fr\/traitements-de-fertilite\/transfert-dembryons-congeles-fet\/#primaryimage","url":"https:\/\/cryosivfclinic.com\/wp-content\/uploads\/2025\/03\/Frozen-embryo-transfer-at-Cryos-IVF-Clinic.jpg","contentUrl":"https:\/\/cryosivfclinic.com\/wp-content\/uploads\/2025\/03\/Frozen-embryo-transfer-at-Cryos-IVF-Clinic.jpg"},{"@type":"BreadcrumbList","@id":"https:\/\/cryosivfclinic.com\/fr\/traitements-de-fertilite\/transfert-dembryons-congeles-fet\/#breadcrumb","itemListElement":[{"@type":"ListItem","position":1,"name":"Home","item":"https:\/\/cryosivfclinic.com\/fr\/fertility-treatment\/"},{"@type":"ListItem","position":2,"name":"Traitements de fertilit\u00e9","item":"https:\/\/cryosivfclinic.com\/fr\/traitements-de-fertilite\/"},{"@type":"ListItem","position":3,"name":"Transfert d&#8217;embryons congel\u00e9s (FET)"}]},{"@type":"WebSite","@id":"https:\/\/cryosivfclinic.com\/fr\/#website","url":"https:\/\/cryosivfclinic.com\/fr\/","name":"Cryos IVF Clinic in Cyprus","description":"","publisher":{"@id":"https:\/\/cryosivfclinic.com\/fr\/#organization"},"potentialAction":[{"@type":"SearchAction","target":{"@type":"EntryPoint","urlTemplate":"https:\/\/cryosivfclinic.com\/fr\/?s={search_term_string}"},"query-input":{"@type":"PropertyValueSpecification","valueRequired":true,"valueName":"search_term_string"}}],"inLanguage":"fr-FR"},{"@type":"Organization","@id":"https:\/\/cryosivfclinic.com\/fr\/#organization","name":"Cryos IVF Clinic in Cyprus","url":"https:\/\/cryosivfclinic.com\/fr\/","logo":{"@type":"ImageObject","inLanguage":"fr-FR","@id":"https:\/\/cryosivfclinic.com\/fr\/#\/schema\/logo\/image\/","url":"https:\/\/cryosivfclinic.com\/wp-content\/uploads\/2025\/01\/Cryos_Clinic_Logo_RGB_Blue_Black_ank.png","contentUrl":"https:\/\/cryosivfclinic.com\/wp-content\/uploads\/2025\/01\/Cryos_Clinic_Logo_RGB_Blue_Black_ank.png","width":367,"height":207,"caption":"Cryos IVF Clinic in Cyprus"},"image":{"@id":"https:\/\/cryosivfclinic.com\/fr\/#\/schema\/logo\/image\/"}}]}},"_links":{"self":[{"href":"https:\/\/cryosivfclinic.com\/fr\/wp-json\/wp\/v2\/pages\/1822","targetHints":{"allow":["GET"]}}],"collection":[{"href":"https:\/\/cryosivfclinic.com\/fr\/wp-json\/wp\/v2\/pages"}],"about":[{"href":"https:\/\/cryosivfclinic.com\/fr\/wp-json\/wp\/v2\/types\/page"}],"author":[{"embeddable":true,"href":"https:\/\/cryosivfclinic.com\/fr\/wp-json\/wp\/v2\/users\/2"}],"replies":[{"embeddable":true,"href":"https:\/\/cryosivfclinic.com\/fr\/wp-json\/wp\/v2\/comments?post=1822"}],"version-history":[{"count":5,"href":"https:\/\/cryosivfclinic.com\/fr\/wp-json\/wp\/v2\/pages\/1822\/revisions"}],"predecessor-version":[{"id":2804,"href":"https:\/\/cryosivfclinic.com\/fr\/wp-json\/wp\/v2\/pages\/1822\/revisions\/2804"}],"up":[{"embeddable":true,"href":"https:\/\/cryosivfclinic.com\/fr\/wp-json\/wp\/v2\/pages\/1767"}],"wp:attachment":[{"href":"https:\/\/cryosivfclinic.com\/fr\/wp-json\/wp\/v2\/media?parent=1822"}],"curies":[{"name":"wp","href":"https:\/\/api.w.org\/{rel}","templated":true}]}}