{"id":1793,"date":"2025-03-21T13:23:19","date_gmt":"2025-03-21T13:23:19","guid":{"rendered":"https:\/\/cryosivfclinic.com\/traitements-de-fertilite\/congelation-des-spermatozoides\/"},"modified":"2026-02-06T09:38:11","modified_gmt":"2026-02-06T09:38:11","slug":"congelation-des-spermatozoides","status":"publish","type":"page","link":"https:\/\/cryosivfclinic.com\/fr\/traitements-de-fertilite\/congelation-des-spermatozoides\/","title":{"rendered":"Cong\u00e9lation des spermatozo\u00efdes"},"content":{"rendered":"\t\t<div data-elementor-type=\"wp-page\" data-elementor-id=\"1793\" class=\"elementor elementor-1793 elementor-354\" data-elementor-post-type=\"page\">\n\t\t\t\t<div class=\"elementor-element elementor-element-f47eb34 paddedsection e-flex e-con-boxed e-con e-parent\" data-id=\"f47eb34\" data-element_type=\"container\" data-e-type=\"container\">\n\t\t\t\t\t<div class=\"e-con-inner\">\n\t\t\t\t<div class=\"elementor-element elementor-element-b3641b7 elementor-widget elementor-widget-heading\" data-id=\"b3641b7\" data-element_type=\"widget\" data-e-type=\"widget\" data-widget_type=\"heading.default\">\n\t\t\t\t\t<h1 class=\"elementor-heading-title elementor-size-default\">Cong\u00e9lation des spermatozo\u00efdes\n<\/h1>\t\t\t\t<\/div>\n\t\t\t\t<div class=\"elementor-element elementor-element-ef98c75 lastnospace elementor-widget elementor-widget-text-editor\" data-id=\"ef98c75\" data-element_type=\"widget\" data-e-type=\"widget\" data-widget_type=\"text-editor.default\">\n\t\t\t\t\t\t\t\t\t<p>Souhaitez-vous pr\u00e9server votre capacit\u00e9 \u00e0 avoir des enfants ? La cong\u00e9lation et la conservation de sperme \u00e0 la clinique de FIV Cryos pourraient alors \u00eatre le bon choix pour vous.   <\/p>\t\t\t\t\t\t\t\t<\/div>\n\t\t\t\t<div class=\"elementor-element elementor-element-fa14654 elementor-widget-divider--view-line elementor-widget elementor-widget-divider\" data-id=\"fa14654\" data-element_type=\"widget\" data-e-type=\"widget\" data-widget_type=\"divider.default\">\n\t\t\t\t\t\t\t<div class=\"elementor-divider\">\n\t\t\t<span class=\"elementor-divider-separator\">\n\t\t\t\t\t\t<\/span>\n\t\t<\/div>\n\t\t\t\t\t\t<\/div>\n\t\t\t\t<div class=\"elementor-element elementor-element-437946a elementor-widget elementor-widget-text-editor\" data-id=\"437946a\" data-element_type=\"widget\" data-e-type=\"widget\" data-widget_type=\"text-editor.default\">\n\t\t\t\t\t\t\t\t\tDiff\u00e9rentes raisons peuvent motiver le choix de la cong\u00e9lation de sperme. Vous trouverez ici plus d&rsquo;informations sur les cas o\u00f9 la cong\u00e9lation de sperme est pertinente et sur son fonctionnement. <br class=\"a\"><br class=\"a\"><h2>Qu&rsquo;est-ce que la cong\u00e9lation de sperme ?<\/h2>La cong\u00e9lation des spermatozo\u00efdes consiste \u00e0 conserver des \u00e9chantillons de sperme \u00e0 une temp\u00e9rature de -196\u00b0C dans un r\u00e9servoir de stockage. Apr\u00e8s d\u00e9cong\u00e9lation, le sperme peut \u00eatre utilis\u00e9 pour un traitement de fertilit\u00e9. Ce processus vous permet de pr\u00e9server votre capacit\u00e9 \u00e0 avoir des enfants.  \t\t\t\t\t\t\t\t<\/div>\n\t\t\t\t<div class=\"elementor-element elementor-element-d63cfd0 elementor-widget elementor-widget-image\" data-id=\"d63cfd0\" data-element_type=\"widget\" data-e-type=\"widget\" data-widget_type=\"image.default\">\n\t\t\t\t\t\t\t\t\t\t\t\t\t\t\t<img fetchpriority=\"high\" decoding=\"async\" width=\"960\" height=\"540\" src=\"https:\/\/cryosivfclinic.com\/wp-content\/uploads\/2025\/03\/Man-considering-sperm-freezing-at-Cryos-IVF-Clinic.jpg\" class=\"attachment-full size-full wp-image-1634\" alt=\"Un homme envisage la cong\u00e9lation de sperme \u00e0 la clinique de FIV Cryos\" srcset=\"https:\/\/cryosivfclinic.com\/wp-content\/uploads\/2025\/03\/Man-considering-sperm-freezing-at-Cryos-IVF-Clinic.jpg 960w, https:\/\/cryosivfclinic.com\/wp-content\/uploads\/2025\/03\/Man-considering-sperm-freezing-at-Cryos-IVF-Clinic-300x169.jpg 300w, https:\/\/cryosivfclinic.com\/wp-content\/uploads\/2025\/03\/Man-considering-sperm-freezing-at-Cryos-IVF-Clinic-768x432.jpg 768w\" sizes=\"(max-width: 960px) 100vw, 960px\" \/>\t\t\t\t\t\t\t\t\t\t\t\t\t\t\t<\/div>\n\t\t\t\t<div class=\"elementor-element elementor-element-bc1075c elementor-widget elementor-widget-text-editor\" data-id=\"bc1075c\" data-element_type=\"widget\" data-e-type=\"widget\" data-widget_type=\"text-editor.default\">\n\t\t\t\t\t\t\t\t\t<h2>La cong\u00e9lation de sperme me convient-elle ?<\/h2><p>Le stockage des spermatozo\u00efdes peut \u00eatre utile si vous :<\/p><ul><li>Vous envisagez une vasectomie<\/li><li>Vous suivez un traitement contre le cancer ou vous souffrez d&rsquo;une autre maladie pouvant entra\u00eener la st\u00e9rilit\u00e9*.<\/li><li>Vous suivez un traitement de fertilit\u00e9, mais vous ne pouvez pas \u00eatre pr\u00e9sent \u00e0 l&rsquo;heure pr\u00e9vue pour le traitement en raison d&rsquo;un voyage international, de votre travail, etc.<\/li><li>ne sont pas en mesure de fournir un \u00e9chantillon de sperme sur demande au moment du traitement de fertilit\u00e9<\/li><li>Travailler avec des produits chimiques dangereux qui peuvent nuire \u00e0 votre sperme<\/li><li>Vous souhaitez simplement pr\u00e9server votre capacit\u00e9 \u00e0 vous reproduire<\/li><\/ul><p>*En cas de d\u00e9p\u00f4t en raison d&rsquo;une chimioth\u00e9rapie ou d&rsquo;une radioth\u00e9rapie, nous recommandons que le sperme soit recueilli avant le d\u00e9but du traitement. Si cela n&rsquo;est pas possible, nous vous recommandons de consulter le m\u00e9decin responsable de votre traitement pour obtenir des conseils suppl\u00e9mentaires. <\/p><p>Quelle que soit la raison pour laquelle vous souhaitez congeler votre sperme, nous serons heureux de vous aider \u00e0 la clinique de FIV Cryos.<\/p><h2>Comment fonctionne la cong\u00e9lation de sperme ?<\/h2><p>Si vous souhaitez congeler et conserver votre sperme chez Cryos, vous devrez passer par quelques \u00e9tapes. D\u00e9couvrez ci-dessous comment commencer et comment utiliser votre stockage \u00e0 l&rsquo;avenir. <\/p><ol><li><strong>Consultation \u00e0 la Cryos IVF Clinic<\/strong><br>Contactez-nous pour prendre rendez-vous pour une consultation. Lors de la consultation avec notre personnel, vous pourrez discuter des options qui s&rsquo;offrent \u00e0 vous en fonction de votre situation sp\u00e9cifique. <\/li><li><strong>Produire un \u00e9chantillon de sperme<br><\/strong>Notre personnel vous montrera nos salles priv\u00e9es o\u00f9 vous pourrez prendre votre temps pour produire l&rsquo;\u00e9chantillon de sperme. Ensuite, notre personnel veillera \u00e0 ce que l&rsquo;\u00e9chantillon soit trait\u00e9 dans notre laboratoire. Il est \u00e9galement possible d&rsquo;effectuer l&rsquo;\u00e9chantillon de sperme \u00e0 domicile. Il suffit de le faire dans l&rsquo;heure qui suit l&rsquo;\u00e9jaculation. Pour obtenir le meilleur r\u00e9sultat, nous vous recommandons une abstinence sexuelle d&rsquo;au moins 2 jours avant le d\u00e9p\u00f4t de sperme.    <\/li><li><strong>Analyse de sang et de sperme<br><\/strong>En laboratoire, nous \u00e9valuerons la qualit\u00e9 de votre sperme et d\u00e9terminerons s&rsquo;il peut \u00eatre congel\u00e9. Nous aurons \u00e9galement besoin d&rsquo;une analyse de sang pour v\u00e9rifier la pr\u00e9sence de certaines maladies infectieuses. L&rsquo;analyse de sang est obligatoire pour le d\u00e9p\u00f4t de sperme. Nous aurons besoin des r\u00e9sultats du test pour organiser votre conservation. Par cons\u00e9quent, veuillez vous assurer que les r\u00e9sultats des tests sont apport\u00e9s ou envoy\u00e9s \u00e0 Cryos IVF Clinic d\u00e8s que possible si le test sanguin est effectu\u00e9 par votre propre m\u00e9decin. Les tests suivants sont obligatoires conform\u00e9ment \u00e0 la l\u00e9gislation locale :     <p>&#8211; VIH (anti-HIV 1\/2)<br>&#8211; H\u00e9patite B (anti-HBc, HBsAg)<br>&#8211; H\u00e9patite C (anti-HCV)<br>&#8211; Syphilis<\/p><\/li><li><strong>Le sperme est congel\u00e9 et conserv\u00e9<br><\/strong>Votre \u00e9chantillon de sperme sera congel\u00e9 et conserv\u00e9 \u00e0 la Cryos IVF Clinic jusqu&rsquo;\u00e0 ce que vous soyez pr\u00eat \u00e0 l&rsquo;utiliser dans le cadre d&rsquo;un traitement de fertilit\u00e9.<p> <\/p><\/li><\/ol><h2>Combien co\u00fbte la cong\u00e9lation du sperme ?<\/h2><p>Le co\u00fbt de la cong\u00e9lation de sperme, y compris 1 an de conservation, est de 677 \u20ac.  <a href=\"https:\/\/cryosivfclinic.com\/fr\/apercu-des-prix\/\">Pour en savoir plus sur nos tarifs et nos frais de stockage, cliquez ici.<\/a><\/p><h3>Subvention \u00e9ventuelle du minist\u00e8re chypriote de la sant\u00e9<\/h3><p>Le minist\u00e8re chypriote de la sant\u00e9 offre une subvention aux hommes qui choisissent la pr\u00e9servation de la fertilit\u00e9. Contactez-nous pour plus d&rsquo;informations. Les conditions g\u00e9n\u00e9rales du minist\u00e8re chypriote de la sant\u00e9 s&rsquo;appliquent.  <\/p><h2>Envisagez-vous la cong\u00e9lation de sperme ?<\/h2><p>Si vous souhaitez effectuer une cong\u00e9lation de sperme \u00e0 la Cryos IVF Clinic, veuillez nous contacter. Nous nous ferons un plaisir de vous aider tout au long du processus et de r\u00e9pondre \u00e0 toutes vos questions. <\/p>\t\t\t\t\t\t\t\t<\/div>\n\t\t\t\t<div class=\"elementor-element elementor-element-7e8b84e elementor-align-center elementor-widget elementor-widget-button\" data-id=\"7e8b84e\" data-element_type=\"widget\" data-e-type=\"widget\" data-widget_type=\"button.default\">\n\t\t\t\t\t\t\t\t\t\t<a class=\"elementor-button elementor-button-link elementor-size-sm\" href=\"https:\/\/cryosivfclinic.com\/fr\/contact\/\">\n\t\t\t\t\t\t<span class=\"elementor-button-content-wrapper\">\n\t\t\t\t\t\t\t\t\t<span class=\"elementor-button-text\">Contactez nous<\/span>\n\t\t\t\t\t<\/span>\n\t\t\t\t\t<\/a>\n\t\t\t\t\t\t\t\t<\/div>\n\t\t\t\t<div class=\"elementor-element elementor-element-348ffbe elementor-widget elementor-widget-spacer\" data-id=\"348ffbe\" data-element_type=\"widget\" data-e-type=\"widget\" data-widget_type=\"spacer.default\">\n\t\t\t\t\t\t\t<div class=\"elementor-spacer\">\n\t\t\t<div class=\"elementor-spacer-inner\"><\/div>\n\t\t<\/div>\n\t\t\t\t\t\t<\/div>\n\t\t\t\t<div class=\"elementor-element elementor-element-71d8dba elementor-widget elementor-widget-text-editor\" data-id=\"71d8dba\" data-element_type=\"widget\" data-e-type=\"widget\" data-widget_type=\"text-editor.default\">\n\t\t\t\t\t\t\t\t\t<h2>Questions fr\u00e9quemment pos\u00e9es sur la cong\u00e9lation de sperme<\/h2><br class=\"a\"><h3>Pourquoi congeler du sperme ?<\/h3>\nIl existe diff\u00e9rentes raisons personnelles et m\u00e9dicales de congeler et de conserver votre sperme. Certaines de ces raisons peuvent \u00eatre dues \u00e0 des maladies, \u00e0 des traitements ou \u00e0 un environnement de travail susceptibles de nuire \u00e0 la qualit\u00e9 de votre sperme. La cong\u00e9lation de votre sperme permet de pr\u00e9server votre capacit\u00e9 \u00e0 avoir des enfants.  <br class=\"a\"><br class=\"a\"><h3>Combien de temps pouvez-vous conserver le sperme ?<\/h3>\nUne fois le sperme congel\u00e9, il peut \u00eatre conserv\u00e9 \u00e0 -196\u00b0C jusqu&rsquo;\u00e0 la fin de votre vie &#8211; il n&rsquo;y a pas de date de p\u00e9remption. Conform\u00e9ment \u00e0 la l\u00e9gislation locale, la dur\u00e9e de conservation maximale autoris\u00e9e est de 10 ans, avec la possibilit\u00e9 de prolonger cette dur\u00e9e de 10 ans sur approbation du Conseil local de la procr\u00e9ation m\u00e9dicalement assist\u00e9e (CMAR). \t\t\t\t\t\t\t\t<\/div>\n\t\t\t\t\t<\/div>\n\t\t\t\t<\/div>\n\t\t\t\t<\/div>\n\t\t","protected":false},"excerpt":{"rendered":"<p>Cong\u00e9lation des spermatozo\u00efdes Souhaitez-vous pr\u00e9server votre capacit\u00e9 \u00e0 avoir des enfants ? La cong\u00e9lation et la conservation de sperme \u00e0 la clinique de FIV Cryos pourraient alors \u00eatre le bon choix pour vous. Diff\u00e9rentes raisons peuvent motiver le choix de la cong\u00e9lation de sperme. Vous trouverez ici plus d&rsquo;informations sur les cas o\u00f9 la cong\u00e9lation [&hellip;]<\/p>\n","protected":false},"author":2,"featured_media":0,"parent":1767,"menu_order":0,"comment_status":"closed","ping_status":"closed","template":"","meta":{"footnotes":""},"class_list":["post-1793","page","type-page","status-publish","hentry"],"yoast_head":"<!-- This site is optimized with the Yoast SEO plugin v27.4 - https:\/\/yoast.com\/product\/yoast-seo-wordpress\/ -->\n<title>Cong\u00e9lation des spermatozo\u00efdes - Cryos IVF Clinic in Cyprus<\/title>\n<meta name=\"description\" content=\"La cong\u00e9lation de votre sperme peut \u00eatre une bonne option si vous souhaitez pr\u00e9server votre fertilit\u00e9. D\u00e9couvrez ici comment cela fonctionne.\" \/>\n<meta name=\"robots\" content=\"index, follow, max-snippet:-1, max-image-preview:large, max-video-preview:-1\" \/>\n<link rel=\"canonical\" href=\"https:\/\/cryosivfclinic.com\/fr\/traitements-de-fertilite\/congelation-des-spermatozoides\/\" \/>\n<meta property=\"og:locale\" content=\"fr_FR\" \/>\n<meta property=\"og:type\" content=\"article\" \/>\n<meta property=\"og:title\" content=\"Cong\u00e9lation des spermatozo\u00efdes - Cryos IVF Clinic in Cyprus\" \/>\n<meta property=\"og:description\" content=\"La cong\u00e9lation de votre sperme peut \u00eatre une bonne option si vous souhaitez pr\u00e9server votre fertilit\u00e9. D\u00e9couvrez ici comment cela fonctionne.\" \/>\n<meta property=\"og:url\" content=\"https:\/\/cryosivfclinic.com\/fr\/traitements-de-fertilite\/congelation-des-spermatozoides\/\" \/>\n<meta property=\"og:site_name\" content=\"Cryos IVF Clinic in Cyprus\" \/>\n<meta property=\"article:modified_time\" content=\"2026-02-06T09:38:11+00:00\" \/>\n<meta property=\"og:image\" content=\"https:\/\/cryosivfclinic.com\/wp-content\/uploads\/2025\/03\/Man-considering-sperm-freezing-at-Cryos-IVF-Clinic.jpg\" \/>\n\t<meta property=\"og:image:width\" content=\"960\" \/>\n\t<meta property=\"og:image:height\" content=\"540\" \/>\n\t<meta property=\"og:image:type\" content=\"image\/jpeg\" \/>\n<meta name=\"twitter:card\" content=\"summary_large_image\" \/>\n<meta name=\"twitter:label1\" content=\"Dur\u00e9e de lecture estim\u00e9e\" \/>\n\t<meta name=\"twitter:data1\" content=\"4 minutes\" \/>\n<script type=\"application\/ld+json\" class=\"yoast-schema-graph\">{\"@context\":\"https:\\\/\\\/schema.org\",\"@graph\":[{\"@type\":\"WebPage\",\"@id\":\"https:\\\/\\\/cryosivfclinic.com\\\/fr\\\/traitements-de-fertilite\\\/congelation-des-spermatozoides\\\/\",\"url\":\"https:\\\/\\\/cryosivfclinic.com\\\/fr\\\/traitements-de-fertilite\\\/congelation-des-spermatozoides\\\/\",\"name\":\"Cong\u00e9lation des spermatozo\u00efdes - Cryos IVF Clinic in Cyprus\",\"isPartOf\":{\"@id\":\"https:\\\/\\\/cryosivfclinic.com\\\/fr\\\/#website\"},\"primaryImageOfPage\":{\"@id\":\"https:\\\/\\\/cryosivfclinic.com\\\/fr\\\/traitements-de-fertilite\\\/congelation-des-spermatozoides\\\/#primaryimage\"},\"image\":{\"@id\":\"https:\\\/\\\/cryosivfclinic.com\\\/fr\\\/traitements-de-fertilite\\\/congelation-des-spermatozoides\\\/#primaryimage\"},\"thumbnailUrl\":\"https:\\\/\\\/cryosivfclinic.com\\\/wp-content\\\/uploads\\\/2025\\\/03\\\/Man-considering-sperm-freezing-at-Cryos-IVF-Clinic.jpg\",\"datePublished\":\"2025-03-21T13:23:19+00:00\",\"dateModified\":\"2026-02-06T09:38:11+00:00\",\"description\":\"La cong\u00e9lation de votre sperme peut \u00eatre une bonne option si vous souhaitez pr\u00e9server votre fertilit\u00e9. D\u00e9couvrez ici comment cela fonctionne.\",\"breadcrumb\":{\"@id\":\"https:\\\/\\\/cryosivfclinic.com\\\/fr\\\/traitements-de-fertilite\\\/congelation-des-spermatozoides\\\/#breadcrumb\"},\"inLanguage\":\"fr-FR\",\"potentialAction\":[{\"@type\":\"ReadAction\",\"target\":[\"https:\\\/\\\/cryosivfclinic.com\\\/fr\\\/traitements-de-fertilite\\\/congelation-des-spermatozoides\\\/\"]}]},{\"@type\":\"ImageObject\",\"inLanguage\":\"fr-FR\",\"@id\":\"https:\\\/\\\/cryosivfclinic.com\\\/fr\\\/traitements-de-fertilite\\\/congelation-des-spermatozoides\\\/#primaryimage\",\"url\":\"https:\\\/\\\/cryosivfclinic.com\\\/wp-content\\\/uploads\\\/2025\\\/03\\\/Man-considering-sperm-freezing-at-Cryos-IVF-Clinic.jpg\",\"contentUrl\":\"https:\\\/\\\/cryosivfclinic.com\\\/wp-content\\\/uploads\\\/2025\\\/03\\\/Man-considering-sperm-freezing-at-Cryos-IVF-Clinic.jpg\"},{\"@type\":\"BreadcrumbList\",\"@id\":\"https:\\\/\\\/cryosivfclinic.com\\\/fr\\\/traitements-de-fertilite\\\/congelation-des-spermatozoides\\\/#breadcrumb\",\"itemListElement\":[{\"@type\":\"ListItem\",\"position\":1,\"name\":\"Home\",\"item\":\"https:\\\/\\\/cryosivfclinic.com\\\/fr\\\/fertility-treatment\\\/\"},{\"@type\":\"ListItem\",\"position\":2,\"name\":\"Traitements de fertilit\u00e9\",\"item\":\"https:\\\/\\\/cryosivfclinic.com\\\/fr\\\/traitements-de-fertilite\\\/\"},{\"@type\":\"ListItem\",\"position\":3,\"name\":\"Cong\u00e9lation des spermatozo\u00efdes\"}]},{\"@type\":\"WebSite\",\"@id\":\"https:\\\/\\\/cryosivfclinic.com\\\/fr\\\/#website\",\"url\":\"https:\\\/\\\/cryosivfclinic.com\\\/fr\\\/\",\"name\":\"Cryos IVF Clinic in Cyprus\",\"description\":\"\",\"publisher\":{\"@id\":\"https:\\\/\\\/cryosivfclinic.com\\\/fr\\\/#organization\"},\"potentialAction\":[{\"@type\":\"SearchAction\",\"target\":{\"@type\":\"EntryPoint\",\"urlTemplate\":\"https:\\\/\\\/cryosivfclinic.com\\\/fr\\\/?s={search_term_string}\"},\"query-input\":{\"@type\":\"PropertyValueSpecification\",\"valueRequired\":true,\"valueName\":\"search_term_string\"}}],\"inLanguage\":\"fr-FR\"},{\"@type\":\"Organization\",\"@id\":\"https:\\\/\\\/cryosivfclinic.com\\\/fr\\\/#organization\",\"name\":\"Cryos IVF Clinic in Cyprus\",\"url\":\"https:\\\/\\\/cryosivfclinic.com\\\/fr\\\/\",\"logo\":{\"@type\":\"ImageObject\",\"inLanguage\":\"fr-FR\",\"@id\":\"https:\\\/\\\/cryosivfclinic.com\\\/fr\\\/#\\\/schema\\\/logo\\\/image\\\/\",\"url\":\"https:\\\/\\\/cryosivfclinic.com\\\/wp-content\\\/uploads\\\/2025\\\/01\\\/Cryos_Clinic_Logo_RGB_Blue_Black_ank.png\",\"contentUrl\":\"https:\\\/\\\/cryosivfclinic.com\\\/wp-content\\\/uploads\\\/2025\\\/01\\\/Cryos_Clinic_Logo_RGB_Blue_Black_ank.png\",\"width\":367,\"height\":207,\"caption\":\"Cryos IVF Clinic in Cyprus\"},\"image\":{\"@id\":\"https:\\\/\\\/cryosivfclinic.com\\\/fr\\\/#\\\/schema\\\/logo\\\/image\\\/\"}}]}<\/script>\n<!-- \/ Yoast SEO plugin. -->","yoast_head_json":{"title":"Cong\u00e9lation des spermatozo\u00efdes - Cryos IVF Clinic in Cyprus","description":"La cong\u00e9lation de votre sperme peut \u00eatre une bonne option si vous souhaitez pr\u00e9server votre fertilit\u00e9. D\u00e9couvrez ici comment cela fonctionne.","robots":{"index":"index","follow":"follow","max-snippet":"max-snippet:-1","max-image-preview":"max-image-preview:large","max-video-preview":"max-video-preview:-1"},"canonical":"https:\/\/cryosivfclinic.com\/fr\/traitements-de-fertilite\/congelation-des-spermatozoides\/","og_locale":"fr_FR","og_type":"article","og_title":"Cong\u00e9lation des spermatozo\u00efdes - Cryos IVF Clinic in Cyprus","og_description":"La cong\u00e9lation de votre sperme peut \u00eatre une bonne option si vous souhaitez pr\u00e9server votre fertilit\u00e9. D\u00e9couvrez ici comment cela fonctionne.","og_url":"https:\/\/cryosivfclinic.com\/fr\/traitements-de-fertilite\/congelation-des-spermatozoides\/","og_site_name":"Cryos IVF Clinic in Cyprus","article_modified_time":"2026-02-06T09:38:11+00:00","og_image":[{"width":960,"height":540,"url":"https:\/\/cryosivfclinic.com\/wp-content\/uploads\/2025\/03\/Man-considering-sperm-freezing-at-Cryos-IVF-Clinic.jpg","type":"image\/jpeg"}],"twitter_card":"summary_large_image","twitter_misc":{"Dur\u00e9e de lecture estim\u00e9e":"4 minutes"},"schema":{"@context":"https:\/\/schema.org","@graph":[{"@type":"WebPage","@id":"https:\/\/cryosivfclinic.com\/fr\/traitements-de-fertilite\/congelation-des-spermatozoides\/","url":"https:\/\/cryosivfclinic.com\/fr\/traitements-de-fertilite\/congelation-des-spermatozoides\/","name":"Cong\u00e9lation des spermatozo\u00efdes - Cryos IVF Clinic in Cyprus","isPartOf":{"@id":"https:\/\/cryosivfclinic.com\/fr\/#website"},"primaryImageOfPage":{"@id":"https:\/\/cryosivfclinic.com\/fr\/traitements-de-fertilite\/congelation-des-spermatozoides\/#primaryimage"},"image":{"@id":"https:\/\/cryosivfclinic.com\/fr\/traitements-de-fertilite\/congelation-des-spermatozoides\/#primaryimage"},"thumbnailUrl":"https:\/\/cryosivfclinic.com\/wp-content\/uploads\/2025\/03\/Man-considering-sperm-freezing-at-Cryos-IVF-Clinic.jpg","datePublished":"2025-03-21T13:23:19+00:00","dateModified":"2026-02-06T09:38:11+00:00","description":"La cong\u00e9lation de votre sperme peut \u00eatre une bonne option si vous souhaitez pr\u00e9server votre fertilit\u00e9. D\u00e9couvrez ici comment cela fonctionne.","breadcrumb":{"@id":"https:\/\/cryosivfclinic.com\/fr\/traitements-de-fertilite\/congelation-des-spermatozoides\/#breadcrumb"},"inLanguage":"fr-FR","potentialAction":[{"@type":"ReadAction","target":["https:\/\/cryosivfclinic.com\/fr\/traitements-de-fertilite\/congelation-des-spermatozoides\/"]}]},{"@type":"ImageObject","inLanguage":"fr-FR","@id":"https:\/\/cryosivfclinic.com\/fr\/traitements-de-fertilite\/congelation-des-spermatozoides\/#primaryimage","url":"https:\/\/cryosivfclinic.com\/wp-content\/uploads\/2025\/03\/Man-considering-sperm-freezing-at-Cryos-IVF-Clinic.jpg","contentUrl":"https:\/\/cryosivfclinic.com\/wp-content\/uploads\/2025\/03\/Man-considering-sperm-freezing-at-Cryos-IVF-Clinic.jpg"},{"@type":"BreadcrumbList","@id":"https:\/\/cryosivfclinic.com\/fr\/traitements-de-fertilite\/congelation-des-spermatozoides\/#breadcrumb","itemListElement":[{"@type":"ListItem","position":1,"name":"Home","item":"https:\/\/cryosivfclinic.com\/fr\/fertility-treatment\/"},{"@type":"ListItem","position":2,"name":"Traitements de fertilit\u00e9","item":"https:\/\/cryosivfclinic.com\/fr\/traitements-de-fertilite\/"},{"@type":"ListItem","position":3,"name":"Cong\u00e9lation des spermatozo\u00efdes"}]},{"@type":"WebSite","@id":"https:\/\/cryosivfclinic.com\/fr\/#website","url":"https:\/\/cryosivfclinic.com\/fr\/","name":"Cryos IVF Clinic in Cyprus","description":"","publisher":{"@id":"https:\/\/cryosivfclinic.com\/fr\/#organization"},"potentialAction":[{"@type":"SearchAction","target":{"@type":"EntryPoint","urlTemplate":"https:\/\/cryosivfclinic.com\/fr\/?s={search_term_string}"},"query-input":{"@type":"PropertyValueSpecification","valueRequired":true,"valueName":"search_term_string"}}],"inLanguage":"fr-FR"},{"@type":"Organization","@id":"https:\/\/cryosivfclinic.com\/fr\/#organization","name":"Cryos IVF Clinic in Cyprus","url":"https:\/\/cryosivfclinic.com\/fr\/","logo":{"@type":"ImageObject","inLanguage":"fr-FR","@id":"https:\/\/cryosivfclinic.com\/fr\/#\/schema\/logo\/image\/","url":"https:\/\/cryosivfclinic.com\/wp-content\/uploads\/2025\/01\/Cryos_Clinic_Logo_RGB_Blue_Black_ank.png","contentUrl":"https:\/\/cryosivfclinic.com\/wp-content\/uploads\/2025\/01\/Cryos_Clinic_Logo_RGB_Blue_Black_ank.png","width":367,"height":207,"caption":"Cryos IVF Clinic in Cyprus"},"image":{"@id":"https:\/\/cryosivfclinic.com\/fr\/#\/schema\/logo\/image\/"}}]}},"_links":{"self":[{"href":"https:\/\/cryosivfclinic.com\/fr\/wp-json\/wp\/v2\/pages\/1793","targetHints":{"allow":["GET"]}}],"collection":[{"href":"https:\/\/cryosivfclinic.com\/fr\/wp-json\/wp\/v2\/pages"}],"about":[{"href":"https:\/\/cryosivfclinic.com\/fr\/wp-json\/wp\/v2\/types\/page"}],"author":[{"embeddable":true,"href":"https:\/\/cryosivfclinic.com\/fr\/wp-json\/wp\/v2\/users\/2"}],"replies":[{"embeddable":true,"href":"https:\/\/cryosivfclinic.com\/fr\/wp-json\/wp\/v2\/comments?post=1793"}],"version-history":[{"count":5,"href":"https:\/\/cryosivfclinic.com\/fr\/wp-json\/wp\/v2\/pages\/1793\/revisions"}],"predecessor-version":[{"id":2744,"href":"https:\/\/cryosivfclinic.com\/fr\/wp-json\/wp\/v2\/pages\/1793\/revisions\/2744"}],"up":[{"embeddable":true,"href":"https:\/\/cryosivfclinic.com\/fr\/wp-json\/wp\/v2\/pages\/1767"}],"wp:attachment":[{"href":"https:\/\/cryosivfclinic.com\/fr\/wp-json\/wp\/v2\/media?parent=1793"}],"curies":[{"name":"wp","href":"https:\/\/api.w.org\/{rel}","templated":true}]}}