{"id":1767,"date":"2025-03-21T13:34:19","date_gmt":"2025-03-21T13:34:19","guid":{"rendered":"https:\/\/cryosivfclinic.com\/traitements-de-fertilite\/"},"modified":"2025-04-08T14:17:23","modified_gmt":"2025-04-08T14:17:23","slug":"traitements-de-fertilite","status":"publish","type":"page","link":"https:\/\/cryosivfclinic.com\/fr\/traitements-de-fertilite\/","title":{"rendered":"Traitements de fertilit\u00e9"},"content":{"rendered":"\t\t<div data-elementor-type=\"wp-page\" data-elementor-id=\"1767\" class=\"elementor elementor-1767 elementor-379\" data-elementor-post-type=\"page\">\n\t\t\t\t<div class=\"elementor-element elementor-element-32383e1 paddedsection_top e-flex e-con-boxed e-con e-parent\" data-id=\"32383e1\" data-element_type=\"container\" data-e-type=\"container\">\n\t\t\t\t\t<div class=\"e-con-inner\">\n\t\t\t\t<div class=\"elementor-element elementor-element-63e7e10 elementor-widget elementor-widget-heading\" data-id=\"63e7e10\" data-element_type=\"widget\" data-e-type=\"widget\" data-widget_type=\"heading.default\">\n\t\t\t\t\t<h1 class=\"elementor-heading-title elementor-size-default\">Traitements \u00e0 la clinique de FIV Cryos\n<\/h1>\t\t\t\t<\/div>\n\t\t\t\t<div class=\"elementor-element elementor-element-a9806bf lastnospace elementor-widget elementor-widget-text-editor\" data-id=\"a9806bf\" data-element_type=\"widget\" data-e-type=\"widget\" data-widget_type=\"text-editor.default\">\n\t\t\t\t\t\t\t\t\t<p>Nous proposons une large gamme de services de fertilit\u00e9 con\u00e7us pour r\u00e9pondre \u00e0 vos besoins sp\u00e9cifiques. D\u00e9couvrez ici comment nous pouvons vous aider. <\/p>\t\t\t\t\t\t\t\t<\/div>\n\t\t\t\t<div class=\"elementor-element elementor-element-934f14b elementor-widget-divider--view-line elementor-widget elementor-widget-divider\" data-id=\"934f14b\" data-element_type=\"widget\" data-e-type=\"widget\" data-widget_type=\"divider.default\">\n\t\t\t\t\t\t\t<div class=\"elementor-divider\">\n\t\t\t<span class=\"elementor-divider-separator\">\n\t\t\t\t\t\t<\/span>\n\t\t<\/div>\n\t\t\t\t\t\t<\/div>\n\t\t\t\t<div class=\"elementor-element elementor-element-e27ae7b elementor-widget elementor-widget-text-editor\" data-id=\"e27ae7b\" data-element_type=\"widget\" data-e-type=\"widget\" data-widget_type=\"text-editor.default\">\n\t\t\t\t\t\t\t\t\t<p>Que vous souhaitiez pr\u00e9server votre fertilit\u00e9 ou devenir parent &#8211; peut-\u00eatre avec l&rsquo;aide d&rsquo;un donneur &#8211; nous sommes l\u00e0 pour vous. Poursuivez votre lecture pour d\u00e9couvrir les services de fertilit\u00e9 que nous proposons. <\/p>\t\t\t\t\t\t\t\t<\/div>\n\t\t\t\t<div class=\"elementor-element elementor-element-815301e elementor-widget elementor-widget-image\" data-id=\"815301e\" data-element_type=\"widget\" data-e-type=\"widget\" data-widget_type=\"image.default\">\n\t\t\t\t\t\t\t\t\t\t\t\t\t\t\t<img fetchpriority=\"high\" decoding=\"async\" width=\"960\" height=\"540\" src=\"https:\/\/cryosivfclinic.com\/wp-content\/uploads\/2025\/03\/pregnant-belly-after-fertility-treatment.jpg\" class=\"attachment-full size-full wp-image-1688\" alt=\"\" srcset=\"https:\/\/cryosivfclinic.com\/wp-content\/uploads\/2025\/03\/pregnant-belly-after-fertility-treatment.jpg 960w, https:\/\/cryosivfclinic.com\/wp-content\/uploads\/2025\/03\/pregnant-belly-after-fertility-treatment-300x169.jpg 300w, https:\/\/cryosivfclinic.com\/wp-content\/uploads\/2025\/03\/pregnant-belly-after-fertility-treatment-768x432.jpg 768w\" sizes=\"(max-width: 960px) 100vw, 960px\" \/>\t\t\t\t\t\t\t\t\t\t\t\t\t\t\t<\/div>\n\t\t\t\t<div class=\"elementor-element elementor-element-d429c16 elementor-widget elementor-widget-text-editor\" data-id=\"d429c16\" data-element_type=\"widget\" data-e-type=\"widget\" data-widget_type=\"text-editor.default\">\n\t\t\t\t\t\t\t\t\t<h2>Traitements de fertilit\u00e9 \u00e0 la clinique de FIV Cryos<\/h2>\nNous comprenons que le traitement de la fertilit\u00e9 peut \u00eatre un voyage \u00e9motionnel et physique. \u00c0 la clinique de FIV Cryos, <a href=\"https:\/\/cryosivfclinic.com\/fr\/notre-clinique\/notre-equipe\/\">notre \u00e9quipe exp\u00e9riment\u00e9e<\/a> est l\u00e0 pour vous soutenir, vous guider et vous \u00e9couter \u00e0 chaque \u00e9tape, afin que vous puissiez vous concentrer sur ce qui compte vraiment : r\u00e9aliser votre r\u00eave d&rsquo;avoir un enfant. D\u00e9couvrez les traitements de fertilit\u00e9 que nous proposons ci-dessous.  <br class=\"a\"><br class=\"a\"><h3>FIV\/ICSI<\/h3>\nLa f\u00e9condation in vitro (FIV) et l&rsquo;injection intracytoplasmique de spermatozo\u00efdes (ICSI) consistent \u00e0 f\u00e9conder des ovules avec des spermatozo\u00efdes en laboratoire, avant de transf\u00e9rer un embryon dans l&rsquo;ut\u00e9rus. Ces traitements avanc\u00e9s augmentent les chances de conception pour de nombreux patients. <br class=\"a\"><br class=\"a\"><a href=\"https:\/\/cryosivfclinic.com\/treatments\/ivf\/\">\u00c0 propos de la FIV\/ICSI<\/a>\t\t\t\t\t\t\t\t<\/div>\n\t\t\t\t<div class=\"elementor-element elementor-element-59f6860 elementor-widget elementor-widget-text-editor\" data-id=\"59f6860\" data-element_type=\"widget\" data-e-type=\"widget\" data-widget_type=\"text-editor.default\">\n\t\t\t\t\t\t\t\t\t<h3>IUI<\/h3>\nL&rsquo;IIU est un traitement de fertilit\u00e9 simple et peu invasif qui consiste \u00e0 injecter du sperme dans l&rsquo;ut\u00e9rus au moment de l&rsquo;ovulation, afin d&rsquo;aider les spermatozo\u00efdes \u00e0 s&rsquo;approcher de l&rsquo;ovule. Cette m\u00e9thode est id\u00e9ale pour les couples ayant de l\u00e9gers probl\u00e8mes de fertilit\u00e9 ou pour les femmes c\u00e9libataires qui utilisent le sperme d&rsquo;un donneur. <br class=\"a\"><br class=\"a\"><a href=\"https:\/\/cryosivfclinic.com\/treatments\/iui\/\">\u00c0 propos de l&rsquo;IIU<\/a>\t\t\t\t\t\t\t\t<\/div>\n\t\t\t\t<div class=\"elementor-element elementor-element-77867ce elementor-widget elementor-widget-text-editor\" data-id=\"77867ce\" data-element_type=\"widget\" data-e-type=\"widget\" data-widget_type=\"text-editor.default\">\n\t\t\t\t\t\t\t\t\t<h3>Traitement avec des ovules de donneuses<\/h3>\nPour les personnes ou les couples qui ne peuvent pas utiliser leurs propres ovules, le don d&rsquo;ovules constitue une voie viable vers la parentalit\u00e9. Avec l&rsquo;aide d&rsquo;une donneuse d&rsquo;ovules, la FIV\/ICSI peut augmenter les chances de r\u00e9ussite d&rsquo;une grossesse. <br class=\"a\"><br class=\"a\"><a href=\"https:\/\/cryosivfclinic.com\/treatments\/treatment-with-donor-eggs\/\">\u00c0 propos de l&rsquo;utilisation d&rsquo;ovules de donneuses<\/a>\t\t\t\t\t\t\t\t<\/div>\n\t\t\t\t<div class=\"elementor-element elementor-element-e312da8 elementor-widget elementor-widget-text-editor\" data-id=\"e312da8\" data-element_type=\"widget\" data-e-type=\"widget\" data-widget_type=\"text-editor.default\">\n\t\t\t\t\t\t\t\t\t<h3>Traitement avec le sperme d&rsquo;un donneur<\/h3>\nLe recours \u00e0 un don de sperme est id\u00e9al pour les femmes c\u00e9libataires et les couples confront\u00e9s \u00e0 l&rsquo;infertilit\u00e9 masculine. Pour en savoir plus sur les traitements de procr\u00e9ation assist\u00e9e avec don de sperme, cliquez ici. <br class=\"a\"><br class=\"a\"><a href=\"https:\/\/cryosivfclinic.com\/treatments\/treatment-with-donor-sperm\/\">A propos de l&rsquo;utilisation du sperme d&rsquo;un donneur<\/a>\t\t\t\t\t\t\t\t<\/div>\n\t\t\t\t<div class=\"elementor-element elementor-element-14d557f elementor-widget elementor-widget-text-editor\" data-id=\"14d557f\" data-element_type=\"widget\" data-e-type=\"widget\" data-widget_type=\"text-editor.default\">\n\t\t\t\t\t\t\t\t\t<h3>Transfert d&#8217;embryons congel\u00e9s (FET)<\/h3>\nLa FET consiste \u00e0 d\u00e9congeler et \u00e0 transf\u00e9rer un embryon pr\u00e9alablement congel\u00e9, offrant ainsi une chance de grossesse sans passer par un cycle complet de FIV.<br class=\"a\"><br class=\"a\"><a href=\"https:\/\/cryosivfclinic.com\/treatments\/frozen-embryo-transfer-fet\/\">\u00c0 propos de FET<\/a>\t\t\t\t\t\t\t\t<\/div>\n\t\t\t\t\t<\/div>\n\t\t\t\t<\/div>\n\t\t<div class=\"elementor-element elementor-element-33c61b0 e-flex e-con-boxed e-con e-parent\" data-id=\"33c61b0\" data-element_type=\"container\" data-e-type=\"container\">\n\t\t\t\t\t<div class=\"e-con-inner\">\n\t\t<div class=\"elementor-element elementor-element-3dfcb29 e-con-full paddedsection_bottom e-flex e-con e-child\" data-id=\"3dfcb29\" data-element_type=\"container\" data-e-type=\"container\" data-settings=\"{&quot;background_background&quot;:&quot;classic&quot;}\">\n\t\t\t\t<div class=\"elementor-element elementor-element-64229f2 elementor-widget elementor-widget-text-editor\" data-id=\"64229f2\" data-element_type=\"widget\" data-e-type=\"widget\" data-widget_type=\"text-editor.default\">\n\t\t\t\t\t\t\t\t\t<h2>R\u00e9alisez votre r\u00eave d&rsquo;enfant avec Cryos<\/h2><p>Chaque parcours de fertilit\u00e9 est unique. Contactez-nous pour savoir comment nous pouvons vous accompagner sur le chemin de la parentalit\u00e9. <\/p>\t\t\t\t\t\t\t\t<\/div>\n\t\t\t\t<div class=\"elementor-element elementor-element-fa991dc elementor-align-center elementor-widget elementor-widget-button\" data-id=\"fa991dc\" data-element_type=\"widget\" data-e-type=\"widget\" data-widget_type=\"button.default\">\n\t\t\t\t\t\t\t\t\t\t<a class=\"elementor-button elementor-button-link elementor-size-sm\" href=\"https:\/\/cryosivfclinic.com\/contact\/\">\n\t\t\t\t\t\t<span class=\"elementor-button-content-wrapper\">\n\t\t\t\t\t\t\t\t\t<span class=\"elementor-button-text\">Contacter la clinique de FIV Cryos<\/span>\n\t\t\t\t\t<\/span>\n\t\t\t\t\t<\/a>\n\t\t\t\t\t\t\t\t<\/div>\n\t\t\t\t<\/div>\n\t\t\t\t\t<\/div>\n\t\t\t\t<\/div>\n\t\t<div class=\"elementor-element elementor-element-2fceeb4 paddedsection_bottom e-flex e-con-boxed e-con e-parent\" data-id=\"2fceeb4\" data-element_type=\"container\" data-e-type=\"container\">\n\t\t\t\t\t<div class=\"e-con-inner\">\n\t\t\t\t<div class=\"elementor-element elementor-element-882ed4f elementor-widget elementor-widget-text-editor\" data-id=\"882ed4f\" data-element_type=\"widget\" data-e-type=\"widget\" data-widget_type=\"text-editor.default\">\n\t\t\t\t\t\t\t\t\t<h2>La pr\u00e9servation de la fertilit\u00e9 \u00e0 la clinique de FIV Cryos<\/h2><p>Prenez le contr\u00f4le de votre avenir reproductif gr\u00e2ce \u00e0 nos services de cong\u00e9lation de sperme et d&rsquo;ovules. Que vous souhaitiez retarder votre maternit\u00e9 ou pr\u00e9server votre fertilit\u00e9 pour des raisons m\u00e9dicales, nos services de cong\u00e9lation vous aident \u00e0 garantir vos chances d&rsquo;avoir des enfants \u00e0 l&rsquo;avenir. <br class=\"a\"><br class=\"a\"><\/p><h3>Cong\u00e9lation d&rsquo;ovules<\/h3><p>La cong\u00e9lation d&rsquo;ovules consiste \u00e0 pr\u00e9lever, congeler et stocker vos ovules en vue d&rsquo;une utilisation ult\u00e9rieure. En congelant maintenant des ovules de haute qualit\u00e9, vous pouvez pr\u00e9server votre capacit\u00e9 \u00e0 avoir des enfants plus tard. <br class=\"a\"><br class=\"a\"><a href=\"https:\/\/cryosivfclinic.com\/treatments\/egg-freezing\/\">\u00c0 propos de la cong\u00e9lation des ovules<\/a><\/p>\t\t\t\t\t\t\t\t<\/div>\n\t\t\t\t<div class=\"elementor-element elementor-element-cd18293 elementor-widget elementor-widget-text-editor\" data-id=\"cd18293\" data-element_type=\"widget\" data-e-type=\"widget\" data-widget_type=\"text-editor.default\">\n\t\t\t\t\t\t\t\t\t<h3>Cong\u00e9lation des spermatozo\u00efdes<\/h3><p>La cong\u00e9lation du sperme consiste \u00e0 conserver des \u00e9chantillons de sperme \u00e0 une temp\u00e9rature de -196\u00b0C. Une fois d\u00e9congel\u00e9s, les \u00e9chantillons de sperme peuvent \u00eatre utilis\u00e9s pour un traitement de fertilit\u00e9, ce qui vous permet de conserver vos options pour l&rsquo;avenir. <br class=\"a\"><br class=\"a\"><a href=\"https:\/\/cryosivfclinic.com\/treatments\/sperm-freezing\/\">\u00c0 propos de la cong\u00e9lation de sperme<\/a><\/p>\t\t\t\t\t\t\t\t<\/div>\n\t\t\t\t\t<\/div>\n\t\t\t\t<\/div>\n\t\t\t\t<\/div>\n\t\t","protected":false},"excerpt":{"rendered":"<p>Traitements \u00e0 la clinique de FIV Cryos Nous proposons une large gamme de services de fertilit\u00e9 con\u00e7us pour r\u00e9pondre \u00e0 vos besoins sp\u00e9cifiques. D\u00e9couvrez ici comment nous pouvons vous aider. Que vous souhaitiez pr\u00e9server votre fertilit\u00e9 ou devenir parent &#8211; peut-\u00eatre avec l&rsquo;aide d&rsquo;un donneur &#8211; nous sommes l\u00e0 pour vous. Poursuivez votre lecture pour [&hellip;]<\/p>\n","protected":false},"author":2,"featured_media":0,"parent":0,"menu_order":0,"comment_status":"closed","ping_status":"closed","template":"","meta":{"footnotes":""},"class_list":["post-1767","page","type-page","status-publish","hentry"],"yoast_head":"<!-- This site is optimized with the Yoast SEO plugin v27.4 - https:\/\/yoast.com\/product\/yoast-seo-wordpress\/ -->\n<title>Traitements de fertilit\u00e9 - Cryos IVF Clinic in Cyprus<\/title>\n<meta name=\"description\" content=\"La clinique Cryos IVF propose des traitements de fertilit\u00e9 tels que la FIV et l&#039;IIU, ainsi que la pr\u00e9servation de la fertilit\u00e9. Consultez la liste de nos services de fertilit\u00e9 ici.\" \/>\n<meta name=\"robots\" content=\"index, follow, max-snippet:-1, max-image-preview:large, max-video-preview:-1\" \/>\n<link rel=\"canonical\" href=\"https:\/\/cryosivfclinic.com\/fr\/traitements-de-fertilite\/\" \/>\n<meta property=\"og:locale\" content=\"fr_FR\" \/>\n<meta property=\"og:type\" content=\"article\" \/>\n<meta property=\"og:title\" content=\"Traitements de fertilit\u00e9 - Cryos IVF Clinic in Cyprus\" \/>\n<meta property=\"og:description\" content=\"La clinique Cryos IVF propose des traitements de fertilit\u00e9 tels que la FIV et l&#039;IIU, ainsi que la pr\u00e9servation de la fertilit\u00e9. Consultez la liste de nos services de fertilit\u00e9 ici.\" \/>\n<meta property=\"og:url\" content=\"https:\/\/cryosivfclinic.com\/fr\/traitements-de-fertilite\/\" \/>\n<meta property=\"og:site_name\" content=\"Cryos IVF Clinic in Cyprus\" \/>\n<meta property=\"article:modified_time\" content=\"2025-04-08T14:17:23+00:00\" \/>\n<meta property=\"og:image\" content=\"https:\/\/cryosivfclinic.com\/wp-content\/uploads\/2025\/03\/pregnant-belly-after-fertility-treatment.jpg\" \/>\n\t<meta property=\"og:image:width\" content=\"960\" \/>\n\t<meta property=\"og:image:height\" content=\"540\" \/>\n\t<meta property=\"og:image:type\" content=\"image\/jpeg\" \/>\n<meta name=\"twitter:card\" content=\"summary_large_image\" \/>\n<meta name=\"twitter:label1\" content=\"Dur\u00e9e de lecture estim\u00e9e\" \/>\n\t<meta name=\"twitter:data1\" content=\"3 minutes\" \/>\n<script type=\"application\/ld+json\" class=\"yoast-schema-graph\">{\"@context\":\"https:\\\/\\\/schema.org\",\"@graph\":[{\"@type\":\"WebPage\",\"@id\":\"https:\\\/\\\/cryosivfclinic.com\\\/fr\\\/traitements-de-fertilite\\\/\",\"url\":\"https:\\\/\\\/cryosivfclinic.com\\\/fr\\\/traitements-de-fertilite\\\/\",\"name\":\"Traitements de fertilit\u00e9 - Cryos IVF Clinic in Cyprus\",\"isPartOf\":{\"@id\":\"https:\\\/\\\/cryosivfclinic.com\\\/fr\\\/#website\"},\"primaryImageOfPage\":{\"@id\":\"https:\\\/\\\/cryosivfclinic.com\\\/fr\\\/traitements-de-fertilite\\\/#primaryimage\"},\"image\":{\"@id\":\"https:\\\/\\\/cryosivfclinic.com\\\/fr\\\/traitements-de-fertilite\\\/#primaryimage\"},\"thumbnailUrl\":\"https:\\\/\\\/cryosivfclinic.com\\\/wp-content\\\/uploads\\\/2025\\\/03\\\/pregnant-belly-after-fertility-treatment.jpg\",\"datePublished\":\"2025-03-21T13:34:19+00:00\",\"dateModified\":\"2025-04-08T14:17:23+00:00\",\"description\":\"La clinique Cryos IVF propose des traitements de fertilit\u00e9 tels que la FIV et l'IIU, ainsi que la pr\u00e9servation de la fertilit\u00e9. Consultez la liste de nos services de fertilit\u00e9 ici.\",\"breadcrumb\":{\"@id\":\"https:\\\/\\\/cryosivfclinic.com\\\/fr\\\/traitements-de-fertilite\\\/#breadcrumb\"},\"inLanguage\":\"fr-FR\",\"potentialAction\":[{\"@type\":\"ReadAction\",\"target\":[\"https:\\\/\\\/cryosivfclinic.com\\\/fr\\\/traitements-de-fertilite\\\/\"]}]},{\"@type\":\"ImageObject\",\"inLanguage\":\"fr-FR\",\"@id\":\"https:\\\/\\\/cryosivfclinic.com\\\/fr\\\/traitements-de-fertilite\\\/#primaryimage\",\"url\":\"https:\\\/\\\/cryosivfclinic.com\\\/wp-content\\\/uploads\\\/2025\\\/03\\\/pregnant-belly-after-fertility-treatment.jpg\",\"contentUrl\":\"https:\\\/\\\/cryosivfclinic.com\\\/wp-content\\\/uploads\\\/2025\\\/03\\\/pregnant-belly-after-fertility-treatment.jpg\"},{\"@type\":\"BreadcrumbList\",\"@id\":\"https:\\\/\\\/cryosivfclinic.com\\\/fr\\\/traitements-de-fertilite\\\/#breadcrumb\",\"itemListElement\":[{\"@type\":\"ListItem\",\"position\":1,\"name\":\"Home\",\"item\":\"https:\\\/\\\/cryosivfclinic.com\\\/fr\\\/fertility-treatment\\\/\"},{\"@type\":\"ListItem\",\"position\":2,\"name\":\"Traitements de fertilit\u00e9\"}]},{\"@type\":\"WebSite\",\"@id\":\"https:\\\/\\\/cryosivfclinic.com\\\/fr\\\/#website\",\"url\":\"https:\\\/\\\/cryosivfclinic.com\\\/fr\\\/\",\"name\":\"Cryos IVF Clinic in Cyprus\",\"description\":\"\",\"publisher\":{\"@id\":\"https:\\\/\\\/cryosivfclinic.com\\\/fr\\\/#organization\"},\"potentialAction\":[{\"@type\":\"SearchAction\",\"target\":{\"@type\":\"EntryPoint\",\"urlTemplate\":\"https:\\\/\\\/cryosivfclinic.com\\\/fr\\\/?s={search_term_string}\"},\"query-input\":{\"@type\":\"PropertyValueSpecification\",\"valueRequired\":true,\"valueName\":\"search_term_string\"}}],\"inLanguage\":\"fr-FR\"},{\"@type\":\"Organization\",\"@id\":\"https:\\\/\\\/cryosivfclinic.com\\\/fr\\\/#organization\",\"name\":\"Cryos IVF Clinic in Cyprus\",\"url\":\"https:\\\/\\\/cryosivfclinic.com\\\/fr\\\/\",\"logo\":{\"@type\":\"ImageObject\",\"inLanguage\":\"fr-FR\",\"@id\":\"https:\\\/\\\/cryosivfclinic.com\\\/fr\\\/#\\\/schema\\\/logo\\\/image\\\/\",\"url\":\"https:\\\/\\\/cryosivfclinic.com\\\/wp-content\\\/uploads\\\/2025\\\/01\\\/Cryos_Clinic_Logo_RGB_Blue_Black_ank.png\",\"contentUrl\":\"https:\\\/\\\/cryosivfclinic.com\\\/wp-content\\\/uploads\\\/2025\\\/01\\\/Cryos_Clinic_Logo_RGB_Blue_Black_ank.png\",\"width\":367,\"height\":207,\"caption\":\"Cryos IVF Clinic in Cyprus\"},\"image\":{\"@id\":\"https:\\\/\\\/cryosivfclinic.com\\\/fr\\\/#\\\/schema\\\/logo\\\/image\\\/\"}}]}<\/script>\n<!-- \/ Yoast SEO plugin. -->","yoast_head_json":{"title":"Traitements de fertilit\u00e9 - Cryos IVF Clinic in Cyprus","description":"La clinique Cryos IVF propose des traitements de fertilit\u00e9 tels que la FIV et l'IIU, ainsi que la pr\u00e9servation de la fertilit\u00e9. Consultez la liste de nos services de fertilit\u00e9 ici.","robots":{"index":"index","follow":"follow","max-snippet":"max-snippet:-1","max-image-preview":"max-image-preview:large","max-video-preview":"max-video-preview:-1"},"canonical":"https:\/\/cryosivfclinic.com\/fr\/traitements-de-fertilite\/","og_locale":"fr_FR","og_type":"article","og_title":"Traitements de fertilit\u00e9 - Cryos IVF Clinic in Cyprus","og_description":"La clinique Cryos IVF propose des traitements de fertilit\u00e9 tels que la FIV et l'IIU, ainsi que la pr\u00e9servation de la fertilit\u00e9. Consultez la liste de nos services de fertilit\u00e9 ici.","og_url":"https:\/\/cryosivfclinic.com\/fr\/traitements-de-fertilite\/","og_site_name":"Cryos IVF Clinic in Cyprus","article_modified_time":"2025-04-08T14:17:23+00:00","og_image":[{"width":960,"height":540,"url":"https:\/\/cryosivfclinic.com\/wp-content\/uploads\/2025\/03\/pregnant-belly-after-fertility-treatment.jpg","type":"image\/jpeg"}],"twitter_card":"summary_large_image","twitter_misc":{"Dur\u00e9e de lecture estim\u00e9e":"3 minutes"},"schema":{"@context":"https:\/\/schema.org","@graph":[{"@type":"WebPage","@id":"https:\/\/cryosivfclinic.com\/fr\/traitements-de-fertilite\/","url":"https:\/\/cryosivfclinic.com\/fr\/traitements-de-fertilite\/","name":"Traitements de fertilit\u00e9 - Cryos IVF Clinic in Cyprus","isPartOf":{"@id":"https:\/\/cryosivfclinic.com\/fr\/#website"},"primaryImageOfPage":{"@id":"https:\/\/cryosivfclinic.com\/fr\/traitements-de-fertilite\/#primaryimage"},"image":{"@id":"https:\/\/cryosivfclinic.com\/fr\/traitements-de-fertilite\/#primaryimage"},"thumbnailUrl":"https:\/\/cryosivfclinic.com\/wp-content\/uploads\/2025\/03\/pregnant-belly-after-fertility-treatment.jpg","datePublished":"2025-03-21T13:34:19+00:00","dateModified":"2025-04-08T14:17:23+00:00","description":"La clinique Cryos IVF propose des traitements de fertilit\u00e9 tels que la FIV et l'IIU, ainsi que la pr\u00e9servation de la fertilit\u00e9. Consultez la liste de nos services de fertilit\u00e9 ici.","breadcrumb":{"@id":"https:\/\/cryosivfclinic.com\/fr\/traitements-de-fertilite\/#breadcrumb"},"inLanguage":"fr-FR","potentialAction":[{"@type":"ReadAction","target":["https:\/\/cryosivfclinic.com\/fr\/traitements-de-fertilite\/"]}]},{"@type":"ImageObject","inLanguage":"fr-FR","@id":"https:\/\/cryosivfclinic.com\/fr\/traitements-de-fertilite\/#primaryimage","url":"https:\/\/cryosivfclinic.com\/wp-content\/uploads\/2025\/03\/pregnant-belly-after-fertility-treatment.jpg","contentUrl":"https:\/\/cryosivfclinic.com\/wp-content\/uploads\/2025\/03\/pregnant-belly-after-fertility-treatment.jpg"},{"@type":"BreadcrumbList","@id":"https:\/\/cryosivfclinic.com\/fr\/traitements-de-fertilite\/#breadcrumb","itemListElement":[{"@type":"ListItem","position":1,"name":"Home","item":"https:\/\/cryosivfclinic.com\/fr\/fertility-treatment\/"},{"@type":"ListItem","position":2,"name":"Traitements de fertilit\u00e9"}]},{"@type":"WebSite","@id":"https:\/\/cryosivfclinic.com\/fr\/#website","url":"https:\/\/cryosivfclinic.com\/fr\/","name":"Cryos IVF Clinic in Cyprus","description":"","publisher":{"@id":"https:\/\/cryosivfclinic.com\/fr\/#organization"},"potentialAction":[{"@type":"SearchAction","target":{"@type":"EntryPoint","urlTemplate":"https:\/\/cryosivfclinic.com\/fr\/?s={search_term_string}"},"query-input":{"@type":"PropertyValueSpecification","valueRequired":true,"valueName":"search_term_string"}}],"inLanguage":"fr-FR"},{"@type":"Organization","@id":"https:\/\/cryosivfclinic.com\/fr\/#organization","name":"Cryos IVF Clinic in Cyprus","url":"https:\/\/cryosivfclinic.com\/fr\/","logo":{"@type":"ImageObject","inLanguage":"fr-FR","@id":"https:\/\/cryosivfclinic.com\/fr\/#\/schema\/logo\/image\/","url":"https:\/\/cryosivfclinic.com\/wp-content\/uploads\/2025\/01\/Cryos_Clinic_Logo_RGB_Blue_Black_ank.png","contentUrl":"https:\/\/cryosivfclinic.com\/wp-content\/uploads\/2025\/01\/Cryos_Clinic_Logo_RGB_Blue_Black_ank.png","width":367,"height":207,"caption":"Cryos IVF Clinic in Cyprus"},"image":{"@id":"https:\/\/cryosivfclinic.com\/fr\/#\/schema\/logo\/image\/"}}]}},"_links":{"self":[{"href":"https:\/\/cryosivfclinic.com\/fr\/wp-json\/wp\/v2\/pages\/1767","targetHints":{"allow":["GET"]}}],"collection":[{"href":"https:\/\/cryosivfclinic.com\/fr\/wp-json\/wp\/v2\/pages"}],"about":[{"href":"https:\/\/cryosivfclinic.com\/fr\/wp-json\/wp\/v2\/types\/page"}],"author":[{"embeddable":true,"href":"https:\/\/cryosivfclinic.com\/fr\/wp-json\/wp\/v2\/users\/2"}],"replies":[{"embeddable":true,"href":"https:\/\/cryosivfclinic.com\/fr\/wp-json\/wp\/v2\/comments?post=1767"}],"version-history":[{"count":2,"href":"https:\/\/cryosivfclinic.com\/fr\/wp-json\/wp\/v2\/pages\/1767\/revisions"}],"predecessor-version":[{"id":1777,"href":"https:\/\/cryosivfclinic.com\/fr\/wp-json\/wp\/v2\/pages\/1767\/revisions\/1777"}],"wp:attachment":[{"href":"https:\/\/cryosivfclinic.com\/fr\/wp-json\/wp\/v2\/media?parent=1767"}],"curies":[{"name":"wp","href":"https:\/\/api.w.org\/{rel}","templated":true}]}}