{"id":1761,"date":"2025-03-21T13:34:41","date_gmt":"2025-03-21T13:34:41","guid":{"rendered":"https:\/\/cryosivfclinic.com\/notre-clinique\/"},"modified":"2025-04-08T14:17:39","modified_gmt":"2025-04-08T14:17:39","slug":"notre-clinique","status":"publish","type":"page","link":"https:\/\/cryosivfclinic.com\/fr\/notre-clinique\/","title":{"rendered":"Notre clinique"},"content":{"rendered":"\t\t<div data-elementor-type=\"wp-page\" data-elementor-id=\"1761\" class=\"elementor elementor-1761 elementor-381\" data-elementor-post-type=\"page\">\n\t\t\t\t<div class=\"elementor-element elementor-element-85fd700 paddedsection e-flex e-con-boxed e-con e-parent\" data-id=\"85fd700\" data-element_type=\"container\" data-e-type=\"container\">\n\t\t\t\t\t<div class=\"e-con-inner\">\n\t\t\t\t<div class=\"elementor-element elementor-element-ac0e276 elementor-widget elementor-widget-heading\" data-id=\"ac0e276\" data-element_type=\"widget\" data-e-type=\"widget\" data-widget_type=\"heading.default\">\n\t\t\t\t\t<h1 class=\"elementor-heading-title elementor-size-default\">Notre clinique<\/h1>\t\t\t\t<\/div>\n\t\t\t\t<div class=\"elementor-element elementor-element-daa521e lastnospace elementor-widget elementor-widget-text-editor\" data-id=\"daa521e\" data-element_type=\"widget\" data-e-type=\"widget\" data-widget_type=\"text-editor.default\">\n\t\t\t\t\t\t\t\t\t<p>\u00c0 la clinique de FIV Cryos, vous avez acc\u00e8s \u00e0 des traitements de fertilit\u00e9 abordables, sans liste d&rsquo;attente.<\/p>\t\t\t\t\t\t\t\t<\/div>\n\t\t\t\t<div class=\"elementor-element elementor-element-3088968 elementor-widget-divider--view-line elementor-widget elementor-widget-divider\" data-id=\"3088968\" data-element_type=\"widget\" data-e-type=\"widget\" data-widget_type=\"divider.default\">\n\t\t\t\t\t\t\t<div class=\"elementor-divider\">\n\t\t\t<span class=\"elementor-divider-separator\">\n\t\t\t\t\t\t<\/span>\n\t\t<\/div>\n\t\t\t\t\t\t<\/div>\n\t\t\t\t<div class=\"elementor-element elementor-element-23a8859 elementor-widget elementor-widget-text-editor\" data-id=\"23a8859\" data-element_type=\"widget\" data-e-type=\"widget\" data-widget_type=\"text-editor.default\">\n\t\t\t\t\t\t\t\t\t<p>Nous sommes sp\u00e9cialis\u00e9s dans les traitements de fertilit\u00e9 avanc\u00e9s et nous aidons les personnes et les couples du monde entier \u00e0 devenir parents. Notre \u00e9quipe parle l&rsquo;anglais, le grec, l&rsquo;espagnol et le turc, afin que vous puissiez vous sentir \u00e0 l&rsquo;aise pour communiquer dans la langue qui vous convient le mieux. <\/p>\t\t\t\t\t\t\t\t<\/div>\n\t\t\t\t<div class=\"elementor-element elementor-element-bfb9c75 elementor-widget elementor-widget-image\" data-id=\"bfb9c75\" data-element_type=\"widget\" data-e-type=\"widget\" data-widget_type=\"image.default\">\n\t\t\t\t\t\t\t\t\t\t\t\t\t\t\t<img fetchpriority=\"high\" decoding=\"async\" width=\"960\" height=\"540\" src=\"https:\/\/cryosivfclinic.com\/wp-content\/uploads\/2025\/03\/baby-hand-on-window.jpg\" class=\"attachment-full size-full wp-image-1694\" alt=\"\" srcset=\"https:\/\/cryosivfclinic.com\/wp-content\/uploads\/2025\/03\/baby-hand-on-window.jpg 960w, https:\/\/cryosivfclinic.com\/wp-content\/uploads\/2025\/03\/baby-hand-on-window-300x169.jpg 300w, https:\/\/cryosivfclinic.com\/wp-content\/uploads\/2025\/03\/baby-hand-on-window-768x432.jpg 768w\" sizes=\"(max-width: 960px) 100vw, 960px\" \/>\t\t\t\t\t\t\t\t\t\t\t\t\t\t\t<\/div>\n\t\t\t\t<div class=\"elementor-element elementor-element-2bd1556 elementor-widget elementor-widget-text-editor\" data-id=\"2bd1556\" data-element_type=\"widget\" data-e-type=\"widget\" data-widget_type=\"text-editor.default\">\n\t\t\t\t\t\t\t\t\t<h2>Plus de 35 ans de r\u00e9alisation de r\u00eaves<\/h2>\nEn tant que membre de Cryos International &#8211; la plus grande banque de sperme et d&rsquo;ovules au monde &#8211; nous apportons plus de 35 ans d&rsquo;exp\u00e9rience dans les soins de fertilit\u00e9.\nNous sommes situ\u00e9s \u00e0 Nicosie, \u00e0 Chypre, et avec un acc\u00e8s facile depuis l&rsquo;a\u00e9roport de Larnaca et des vols directs depuis de nombreux endroits, la clinique de FIV Cryos est un choix pratique pour les patients internationaux \u00e0 la recherche d&rsquo;un traitement de fertilit\u00e9 de haute qualit\u00e9.<br class=\"a\"><br class=\"a\"><a href=\"https:\/\/cryosivfclinic.com\/fr\/notre-clinique\/a-propos-de-la-clinique-de-fiv-cryos\/\">\u00c0 propos de la clinique de FIV Cryos<\/a>\t\t\t\t\t\t\t\t<\/div>\n\t\t\t\t<div class=\"elementor-element elementor-element-0f533e5 elementor-widget elementor-widget-text-editor\" data-id=\"0f533e5\" data-element_type=\"widget\" data-e-type=\"widget\" data-widget_type=\"text-editor.default\">\n\t\t\t\t\t\t\t\t\t<h2>Un soutien personnalis\u00e9 \u00e0 chaque \u00e9tape<\/h2>\nAvec notre personnel anglophone et form\u00e9 \u00e0 l&rsquo;international, vous \u00eates entre de bonnes mains \u00e0 la clinique de FIV Cryos. Nous proposons des plans de traitement personnalis\u00e9s adapt\u00e9s \u00e0 vos besoins, et nos professionnels passionn\u00e9s s&rsquo;engagent \u00e0 vous garantir les normes de soins les plus \u00e9lev\u00e9es \u00e0 chaque \u00e9tape du processus de fertilit\u00e9. <br class=\"a\"><br class=\"a\"><a href=\"https:\/\/cryosivfclinic.com\/fr\/notre-clinique\/notre-equipe\/\">Rencontrez notre \u00e9quipe<\/a>\t\t\t\t\t\t\t\t<\/div>\n\t\t\t\t<div class=\"elementor-element elementor-element-597cd6e elementor-widget elementor-widget-text-editor\" data-id=\"597cd6e\" data-element_type=\"widget\" data-e-type=\"widget\" data-widget_type=\"text-editor.default\">\n\t\t\t\t\t\t\t\t\t<h2>Traitements de fertilit\u00e9 de classe mondiale<\/h2>\nNous proposons une large gamme de services de fertilit\u00e9 con\u00e7us pour s&rsquo;adapter \u00e0 votre situation particuli\u00e8re. Que vous souhaitiez pr\u00e9server votre fertilit\u00e9 ou devenir parent &#8211; peut-\u00eatre avec l&rsquo;aide d&rsquo;un donneur &#8211; nous sommes l\u00e0 pour vous. <br class=\"a\"><br class=\"a\"><a href=\"https:\/\/cryosivfclinic.com\/fr\/traitements-de-fertilite\/\">Voir tous les traitements<\/a>\t\t\t\t\t\t\t\t<\/div>\n\t\t\t\t<div class=\"elementor-element elementor-element-e82cbc8 elementor-widget elementor-widget-text-editor\" data-id=\"e82cbc8\" data-element_type=\"widget\" data-e-type=\"widget\" data-widget_type=\"text-editor.default\">\n\t\t\t\t\t\t\t\t\t<h2>Vous \u00eates pr\u00eat \u00e0 passer \u00e0 l&rsquo;\u00e9tape suivante de votre parcours de fertilit\u00e9 ?<\/h2><p>D\u00e9couvrez comment la clinique de FIV Cryos peut vous aider \u00e0 r\u00e9aliser votre r\u00eave d&rsquo;enfant. Remplissez notre formulaire de contact et notre \u00e9quipe vous contactera.   <\/p>\t\t\t\t\t\t\t\t<\/div>\n\t\t\t\t<div class=\"elementor-element elementor-element-ddb45d7 elementor-align-center elementor-widget elementor-widget-button\" data-id=\"ddb45d7\" data-element_type=\"widget\" data-e-type=\"widget\" data-widget_type=\"button.default\">\n\t\t\t\t\t\t\t\t\t\t<a class=\"elementor-button elementor-button-link elementor-size-sm\" href=\"https:\/\/cryosivfclinic.com\/fr\/contact\/\">\n\t\t\t\t\t\t<span class=\"elementor-button-content-wrapper\">\n\t\t\t\t\t\t\t\t\t<span class=\"elementor-button-text\">Contactez nous<\/span>\n\t\t\t\t\t<\/span>\n\t\t\t\t\t<\/a>\n\t\t\t\t\t\t\t\t<\/div>\n\t\t\t\t\t<\/div>\n\t\t\t\t<\/div>\n\t\t\t\t<\/div>\n\t\t","protected":false},"excerpt":{"rendered":"<p>Notre clinique \u00c0 la clinique de FIV Cryos, vous avez acc\u00e8s \u00e0 des traitements de fertilit\u00e9 abordables, sans liste d&rsquo;attente. Nous sommes sp\u00e9cialis\u00e9s dans les traitements de fertilit\u00e9 avanc\u00e9s et nous aidons les personnes et les couples du monde entier \u00e0 devenir parents. Notre \u00e9quipe parle l&rsquo;anglais, le grec, l&rsquo;espagnol et le turc, afin que [&hellip;]<\/p>\n","protected":false},"author":2,"featured_media":0,"parent":0,"menu_order":0,"comment_status":"closed","ping_status":"closed","template":"","meta":{"footnotes":""},"class_list":["post-1761","page","type-page","status-publish","hentry"],"yoast_head":"<!-- This site is optimized with the Yoast SEO plugin v27.4 - https:\/\/yoast.com\/product\/yoast-seo-wordpress\/ -->\n<title>Notre clinique - Cryos IVF Clinic in Cyprus<\/title>\n<meta name=\"description\" content=\"La clinique de FIV Cryos est situ\u00e9e \u00e0 Nicosie et propose des traitements de fertilit\u00e9 abordables sans liste d&#039;attente.\" \/>\n<meta name=\"robots\" content=\"noindex, nofollow\" \/>\n<meta property=\"og:locale\" content=\"fr_FR\" \/>\n<meta property=\"og:type\" content=\"article\" \/>\n<meta property=\"og:title\" content=\"Notre clinique - Cryos IVF Clinic in Cyprus\" \/>\n<meta property=\"og:description\" content=\"La clinique de FIV Cryos est situ\u00e9e \u00e0 Nicosie et propose des traitements de fertilit\u00e9 abordables sans liste d&#039;attente.\" \/>\n<meta property=\"og:url\" content=\"https:\/\/cryosivfclinic.com\/fr\/notre-clinique\/\" \/>\n<meta property=\"og:site_name\" content=\"Cryos IVF Clinic in Cyprus\" \/>\n<meta property=\"article:modified_time\" content=\"2025-04-08T14:17:39+00:00\" \/>\n<meta property=\"og:image\" content=\"https:\/\/cryosivfclinic.com\/wp-content\/uploads\/2025\/03\/baby-hand-on-window.jpg\" \/>\n\t<meta property=\"og:image:width\" content=\"960\" \/>\n\t<meta property=\"og:image:height\" content=\"540\" \/>\n\t<meta property=\"og:image:type\" content=\"image\/jpeg\" \/>\n<meta name=\"twitter:card\" content=\"summary_large_image\" \/>\n<meta name=\"twitter:label1\" content=\"Dur\u00e9e de lecture estim\u00e9e\" \/>\n\t<meta name=\"twitter:data1\" content=\"2 minutes\" \/>\n<script type=\"application\/ld+json\" class=\"yoast-schema-graph\">{\"@context\":\"https:\\\/\\\/schema.org\",\"@graph\":[{\"@type\":\"WebPage\",\"@id\":\"https:\\\/\\\/cryosivfclinic.com\\\/fr\\\/notre-clinique\\\/\",\"url\":\"https:\\\/\\\/cryosivfclinic.com\\\/fr\\\/notre-clinique\\\/\",\"name\":\"Notre clinique - Cryos IVF Clinic in Cyprus\",\"isPartOf\":{\"@id\":\"https:\\\/\\\/cryosivfclinic.com\\\/fr\\\/#website\"},\"primaryImageOfPage\":{\"@id\":\"https:\\\/\\\/cryosivfclinic.com\\\/fr\\\/notre-clinique\\\/#primaryimage\"},\"image\":{\"@id\":\"https:\\\/\\\/cryosivfclinic.com\\\/fr\\\/notre-clinique\\\/#primaryimage\"},\"thumbnailUrl\":\"https:\\\/\\\/cryosivfclinic.com\\\/wp-content\\\/uploads\\\/2025\\\/03\\\/baby-hand-on-window.jpg\",\"datePublished\":\"2025-03-21T13:34:41+00:00\",\"dateModified\":\"2025-04-08T14:17:39+00:00\",\"description\":\"La clinique de FIV Cryos est situ\u00e9e \u00e0 Nicosie et propose des traitements de fertilit\u00e9 abordables sans liste d'attente.\",\"breadcrumb\":{\"@id\":\"https:\\\/\\\/cryosivfclinic.com\\\/fr\\\/notre-clinique\\\/#breadcrumb\"},\"inLanguage\":\"fr-FR\",\"potentialAction\":[{\"@type\":\"ReadAction\",\"target\":[\"https:\\\/\\\/cryosivfclinic.com\\\/fr\\\/notre-clinique\\\/\"]}]},{\"@type\":\"ImageObject\",\"inLanguage\":\"fr-FR\",\"@id\":\"https:\\\/\\\/cryosivfclinic.com\\\/fr\\\/notre-clinique\\\/#primaryimage\",\"url\":\"https:\\\/\\\/cryosivfclinic.com\\\/wp-content\\\/uploads\\\/2025\\\/03\\\/baby-hand-on-window.jpg\",\"contentUrl\":\"https:\\\/\\\/cryosivfclinic.com\\\/wp-content\\\/uploads\\\/2025\\\/03\\\/baby-hand-on-window.jpg\"},{\"@type\":\"BreadcrumbList\",\"@id\":\"https:\\\/\\\/cryosivfclinic.com\\\/fr\\\/notre-clinique\\\/#breadcrumb\",\"itemListElement\":[{\"@type\":\"ListItem\",\"position\":1,\"name\":\"Home\",\"item\":\"https:\\\/\\\/cryosivfclinic.com\\\/fr\\\/fertility-treatment\\\/\"},{\"@type\":\"ListItem\",\"position\":2,\"name\":\"Notre clinique\"}]},{\"@type\":\"WebSite\",\"@id\":\"https:\\\/\\\/cryosivfclinic.com\\\/fr\\\/#website\",\"url\":\"https:\\\/\\\/cryosivfclinic.com\\\/fr\\\/\",\"name\":\"Cryos IVF Clinic in Cyprus\",\"description\":\"\",\"publisher\":{\"@id\":\"https:\\\/\\\/cryosivfclinic.com\\\/fr\\\/#organization\"},\"potentialAction\":[{\"@type\":\"SearchAction\",\"target\":{\"@type\":\"EntryPoint\",\"urlTemplate\":\"https:\\\/\\\/cryosivfclinic.com\\\/fr\\\/?s={search_term_string}\"},\"query-input\":{\"@type\":\"PropertyValueSpecification\",\"valueRequired\":true,\"valueName\":\"search_term_string\"}}],\"inLanguage\":\"fr-FR\"},{\"@type\":\"Organization\",\"@id\":\"https:\\\/\\\/cryosivfclinic.com\\\/fr\\\/#organization\",\"name\":\"Cryos IVF Clinic in Cyprus\",\"url\":\"https:\\\/\\\/cryosivfclinic.com\\\/fr\\\/\",\"logo\":{\"@type\":\"ImageObject\",\"inLanguage\":\"fr-FR\",\"@id\":\"https:\\\/\\\/cryosivfclinic.com\\\/fr\\\/#\\\/schema\\\/logo\\\/image\\\/\",\"url\":\"https:\\\/\\\/cryosivfclinic.com\\\/wp-content\\\/uploads\\\/2025\\\/01\\\/Cryos_Clinic_Logo_RGB_Blue_Black_ank.png\",\"contentUrl\":\"https:\\\/\\\/cryosivfclinic.com\\\/wp-content\\\/uploads\\\/2025\\\/01\\\/Cryos_Clinic_Logo_RGB_Blue_Black_ank.png\",\"width\":367,\"height\":207,\"caption\":\"Cryos IVF Clinic in Cyprus\"},\"image\":{\"@id\":\"https:\\\/\\\/cryosivfclinic.com\\\/fr\\\/#\\\/schema\\\/logo\\\/image\\\/\"}}]}<\/script>\n<!-- \/ Yoast SEO plugin. -->","yoast_head_json":{"title":"Notre clinique - Cryos IVF Clinic in Cyprus","description":"La clinique de FIV Cryos est situ\u00e9e \u00e0 Nicosie et propose des traitements de fertilit\u00e9 abordables sans liste d'attente.","robots":{"index":"noindex","follow":"nofollow"},"og_locale":"fr_FR","og_type":"article","og_title":"Notre clinique - Cryos IVF Clinic in Cyprus","og_description":"La clinique de FIV Cryos est situ\u00e9e \u00e0 Nicosie et propose des traitements de fertilit\u00e9 abordables sans liste d'attente.","og_url":"https:\/\/cryosivfclinic.com\/fr\/notre-clinique\/","og_site_name":"Cryos IVF Clinic in Cyprus","article_modified_time":"2025-04-08T14:17:39+00:00","og_image":[{"width":960,"height":540,"url":"https:\/\/cryosivfclinic.com\/wp-content\/uploads\/2025\/03\/baby-hand-on-window.jpg","type":"image\/jpeg"}],"twitter_card":"summary_large_image","twitter_misc":{"Dur\u00e9e de lecture estim\u00e9e":"2 minutes"},"schema":{"@context":"https:\/\/schema.org","@graph":[{"@type":"WebPage","@id":"https:\/\/cryosivfclinic.com\/fr\/notre-clinique\/","url":"https:\/\/cryosivfclinic.com\/fr\/notre-clinique\/","name":"Notre clinique - Cryos IVF Clinic in Cyprus","isPartOf":{"@id":"https:\/\/cryosivfclinic.com\/fr\/#website"},"primaryImageOfPage":{"@id":"https:\/\/cryosivfclinic.com\/fr\/notre-clinique\/#primaryimage"},"image":{"@id":"https:\/\/cryosivfclinic.com\/fr\/notre-clinique\/#primaryimage"},"thumbnailUrl":"https:\/\/cryosivfclinic.com\/wp-content\/uploads\/2025\/03\/baby-hand-on-window.jpg","datePublished":"2025-03-21T13:34:41+00:00","dateModified":"2025-04-08T14:17:39+00:00","description":"La clinique de FIV Cryos est situ\u00e9e \u00e0 Nicosie et propose des traitements de fertilit\u00e9 abordables sans liste d'attente.","breadcrumb":{"@id":"https:\/\/cryosivfclinic.com\/fr\/notre-clinique\/#breadcrumb"},"inLanguage":"fr-FR","potentialAction":[{"@type":"ReadAction","target":["https:\/\/cryosivfclinic.com\/fr\/notre-clinique\/"]}]},{"@type":"ImageObject","inLanguage":"fr-FR","@id":"https:\/\/cryosivfclinic.com\/fr\/notre-clinique\/#primaryimage","url":"https:\/\/cryosivfclinic.com\/wp-content\/uploads\/2025\/03\/baby-hand-on-window.jpg","contentUrl":"https:\/\/cryosivfclinic.com\/wp-content\/uploads\/2025\/03\/baby-hand-on-window.jpg"},{"@type":"BreadcrumbList","@id":"https:\/\/cryosivfclinic.com\/fr\/notre-clinique\/#breadcrumb","itemListElement":[{"@type":"ListItem","position":1,"name":"Home","item":"https:\/\/cryosivfclinic.com\/fr\/fertility-treatment\/"},{"@type":"ListItem","position":2,"name":"Notre clinique"}]},{"@type":"WebSite","@id":"https:\/\/cryosivfclinic.com\/fr\/#website","url":"https:\/\/cryosivfclinic.com\/fr\/","name":"Cryos IVF Clinic in Cyprus","description":"","publisher":{"@id":"https:\/\/cryosivfclinic.com\/fr\/#organization"},"potentialAction":[{"@type":"SearchAction","target":{"@type":"EntryPoint","urlTemplate":"https:\/\/cryosivfclinic.com\/fr\/?s={search_term_string}"},"query-input":{"@type":"PropertyValueSpecification","valueRequired":true,"valueName":"search_term_string"}}],"inLanguage":"fr-FR"},{"@type":"Organization","@id":"https:\/\/cryosivfclinic.com\/fr\/#organization","name":"Cryos IVF Clinic in Cyprus","url":"https:\/\/cryosivfclinic.com\/fr\/","logo":{"@type":"ImageObject","inLanguage":"fr-FR","@id":"https:\/\/cryosivfclinic.com\/fr\/#\/schema\/logo\/image\/","url":"https:\/\/cryosivfclinic.com\/wp-content\/uploads\/2025\/01\/Cryos_Clinic_Logo_RGB_Blue_Black_ank.png","contentUrl":"https:\/\/cryosivfclinic.com\/wp-content\/uploads\/2025\/01\/Cryos_Clinic_Logo_RGB_Blue_Black_ank.png","width":367,"height":207,"caption":"Cryos IVF Clinic in Cyprus"},"image":{"@id":"https:\/\/cryosivfclinic.com\/fr\/#\/schema\/logo\/image\/"}}]}},"_links":{"self":[{"href":"https:\/\/cryosivfclinic.com\/fr\/wp-json\/wp\/v2\/pages\/1761","targetHints":{"allow":["GET"]}}],"collection":[{"href":"https:\/\/cryosivfclinic.com\/fr\/wp-json\/wp\/v2\/pages"}],"about":[{"href":"https:\/\/cryosivfclinic.com\/fr\/wp-json\/wp\/v2\/types\/page"}],"author":[{"embeddable":true,"href":"https:\/\/cryosivfclinic.com\/fr\/wp-json\/wp\/v2\/users\/2"}],"replies":[{"embeddable":true,"href":"https:\/\/cryosivfclinic.com\/fr\/wp-json\/wp\/v2\/comments?post=1761"}],"version-history":[{"count":4,"href":"https:\/\/cryosivfclinic.com\/fr\/wp-json\/wp\/v2\/pages\/1761\/revisions"}],"predecessor-version":[{"id":1864,"href":"https:\/\/cryosivfclinic.com\/fr\/wp-json\/wp\/v2\/pages\/1761\/revisions\/1864"}],"wp:attachment":[{"href":"https:\/\/cryosivfclinic.com\/fr\/wp-json\/wp\/v2\/media?parent=1761"}],"curies":[{"name":"wp","href":"https:\/\/api.w.org\/{rel}","templated":true}]}}