{"id":1721,"date":"2025-03-21T13:23:37","date_gmt":"2025-03-21T13:23:37","guid":{"rendered":"https:\/\/cryosivfclinic.com\/patients-internationaux\/"},"modified":"2025-05-16T11:39:57","modified_gmt":"2025-05-16T11:39:57","slug":"patients-internationaux","status":"publish","type":"page","link":"https:\/\/cryosivfclinic.com\/fr\/patients-internationaux\/","title":{"rendered":"Patients internationaux"},"content":{"rendered":"\t\t<div data-elementor-type=\"wp-page\" data-elementor-id=\"1721\" class=\"elementor elementor-1721 elementor-358\" data-elementor-post-type=\"page\">\n\t\t\t\t<div class=\"elementor-element elementor-element-6f78af0 paddedsection e-flex e-con-boxed e-con e-parent\" data-id=\"6f78af0\" data-element_type=\"container\" data-e-type=\"container\">\n\t\t\t\t\t<div class=\"e-con-inner\">\n\t\t\t\t<div class=\"elementor-element elementor-element-7d56991 elementor-widget elementor-widget-heading\" data-id=\"7d56991\" data-element_type=\"widget\" data-e-type=\"widget\" data-widget_type=\"heading.default\">\n\t\t\t\t\t<h1 class=\"elementor-heading-title elementor-size-default\">Patients internationaux\n<\/h1>\t\t\t\t<\/div>\n\t\t\t\t<div class=\"elementor-element elementor-element-4f273eb lastnospace elementor-widget elementor-widget-text-editor\" data-id=\"4f273eb\" data-element_type=\"widget\" data-e-type=\"widget\" data-widget_type=\"text-editor.default\">\n\t\t\t\t\t\t\t\t\t<p><span class=\"TextRun SCXW91539635 BCX0\" lang=\"EN-GB\" xml:lang=\"EN-GB\" data-contrast=\"auto\"><span class=\"NormalTextRun SCXW91539635 BCX0\">Avec notre personnel anglophone et form\u00e9 \u00e0 l&rsquo;international, vous \u00eates entre de bonnes mains \u00e0 la clinique de FIV Cryos. Nous vous offrons des soins personnalis\u00e9s et compatissants, ce qui rend votre voyage de fertilit\u00e9 confortable et fluide, quel que soit l&rsquo;endroit d&rsquo;o\u00f9 vous venez. <\/span><\/span><\/p>\t\t\t\t\t\t\t\t<\/div>\n\t\t\t\t<div class=\"elementor-element elementor-element-0d95fe7 elementor-widget-divider--view-line elementor-widget elementor-widget-divider\" data-id=\"0d95fe7\" data-element_type=\"widget\" data-e-type=\"widget\" data-widget_type=\"divider.default\">\n\t\t\t\t\t\t\t<div class=\"elementor-divider\">\n\t\t\t<span class=\"elementor-divider-separator\">\n\t\t\t\t\t\t<\/span>\n\t\t<\/div>\n\t\t\t\t\t\t<\/div>\n\t\t\t\t<div class=\"elementor-element elementor-element-3bc8b8f elementor-widget elementor-widget-text-editor\" data-id=\"3bc8b8f\" data-element_type=\"widget\" data-e-type=\"widget\" data-widget_type=\"text-editor.default\">\n\t\t\t\t\t\t\t\t\t<p>\u00c0 la Cryos IVF Clinic, nous comprenons que le traitement de la fertilit\u00e9 peut \u00eatre \u00e0 la fois physiquement et \u00e9motionnellement exigeant, en particulier lorsqu&rsquo;il est combin\u00e9 \u00e0 un voyage. C&rsquo;est pourquoi nous nous effor\u00e7ons de rendre votre s\u00e9jour \u00e0 Chypre aussi agr\u00e9able, confortable et utile que possible. <br class=\"a\"><br class=\"a\"><\/p><h2>Pourquoi se rendre \u00e0 Chypre pour un traitement de fertilit\u00e9 ?<\/h2><p>La clinique de fertilit\u00e9 la mieux adapt\u00e9e \u00e0 vos besoins ne se trouve pas toujours \u00e0 proximit\u00e9. De nombreux patients internationaux choisissent de se rendre \u00e0 Chypre pour un traitement de fertilit\u00e9 en raison des soins et des services sp\u00e9cialis\u00e9s que nous offrons. Certains ont d\u00e9j\u00e0 subi un traitement de fertilit\u00e9 infructueux et cherchent \u00e0 acc\u00e9der \u00e0 des traitements plus avanc\u00e9s \u00e0 un prix abordable. D&rsquo;autres sont confront\u00e9s \u00e0 des difficult\u00e9s dans leur pays d&rsquo;origine, telles que les limites d&rsquo;\u00e2ge, les restrictions l\u00e9gales, les listes d&rsquo;attente interminables ou la p\u00e9nurie de donneurs.   <br class=\"a\"><br class=\"a\"><\/p><h3>Une belle destination pour votre voyage de fertilit\u00e9<\/h3><p>Chypre n&rsquo;est pas seulement le si\u00e8ge de la clinique de FIV Cryos, mais offre \u00e9galement un environnement paisible aux patients internationaux. Avec son climat m\u00e9diterran\u00e9en, ses plages magnifiques et sa riche histoire, Chypre est id\u00e9ale pour se d\u00e9tendre et se ressourcer pendant votre traitement de fertilit\u00e9. Que vous soyez ici pour une courte visite ou pour un s\u00e9jour plus long, vous pouvez profiter des attractions locales, de la gastronomie et des paysages c\u00f4tiers tout en vous concentrant sur votre sant\u00e9 et votre bien-\u00eatre.  <br class=\"a\"><br class=\"a\"><\/p><h3>Acc\u00e8s facile et h\u00e9bergement confortable<\/h3><p>Il est facile de se rendre \u00e0 la clinique de f\u00e9condation in vitro Cryos, gr\u00e2ce aux vols directs vers les a\u00e9roports de Larnaca et de Paphos en provenance de nombreux pays. Depuis l&rsquo;un ou l&rsquo;autre de ces a\u00e9roports, la clinique est facilement accessible en voiture ou en taxi (40 minutes de route depuis Larnaca et 90 minutes depuis Paphos). <\/p><p>Vous trouverez \u00e0 proximit\u00e9 un large \u00e9ventail d&rsquo;options d&rsquo;h\u00e9bergement adapt\u00e9es \u00e0 diff\u00e9rents budgets et pr\u00e9f\u00e9rences. <a href=\"https:\/\/cryosivfclinic.com\/fr\/notre-clinique\/notre-equipe\/\">Notre \u00e9quipe<\/a> se fera un plaisir de vous recommander des h\u00e9bergements en fonction de vos besoins sp\u00e9cifiques, afin de vous garantir un s\u00e9jour confortable pendant votre s\u00e9jour parmi nous.<\/p>\t\t\t\t\t\t\t\t<\/div>\n\t\t\t\t<div class=\"elementor-element elementor-element-cffc57b elementor-widget elementor-widget-image\" data-id=\"cffc57b\" data-element_type=\"widget\" data-e-type=\"widget\" data-widget_type=\"image.default\">\n\t\t\t\t\t\t\t\t\t\t\t\t\t\t\t<img fetchpriority=\"high\" decoding=\"async\" width=\"960\" height=\"540\" src=\"https:\/\/cryosivfclinic.com\/wp-content\/uploads\/2025\/03\/cyprus-fertility-tourism-destination.jpg\" class=\"attachment-full size-full wp-image-1646\" alt=\"\" srcset=\"https:\/\/cryosivfclinic.com\/wp-content\/uploads\/2025\/03\/cyprus-fertility-tourism-destination.jpg 960w, https:\/\/cryosivfclinic.com\/wp-content\/uploads\/2025\/03\/cyprus-fertility-tourism-destination-300x169.jpg 300w, https:\/\/cryosivfclinic.com\/wp-content\/uploads\/2025\/03\/cyprus-fertility-tourism-destination-768x432.jpg 768w\" sizes=\"(max-width: 960px) 100vw, 960px\" \/>\t\t\t\t\t\t\t\t\t\t\t\t\t\t\t<\/div>\n\t\t\t\t<div class=\"elementor-element elementor-element-7fad5b8 elementor-widget elementor-widget-text-editor\" data-id=\"7fad5b8\" data-element_type=\"widget\" data-e-type=\"widget\" data-widget_type=\"text-editor.default\">\n\t\t\t\t\t\t\t\t\t<h2>Comment cela fonctionne-t-il pour les patients internationaux ?<\/h2><p>Nous nous effor\u00e7ons de rendre votre voyage de fertilit\u00e9 aussi pratique que possible. Selon vos pr\u00e9f\u00e9rences, nous pouvons vous aider \u00e0 planifier les tests, consultations et \u00e9chographies n\u00e9cessaires, soit dans votre pays d&rsquo;origine avant votre voyage \u00e0 Chypre, soit \u00e0 votre arriv\u00e9e. Une fois sur place, notre \u00e9quipe d\u00e9vou\u00e9e vous guidera tout au long des \u00e9tapes suivantes &#8211; que ce soit pour un pr\u00e9l\u00e8vement d&rsquo;ovules, un transfert d&#8217;embryons ou une ins\u00e9mination &#8211; avec le plus grand soin et en pr\u00eatant attention \u00e0 vos besoins individuels.  <br class=\"a\"><br class=\"a\"><\/p><h2>Nous sommes l\u00e0 pour vous aider<\/h2><p>Le traitement de la fertilit\u00e9 \u00e0 l&rsquo;\u00e9tranger peut sembler insurmontable, mais vous n&rsquo;\u00eates pas seul. Nous sommes l\u00e0 pour vous soutenir, vous guider et vous \u00e9couter \u00e0 chaque \u00e9tape.  Notre \u00e9quipe parle l&rsquo;anglais, le grec, l&rsquo;espagnol et le turc, de sorte que vous pouvez vous sentir \u00e0 l&rsquo;aise pour communiquer dans la langue qui vous convient le mieux.<\/p><p>Contactez-nous d\u00e8s aujourd&rsquo;hui pour commencer.<\/p>\t\t\t\t\t\t\t\t<\/div>\n\t\t\t\t<div class=\"elementor-element elementor-element-cd0ffbf elementor-align-center elementor-widget elementor-widget-button\" data-id=\"cd0ffbf\" data-element_type=\"widget\" data-e-type=\"widget\" data-widget_type=\"button.default\">\n\t\t\t\t\t\t\t\t\t\t<a class=\"elementor-button elementor-button-link elementor-size-sm\" href=\"https:\/\/cryosivfclinic.com\/fr\/contact\/\">\n\t\t\t\t\t\t<span class=\"elementor-button-content-wrapper\">\n\t\t\t\t\t\t\t\t\t<span class=\"elementor-button-text\">Contacter la clinique de FIV Cryos<\/span>\n\t\t\t\t\t<\/span>\n\t\t\t\t\t<\/a>\n\t\t\t\t\t\t\t\t<\/div>\n\t\t\t\t\t<\/div>\n\t\t\t\t<\/div>\n\t\t\t\t<\/div>\n\t\t","protected":false},"excerpt":{"rendered":"<p>Patients internationaux Avec notre personnel anglophone et form\u00e9 \u00e0 l&rsquo;international, vous \u00eates entre de bonnes mains \u00e0 la clinique de FIV Cryos. Nous vous offrons des soins personnalis\u00e9s et compatissants, ce qui rend votre voyage de fertilit\u00e9 confortable et fluide, quel que soit l&rsquo;endroit d&rsquo;o\u00f9 vous venez. \u00c0 la Cryos IVF Clinic, nous comprenons que [&hellip;]<\/p>\n","protected":false},"author":2,"featured_media":0,"parent":0,"menu_order":0,"comment_status":"closed","ping_status":"closed","template":"","meta":{"footnotes":""},"class_list":["post-1721","page","type-page","status-publish","hentry"],"yoast_head":"<!-- This site is optimized with the Yoast SEO plugin v27.4 - https:\/\/yoast.com\/product\/yoast-seo-wordpress\/ -->\n<title>Patients internationaux - Cryos IVF Clinic in Cyprus<\/title>\n<meta name=\"description\" content=\"Vous envisagez un traitement de fertilit\u00e9 \u00e0 l&#039;\u00e9tranger ? La clinique de FIV Cryos \u00e0 Chypre offre des soins de fertilit\u00e9 de classe mondiale avec un personnel anglophone dans un cadre m\u00e9diterran\u00e9en relaxant.\" \/>\n<meta name=\"robots\" content=\"index, follow, max-snippet:-1, max-image-preview:large, max-video-preview:-1\" \/>\n<link rel=\"canonical\" href=\"https:\/\/cryosivfclinic.com\/fr\/patients-internationaux\/\" \/>\n<meta property=\"og:locale\" content=\"fr_FR\" \/>\n<meta property=\"og:type\" content=\"article\" \/>\n<meta property=\"og:title\" content=\"Patients internationaux - Cryos IVF Clinic in Cyprus\" \/>\n<meta property=\"og:description\" content=\"Vous envisagez un traitement de fertilit\u00e9 \u00e0 l&#039;\u00e9tranger ? La clinique de FIV Cryos \u00e0 Chypre offre des soins de fertilit\u00e9 de classe mondiale avec un personnel anglophone dans un cadre m\u00e9diterran\u00e9en relaxant.\" \/>\n<meta property=\"og:url\" content=\"https:\/\/cryosivfclinic.com\/fr\/patients-internationaux\/\" \/>\n<meta property=\"og:site_name\" content=\"Cryos IVF Clinic in Cyprus\" \/>\n<meta property=\"article:modified_time\" content=\"2025-05-16T11:39:57+00:00\" \/>\n<meta property=\"og:image\" content=\"https:\/\/cryosivfclinic.com\/wp-content\/uploads\/2025\/03\/cyprus-fertility-tourism-destination.jpg\" \/>\n\t<meta property=\"og:image:width\" content=\"960\" \/>\n\t<meta property=\"og:image:height\" content=\"540\" \/>\n\t<meta property=\"og:image:type\" content=\"image\/jpeg\" \/>\n<meta name=\"twitter:card\" content=\"summary_large_image\" \/>\n<meta name=\"twitter:label1\" content=\"Dur\u00e9e de lecture estim\u00e9e\" \/>\n\t<meta name=\"twitter:data1\" content=\"3 minutes\" \/>\n<script type=\"application\/ld+json\" class=\"yoast-schema-graph\">{\"@context\":\"https:\\\/\\\/schema.org\",\"@graph\":[{\"@type\":\"WebPage\",\"@id\":\"https:\\\/\\\/cryosivfclinic.com\\\/fr\\\/patients-internationaux\\\/\",\"url\":\"https:\\\/\\\/cryosivfclinic.com\\\/fr\\\/patients-internationaux\\\/\",\"name\":\"Patients internationaux - Cryos IVF Clinic in Cyprus\",\"isPartOf\":{\"@id\":\"https:\\\/\\\/cryosivfclinic.com\\\/fr\\\/#website\"},\"primaryImageOfPage\":{\"@id\":\"https:\\\/\\\/cryosivfclinic.com\\\/fr\\\/patients-internationaux\\\/#primaryimage\"},\"image\":{\"@id\":\"https:\\\/\\\/cryosivfclinic.com\\\/fr\\\/patients-internationaux\\\/#primaryimage\"},\"thumbnailUrl\":\"https:\\\/\\\/cryosivfclinic.com\\\/wp-content\\\/uploads\\\/2025\\\/03\\\/cyprus-fertility-tourism-destination.jpg\",\"datePublished\":\"2025-03-21T13:23:37+00:00\",\"dateModified\":\"2025-05-16T11:39:57+00:00\",\"description\":\"Vous envisagez un traitement de fertilit\u00e9 \u00e0 l'\u00e9tranger ? La clinique de FIV Cryos \u00e0 Chypre offre des soins de fertilit\u00e9 de classe mondiale avec un personnel anglophone dans un cadre m\u00e9diterran\u00e9en relaxant.\",\"breadcrumb\":{\"@id\":\"https:\\\/\\\/cryosivfclinic.com\\\/fr\\\/patients-internationaux\\\/#breadcrumb\"},\"inLanguage\":\"fr-FR\",\"potentialAction\":[{\"@type\":\"ReadAction\",\"target\":[\"https:\\\/\\\/cryosivfclinic.com\\\/fr\\\/patients-internationaux\\\/\"]}]},{\"@type\":\"ImageObject\",\"inLanguage\":\"fr-FR\",\"@id\":\"https:\\\/\\\/cryosivfclinic.com\\\/fr\\\/patients-internationaux\\\/#primaryimage\",\"url\":\"https:\\\/\\\/cryosivfclinic.com\\\/wp-content\\\/uploads\\\/2025\\\/03\\\/cyprus-fertility-tourism-destination.jpg\",\"contentUrl\":\"https:\\\/\\\/cryosivfclinic.com\\\/wp-content\\\/uploads\\\/2025\\\/03\\\/cyprus-fertility-tourism-destination.jpg\"},{\"@type\":\"BreadcrumbList\",\"@id\":\"https:\\\/\\\/cryosivfclinic.com\\\/fr\\\/patients-internationaux\\\/#breadcrumb\",\"itemListElement\":[{\"@type\":\"ListItem\",\"position\":1,\"name\":\"Home\",\"item\":\"https:\\\/\\\/cryosivfclinic.com\\\/fr\\\/fertility-treatment\\\/\"},{\"@type\":\"ListItem\",\"position\":2,\"name\":\"Patients internationaux\"}]},{\"@type\":\"WebSite\",\"@id\":\"https:\\\/\\\/cryosivfclinic.com\\\/fr\\\/#website\",\"url\":\"https:\\\/\\\/cryosivfclinic.com\\\/fr\\\/\",\"name\":\"Cryos IVF Clinic in Cyprus\",\"description\":\"\",\"publisher\":{\"@id\":\"https:\\\/\\\/cryosivfclinic.com\\\/fr\\\/#organization\"},\"potentialAction\":[{\"@type\":\"SearchAction\",\"target\":{\"@type\":\"EntryPoint\",\"urlTemplate\":\"https:\\\/\\\/cryosivfclinic.com\\\/fr\\\/?s={search_term_string}\"},\"query-input\":{\"@type\":\"PropertyValueSpecification\",\"valueRequired\":true,\"valueName\":\"search_term_string\"}}],\"inLanguage\":\"fr-FR\"},{\"@type\":\"Organization\",\"@id\":\"https:\\\/\\\/cryosivfclinic.com\\\/fr\\\/#organization\",\"name\":\"Cryos IVF Clinic in Cyprus\",\"url\":\"https:\\\/\\\/cryosivfclinic.com\\\/fr\\\/\",\"logo\":{\"@type\":\"ImageObject\",\"inLanguage\":\"fr-FR\",\"@id\":\"https:\\\/\\\/cryosivfclinic.com\\\/fr\\\/#\\\/schema\\\/logo\\\/image\\\/\",\"url\":\"https:\\\/\\\/cryosivfclinic.com\\\/wp-content\\\/uploads\\\/2025\\\/01\\\/Cryos_Clinic_Logo_RGB_Blue_Black_ank.png\",\"contentUrl\":\"https:\\\/\\\/cryosivfclinic.com\\\/wp-content\\\/uploads\\\/2025\\\/01\\\/Cryos_Clinic_Logo_RGB_Blue_Black_ank.png\",\"width\":367,\"height\":207,\"caption\":\"Cryos IVF Clinic in Cyprus\"},\"image\":{\"@id\":\"https:\\\/\\\/cryosivfclinic.com\\\/fr\\\/#\\\/schema\\\/logo\\\/image\\\/\"}}]}<\/script>\n<!-- \/ Yoast SEO plugin. -->","yoast_head_json":{"title":"Patients internationaux - Cryos IVF Clinic in Cyprus","description":"Vous envisagez un traitement de fertilit\u00e9 \u00e0 l'\u00e9tranger ? La clinique de FIV Cryos \u00e0 Chypre offre des soins de fertilit\u00e9 de classe mondiale avec un personnel anglophone dans un cadre m\u00e9diterran\u00e9en relaxant.","robots":{"index":"index","follow":"follow","max-snippet":"max-snippet:-1","max-image-preview":"max-image-preview:large","max-video-preview":"max-video-preview:-1"},"canonical":"https:\/\/cryosivfclinic.com\/fr\/patients-internationaux\/","og_locale":"fr_FR","og_type":"article","og_title":"Patients internationaux - Cryos IVF Clinic in Cyprus","og_description":"Vous envisagez un traitement de fertilit\u00e9 \u00e0 l'\u00e9tranger ? La clinique de FIV Cryos \u00e0 Chypre offre des soins de fertilit\u00e9 de classe mondiale avec un personnel anglophone dans un cadre m\u00e9diterran\u00e9en relaxant.","og_url":"https:\/\/cryosivfclinic.com\/fr\/patients-internationaux\/","og_site_name":"Cryos IVF Clinic in Cyprus","article_modified_time":"2025-05-16T11:39:57+00:00","og_image":[{"width":960,"height":540,"url":"https:\/\/cryosivfclinic.com\/wp-content\/uploads\/2025\/03\/cyprus-fertility-tourism-destination.jpg","type":"image\/jpeg"}],"twitter_card":"summary_large_image","twitter_misc":{"Dur\u00e9e de lecture estim\u00e9e":"3 minutes"},"schema":{"@context":"https:\/\/schema.org","@graph":[{"@type":"WebPage","@id":"https:\/\/cryosivfclinic.com\/fr\/patients-internationaux\/","url":"https:\/\/cryosivfclinic.com\/fr\/patients-internationaux\/","name":"Patients internationaux - Cryos IVF Clinic in Cyprus","isPartOf":{"@id":"https:\/\/cryosivfclinic.com\/fr\/#website"},"primaryImageOfPage":{"@id":"https:\/\/cryosivfclinic.com\/fr\/patients-internationaux\/#primaryimage"},"image":{"@id":"https:\/\/cryosivfclinic.com\/fr\/patients-internationaux\/#primaryimage"},"thumbnailUrl":"https:\/\/cryosivfclinic.com\/wp-content\/uploads\/2025\/03\/cyprus-fertility-tourism-destination.jpg","datePublished":"2025-03-21T13:23:37+00:00","dateModified":"2025-05-16T11:39:57+00:00","description":"Vous envisagez un traitement de fertilit\u00e9 \u00e0 l'\u00e9tranger ? La clinique de FIV Cryos \u00e0 Chypre offre des soins de fertilit\u00e9 de classe mondiale avec un personnel anglophone dans un cadre m\u00e9diterran\u00e9en relaxant.","breadcrumb":{"@id":"https:\/\/cryosivfclinic.com\/fr\/patients-internationaux\/#breadcrumb"},"inLanguage":"fr-FR","potentialAction":[{"@type":"ReadAction","target":["https:\/\/cryosivfclinic.com\/fr\/patients-internationaux\/"]}]},{"@type":"ImageObject","inLanguage":"fr-FR","@id":"https:\/\/cryosivfclinic.com\/fr\/patients-internationaux\/#primaryimage","url":"https:\/\/cryosivfclinic.com\/wp-content\/uploads\/2025\/03\/cyprus-fertility-tourism-destination.jpg","contentUrl":"https:\/\/cryosivfclinic.com\/wp-content\/uploads\/2025\/03\/cyprus-fertility-tourism-destination.jpg"},{"@type":"BreadcrumbList","@id":"https:\/\/cryosivfclinic.com\/fr\/patients-internationaux\/#breadcrumb","itemListElement":[{"@type":"ListItem","position":1,"name":"Home","item":"https:\/\/cryosivfclinic.com\/fr\/fertility-treatment\/"},{"@type":"ListItem","position":2,"name":"Patients internationaux"}]},{"@type":"WebSite","@id":"https:\/\/cryosivfclinic.com\/fr\/#website","url":"https:\/\/cryosivfclinic.com\/fr\/","name":"Cryos IVF Clinic in Cyprus","description":"","publisher":{"@id":"https:\/\/cryosivfclinic.com\/fr\/#organization"},"potentialAction":[{"@type":"SearchAction","target":{"@type":"EntryPoint","urlTemplate":"https:\/\/cryosivfclinic.com\/fr\/?s={search_term_string}"},"query-input":{"@type":"PropertyValueSpecification","valueRequired":true,"valueName":"search_term_string"}}],"inLanguage":"fr-FR"},{"@type":"Organization","@id":"https:\/\/cryosivfclinic.com\/fr\/#organization","name":"Cryos IVF Clinic in Cyprus","url":"https:\/\/cryosivfclinic.com\/fr\/","logo":{"@type":"ImageObject","inLanguage":"fr-FR","@id":"https:\/\/cryosivfclinic.com\/fr\/#\/schema\/logo\/image\/","url":"https:\/\/cryosivfclinic.com\/wp-content\/uploads\/2025\/01\/Cryos_Clinic_Logo_RGB_Blue_Black_ank.png","contentUrl":"https:\/\/cryosivfclinic.com\/wp-content\/uploads\/2025\/01\/Cryos_Clinic_Logo_RGB_Blue_Black_ank.png","width":367,"height":207,"caption":"Cryos IVF Clinic in Cyprus"},"image":{"@id":"https:\/\/cryosivfclinic.com\/fr\/#\/schema\/logo\/image\/"}}]}},"_links":{"self":[{"href":"https:\/\/cryosivfclinic.com\/fr\/wp-json\/wp\/v2\/pages\/1721","targetHints":{"allow":["GET"]}}],"collection":[{"href":"https:\/\/cryosivfclinic.com\/fr\/wp-json\/wp\/v2\/pages"}],"about":[{"href":"https:\/\/cryosivfclinic.com\/fr\/wp-json\/wp\/v2\/types\/page"}],"author":[{"embeddable":true,"href":"https:\/\/cryosivfclinic.com\/fr\/wp-json\/wp\/v2\/users\/2"}],"replies":[{"embeddable":true,"href":"https:\/\/cryosivfclinic.com\/fr\/wp-json\/wp\/v2\/comments?post=1721"}],"version-history":[{"count":7,"href":"https:\/\/cryosivfclinic.com\/fr\/wp-json\/wp\/v2\/pages\/1721\/revisions"}],"predecessor-version":[{"id":2500,"href":"https:\/\/cryosivfclinic.com\/fr\/wp-json\/wp\/v2\/pages\/1721\/revisions\/2500"}],"wp:attachment":[{"href":"https:\/\/cryosivfclinic.com\/fr\/wp-json\/wp\/v2\/media?parent=1721"}],"curies":[{"name":"wp","href":"https:\/\/api.w.org\/{rel}","templated":true}]}}