{"id":2247,"date":"2025-04-22T14:12:54","date_gmt":"2025-04-22T14:12:54","guid":{"rendered":"https:\/\/cryosivfclinic.com\/unsere-klinik\/lizenzen-und-zertifizierungen\/"},"modified":"2025-08-06T11:04:09","modified_gmt":"2025-08-06T11:04:09","slug":"lizenzen-und-zertifizierungen","status":"publish","type":"page","link":"https:\/\/cryosivfclinic.com\/de\/unsere-klinik\/lizenzen-und-zertifizierungen\/","title":{"rendered":"Lizenzen und Zertifizierungen"},"content":{"rendered":"\t\t<div data-elementor-type=\"wp-page\" data-elementor-id=\"2247\" class=\"elementor elementor-2247 elementor-2218\" data-elementor-post-type=\"page\">\n\t\t\t\t<div class=\"elementor-element elementor-element-71cf296 paddedsection e-flex e-con-boxed e-con e-parent\" data-id=\"71cf296\" data-element_type=\"container\" data-e-type=\"container\">\n\t\t\t\t\t<div class=\"e-con-inner\">\n\t\t\t\t<div class=\"elementor-element elementor-element-d57b515 elementor-widget elementor-widget-heading\" data-id=\"d57b515\" data-element_type=\"widget\" data-e-type=\"widget\" data-widget_type=\"heading.default\">\n\t\t\t\t\t<h1 class=\"elementor-heading-title elementor-size-default\">Lizenzen und Zertifizierungen\n<\/h1>\t\t\t\t<\/div>\n\t\t\t\t<div class=\"elementor-element elementor-element-0de6335 lastnospace elementor-widget elementor-widget-text-editor\" data-id=\"0de6335\" data-element_type=\"widget\" data-e-type=\"widget\" data-widget_type=\"text-editor.default\">\n\t\t\t\t\t\t\t\t\t<p>In der Cryos IVF Clinic sind Qualit\u00e4t, Sicherheit und Compliance die Grundlage f\u00fcr alles, was wir tun. Hier finden Sie unsere Lizenzen und Zertifizierungen und hier erfahren Sie mehr \u00fcber unsere Qualit\u00e4tsarbeit. <\/p>\t\t\t\t\t\t\t\t<\/div>\n\t\t\t\t<div class=\"elementor-element elementor-element-dfa2060 elementor-widget-divider--view-line elementor-widget elementor-widget-divider\" data-id=\"dfa2060\" data-element_type=\"widget\" data-e-type=\"widget\" data-widget_type=\"divider.default\">\n\t\t\t\t\t\t\t<div class=\"elementor-divider\">\n\t\t\t<span class=\"elementor-divider-separator\">\n\t\t\t\t\t\t<\/span>\n\t\t<\/div>\n\t\t\t\t\t\t<\/div>\n\t\t\t\t<div class=\"elementor-element elementor-element-1504df8 elementor-widget elementor-widget-text-editor\" data-id=\"1504df8\" data-element_type=\"widget\" data-e-type=\"widget\" data-widget_type=\"text-editor.default\">\n\t\t\t\t\t\t\t\t\t<p>Cryos ist eine zugelassene Gewebeeinrichtung gem\u00e4\u00df der Richtlinie der Europ\u00e4ischen Union \u00fcber Gewebe und Zellen. Wir halten uns an alle geltenden Vorschriften und international anerkannten Standards. <\/p><p>Wenn Sie sich f\u00fcr die Cryos IVF Clinic entscheiden, k\u00f6nnen Sie sicher sein, dass jedes Verfahren, jedes Produkt und jede Patientenerfahrung den weltweiten Standards f\u00fcr Sicherheit, Transparenz und Wirksamkeit entspricht.<\/p>\t\t\t\t\t\t\t\t<\/div>\n\t\t\t\t<div class=\"elementor-element elementor-element-7d73f8b elementor-widget elementor-widget-text-editor\" data-id=\"7d73f8b\" data-element_type=\"widget\" data-e-type=\"widget\" data-widget_type=\"text-editor.default\">\n\t\t\t\t\t\t\t\t\t<h2>Unsere Lizenzen und Zertifizierungen<\/h2><p><strong>Zulassung f\u00fcr die Gewebeeinrichtung<\/strong><br><a href=\"https:\/\/cryosivfclinic.com\/wp-content\/uploads\/2025\/05\/CY-Tissue-Establishment-Authorisation.pdf\" target=\"_blank\" rel=\"noopener\">Siehe Zulassung<\/a><\/p><p> <\/p><h2>Warum dies f\u00fcr Sie wichtig ist<\/h2><p>Die Wahl einer lizenzierten und zertifizierten Klinik bedeutet eine Entscheidung:<\/p><ul><li>Strenge Normen<\/li><li>Kontinuierliche Verbesserung<\/li><li>Transparenz und Verantwortlichkeit bei jedem Schritt<\/li><\/ul><h2>Sind Sie bereit, Ihre Fruchtbarkeitsreise mit uns zu beginnen?<\/h2><p>F\u00fcllen Sie unser Kontaktformular aus und erfahren Sie mehr \u00fcber die Behandlungen in der Cryos IVF Clinic. Wir sind f\u00fcr Sie da und begleiten Sie bei jedem Schritt. <\/p>\t\t\t\t\t\t\t\t<\/div>\n\t\t\t\t<div class=\"elementor-element elementor-element-d68e679 elementor-align-center elementor-widget elementor-widget-button\" data-id=\"d68e679\" data-element_type=\"widget\" data-e-type=\"widget\" data-widget_type=\"button.default\">\n\t\t\t\t\t\t\t\t\t\t<a class=\"elementor-button elementor-button-link elementor-size-sm\" href=\"https:\/\/cryosivfclinic.com\/de\/kontakt\/\">\n\t\t\t\t\t\t<span class=\"elementor-button-content-wrapper\">\n\t\t\t\t\t\t\t\t\t<span class=\"elementor-button-text\">Kontakt zur Cryos IVF-Klinik<\/span>\n\t\t\t\t\t<\/span>\n\t\t\t\t\t<\/a>\n\t\t\t\t\t\t\t\t<\/div>\n\t\t\t\t\t<\/div>\n\t\t\t\t<\/div>\n\t\t\t\t<\/div>\n\t\t","protected":false},"excerpt":{"rendered":"<p>Lizenzen und Zertifizierungen In der Cryos IVF Clinic sind Qualit\u00e4t, Sicherheit und Compliance die Grundlage f\u00fcr alles, was wir tun. Hier finden Sie unsere Lizenzen und Zertifizierungen und hier erfahren Sie mehr \u00fcber unsere Qualit\u00e4tsarbeit. Cryos ist eine zugelassene Gewebeeinrichtung gem\u00e4\u00df der Richtlinie der Europ\u00e4ischen Union \u00fcber Gewebe und Zellen. Wir halten uns an alle [&hellip;]<\/p>\n","protected":false},"author":2,"featured_media":0,"parent":1760,"menu_order":0,"comment_status":"closed","ping_status":"closed","template":"","meta":{"footnotes":""},"class_list":["post-2247","page","type-page","status-publish","hentry"],"yoast_head":"<!-- This site is optimized with the Yoast SEO plugin v27.4 - https:\/\/yoast.com\/product\/yoast-seo-wordpress\/ -->\n<title>Lizenzen und Zertifizierungen - Cryos IVF Clinic in Cyprus<\/title>\n<meta name=\"description\" content=\"Cryos ist eine lizenzierte Gewebeeinrichtung gem\u00e4\u00df der EU-Richtlinie \u00fcber Gewebe und Zellen und nach ISO 9001:2015 zertifiziert. Erfahren Sie hier, was dies f\u00fcr die Qualit\u00e4t Ihrer Fruchtbarkeit bedeutet.\" \/>\n<meta name=\"robots\" content=\"index, follow, max-snippet:-1, max-image-preview:large, max-video-preview:-1\" \/>\n<link rel=\"canonical\" href=\"https:\/\/cryosivfclinic.com\/de\/unsere-klinik\/lizenzen-und-zertifizierungen\/\" \/>\n<meta property=\"og:locale\" content=\"de_DE\" \/>\n<meta property=\"og:type\" content=\"article\" \/>\n<meta property=\"og:title\" content=\"Lizenzen und Zertifizierungen - Cryos IVF Clinic in Cyprus\" \/>\n<meta property=\"og:description\" content=\"Cryos ist eine lizenzierte Gewebeeinrichtung gem\u00e4\u00df der EU-Richtlinie \u00fcber Gewebe und Zellen und nach ISO 9001:2015 zertifiziert. Erfahren Sie hier, was dies f\u00fcr die Qualit\u00e4t Ihrer Fruchtbarkeit bedeutet.\" \/>\n<meta property=\"og:url\" content=\"https:\/\/cryosivfclinic.com\/de\/unsere-klinik\/lizenzen-und-zertifizierungen\/\" \/>\n<meta property=\"og:site_name\" content=\"Cryos IVF Clinic in Cyprus\" \/>\n<meta property=\"article:modified_time\" content=\"2025-08-06T11:04:09+00:00\" \/>\n<meta property=\"og:image\" content=\"https:\/\/cryosivfclinic.com\/wp-content\/uploads\/2025\/01\/favicon.png\" \/>\n\t<meta property=\"og:image:width\" content=\"64\" \/>\n\t<meta property=\"og:image:height\" content=\"64\" \/>\n\t<meta property=\"og:image:type\" content=\"image\/png\" \/>\n<meta name=\"twitter:card\" content=\"summary_large_image\" \/>\n<meta name=\"twitter:label1\" content=\"Gesch\u00e4tzte Lesezeit\" \/>\n\t<meta name=\"twitter:data1\" content=\"1\u00a0Minute\" \/>\n<script type=\"application\/ld+json\" class=\"yoast-schema-graph\">{\"@context\":\"https:\\\/\\\/schema.org\",\"@graph\":[{\"@type\":\"WebPage\",\"@id\":\"https:\\\/\\\/cryosivfclinic.com\\\/de\\\/unsere-klinik\\\/lizenzen-und-zertifizierungen\\\/\",\"url\":\"https:\\\/\\\/cryosivfclinic.com\\\/de\\\/unsere-klinik\\\/lizenzen-und-zertifizierungen\\\/\",\"name\":\"Lizenzen und Zertifizierungen - Cryos IVF Clinic in Cyprus\",\"isPartOf\":{\"@id\":\"https:\\\/\\\/cryosivfclinic.com\\\/de\\\/#website\"},\"datePublished\":\"2025-04-22T14:12:54+00:00\",\"dateModified\":\"2025-08-06T11:04:09+00:00\",\"description\":\"Cryos ist eine lizenzierte Gewebeeinrichtung gem\u00e4\u00df der EU-Richtlinie \u00fcber Gewebe und Zellen und nach ISO 9001:2015 zertifiziert. Erfahren Sie hier, was dies f\u00fcr die Qualit\u00e4t Ihrer Fruchtbarkeit bedeutet.\",\"breadcrumb\":{\"@id\":\"https:\\\/\\\/cryosivfclinic.com\\\/de\\\/unsere-klinik\\\/lizenzen-und-zertifizierungen\\\/#breadcrumb\"},\"inLanguage\":\"de\",\"potentialAction\":[{\"@type\":\"ReadAction\",\"target\":[\"https:\\\/\\\/cryosivfclinic.com\\\/de\\\/unsere-klinik\\\/lizenzen-und-zertifizierungen\\\/\"]}]},{\"@type\":\"BreadcrumbList\",\"@id\":\"https:\\\/\\\/cryosivfclinic.com\\\/de\\\/unsere-klinik\\\/lizenzen-und-zertifizierungen\\\/#breadcrumb\",\"itemListElement\":[{\"@type\":\"ListItem\",\"position\":1,\"name\":\"Home\",\"item\":\"https:\\\/\\\/cryosivfclinic.com\\\/de\\\/fertility-treatment\\\/\"},{\"@type\":\"ListItem\",\"position\":2,\"name\":\"Unsere Klinik\",\"item\":\"https:\\\/\\\/cryosivfclinic.com\\\/de\\\/unsere-klinik\\\/\"},{\"@type\":\"ListItem\",\"position\":3,\"name\":\"Lizenzen und Zertifizierungen\"}]},{\"@type\":\"WebSite\",\"@id\":\"https:\\\/\\\/cryosivfclinic.com\\\/de\\\/#website\",\"url\":\"https:\\\/\\\/cryosivfclinic.com\\\/de\\\/\",\"name\":\"Cryos IVF Clinic in Cyprus\",\"description\":\"\",\"publisher\":{\"@id\":\"https:\\\/\\\/cryosivfclinic.com\\\/de\\\/#organization\"},\"potentialAction\":[{\"@type\":\"SearchAction\",\"target\":{\"@type\":\"EntryPoint\",\"urlTemplate\":\"https:\\\/\\\/cryosivfclinic.com\\\/de\\\/?s={search_term_string}\"},\"query-input\":{\"@type\":\"PropertyValueSpecification\",\"valueRequired\":true,\"valueName\":\"search_term_string\"}}],\"inLanguage\":\"de\"},{\"@type\":\"Organization\",\"@id\":\"https:\\\/\\\/cryosivfclinic.com\\\/de\\\/#organization\",\"name\":\"Cryos IVF Clinic in Cyprus\",\"url\":\"https:\\\/\\\/cryosivfclinic.com\\\/de\\\/\",\"logo\":{\"@type\":\"ImageObject\",\"inLanguage\":\"de\",\"@id\":\"https:\\\/\\\/cryosivfclinic.com\\\/de\\\/#\\\/schema\\\/logo\\\/image\\\/\",\"url\":\"https:\\\/\\\/cryosivfclinic.com\\\/wp-content\\\/uploads\\\/2025\\\/01\\\/Cryos_Clinic_Logo_RGB_Blue_Black_ank.png\",\"contentUrl\":\"https:\\\/\\\/cryosivfclinic.com\\\/wp-content\\\/uploads\\\/2025\\\/01\\\/Cryos_Clinic_Logo_RGB_Blue_Black_ank.png\",\"width\":367,\"height\":207,\"caption\":\"Cryos IVF Clinic in Cyprus\"},\"image\":{\"@id\":\"https:\\\/\\\/cryosivfclinic.com\\\/de\\\/#\\\/schema\\\/logo\\\/image\\\/\"}}]}<\/script>\n<!-- \/ Yoast SEO plugin. -->","yoast_head_json":{"title":"Lizenzen und Zertifizierungen - Cryos IVF Clinic in Cyprus","description":"Cryos ist eine lizenzierte Gewebeeinrichtung gem\u00e4\u00df der EU-Richtlinie \u00fcber Gewebe und Zellen und nach ISO 9001:2015 zertifiziert. Erfahren Sie hier, was dies f\u00fcr die Qualit\u00e4t Ihrer Fruchtbarkeit bedeutet.","robots":{"index":"index","follow":"follow","max-snippet":"max-snippet:-1","max-image-preview":"max-image-preview:large","max-video-preview":"max-video-preview:-1"},"canonical":"https:\/\/cryosivfclinic.com\/de\/unsere-klinik\/lizenzen-und-zertifizierungen\/","og_locale":"de_DE","og_type":"article","og_title":"Lizenzen und Zertifizierungen - Cryos IVF Clinic in Cyprus","og_description":"Cryos ist eine lizenzierte Gewebeeinrichtung gem\u00e4\u00df der EU-Richtlinie \u00fcber Gewebe und Zellen und nach ISO 9001:2015 zertifiziert. Erfahren Sie hier, was dies f\u00fcr die Qualit\u00e4t Ihrer Fruchtbarkeit bedeutet.","og_url":"https:\/\/cryosivfclinic.com\/de\/unsere-klinik\/lizenzen-und-zertifizierungen\/","og_site_name":"Cryos IVF Clinic in Cyprus","article_modified_time":"2025-08-06T11:04:09+00:00","og_image":[{"width":64,"height":64,"url":"https:\/\/cryosivfclinic.com\/wp-content\/uploads\/2025\/01\/favicon.png","type":"image\/png"}],"twitter_card":"summary_large_image","twitter_misc":{"Gesch\u00e4tzte Lesezeit":"1\u00a0Minute"},"schema":{"@context":"https:\/\/schema.org","@graph":[{"@type":"WebPage","@id":"https:\/\/cryosivfclinic.com\/de\/unsere-klinik\/lizenzen-und-zertifizierungen\/","url":"https:\/\/cryosivfclinic.com\/de\/unsere-klinik\/lizenzen-und-zertifizierungen\/","name":"Lizenzen und Zertifizierungen - Cryos IVF Clinic in Cyprus","isPartOf":{"@id":"https:\/\/cryosivfclinic.com\/de\/#website"},"datePublished":"2025-04-22T14:12:54+00:00","dateModified":"2025-08-06T11:04:09+00:00","description":"Cryos ist eine lizenzierte Gewebeeinrichtung gem\u00e4\u00df der EU-Richtlinie \u00fcber Gewebe und Zellen und nach ISO 9001:2015 zertifiziert. Erfahren Sie hier, was dies f\u00fcr die Qualit\u00e4t Ihrer Fruchtbarkeit bedeutet.","breadcrumb":{"@id":"https:\/\/cryosivfclinic.com\/de\/unsere-klinik\/lizenzen-und-zertifizierungen\/#breadcrumb"},"inLanguage":"de","potentialAction":[{"@type":"ReadAction","target":["https:\/\/cryosivfclinic.com\/de\/unsere-klinik\/lizenzen-und-zertifizierungen\/"]}]},{"@type":"BreadcrumbList","@id":"https:\/\/cryosivfclinic.com\/de\/unsere-klinik\/lizenzen-und-zertifizierungen\/#breadcrumb","itemListElement":[{"@type":"ListItem","position":1,"name":"Home","item":"https:\/\/cryosivfclinic.com\/de\/fertility-treatment\/"},{"@type":"ListItem","position":2,"name":"Unsere Klinik","item":"https:\/\/cryosivfclinic.com\/de\/unsere-klinik\/"},{"@type":"ListItem","position":3,"name":"Lizenzen und Zertifizierungen"}]},{"@type":"WebSite","@id":"https:\/\/cryosivfclinic.com\/de\/#website","url":"https:\/\/cryosivfclinic.com\/de\/","name":"Cryos IVF Clinic in Cyprus","description":"","publisher":{"@id":"https:\/\/cryosivfclinic.com\/de\/#organization"},"potentialAction":[{"@type":"SearchAction","target":{"@type":"EntryPoint","urlTemplate":"https:\/\/cryosivfclinic.com\/de\/?s={search_term_string}"},"query-input":{"@type":"PropertyValueSpecification","valueRequired":true,"valueName":"search_term_string"}}],"inLanguage":"de"},{"@type":"Organization","@id":"https:\/\/cryosivfclinic.com\/de\/#organization","name":"Cryos IVF Clinic in Cyprus","url":"https:\/\/cryosivfclinic.com\/de\/","logo":{"@type":"ImageObject","inLanguage":"de","@id":"https:\/\/cryosivfclinic.com\/de\/#\/schema\/logo\/image\/","url":"https:\/\/cryosivfclinic.com\/wp-content\/uploads\/2025\/01\/Cryos_Clinic_Logo_RGB_Blue_Black_ank.png","contentUrl":"https:\/\/cryosivfclinic.com\/wp-content\/uploads\/2025\/01\/Cryos_Clinic_Logo_RGB_Blue_Black_ank.png","width":367,"height":207,"caption":"Cryos IVF Clinic in Cyprus"},"image":{"@id":"https:\/\/cryosivfclinic.com\/de\/#\/schema\/logo\/image\/"}}]}},"_links":{"self":[{"href":"https:\/\/cryosivfclinic.com\/de\/wp-json\/wp\/v2\/pages\/2247","targetHints":{"allow":["GET"]}}],"collection":[{"href":"https:\/\/cryosivfclinic.com\/de\/wp-json\/wp\/v2\/pages"}],"about":[{"href":"https:\/\/cryosivfclinic.com\/de\/wp-json\/wp\/v2\/types\/page"}],"author":[{"embeddable":true,"href":"https:\/\/cryosivfclinic.com\/de\/wp-json\/wp\/v2\/users\/2"}],"replies":[{"embeddable":true,"href":"https:\/\/cryosivfclinic.com\/de\/wp-json\/wp\/v2\/comments?post=2247"}],"version-history":[{"count":10,"href":"https:\/\/cryosivfclinic.com\/de\/wp-json\/wp\/v2\/pages\/2247\/revisions"}],"predecessor-version":[{"id":2654,"href":"https:\/\/cryosivfclinic.com\/de\/wp-json\/wp\/v2\/pages\/2247\/revisions\/2654"}],"up":[{"embeddable":true,"href":"https:\/\/cryosivfclinic.com\/de\/wp-json\/wp\/v2\/pages\/1760"}],"wp:attachment":[{"href":"https:\/\/cryosivfclinic.com\/de\/wp-json\/wp\/v2\/media?parent=2247"}],"curies":[{"name":"wp","href":"https:\/\/api.w.org\/{rel}","templated":true}]}}