{"id":1892,"date":"2025-03-21T13:22:29","date_gmt":"2025-03-21T13:22:29","guid":{"rendered":"https:\/\/cryosivfclinic.com\/fruchtbarkeitsbehandlungen\/behandlung-mit-spendereiern\/"},"modified":"2026-03-12T11:36:48","modified_gmt":"2026-03-12T11:36:48","slug":"behandlung-mit-spendereiern","status":"publish","type":"page","link":"https:\/\/cryosivfclinic.com\/de\/fruchtbarkeitsbehandlungen\/behandlung-mit-spendereiern\/","title":{"rendered":"Behandlung mit Spendereiern"},"content":{"rendered":"\t\t<div data-elementor-type=\"wp-page\" data-elementor-id=\"1892\" class=\"elementor elementor-1892 elementor-346\" data-elementor-post-type=\"page\">\n\t\t\t\t<div class=\"elementor-element elementor-element-ca32407 paddedsection e-flex e-con-boxed e-con e-parent\" data-id=\"ca32407\" data-element_type=\"container\" data-e-type=\"container\">\n\t\t\t\t\t<div class=\"e-con-inner\">\n\t\t\t\t<div class=\"elementor-element elementor-element-730f251 elementor-widget elementor-widget-heading\" data-id=\"730f251\" data-element_type=\"widget\" data-e-type=\"widget\" data-widget_type=\"heading.default\">\n\t\t\t\t\t<h1 class=\"elementor-heading-title elementor-size-default\">Behandlung mit Spendereiern\n<\/h1>\t\t\t\t<\/div>\n\t\t\t\t<div class=\"elementor-element elementor-element-d2580ed lastnospace elementor-widget elementor-widget-text-editor\" data-id=\"d2580ed\" data-element_type=\"widget\" data-e-type=\"widget\" data-widget_type=\"text-editor.default\">\n\t\t\t\t\t\t\t\t\t<p>Die Verwendung von Eizellen einer Spenderin kann eine gute Option f\u00fcr Patientinnen sein, die nicht in der Lage sind, mit ihren eigenen Eizellen schwanger zu werden, entweder auf nat\u00fcrlichem Wege oder mit einer Fruchtbarkeitsbehandlung.<\/p>\t\t\t\t\t\t\t\t<\/div>\n\t\t\t\t<div class=\"elementor-element elementor-element-55ebe5e elementor-widget-divider--view-line elementor-widget elementor-widget-divider\" data-id=\"55ebe5e\" data-element_type=\"widget\" data-e-type=\"widget\" data-widget_type=\"divider.default\">\n\t\t\t\t\t\t\t<div class=\"elementor-divider\">\n\t\t\t<span class=\"elementor-divider-separator\">\n\t\t\t\t\t\t<\/span>\n\t\t<\/div>\n\t\t\t\t\t\t<\/div>\n\t\t\t\t<div class=\"elementor-element elementor-element-0289410 elementor-widget elementor-widget-text-editor\" data-id=\"0289410\" data-element_type=\"widget\" data-e-type=\"widget\" data-widget_type=\"text-editor.default\">\n\t\t\t\t\t\t\t\t\tEs gibt viele M\u00f6glichkeiten, Eltern zu werden, und eine davon ist die Verwendung von Spendereiern. Erfahren Sie hier, wann eine Behandlung mit Spendereiern empfohlen wird und wie sie funktioniert. <br class=\"a\"><br class=\"a\"><h2>Was ist eine Behandlung mit Spendereiern?<\/h2>\nDie Behandlung mit Spendereiern ist eine Fruchtbarkeitsbehandlung, bei der Sie gespendete Eizellen erhalten, um schwanger zu werden. Die Spendereier sind kryokonserviert und werden bei dieser Behandlung erw\u00e4rmt und dann entweder mit den Spermien Ihres Partners oder eines Samenspenders befruchtet (die Verwendung von Spendereiern und Spendersamen wird als Doppelspende bezeichnet). Dieser Befruchtungsprozess kann mit einer speziellen Labortechnik namens ICSI (Intrazytoplasmatische Spermieninjektion) durchgef\u00fchrt werden, bei der jede Eizelle einzeln mit einer einzelnen Samenzelle injiziert wird.  \n<br class=\"a\"><br class=\"a\">Nach der Befruchtung werden die Embryonen im Labor gez\u00fcchtet, wo sie sich hoffentlich um den 5. Tag herum zu Blastozysten entwickeln. Tag zu Blastozysten entwickeln. Der Embryologe transferiert einen oder mehrere der entwickelten Embryonen mit einem Katheter, der von einem Fruchtbarkeitsarzt gef\u00fchrt wird, damit sie sich hoffentlich in die Geb\u00e4rmutterwand einnisten und weiter wachsen. Danach kommt es hoffentlich zu einer Schwangerschaft, und die Behandlung ist abgeschlossen. Die Anzahl der Embryonen, die Sie \u00fcbertragen m\u00f6chten, wird in der Regel zwischen Ihnen, eventuell einem Partner und dem Fertilit\u00e4tsarzt festgelegt. Wenn sich mehr als ein Embryo ausreichend entwickelt, k\u00f6nnen die \u00fcberz\u00e4hligen Embryonen eingefroren und f\u00fcr einen weiteren Versuch oder Geschwister gelagert werden.    <br class=\"a\"><br class=\"a\"><h3>Welche rechtlichen Folgen hat die Inanspruchnahme einer Eizellspenderin?<\/h3>\nDas Gesetz stellt sicher, dass die Eizellenspenderin keine rechtlichen oder moralischen Verpflichtungen gegen\u00fcber dem Kind hat, und die Eizellenspenderin wird niemals als rechtliche Mutter der mit ihren Spenden gezeugten Kinder angesehen.\t\t\t\t\t\t\t\t<\/div>\n\t\t\t\t<div class=\"elementor-element elementor-element-113cc48 elementor-widget elementor-widget-image\" data-id=\"113cc48\" data-element_type=\"widget\" data-e-type=\"widget\" data-widget_type=\"image.default\">\n\t\t\t\t\t\t\t\t\t\t\t\t\t\t\t<img fetchpriority=\"high\" decoding=\"async\" width=\"960\" height=\"540\" src=\"https:\/\/cryosivfclinic.com\/wp-content\/uploads\/2025\/03\/Treatment-with-donor-eggs-at-Cryos-IVF-Clinic.jpg\" class=\"attachment-full size-full wp-image-1687\" alt=\"Behandlung mit Spendereiern in der Cryos IVF-Klinik\" srcset=\"https:\/\/cryosivfclinic.com\/wp-content\/uploads\/2025\/03\/Treatment-with-donor-eggs-at-Cryos-IVF-Clinic.jpg 960w, https:\/\/cryosivfclinic.com\/wp-content\/uploads\/2025\/03\/Treatment-with-donor-eggs-at-Cryos-IVF-Clinic-300x169.jpg 300w, https:\/\/cryosivfclinic.com\/wp-content\/uploads\/2025\/03\/Treatment-with-donor-eggs-at-Cryos-IVF-Clinic-768x432.jpg 768w\" sizes=\"(max-width: 960px) 100vw, 960px\" \/>\t\t\t\t\t\t\t\t\t\t\t\t\t\t\t<\/div>\n\t\t\t\t<div class=\"elementor-element elementor-element-6ccba0f elementor-widget elementor-widget-text-editor\" data-id=\"6ccba0f\" data-element_type=\"widget\" data-e-type=\"widget\" data-widget_type=\"text-editor.default\">\n\t\t\t\t\t\t\t\t\t<h2>Wann wird eine Behandlung mit Spendereiern empfohlen?<\/h2>\nDie Behandlung mit gespendeten Eizellen wird f\u00fcr Patientinnen empfohlen, die:\n<ul>\n \t<li>Medizinische Erkrankungen, die die Fruchtbarkeit beeintr\u00e4chtigt haben<\/li>\n \t<li>Altersbedingte Abnahme der Eizellenqualit\u00e4t<\/li>\n \t<li>Fr\u00fcher als erwartet in die Menopause gekommen<\/li>\n \t<li>Hatte eine Operation an den Eierst\u00f6cken<\/li>\n \t<li>Das Risiko der Vererbung von Krankheiten<\/li>\n<\/ul>\n<br class=\"a\">Unser erfahrenes Team ist bereit, Ihnen bei der Entscheidung zu helfen, ob eine Behandlung mit Spendereiern in Ihrer Situation die richtige Option ist.\n\nBitte beachten Sie, dass die Cryos IVF Clinic nach zypriotischem Recht nur Frauen bis zum Alter von 53 Jahren behandeln kann.\n<br class=\"a\"><br class=\"a\"><h2>Wie Sie eine Eizellspenderin ausw\u00e4hlen<\/h2>\nBei einer Behandlung mit Spendereiern in der Cryos IVF Clinic k\u00f6nnen Sie eine Eizellspenderin von Cryos oder einer anderen Eizellbank w\u00e4hlen. Die Wahl liegt bei Ihnen. \n\nBei Cryos k\u00f6nnen Sie aus einer gro\u00dfen Auswahl an Eizellspenderinnen verschiedener Ethnien und Ph\u00e4notypen w\u00e4hlen. Alle unsere Eizellspenderinnen werden einer gr\u00fcndlichen k\u00f6rperlichen Untersuchung, einem genetischen Screening und einer psychologischen Beurteilung unterzogen, um Ihnen die bestm\u00f6gliche Ausgangsbasis f\u00fcr Ihre Behandlung zu gew\u00e4hrleisten. In unserer Spendersuche k\u00f6nnen Sie die verf\u00fcgbaren Filter verwenden, um eine Spenderin zu finden, die Ihren Bed\u00fcrfnissen entspricht.  \t\t\t\t\t\t\t\t<\/div>\n\t\t\t\t<div class=\"elementor-element elementor-element-d6a16a2 elementor-align-center elementor-widget elementor-widget-button\" data-id=\"d6a16a2\" data-element_type=\"widget\" data-e-type=\"widget\" data-widget_type=\"button.default\">\n\t\t\t\t\t\t\t\t\t\t<a class=\"elementor-button elementor-button-link elementor-size-sm\" href=\"https:\/\/www.cryosinternational.com\/en-gb\/cy-shop\/private\/find-donor\/search-egg-donors\/?take=20&#038;sortId=16795\" target=\"_blank\">\n\t\t\t\t\t\t<span class=\"elementor-button-content-wrapper\">\n\t\t\t\t\t\t\t\t\t<span class=\"elementor-button-text\">Siehe Cryos Eizellspenderinnen<\/span>\n\t\t\t\t\t<\/span>\n\t\t\t\t\t<\/a>\n\t\t\t\t\t\t\t\t<\/div>\n\t\t\t\t<div class=\"elementor-element elementor-element-6e92e94 elementor-widget elementor-widget-spacer\" data-id=\"6e92e94\" data-element_type=\"widget\" data-e-type=\"widget\" data-widget_type=\"spacer.default\">\n\t\t\t\t\t\t\t<div class=\"elementor-spacer\">\n\t\t\t<div class=\"elementor-spacer-inner\"><\/div>\n\t\t<\/div>\n\t\t\t\t\t\t<\/div>\n\t\t\t\t<div class=\"elementor-element elementor-element-77c814f elementor-widget elementor-widget-text-editor\" data-id=\"77c814f\" data-element_type=\"widget\" data-e-type=\"widget\" data-widget_type=\"text-editor.default\">\n\t\t\t\t\t\t\t\t\t<h3>Sollte Ihr Kind versuchen k\u00f6nnen, den Spender zu kontaktieren?<\/h3><p>Eines der ersten Dinge, die Sie bei der Auswahl Ihres Spenders bedenken sollten, ist die Frage, ob Sie m\u00f6chten, dass Ihr Kind die M\u00f6glichkeit hat, identifizierende Informationen \u00fcber den Spender von Cryos zu erhalten.<\/p><p>Wenn Sie sich f\u00fcr einen Spender ohne ID-Freigabe entscheiden, kann Ihr Kind keine Informationen \u00fcber die Identit\u00e4t des Spenders erhalten. Wenn Sie sich f\u00fcr einen ID-Release-Spender entscheiden, hat das Kind die M\u00f6glichkeit, von Cryos Informationen \u00fcber die Identit\u00e4t des Spenders zu erhalten, wenn es 18 Jahre alt wird. <\/p><p>Bitte beachten Sie, dass nach zypriotischem Recht nur zypriotische Staatsangeh\u00f6rige einen NonID Release Spender w\u00e4hlen k\u00f6nnen.<br class=\"a\"><br class=\"a\"><\/p><h3>Wie viel m\u00f6chten Sie \u00fcber den Spender wissen?<\/h3><p>M\u00f6chten Sie so viel wie m\u00f6glich \u00fcber den Spender wissen, oder ziehen Sie es vor, nur die Grundlagen zu kennen? Diese \u00dcberlegung wird Ihnen helfen, sich zwischen einem erweiterten und einem einfachen Spenderprofil zu entscheiden. Ein Erweitertes Profil enth\u00e4lt viele pers\u00f6nliche Informationen, darunter Babyfotos und einen Audioclip mit der Stimme des Spenders. Ein Spender mit einem Basisprofil liefert Ihnen nur die wichtigsten Informationen wie ethnische Zugeh\u00f6rigkeit, k\u00f6rperliche Merkmale und Ausbildung\/Beruf.   <\/p><p>Die Wahl einer Eizellspenderin ist eine wichtige Entscheidung, und Sie m\u00fcssen abw\u00e4gen, was sich f\u00fcr Sie und Ihre zuk\u00fcnftige Familie richtig anf\u00fchlt. Einen <a href=\"https:\/\/www.cryosinternational.com\/en-gb\/cy-shop\/private\/how-to\/how-to-choose-an-egg-donor\/\" target=\"_blank\" rel=\"noopener\">Leitfaden f\u00fcr die Auswahl einer Eizellspenderin finden Sie auch hier<\/a>. <\/p>\t\t\t\t\t\t\t\t<\/div>\n\t\t\t\t<div class=\"elementor-element elementor-element-dcee2d4 elementor-widget elementor-widget-text-editor\" data-id=\"dcee2d4\" data-element_type=\"widget\" data-e-type=\"widget\" data-widget_type=\"text-editor.default\">\n\t\t\t\t\t\t\t\t\t<h2>Vorbereitung auf Ihre Behandlung mit Spendereiern<\/h2>\n<h3><br class=\"a\">Blutuntersuchungen<\/h3>\nWenn ein m\u00e4nnlicher Partner eine eigene Samenprobe f\u00fcr die Befruchtung zur Verf\u00fcgung stellt, sind die folgenden Tests gem\u00e4\u00df den \u00f6rtlichen Gesetzen f\u00fcr ihn obligatorisch:\n<ul>\n \t<li>HIV (Anti-HIV 1\/2)<\/li>\n \t<li>Hepatitis B (Anti-HBc, HBsAg)<\/li>\n \t<li>Hepatitis C (Anti-HCV)<\/li>\n \t<li>Syphilis<\/li>\n<\/ul>\n<br class=\"a\">Es ist ratsam, dass die Patientin, die die Schwangerschaft austr\u00e4gt, sich vor der Behandlung den gleichen Tests unterzieht.\n<br class=\"a\"><br class=\"a\"><h3>Ultraschalluntersuchung<\/h3>\nEine Ultraschalluntersuchung ist notwendig, um die normale Anatomie zu beurteilen und eventuelle Eierstockzysten, Fl\u00fcssigkeit in den Eileitern, Geb\u00e4rmuttermyome, Polypen oder andere gyn\u00e4kologische Erkrankungen auszuschlie\u00dfen.\n<br class=\"a\"><br class=\"a\">Tests und Ultraschalluntersuchungen k\u00f6nnen in der Cryos IVF Klinik oder von Ihrem eigenen Arzt oder Gyn\u00e4kologen in Ihrem Heimatland durchgef\u00fchrt werden, aber die Ergebnisberichte m\u00fcssen der Cryos IVF Klinik vor Beginn der Behandlung in englischer Sprache vorgelegt werden.\t\t\t\t\t\t\t\t<\/div>\n\t\t\t\t<div class=\"elementor-element elementor-element-305fed0 elementor-widget elementor-widget-text-editor\" data-id=\"305fed0\" data-element_type=\"widget\" data-e-type=\"widget\" data-widget_type=\"text-editor.default\">\n\t\t\t\t\t\t\t\t\t<h2>Wie l\u00e4uft die Behandlung mit Spendereiern ab?<\/h2><p>Nach einem ersten Beratungsgespr\u00e4ch und einer sorgf\u00e4ltigen Pr\u00fcfung Ihres medizinischen Hintergrunds wird unser medizinisches Fachpersonal einen individuellen IVF-Behandlungsplan mit den Eizellen der von Ihnen ausgew\u00e4hlten Spenderin erstellen. Der Prozess ist \u00e4hnlich wie bei einer <a href=\"https:\/\/cryosivfclinic.com\/de\/fruchtbarkeitsbehandlungen\/ivf-behandlung\/\">IVF-Behandlung<\/a> mit Ihren eigenen Eizellen, jedoch ohne die Eizellentnahme. Stattdessen m\u00fcssen Sie Folgendes tun:  <\/p><ol><li>W\u00e4hlen Sie vor der Behandlung eine Eizellspenderin<\/li><li>Bestellen Sie Spendereier rechtzeitig f\u00fcr Ihre Behandlung<\/li><\/ol><h2>Nach Ihrer Behandlung mit Spendereiern<\/h2><p>Nach der Behandlung mit Spendereizellen k\u00f6nnen Sie wieder Ihrem Alltag nachgehen. Zwei Wochen sp\u00e4ter m\u00fcssen Sie in unserer Klinik oder bei Ihrem Hausarzt eine Blutprobe entnehmen lassen, um festzustellen, ob Sie schwanger sind. <br><br class=\"a\"><br class=\"a\"><\/p><h2>Wie hoch sind die Kosten f\u00fcr eine Behandlung mit Spendereiern?<\/h2><p>Der Preis f\u00fcr eine Behandlung mit Spendereiern (ICSI) betr\u00e4gt 4.025 \u20ac. Sie k\u00f6nnen sich auch daf\u00fcr entscheiden, nur einen Teil Ihrer Behandlung in der Cryos IVF Clinic zu einem niedrigeren Preis durchf\u00fchren zu lassen. Die Kosten f\u00fcr die Spendereier sind nicht im Preis enthalten. <a href=\"https:\/\/cryosivfclinic.com\/de\/preisuebersicht\/\">Erfahren Sie hier mehr \u00fcber unsere Behandlungspreise und die Kosten f\u00fcr Cryos Spendereier<\/a>.    <br><br class=\"a\"><br class=\"a\"><\/p><h2>Wir sind f\u00fcr Sie da<\/h2><p>Sondieren Sie noch Ihre M\u00f6glichkeiten &#8211; oder sind Sie bereit, Ihre Reise mit uns zu beginnen? Kontaktieren Sie uns, um ein kostenloses Beratungsgespr\u00e4ch zu vereinbaren. <\/p>\t\t\t\t\t\t\t\t<\/div>\n\t\t\t\t<div class=\"elementor-element elementor-element-5275017 elementor-align-center elementor-widget elementor-widget-button\" data-id=\"5275017\" data-element_type=\"widget\" data-e-type=\"widget\" data-widget_type=\"button.default\">\n\t\t\t\t\t\t\t\t\t\t<a class=\"elementor-button elementor-button-link elementor-size-sm\" href=\"https:\/\/cryosivfclinic.com\/de\/kontakt\/\">\n\t\t\t\t\t\t<span class=\"elementor-button-content-wrapper\">\n\t\t\t\t\t\t\t\t\t<span class=\"elementor-button-text\">Kontaktieren Sie uns<\/span>\n\t\t\t\t\t<\/span>\n\t\t\t\t\t<\/a>\n\t\t\t\t\t\t\t\t<\/div>\n\t\t\t\t\t<\/div>\n\t\t\t\t<\/div>\n\t\t\t\t<\/div>\n\t\t","protected":false},"excerpt":{"rendered":"<p>Behandlung mit Spendereiern Die Verwendung von Eizellen einer Spenderin kann eine gute Option f\u00fcr Patientinnen sein, die nicht in der Lage sind, mit ihren eigenen Eizellen schwanger zu werden, entweder auf nat\u00fcrlichem Wege oder mit einer Fruchtbarkeitsbehandlung. Es gibt viele M\u00f6glichkeiten, Eltern zu werden, und eine davon ist die Verwendung von Spendereiern. Erfahren Sie hier, [&hellip;]<\/p>\n","protected":false},"author":2,"featured_media":0,"parent":1766,"menu_order":0,"comment_status":"closed","ping_status":"closed","template":"","meta":{"footnotes":""},"class_list":["post-1892","page","type-page","status-publish","hentry"],"yoast_head":"<!-- This site is optimized with the Yoast SEO plugin v27.5 - https:\/\/yoast.com\/product\/yoast-seo-wordpress\/ -->\n<title>Behandlung mit Spendereiern - Cryos IVF Clinic in Cyprus<\/title>\n<meta name=\"description\" content=\"Es gibt viele M\u00f6glichkeiten, Eltern zu werden, und eine davon ist die Verwendung von Spendereiern. Erfahren Sie hier mehr.\" \/>\n<meta name=\"robots\" content=\"index, follow, max-snippet:-1, max-image-preview:large, max-video-preview:-1\" \/>\n<link rel=\"canonical\" href=\"https:\/\/cryosivfclinic.com\/de\/fruchtbarkeitsbehandlungen\/behandlung-mit-spendereiern\/\" \/>\n<meta property=\"og:locale\" content=\"de_DE\" \/>\n<meta property=\"og:type\" content=\"article\" \/>\n<meta property=\"og:title\" content=\"Behandlung mit Spendereiern - Cryos IVF Clinic in Cyprus\" \/>\n<meta property=\"og:description\" content=\"Es gibt viele M\u00f6glichkeiten, Eltern zu werden, und eine davon ist die Verwendung von Spendereiern. Erfahren Sie hier mehr.\" \/>\n<meta property=\"og:url\" content=\"https:\/\/cryosivfclinic.com\/de\/fruchtbarkeitsbehandlungen\/behandlung-mit-spendereiern\/\" \/>\n<meta property=\"og:site_name\" content=\"Cryos IVF Clinic in Cyprus\" \/>\n<meta property=\"article:modified_time\" content=\"2026-03-12T11:36:48+00:00\" \/>\n<meta property=\"og:image\" content=\"https:\/\/cryosivfclinic.com\/wp-content\/uploads\/2025\/03\/Treatment-with-donor-eggs-at-Cryos-IVF-Clinic.jpg\" \/>\n\t<meta property=\"og:image:width\" content=\"960\" \/>\n\t<meta property=\"og:image:height\" content=\"540\" \/>\n\t<meta property=\"og:image:type\" content=\"image\/jpeg\" \/>\n<meta name=\"twitter:card\" content=\"summary_large_image\" \/>\n<meta name=\"twitter:label1\" content=\"Gesch\u00e4tzte Lesezeit\" \/>\n\t<meta name=\"twitter:data1\" content=\"6\u00a0Minuten\" \/>\n<script type=\"application\/ld+json\" class=\"yoast-schema-graph\">{\"@context\":\"https:\\\/\\\/schema.org\",\"@graph\":[{\"@type\":\"WebPage\",\"@id\":\"https:\\\/\\\/cryosivfclinic.com\\\/de\\\/fruchtbarkeitsbehandlungen\\\/behandlung-mit-spendereiern\\\/\",\"url\":\"https:\\\/\\\/cryosivfclinic.com\\\/de\\\/fruchtbarkeitsbehandlungen\\\/behandlung-mit-spendereiern\\\/\",\"name\":\"Behandlung mit Spendereiern - Cryos IVF Clinic in Cyprus\",\"isPartOf\":{\"@id\":\"https:\\\/\\\/cryosivfclinic.com\\\/de\\\/#website\"},\"primaryImageOfPage\":{\"@id\":\"https:\\\/\\\/cryosivfclinic.com\\\/de\\\/fruchtbarkeitsbehandlungen\\\/behandlung-mit-spendereiern\\\/#primaryimage\"},\"image\":{\"@id\":\"https:\\\/\\\/cryosivfclinic.com\\\/de\\\/fruchtbarkeitsbehandlungen\\\/behandlung-mit-spendereiern\\\/#primaryimage\"},\"thumbnailUrl\":\"https:\\\/\\\/cryosivfclinic.com\\\/wp-content\\\/uploads\\\/2025\\\/03\\\/Treatment-with-donor-eggs-at-Cryos-IVF-Clinic.jpg\",\"datePublished\":\"2025-03-21T13:22:29+00:00\",\"dateModified\":\"2026-03-12T11:36:48+00:00\",\"description\":\"Es gibt viele M\u00f6glichkeiten, Eltern zu werden, und eine davon ist die Verwendung von Spendereiern. Erfahren Sie hier mehr.\",\"breadcrumb\":{\"@id\":\"https:\\\/\\\/cryosivfclinic.com\\\/de\\\/fruchtbarkeitsbehandlungen\\\/behandlung-mit-spendereiern\\\/#breadcrumb\"},\"inLanguage\":\"de\",\"potentialAction\":[{\"@type\":\"ReadAction\",\"target\":[\"https:\\\/\\\/cryosivfclinic.com\\\/de\\\/fruchtbarkeitsbehandlungen\\\/behandlung-mit-spendereiern\\\/\"]}]},{\"@type\":\"ImageObject\",\"inLanguage\":\"de\",\"@id\":\"https:\\\/\\\/cryosivfclinic.com\\\/de\\\/fruchtbarkeitsbehandlungen\\\/behandlung-mit-spendereiern\\\/#primaryimage\",\"url\":\"https:\\\/\\\/cryosivfclinic.com\\\/wp-content\\\/uploads\\\/2025\\\/03\\\/Treatment-with-donor-eggs-at-Cryos-IVF-Clinic.jpg\",\"contentUrl\":\"https:\\\/\\\/cryosivfclinic.com\\\/wp-content\\\/uploads\\\/2025\\\/03\\\/Treatment-with-donor-eggs-at-Cryos-IVF-Clinic.jpg\"},{\"@type\":\"BreadcrumbList\",\"@id\":\"https:\\\/\\\/cryosivfclinic.com\\\/de\\\/fruchtbarkeitsbehandlungen\\\/behandlung-mit-spendereiern\\\/#breadcrumb\",\"itemListElement\":[{\"@type\":\"ListItem\",\"position\":1,\"name\":\"Home\",\"item\":\"https:\\\/\\\/cryosivfclinic.com\\\/de\\\/fertility-treatment\\\/\"},{\"@type\":\"ListItem\",\"position\":2,\"name\":\"Fruchtbarkeitsbehandlungen\",\"item\":\"https:\\\/\\\/cryosivfclinic.com\\\/de\\\/fruchtbarkeitsbehandlungen\\\/\"},{\"@type\":\"ListItem\",\"position\":3,\"name\":\"Behandlung mit Spendereiern\"}]},{\"@type\":\"WebSite\",\"@id\":\"https:\\\/\\\/cryosivfclinic.com\\\/de\\\/#website\",\"url\":\"https:\\\/\\\/cryosivfclinic.com\\\/de\\\/\",\"name\":\"Cryos IVF Clinic in Cyprus\",\"description\":\"\",\"publisher\":{\"@id\":\"https:\\\/\\\/cryosivfclinic.com\\\/de\\\/#organization\"},\"potentialAction\":[{\"@type\":\"SearchAction\",\"target\":{\"@type\":\"EntryPoint\",\"urlTemplate\":\"https:\\\/\\\/cryosivfclinic.com\\\/de\\\/?s={search_term_string}\"},\"query-input\":{\"@type\":\"PropertyValueSpecification\",\"valueRequired\":true,\"valueName\":\"search_term_string\"}}],\"inLanguage\":\"de\"},{\"@type\":\"Organization\",\"@id\":\"https:\\\/\\\/cryosivfclinic.com\\\/de\\\/#organization\",\"name\":\"Cryos IVF Clinic in Cyprus\",\"url\":\"https:\\\/\\\/cryosivfclinic.com\\\/de\\\/\",\"logo\":{\"@type\":\"ImageObject\",\"inLanguage\":\"de\",\"@id\":\"https:\\\/\\\/cryosivfclinic.com\\\/de\\\/#\\\/schema\\\/logo\\\/image\\\/\",\"url\":\"https:\\\/\\\/cryosivfclinic.com\\\/wp-content\\\/uploads\\\/2025\\\/01\\\/Cryos_Clinic_Logo_RGB_Blue_Black_ank.png\",\"contentUrl\":\"https:\\\/\\\/cryosivfclinic.com\\\/wp-content\\\/uploads\\\/2025\\\/01\\\/Cryos_Clinic_Logo_RGB_Blue_Black_ank.png\",\"width\":367,\"height\":207,\"caption\":\"Cryos IVF Clinic in Cyprus\"},\"image\":{\"@id\":\"https:\\\/\\\/cryosivfclinic.com\\\/de\\\/#\\\/schema\\\/logo\\\/image\\\/\"}}]}<\/script>\n<!-- \/ Yoast SEO plugin. -->","yoast_head_json":{"title":"Behandlung mit Spendereiern - Cryos IVF Clinic in Cyprus","description":"Es gibt viele M\u00f6glichkeiten, Eltern zu werden, und eine davon ist die Verwendung von Spendereiern. Erfahren Sie hier mehr.","robots":{"index":"index","follow":"follow","max-snippet":"max-snippet:-1","max-image-preview":"max-image-preview:large","max-video-preview":"max-video-preview:-1"},"canonical":"https:\/\/cryosivfclinic.com\/de\/fruchtbarkeitsbehandlungen\/behandlung-mit-spendereiern\/","og_locale":"de_DE","og_type":"article","og_title":"Behandlung mit Spendereiern - Cryos IVF Clinic in Cyprus","og_description":"Es gibt viele M\u00f6glichkeiten, Eltern zu werden, und eine davon ist die Verwendung von Spendereiern. Erfahren Sie hier mehr.","og_url":"https:\/\/cryosivfclinic.com\/de\/fruchtbarkeitsbehandlungen\/behandlung-mit-spendereiern\/","og_site_name":"Cryos IVF Clinic in Cyprus","article_modified_time":"2026-03-12T11:36:48+00:00","og_image":[{"width":960,"height":540,"url":"https:\/\/cryosivfclinic.com\/wp-content\/uploads\/2025\/03\/Treatment-with-donor-eggs-at-Cryos-IVF-Clinic.jpg","type":"image\/jpeg"}],"twitter_card":"summary_large_image","twitter_misc":{"Gesch\u00e4tzte Lesezeit":"6\u00a0Minuten"},"schema":{"@context":"https:\/\/schema.org","@graph":[{"@type":"WebPage","@id":"https:\/\/cryosivfclinic.com\/de\/fruchtbarkeitsbehandlungen\/behandlung-mit-spendereiern\/","url":"https:\/\/cryosivfclinic.com\/de\/fruchtbarkeitsbehandlungen\/behandlung-mit-spendereiern\/","name":"Behandlung mit Spendereiern - Cryos IVF Clinic in Cyprus","isPartOf":{"@id":"https:\/\/cryosivfclinic.com\/de\/#website"},"primaryImageOfPage":{"@id":"https:\/\/cryosivfclinic.com\/de\/fruchtbarkeitsbehandlungen\/behandlung-mit-spendereiern\/#primaryimage"},"image":{"@id":"https:\/\/cryosivfclinic.com\/de\/fruchtbarkeitsbehandlungen\/behandlung-mit-spendereiern\/#primaryimage"},"thumbnailUrl":"https:\/\/cryosivfclinic.com\/wp-content\/uploads\/2025\/03\/Treatment-with-donor-eggs-at-Cryos-IVF-Clinic.jpg","datePublished":"2025-03-21T13:22:29+00:00","dateModified":"2026-03-12T11:36:48+00:00","description":"Es gibt viele M\u00f6glichkeiten, Eltern zu werden, und eine davon ist die Verwendung von Spendereiern. Erfahren Sie hier mehr.","breadcrumb":{"@id":"https:\/\/cryosivfclinic.com\/de\/fruchtbarkeitsbehandlungen\/behandlung-mit-spendereiern\/#breadcrumb"},"inLanguage":"de","potentialAction":[{"@type":"ReadAction","target":["https:\/\/cryosivfclinic.com\/de\/fruchtbarkeitsbehandlungen\/behandlung-mit-spendereiern\/"]}]},{"@type":"ImageObject","inLanguage":"de","@id":"https:\/\/cryosivfclinic.com\/de\/fruchtbarkeitsbehandlungen\/behandlung-mit-spendereiern\/#primaryimage","url":"https:\/\/cryosivfclinic.com\/wp-content\/uploads\/2025\/03\/Treatment-with-donor-eggs-at-Cryos-IVF-Clinic.jpg","contentUrl":"https:\/\/cryosivfclinic.com\/wp-content\/uploads\/2025\/03\/Treatment-with-donor-eggs-at-Cryos-IVF-Clinic.jpg"},{"@type":"BreadcrumbList","@id":"https:\/\/cryosivfclinic.com\/de\/fruchtbarkeitsbehandlungen\/behandlung-mit-spendereiern\/#breadcrumb","itemListElement":[{"@type":"ListItem","position":1,"name":"Home","item":"https:\/\/cryosivfclinic.com\/de\/fertility-treatment\/"},{"@type":"ListItem","position":2,"name":"Fruchtbarkeitsbehandlungen","item":"https:\/\/cryosivfclinic.com\/de\/fruchtbarkeitsbehandlungen\/"},{"@type":"ListItem","position":3,"name":"Behandlung mit Spendereiern"}]},{"@type":"WebSite","@id":"https:\/\/cryosivfclinic.com\/de\/#website","url":"https:\/\/cryosivfclinic.com\/de\/","name":"Cryos IVF Clinic in Cyprus","description":"","publisher":{"@id":"https:\/\/cryosivfclinic.com\/de\/#organization"},"potentialAction":[{"@type":"SearchAction","target":{"@type":"EntryPoint","urlTemplate":"https:\/\/cryosivfclinic.com\/de\/?s={search_term_string}"},"query-input":{"@type":"PropertyValueSpecification","valueRequired":true,"valueName":"search_term_string"}}],"inLanguage":"de"},{"@type":"Organization","@id":"https:\/\/cryosivfclinic.com\/de\/#organization","name":"Cryos IVF Clinic in Cyprus","url":"https:\/\/cryosivfclinic.com\/de\/","logo":{"@type":"ImageObject","inLanguage":"de","@id":"https:\/\/cryosivfclinic.com\/de\/#\/schema\/logo\/image\/","url":"https:\/\/cryosivfclinic.com\/wp-content\/uploads\/2025\/01\/Cryos_Clinic_Logo_RGB_Blue_Black_ank.png","contentUrl":"https:\/\/cryosivfclinic.com\/wp-content\/uploads\/2025\/01\/Cryos_Clinic_Logo_RGB_Blue_Black_ank.png","width":367,"height":207,"caption":"Cryos IVF Clinic in Cyprus"},"image":{"@id":"https:\/\/cryosivfclinic.com\/de\/#\/schema\/logo\/image\/"}}]}},"_links":{"self":[{"href":"https:\/\/cryosivfclinic.com\/de\/wp-json\/wp\/v2\/pages\/1892","targetHints":{"allow":["GET"]}}],"collection":[{"href":"https:\/\/cryosivfclinic.com\/de\/wp-json\/wp\/v2\/pages"}],"about":[{"href":"https:\/\/cryosivfclinic.com\/de\/wp-json\/wp\/v2\/types\/page"}],"author":[{"embeddable":true,"href":"https:\/\/cryosivfclinic.com\/de\/wp-json\/wp\/v2\/users\/2"}],"replies":[{"embeddable":true,"href":"https:\/\/cryosivfclinic.com\/de\/wp-json\/wp\/v2\/comments?post=1892"}],"version-history":[{"count":4,"href":"https:\/\/cryosivfclinic.com\/de\/wp-json\/wp\/v2\/pages\/1892\/revisions"}],"predecessor-version":[{"id":2791,"href":"https:\/\/cryosivfclinic.com\/de\/wp-json\/wp\/v2\/pages\/1892\/revisions\/2791"}],"up":[{"embeddable":true,"href":"https:\/\/cryosivfclinic.com\/de\/wp-json\/wp\/v2\/pages\/1766"}],"wp:attachment":[{"href":"https:\/\/cryosivfclinic.com\/de\/wp-json\/wp\/v2\/media?parent=1892"}],"curies":[{"name":"wp","href":"https:\/\/api.w.org\/{rel}","templated":true}]}}