{"id":1853,"date":"2025-03-21T13:22:41","date_gmt":"2025-03-21T13:22:41","guid":{"rendered":"https:\/\/cryosivfclinic.com\/fruchtbarkeitsbehandlungen\/behandlung-mit-spendersamen\/"},"modified":"2026-03-12T12:56:09","modified_gmt":"2026-03-12T12:56:09","slug":"behandlung-mit-spendersamen","status":"publish","type":"page","link":"https:\/\/cryosivfclinic.com\/de\/fruchtbarkeitsbehandlungen\/behandlung-mit-spendersamen\/","title":{"rendered":"Behandlung mit Spendersamen"},"content":{"rendered":"\t\t<div data-elementor-type=\"wp-page\" data-elementor-id=\"1853\" class=\"elementor elementor-1853 elementor-348\" data-elementor-post-type=\"page\">\n\t\t\t\t<div class=\"elementor-element elementor-element-4752b33 paddedsection e-flex e-con-boxed e-con e-parent\" data-id=\"4752b33\" data-element_type=\"container\" data-e-type=\"container\">\n\t\t\t\t\t<div class=\"e-con-inner\">\n\t\t\t\t<div class=\"elementor-element elementor-element-f05eec0 elementor-widget elementor-widget-heading\" data-id=\"f05eec0\" data-element_type=\"widget\" data-e-type=\"widget\" data-widget_type=\"heading.default\">\n\t\t\t\t\t<h1 class=\"elementor-heading-title elementor-size-default\">Behandlung mit Spendersamen\n<\/h1>\t\t\t\t<\/div>\n\t\t\t\t<div class=\"elementor-element elementor-element-0b1ef37 lastnospace elementor-widget elementor-widget-text-editor\" data-id=\"0b1ef37\" data-element_type=\"widget\" data-e-type=\"widget\" data-widget_type=\"text-editor.default\">\n\t\t\t\t\t\t\t\t\t<p>Tr\u00e4umen Sie davon, eine Familie zu gr\u00fcnden, brauchen aber die Hilfe eines Samenspenders? In der Cryos IVF Clinic bieten wir verschiedene Arten der Behandlung mit Spendersamen an. <\/p>\t\t\t\t\t\t\t\t<\/div>\n\t\t\t\t<div class=\"elementor-element elementor-element-d474cc5 elementor-widget-divider--view-line elementor-widget elementor-widget-divider\" data-id=\"d474cc5\" data-element_type=\"widget\" data-e-type=\"widget\" data-widget_type=\"divider.default\">\n\t\t\t\t\t\t\t<div class=\"elementor-divider\">\n\t\t\t<span class=\"elementor-divider-separator\">\n\t\t\t\t\t\t<\/span>\n\t\t<\/div>\n\t\t\t\t\t\t<\/div>\n\t\t\t\t<div class=\"elementor-element elementor-element-3a08f9c elementor-widget elementor-widget-text-editor\" data-id=\"3a08f9c\" data-element_type=\"widget\" data-e-type=\"widget\" data-widget_type=\"text-editor.default\">\n\t\t\t\t\t\t\t\t\t<p>Die Fruchtbarkeitsbehandlung mit Spendersamen wird immer h\u00e4ufiger eingesetzt und kann eine gute Option f\u00fcr diejenigen sein, die ohne die Hilfe eines Spenders nicht schwanger werden k\u00f6nnen.<\/p>\t\t\t\t\t\t\t\t<\/div>\n\t\t\t\t<div class=\"elementor-element elementor-element-564bb37 elementor-widget elementor-widget-image\" data-id=\"564bb37\" data-element_type=\"widget\" data-e-type=\"widget\" data-widget_type=\"image.default\">\n\t\t\t\t\t\t\t\t\t\t\t\t\t\t\t<img fetchpriority=\"high\" decoding=\"async\" width=\"2560\" height=\"1707\" src=\"https:\/\/cryosivfclinic.com\/wp-content\/uploads\/2025\/03\/Mother-and-child-dark_5-kopi-scaled.jpg\" class=\"attachment-full size-full wp-image-1681\" alt=\"Mutter mit Baby, das durch eine Behandlung mit Spendersamen gezeugt wurde\" srcset=\"https:\/\/cryosivfclinic.com\/wp-content\/uploads\/2025\/03\/Mother-and-child-dark_5-kopi-scaled.jpg 2560w, https:\/\/cryosivfclinic.com\/wp-content\/uploads\/2025\/03\/Mother-and-child-dark_5-kopi-300x200.jpg 300w, https:\/\/cryosivfclinic.com\/wp-content\/uploads\/2025\/03\/Mother-and-child-dark_5-kopi-1024x683.jpg 1024w, https:\/\/cryosivfclinic.com\/wp-content\/uploads\/2025\/03\/Mother-and-child-dark_5-kopi-768x512.jpg 768w, https:\/\/cryosivfclinic.com\/wp-content\/uploads\/2025\/03\/Mother-and-child-dark_5-kopi-1536x1024.jpg 1536w, https:\/\/cryosivfclinic.com\/wp-content\/uploads\/2025\/03\/Mother-and-child-dark_5-kopi-2048x1365.jpg 2048w\" sizes=\"(max-width: 2560px) 100vw, 2560px\" \/>\t\t\t\t\t\t\t\t\t\t\t\t\t\t\t<\/div>\n\t\t\t\t<div class=\"elementor-element elementor-element-90abf1f elementor-widget elementor-widget-text-editor\" data-id=\"90abf1f\" data-element_type=\"widget\" data-e-type=\"widget\" data-widget_type=\"text-editor.default\">\n\t\t\t\t\t\t\t\t\t<h2>Warum eine Behandlung mit Spendersamen?<\/h2>\nEs gibt viele Gr\u00fcnde, warum jemand eine Fruchtbarkeitsbehandlung mit Spendersamen in Betracht ziehen k\u00f6nnte. M\u00e4nnliche Unfruchtbarkeit, genetische Bedingungen oder das Fehlen eines m\u00e4nnlichen Partners k\u00f6nnen die Empf\u00e4ngnis ohne medizinische Hilfe erschweren. In der Cryos IVF-Klinik sind wir stolz darauf, allen zu helfen, die ihren Traum von einem Kind verwirklichen m\u00f6chten.  \n<br class=\"a\"><br class=\"a\">Bitte beachten Sie, dass die Cryos IVF-Klinik nach zypriotischem Recht nur Frauen bis zum Alter von 53 Jahren behandeln kann.<br class=\"a\"><br class=\"a\"><h3>Was sind die rechtlichen Folgen der Inanspruchnahme eines Samenspenders?<\/h3>\nDas Gesetz stellt sicher, dass der Samenspender keine rechtlichen oder moralischen Verpflichtungen gegen\u00fcber dem Kind hat, und der Samenspender wird niemals als rechtlicher Elternteil von Kindern betrachtet, die mit seinen Spenden gezeugt wurden.\t\t\t\t\t\t\t\t<\/div>\n\t\t\t\t<div class=\"elementor-element elementor-element-d6b9d42 elementor-widget elementor-widget-text-editor\" data-id=\"d6b9d42\" data-element_type=\"widget\" data-e-type=\"widget\" data-widget_type=\"text-editor.default\">\n\t\t\t\t\t\t\t\t\t<h2>Arten der Behandlung mit Spendersamen in der Cryos IVF Clinic<\/h2><br class=\"a\"><h3>IUI-Behandlung mit Spendersamen<\/h3>\nDie IUI-Behandlung (intrauterine Insemination) mit Spendersamen ist eine Behandlungsmethode, bei der Spendersamen in die Geb\u00e4rmutter inseminiert werden. Erfahren Sie hier mehr \u00fcber die <a href=\"https:\/\/cryosivfclinic.com\/de\/fruchtbarkeitsbehandlungen\/iui-behandlung\/\">IUI-Behandlung<\/a>. <br class=\"a\"><br class=\"a\"><h3>IVF-Behandlung mit Spendersamen<\/h3>\nDie IVF-Behandlung (In-vitro-Fertilisation) mit Spendersamen ist eine Behandlungsmethode, bei der Spendersamen verwendet werden, um die Eizellen im Labor zu befruchten. Erfahren Sie hier mehr \u00fcber die <a href=\"https:\/\/cryosivfclinic.com\/de\/fruchtbarkeitsbehandlungen\/ivf-behandlung\/\">IVF-Behandlung<\/a>. \n<br class=\"a\"><br class=\"a\">Unser erfahrenes Team kann Ihnen dabei helfen, zu beurteilen, welche Art der Behandlung in Ihrer Situation die beste Option ist, und gemeinsam mit Ihnen einen Behandlungsverlauf zu planen, der Ihren Bed\u00fcrfnissen entspricht.\t\t\t\t\t\t\t\t<\/div>\n\t\t\t\t<div class=\"elementor-element elementor-element-8a303d9 elementor-widget elementor-widget-text-editor\" data-id=\"8a303d9\" data-element_type=\"widget\" data-e-type=\"widget\" data-widget_type=\"text-editor.default\">\n\t\t\t\t\t\t\t\t\t<h2>Wie l\u00e4uft der Prozess der Verwendung von Spendersamen ab?<\/h2><p>Der Ablauf der Behandlung mit Spendersamen h\u00e4ngt davon ab, welche Art der Behandlung in Ihrer Situation empfohlen wird. Im Gro\u00dfen und Ganzen ist der Ablauf einer IUI- und IVF-Behandlung derselbe wie bei der Verwendung von Partnersamen, allerdings mit den zus\u00e4tzlichen Schritten: <\/p><ol><li>Auswahl eines Samenspenders vor der Behandlung<\/li><li>Rechtzeitige Bestellung von Spendersamen f\u00fcr die Behandlung<\/li><\/ol><p> <\/p><h2>Wie Sie einen Samenspender ausw\u00e4hlen<\/h2><p>Bei einer Behandlung mit Spendersamen k\u00f6nnen Sie einen Samenspender von Cryos oder einer anderen Samenbank w\u00e4hlen. Die Wahl liegt bei Ihnen.   <\/p>\t\t\t\t\t\t\t\t<\/div>\n\t\t\t\t<div class=\"elementor-element elementor-element-f910794 elementor-align-center elementor-widget elementor-widget-button\" data-id=\"f910794\" data-element_type=\"widget\" data-e-type=\"widget\" data-widget_type=\"button.default\">\n\t\t\t\t\t\t\t\t\t\t<a class=\"elementor-button elementor-button-link elementor-size-sm\" href=\"https:\/\/www.cryosinternational.com\/en-gb\/dk-shop\/private\/find-donor\/search-sperm-donors\/?take=20&#038;sortId=16766\" target=\"_blank\">\n\t\t\t\t\t\t<span class=\"elementor-button-content-wrapper\">\n\t\t\t\t\t\t\t\t\t<span class=\"elementor-button-text\">Siehe Cryos Samenspender<\/span>\n\t\t\t\t\t<\/span>\n\t\t\t\t\t<\/a>\n\t\t\t\t\t\t\t\t<\/div>\n\t\t\t\t<div class=\"elementor-element elementor-element-0cb0a8f elementor-widget elementor-widget-spacer\" data-id=\"0cb0a8f\" data-element_type=\"widget\" data-e-type=\"widget\" data-widget_type=\"spacer.default\">\n\t\t\t\t\t\t\t<div class=\"elementor-spacer\">\n\t\t\t<div class=\"elementor-spacer-inner\"><\/div>\n\t\t<\/div>\n\t\t\t\t\t\t<\/div>\n\t\t\t\t<div class=\"elementor-element elementor-element-a2b8117 elementor-align-center elementor-widget elementor-widget-button\" data-id=\"a2b8117\" data-element_type=\"widget\" data-e-type=\"widget\" data-widget_type=\"button.default\">\n\t\t\t\t\t\t\t\t\t\t<a class=\"elementor-button elementor-button-link elementor-size-sm\" href=\"https:\/\/cryosivfclinic.com\/de\/kontakt\/\">\n\t\t\t\t\t\t<span class=\"elementor-button-content-wrapper\">\n\t\t\t\t\t\t\t\t\t<span class=\"elementor-button-text\">Kontaktieren Sie uns<\/span>\n\t\t\t\t\t<\/span>\n\t\t\t\t\t<\/a>\n\t\t\t\t\t\t\t\t<\/div>\n\t\t\t\t<div class=\"elementor-element elementor-element-af4d4cb elementor-widget elementor-widget-text-editor\" data-id=\"af4d4cb\" data-element_type=\"widget\" data-e-type=\"widget\" data-widget_type=\"text-editor.default\">\n\t\t\t\t\t\t\t\t\t<h3>Wie viel m\u00f6chten Sie \u00fcber den Spender wissen?<\/h3><p>Bei Cryos haben Sie kostenlosen Zugang zu mehr als 1.000 Samenspendern mit unterschiedlichen Spenderprofilen. Samenspender mit einem Basisprofil enthalten nur wesentliche Informationen wie Augenfarbe und Blutgruppe, w\u00e4hrend Spender mit einem erweiterten Profil viel mehr Informationen enthalten, wie z.B. eine detaillierte Beschreibung der Pers\u00f6nlichkeit und des Aussehens des Spenders. <br class=\"a\"><br class=\"a\"><\/p><h3>Sollte Ihr Kind versuchen k\u00f6nnen, den Spender zu kontaktieren?<\/h3><p>Wenn Sie einen Samenspender von einer Samenbank verwenden, kennen Sie die Identit\u00e4t des Spenders nicht, und der Spender wird das Leben Ihres Kindes nicht kennen oder an ihm teilhaben. Wenn Sie sich f\u00fcr einen Samenspender mit ID-Freigabe entscheiden, kann sich Ihr Kind an Cryos wenden, um die Kontaktinformationen des Spenders zu erhalten, nachdem es 18 Jahre alt geworden ist. Folgen Sie dem Link, um mehr \u00fcber <a href=\"https:\/\/www.cryosinternational.com\/en-gb\/dk-shop\/private\/how-to\/how-to-choose-a-sperm-donor\/id-release-or-non-id-release-sperm-donors\/\" target=\"_blank\" rel=\"noopener\">ID Release und Non-ID Release Spender<\/a> zu erfahren.  <\/p><p>Bitte beachten Sie, dass nach zypriotischem Recht nur zypriotische Staatsangeh\u00f6rige einen NonID Release Spender w\u00e4hlen k\u00f6nnen.<\/p><p>Die Wahl eines Samenspenders kann sich \u00fcberw\u00e4ltigend anf\u00fchlen, denn Sie m\u00fcssen abw\u00e4gen, was sich f\u00fcr Sie richtig anf\u00fchlt. Sie k\u00f6nnen auch diesen <a href=\"https:\/\/www.cryosinternational.com\/en-gb\/dk-shop\/private\/how-to\/how-to-choose-a-sperm-donor\/\" target=\"_blank\" rel=\"noopener\">Leitfaden zur Auswahl eines Samenspenders<\/a> lesen. <br class=\"a\"><br class=\"a\"><\/p><h2>Wie Sie Spendersamen f\u00fcr Ihre Behandlung bestellen<\/h2><p>Wenn Sie sich f\u00fcr einen Samenspender von Cryos entscheiden, k\u00f6nnen Sie das Sperma online bestellen, indem Sie es in Ihren Warenkorb legen und die Lieferung in der Cryos IVF-Klinik w\u00e4hlen. Bitte sprechen Sie mit uns \u00fcber die Art des Spendersamens und den Zeitpunkt der Lieferung. Sie k\u00f6nnen auch diesen <a href=\"https:\/\/www.cryosinternational.com\/en-gb\/dk-shop\/private\/how-to\/how-to-order-donor-sperm\/\" target=\"_blank\" rel=\"noopener\">Leitfaden zur Bestellung von Spendersamen bei Cryos<\/a> lesen.  <br class=\"a\"><br class=\"a\"><\/p><h2>Wie hoch sind die Kosten f\u00fcr eine Behandlung mit Spendersamen?<\/h2><p>Die Kosten f\u00fcr eine IVF\/ICSI-Behandlung mit Spendersamen belaufen sich auf 5.200 \u20ac, und die Kosten f\u00fcr eine IUI-Behandlung mit Spendersamen betragen 975 \u20ac. Sie k\u00f6nnen sich auch daf\u00fcr entscheiden, nur einen Teil Ihrer Behandlung in der Cryos IVF Clinic zu einem niedrigeren Preis durchf\u00fchren zu lassen. Die Kosten f\u00fcr den Spendersamen sind nicht im Preis enthalten.   <a href=\"https:\/\/cryosivfclinic.com\/de\/preisuebersicht\/\">Erfahren Sie hier mehr \u00fcber unsere Behandlungspreise und die Kosten f\u00fcr Cryos Spendersamen.<\/a><\/p><h2>Ziehen Sie eine Behandlung mit Spendersamen in Betracht?<\/h2><p>Ganz gleich, ob Sie zum ersten Mal eine Behandlung in Erw\u00e4gung ziehen oder ob Sie Ihre M\u00f6glichkeiten bereits erkundet haben, wir sind bereit, Ihnen zu helfen. Kontaktieren Sie uns, um eine kostenlose Beratung zu vereinbaren. <\/p>\t\t\t\t\t\t\t\t<\/div>\n\t\t\t\t\t<\/div>\n\t\t\t\t<\/div>\n\t\t\t\t<\/div>\n\t\t","protected":false},"excerpt":{"rendered":"<p>Behandlung mit Spendersamen Tr\u00e4umen Sie davon, eine Familie zu gr\u00fcnden, brauchen aber die Hilfe eines Samenspenders? In der Cryos IVF Clinic bieten wir verschiedene Arten der Behandlung mit Spendersamen an. Die Fruchtbarkeitsbehandlung mit Spendersamen wird immer h\u00e4ufiger eingesetzt und kann eine gute Option f\u00fcr diejenigen sein, die ohne die Hilfe eines Spenders nicht schwanger werden [&hellip;]<\/p>\n","protected":false},"author":2,"featured_media":0,"parent":1766,"menu_order":0,"comment_status":"closed","ping_status":"closed","template":"","meta":{"footnotes":""},"class_list":["post-1853","page","type-page","status-publish","hentry"],"yoast_head":"<!-- This site is optimized with the Yoast SEO plugin v27.4 - https:\/\/yoast.com\/product\/yoast-seo-wordpress\/ -->\n<title>Behandlung mit Spendersamen - Cryos IVF Clinic in Cyprus<\/title>\n<meta name=\"description\" content=\"Gr\u00fcnden Sie Ihre Familie mit Hilfe eines Samenspenders. In der Cryos IVF Clinic bieten wir verschiedene Arten der Behandlung mit Spendersamen an.\" \/>\n<meta name=\"robots\" content=\"index, follow, max-snippet:-1, max-image-preview:large, max-video-preview:-1\" \/>\n<link rel=\"canonical\" href=\"https:\/\/cryosivfclinic.com\/de\/fruchtbarkeitsbehandlungen\/behandlung-mit-spendersamen\/\" \/>\n<meta property=\"og:locale\" content=\"de_DE\" \/>\n<meta property=\"og:type\" content=\"article\" \/>\n<meta property=\"og:title\" content=\"Behandlung mit Spendersamen - Cryos IVF Clinic in Cyprus\" \/>\n<meta property=\"og:description\" content=\"Gr\u00fcnden Sie Ihre Familie mit Hilfe eines Samenspenders. In der Cryos IVF Clinic bieten wir verschiedene Arten der Behandlung mit Spendersamen an.\" \/>\n<meta property=\"og:url\" content=\"https:\/\/cryosivfclinic.com\/de\/fruchtbarkeitsbehandlungen\/behandlung-mit-spendersamen\/\" \/>\n<meta property=\"og:site_name\" content=\"Cryos IVF Clinic in Cyprus\" \/>\n<meta property=\"article:modified_time\" content=\"2026-03-12T12:56:09+00:00\" \/>\n<meta property=\"og:image\" content=\"https:\/\/cryosivfclinic.com\/wp-content\/uploads\/2025\/03\/Mother-and-child-dark_5-kopi-scaled.jpg\" \/>\n\t<meta property=\"og:image:width\" content=\"2560\" \/>\n\t<meta property=\"og:image:height\" content=\"1707\" \/>\n\t<meta property=\"og:image:type\" content=\"image\/jpeg\" \/>\n<meta name=\"twitter:card\" content=\"summary_large_image\" \/>\n<meta name=\"twitter:label1\" content=\"Gesch\u00e4tzte Lesezeit\" \/>\n\t<meta name=\"twitter:data1\" content=\"4\u00a0Minuten\" \/>\n<script type=\"application\/ld+json\" class=\"yoast-schema-graph\">{\"@context\":\"https:\\\/\\\/schema.org\",\"@graph\":[{\"@type\":\"WebPage\",\"@id\":\"https:\\\/\\\/cryosivfclinic.com\\\/de\\\/fruchtbarkeitsbehandlungen\\\/behandlung-mit-spendersamen\\\/\",\"url\":\"https:\\\/\\\/cryosivfclinic.com\\\/de\\\/fruchtbarkeitsbehandlungen\\\/behandlung-mit-spendersamen\\\/\",\"name\":\"Behandlung mit Spendersamen - Cryos IVF Clinic in Cyprus\",\"isPartOf\":{\"@id\":\"https:\\\/\\\/cryosivfclinic.com\\\/de\\\/#website\"},\"primaryImageOfPage\":{\"@id\":\"https:\\\/\\\/cryosivfclinic.com\\\/de\\\/fruchtbarkeitsbehandlungen\\\/behandlung-mit-spendersamen\\\/#primaryimage\"},\"image\":{\"@id\":\"https:\\\/\\\/cryosivfclinic.com\\\/de\\\/fruchtbarkeitsbehandlungen\\\/behandlung-mit-spendersamen\\\/#primaryimage\"},\"thumbnailUrl\":\"https:\\\/\\\/cryosivfclinic.com\\\/wp-content\\\/uploads\\\/2025\\\/03\\\/Mother-and-child-dark_5-kopi-scaled.jpg\",\"datePublished\":\"2025-03-21T13:22:41+00:00\",\"dateModified\":\"2026-03-12T12:56:09+00:00\",\"description\":\"Gr\u00fcnden Sie Ihre Familie mit Hilfe eines Samenspenders. In der Cryos IVF Clinic bieten wir verschiedene Arten der Behandlung mit Spendersamen an.\",\"breadcrumb\":{\"@id\":\"https:\\\/\\\/cryosivfclinic.com\\\/de\\\/fruchtbarkeitsbehandlungen\\\/behandlung-mit-spendersamen\\\/#breadcrumb\"},\"inLanguage\":\"de\",\"potentialAction\":[{\"@type\":\"ReadAction\",\"target\":[\"https:\\\/\\\/cryosivfclinic.com\\\/de\\\/fruchtbarkeitsbehandlungen\\\/behandlung-mit-spendersamen\\\/\"]}]},{\"@type\":\"ImageObject\",\"inLanguage\":\"de\",\"@id\":\"https:\\\/\\\/cryosivfclinic.com\\\/de\\\/fruchtbarkeitsbehandlungen\\\/behandlung-mit-spendersamen\\\/#primaryimage\",\"url\":\"https:\\\/\\\/cryosivfclinic.com\\\/wp-content\\\/uploads\\\/2025\\\/03\\\/Mother-and-child-dark_5-kopi-scaled.jpg\",\"contentUrl\":\"https:\\\/\\\/cryosivfclinic.com\\\/wp-content\\\/uploads\\\/2025\\\/03\\\/Mother-and-child-dark_5-kopi-scaled.jpg\"},{\"@type\":\"BreadcrumbList\",\"@id\":\"https:\\\/\\\/cryosivfclinic.com\\\/de\\\/fruchtbarkeitsbehandlungen\\\/behandlung-mit-spendersamen\\\/#breadcrumb\",\"itemListElement\":[{\"@type\":\"ListItem\",\"position\":1,\"name\":\"Home\",\"item\":\"https:\\\/\\\/cryosivfclinic.com\\\/de\\\/fertility-treatment\\\/\"},{\"@type\":\"ListItem\",\"position\":2,\"name\":\"Fruchtbarkeitsbehandlungen\",\"item\":\"https:\\\/\\\/cryosivfclinic.com\\\/de\\\/fruchtbarkeitsbehandlungen\\\/\"},{\"@type\":\"ListItem\",\"position\":3,\"name\":\"Behandlung mit Spendersamen\"}]},{\"@type\":\"WebSite\",\"@id\":\"https:\\\/\\\/cryosivfclinic.com\\\/de\\\/#website\",\"url\":\"https:\\\/\\\/cryosivfclinic.com\\\/de\\\/\",\"name\":\"Cryos IVF Clinic in Cyprus\",\"description\":\"\",\"publisher\":{\"@id\":\"https:\\\/\\\/cryosivfclinic.com\\\/de\\\/#organization\"},\"potentialAction\":[{\"@type\":\"SearchAction\",\"target\":{\"@type\":\"EntryPoint\",\"urlTemplate\":\"https:\\\/\\\/cryosivfclinic.com\\\/de\\\/?s={search_term_string}\"},\"query-input\":{\"@type\":\"PropertyValueSpecification\",\"valueRequired\":true,\"valueName\":\"search_term_string\"}}],\"inLanguage\":\"de\"},{\"@type\":\"Organization\",\"@id\":\"https:\\\/\\\/cryosivfclinic.com\\\/de\\\/#organization\",\"name\":\"Cryos IVF Clinic in Cyprus\",\"url\":\"https:\\\/\\\/cryosivfclinic.com\\\/de\\\/\",\"logo\":{\"@type\":\"ImageObject\",\"inLanguage\":\"de\",\"@id\":\"https:\\\/\\\/cryosivfclinic.com\\\/de\\\/#\\\/schema\\\/logo\\\/image\\\/\",\"url\":\"https:\\\/\\\/cryosivfclinic.com\\\/wp-content\\\/uploads\\\/2025\\\/01\\\/Cryos_Clinic_Logo_RGB_Blue_Black_ank.png\",\"contentUrl\":\"https:\\\/\\\/cryosivfclinic.com\\\/wp-content\\\/uploads\\\/2025\\\/01\\\/Cryos_Clinic_Logo_RGB_Blue_Black_ank.png\",\"width\":367,\"height\":207,\"caption\":\"Cryos IVF Clinic in Cyprus\"},\"image\":{\"@id\":\"https:\\\/\\\/cryosivfclinic.com\\\/de\\\/#\\\/schema\\\/logo\\\/image\\\/\"}}]}<\/script>\n<!-- \/ Yoast SEO plugin. -->","yoast_head_json":{"title":"Behandlung mit Spendersamen - Cryos IVF Clinic in Cyprus","description":"Gr\u00fcnden Sie Ihre Familie mit Hilfe eines Samenspenders. In der Cryos IVF Clinic bieten wir verschiedene Arten der Behandlung mit Spendersamen an.","robots":{"index":"index","follow":"follow","max-snippet":"max-snippet:-1","max-image-preview":"max-image-preview:large","max-video-preview":"max-video-preview:-1"},"canonical":"https:\/\/cryosivfclinic.com\/de\/fruchtbarkeitsbehandlungen\/behandlung-mit-spendersamen\/","og_locale":"de_DE","og_type":"article","og_title":"Behandlung mit Spendersamen - Cryos IVF Clinic in Cyprus","og_description":"Gr\u00fcnden Sie Ihre Familie mit Hilfe eines Samenspenders. In der Cryos IVF Clinic bieten wir verschiedene Arten der Behandlung mit Spendersamen an.","og_url":"https:\/\/cryosivfclinic.com\/de\/fruchtbarkeitsbehandlungen\/behandlung-mit-spendersamen\/","og_site_name":"Cryos IVF Clinic in Cyprus","article_modified_time":"2026-03-12T12:56:09+00:00","og_image":[{"width":2560,"height":1707,"url":"https:\/\/cryosivfclinic.com\/wp-content\/uploads\/2025\/03\/Mother-and-child-dark_5-kopi-scaled.jpg","type":"image\/jpeg"}],"twitter_card":"summary_large_image","twitter_misc":{"Gesch\u00e4tzte Lesezeit":"4\u00a0Minuten"},"schema":{"@context":"https:\/\/schema.org","@graph":[{"@type":"WebPage","@id":"https:\/\/cryosivfclinic.com\/de\/fruchtbarkeitsbehandlungen\/behandlung-mit-spendersamen\/","url":"https:\/\/cryosivfclinic.com\/de\/fruchtbarkeitsbehandlungen\/behandlung-mit-spendersamen\/","name":"Behandlung mit Spendersamen - Cryos IVF Clinic in Cyprus","isPartOf":{"@id":"https:\/\/cryosivfclinic.com\/de\/#website"},"primaryImageOfPage":{"@id":"https:\/\/cryosivfclinic.com\/de\/fruchtbarkeitsbehandlungen\/behandlung-mit-spendersamen\/#primaryimage"},"image":{"@id":"https:\/\/cryosivfclinic.com\/de\/fruchtbarkeitsbehandlungen\/behandlung-mit-spendersamen\/#primaryimage"},"thumbnailUrl":"https:\/\/cryosivfclinic.com\/wp-content\/uploads\/2025\/03\/Mother-and-child-dark_5-kopi-scaled.jpg","datePublished":"2025-03-21T13:22:41+00:00","dateModified":"2026-03-12T12:56:09+00:00","description":"Gr\u00fcnden Sie Ihre Familie mit Hilfe eines Samenspenders. In der Cryos IVF Clinic bieten wir verschiedene Arten der Behandlung mit Spendersamen an.","breadcrumb":{"@id":"https:\/\/cryosivfclinic.com\/de\/fruchtbarkeitsbehandlungen\/behandlung-mit-spendersamen\/#breadcrumb"},"inLanguage":"de","potentialAction":[{"@type":"ReadAction","target":["https:\/\/cryosivfclinic.com\/de\/fruchtbarkeitsbehandlungen\/behandlung-mit-spendersamen\/"]}]},{"@type":"ImageObject","inLanguage":"de","@id":"https:\/\/cryosivfclinic.com\/de\/fruchtbarkeitsbehandlungen\/behandlung-mit-spendersamen\/#primaryimage","url":"https:\/\/cryosivfclinic.com\/wp-content\/uploads\/2025\/03\/Mother-and-child-dark_5-kopi-scaled.jpg","contentUrl":"https:\/\/cryosivfclinic.com\/wp-content\/uploads\/2025\/03\/Mother-and-child-dark_5-kopi-scaled.jpg"},{"@type":"BreadcrumbList","@id":"https:\/\/cryosivfclinic.com\/de\/fruchtbarkeitsbehandlungen\/behandlung-mit-spendersamen\/#breadcrumb","itemListElement":[{"@type":"ListItem","position":1,"name":"Home","item":"https:\/\/cryosivfclinic.com\/de\/fertility-treatment\/"},{"@type":"ListItem","position":2,"name":"Fruchtbarkeitsbehandlungen","item":"https:\/\/cryosivfclinic.com\/de\/fruchtbarkeitsbehandlungen\/"},{"@type":"ListItem","position":3,"name":"Behandlung mit Spendersamen"}]},{"@type":"WebSite","@id":"https:\/\/cryosivfclinic.com\/de\/#website","url":"https:\/\/cryosivfclinic.com\/de\/","name":"Cryos IVF Clinic in Cyprus","description":"","publisher":{"@id":"https:\/\/cryosivfclinic.com\/de\/#organization"},"potentialAction":[{"@type":"SearchAction","target":{"@type":"EntryPoint","urlTemplate":"https:\/\/cryosivfclinic.com\/de\/?s={search_term_string}"},"query-input":{"@type":"PropertyValueSpecification","valueRequired":true,"valueName":"search_term_string"}}],"inLanguage":"de"},{"@type":"Organization","@id":"https:\/\/cryosivfclinic.com\/de\/#organization","name":"Cryos IVF Clinic in Cyprus","url":"https:\/\/cryosivfclinic.com\/de\/","logo":{"@type":"ImageObject","inLanguage":"de","@id":"https:\/\/cryosivfclinic.com\/de\/#\/schema\/logo\/image\/","url":"https:\/\/cryosivfclinic.com\/wp-content\/uploads\/2025\/01\/Cryos_Clinic_Logo_RGB_Blue_Black_ank.png","contentUrl":"https:\/\/cryosivfclinic.com\/wp-content\/uploads\/2025\/01\/Cryos_Clinic_Logo_RGB_Blue_Black_ank.png","width":367,"height":207,"caption":"Cryos IVF Clinic in Cyprus"},"image":{"@id":"https:\/\/cryosivfclinic.com\/de\/#\/schema\/logo\/image\/"}}]}},"_links":{"self":[{"href":"https:\/\/cryosivfclinic.com\/de\/wp-json\/wp\/v2\/pages\/1853","targetHints":{"allow":["GET"]}}],"collection":[{"href":"https:\/\/cryosivfclinic.com\/de\/wp-json\/wp\/v2\/pages"}],"about":[{"href":"https:\/\/cryosivfclinic.com\/de\/wp-json\/wp\/v2\/types\/page"}],"author":[{"embeddable":true,"href":"https:\/\/cryosivfclinic.com\/de\/wp-json\/wp\/v2\/users\/2"}],"replies":[{"embeddable":true,"href":"https:\/\/cryosivfclinic.com\/de\/wp-json\/wp\/v2\/comments?post=1853"}],"version-history":[{"count":5,"href":"https:\/\/cryosivfclinic.com\/de\/wp-json\/wp\/v2\/pages\/1853\/revisions"}],"predecessor-version":[{"id":2812,"href":"https:\/\/cryosivfclinic.com\/de\/wp-json\/wp\/v2\/pages\/1853\/revisions\/2812"}],"up":[{"embeddable":true,"href":"https:\/\/cryosivfclinic.com\/de\/wp-json\/wp\/v2\/pages\/1766"}],"wp:attachment":[{"href":"https:\/\/cryosivfclinic.com\/de\/wp-json\/wp\/v2\/media?parent=1853"}],"curies":[{"name":"wp","href":"https:\/\/api.w.org\/{rel}","templated":true}]}}