{"id":1831,"date":"2025-03-21T13:22:15","date_gmt":"2025-03-21T13:22:15","guid":{"rendered":"https:\/\/cryosivfclinic.com\/fruchtbarkeitsbehandlungen\/iui-behandlung\/"},"modified":"2026-03-12T11:33:11","modified_gmt":"2026-03-12T11:33:11","slug":"iui-behandlung","status":"publish","type":"page","link":"https:\/\/cryosivfclinic.com\/de\/fruchtbarkeitsbehandlungen\/iui-behandlung\/","title":{"rendered":"IUI-Behandlung"},"content":{"rendered":"\t\t<div data-elementor-type=\"wp-page\" data-elementor-id=\"1831\" class=\"elementor elementor-1831 elementor-344\" data-elementor-post-type=\"page\">\n\t\t\t\t<div class=\"elementor-element elementor-element-c968dae paddedsection e-flex e-con-boxed e-con e-parent\" data-id=\"c968dae\" data-element_type=\"container\" data-e-type=\"container\">\n\t\t\t\t\t<div class=\"e-con-inner\">\n\t\t\t\t<div class=\"elementor-element elementor-element-9ba3891 elementor-widget elementor-widget-heading\" data-id=\"9ba3891\" data-element_type=\"widget\" data-e-type=\"widget\" data-widget_type=\"heading.default\">\n\t\t\t\t\t<h1 class=\"elementor-heading-title elementor-size-default\">IUI-Behandlung\n<\/h1>\t\t\t\t<\/div>\n\t\t\t\t<div class=\"elementor-element elementor-element-394edf9 elementor-widget elementor-widget-text-editor\" data-id=\"394edf9\" data-element_type=\"widget\" data-e-type=\"widget\" data-widget_type=\"text-editor.default\">\n\t\t\t\t\t\t\t\t\t<p>In der Cryos IVF Clinic bieten wir eine IUI-Behandlung an, bei der das Sperma eines Partners oder eines Spenders w\u00e4hrend des Eisprungs direkt in die Geb\u00e4rmutter eingebracht wird.<\/p>\t\t\t\t\t\t\t\t<\/div>\n\t\t\t\t<div class=\"elementor-element elementor-element-677b2ac elementor-widget-divider--view-line elementor-widget elementor-widget-divider\" data-id=\"677b2ac\" data-element_type=\"widget\" data-e-type=\"widget\" data-widget_type=\"divider.default\">\n\t\t\t\t\t\t\t<div class=\"elementor-divider\">\n\t\t\t<span class=\"elementor-divider-separator\">\n\t\t\t\t\t\t<\/span>\n\t\t<\/div>\n\t\t\t\t\t\t<\/div>\n\t\t\t\t<div class=\"elementor-element elementor-element-4978881 elementor-widget elementor-widget-text-editor\" data-id=\"4978881\" data-element_type=\"widget\" data-e-type=\"widget\" data-widget_type=\"text-editor.default\">\n\t\t\t\t\t\t\t\t\t<p>Die intrauterine Insemination (IUI) ist besonders wichtig f\u00fcr Frauen, die eine Behandlung mit Spendersamen ben\u00f6tigen, oder f\u00fcr Paare, die leichte Fruchtbarkeitsprobleme haben.<br><br><\/p><h2>Was ist eine IUI-Behandlung?<\/h2><p>Bei dieser Art der Fruchtbarkeitsbehandlung wird die Insemination von einer medizinischen Fachkraft durchgef\u00fchrt, die die Spermien zum Zeitpunkt des Eisprungs direkt in die Geb\u00e4rmutter der Frau injiziert. Dadurch k\u00f6nnen die Spermien nahe an die Eizelle herankommen, was die Chance erh\u00f6ht, dass ein Spermium die Eizelle befruchtet. <\/p>\t\t\t\t\t\t\t\t<\/div>\n\t\t\t\t<div class=\"elementor-element elementor-element-7d6ac06 elementor-widget elementor-widget-image\" data-id=\"7d6ac06\" data-element_type=\"widget\" data-e-type=\"widget\" data-widget_type=\"image.default\">\n\t\t\t\t\t\t\t\t\t\t\t\t\t\t\t<img fetchpriority=\"high\" decoding=\"async\" width=\"960\" height=\"540\" src=\"https:\/\/cryosivfclinic.com\/wp-content\/uploads\/2025\/03\/Pregnant-woman.jpg\" class=\"attachment-full size-full wp-image-1633\" alt=\"Schwangere Frau\" srcset=\"https:\/\/cryosivfclinic.com\/wp-content\/uploads\/2025\/03\/Pregnant-woman.jpg 960w, https:\/\/cryosivfclinic.com\/wp-content\/uploads\/2025\/03\/Pregnant-woman-300x169.jpg 300w, https:\/\/cryosivfclinic.com\/wp-content\/uploads\/2025\/03\/Pregnant-woman-768x432.jpg 768w\" sizes=\"(max-width: 960px) 100vw, 960px\" \/>\t\t\t\t\t\t\t\t\t\t\t\t\t\t\t<\/div>\n\t\t\t\t<div class=\"elementor-element elementor-element-b73fdb1 elementor-widget elementor-widget-text-editor\" data-id=\"b73fdb1\" data-element_type=\"widget\" data-e-type=\"widget\" data-widget_type=\"text-editor.default\">\n\t\t\t\t\t\t\t\t\t<h2>Das Verfahren der IUI-Behandlung<\/h2><p>Hier finden Sie eine Einf\u00fchrung in das, was Sie bei einer IUI-Behandlung in der Cryos IVF Clinic erwarten k\u00f6nnen.  <\/p><ol><li><strong>Erstkonsultation<\/strong> <br>Ihr erster Schritt besteht darin, uns zu kontaktieren und ein kostenloses Erstgespr\u00e4ch mit einem unserer erfahrenen medizinischen Fachkr\u00e4fte zu f\u00fchren. Dieser wird Ihre Krankengeschichte und Ihre Fruchtbarkeit bewerten, um festzustellen, ob eine IUI-Behandlung die richtige Option f\u00fcr Sie ist und ob wir in Ihrer Situation einen nat\u00fcrlichen oder einen stimulierten Zyklus empfehlen werden.<\/li><li><strong>Hormonstimulation und Ultraschall (nur f\u00fcr stimulierte Zyklen)<\/strong><br>Wenn wir feststellen, dass Ihre Chancen auf eine Schwangerschaft mit IUI in einem stimulierten Zyklus h\u00f6her sind, m\u00fcssen Sie die Cryos IVF-Klinik f\u00fcr eine oder mehrere Ultraschalluntersuchungen aufsuchen, bevor wir den weiteren Verlauf der Behandlung planen. Wenn Sie es vorziehen, Ihre Reiset\u00e4tigkeit einzuschr\u00e4nken, k\u00f6nnen Sie &#8211; auf eigene Kosten &#8211; Ultraschalluntersuchungen in einer Klinik in der N\u00e4he Ihres Wohnorts vereinbaren. Die Hormonstimulation besteht in der Regel aus Tabletten und\/oder Injektionen zu Hause.  <\/li><li><strong>Zeitliche Abstimmung der Behandlung mit Ihrem Eisprung<\/strong><br>Der Zeitpunkt ist bei der IUI-Behandlung wichtig, da die Insemination so nah wie m\u00f6glich am Eisprung stattfinden sollte, um Ihre Erfolgschancen zu erh\u00f6hen. Der Zeitpunkt Ihres Eisprungs h\u00e4ngt von Ihrem Zyklus ab und davon, ob Sie Fruchtbarkeitsmedikamente einnehmen. Sobald Sie den voraussichtlichen Zeitpunkt Ihres Eisprungs kennen, werden wir ein Datum und eine Uhrzeit f\u00fcr Ihre Insemination festlegen.  <\/li><li><strong>Vorbereitung des Spermas<\/strong><br>Wenn Sie das Sperma eines Partners verwenden m\u00f6chten, muss dieser im Voraus oder am Tag der Insemination eine Spermaprobe abgeben. Wir waschen die Spermien dann in unserem Labor, entfernen unerw\u00fcnschte Bestandteile und konzentrieren die beweglichen Spermien. Wenn Sie das Sperma eines Spenders verwenden m\u00f6chten, m\u00fcssen Sie sicherstellen, dass Sie das Spendersamenmaterial des von Ihnen gew\u00e4hlten Spenders rechtzeitig f\u00fcr die Behandlung bestellen. Erfahren Sie hier mehr \u00fcber die Behandlung mit Spendersamen.   <\/li><li><strong>Insemination<\/strong><br>Sobald die Spermien bereit sind, wird die Insemination von einer medizinischen Fachkraft durchgef\u00fchrt, die die Spermien mit einem d\u00fcnnen, flexiblen Plastikschlauch in Ihre Geb\u00e4rmutter injiziert. F\u00fcr die meisten Menschen ist die IUI-Behandlung schmerzfrei, und der Eingriff dauert nur wenige Minuten &#8211; alles in allem k\u00f6nnen Sie mit einem Aufenthalt von etwa einer Stunde in der Klinik rechnen. <\/li><\/ol><h2>Nach Ihrer IUI-Behandlung<\/h2><p>Nach Ihrer IUI-Behandlung k\u00f6nnen Sie zu Ihrem Alltag zur\u00fcckkehren. Zwei Wochen sp\u00e4ter k\u00f6nnen Sie einen Urin-Schwangerschaftstest machen, um festzustellen, ob die Behandlung erfolgreich war.   <\/p><p>Wenn Sie nicht schwanger werden, kann die Behandlung in Ihrem n\u00e4chsten Zyklus wiederholt werden. Unser medizinisches Fachpersonal kann Sie auch \u00fcber andere Behandlungsm\u00f6glichkeiten beraten, wenn die Behandlung erfolglos bleibt. <\/p><h2>Wie viel kostet eine IUI-Behandlung?<\/h2><p>Der Preis f\u00fcr eine IUI-Behandlung betr\u00e4gt 975 \u20ac. Sie k\u00f6nnen sich auch daf\u00fcr entscheiden, nur einen Teil Ihrer Behandlung in der Cryos IVF Clinic zu einem niedrigeren Preis durchzuf\u00fchren.   <a href=\"https:\/\/cryosivfclinic.com\/de\/preisuebersicht\/\">Erfahren Sie hier mehr \u00fcber unsere Preise.<\/a><\/p><h2>Ben\u00f6tigen Sie Spendersamen f\u00fcr Ihre IUI-Behandlung?<\/h2><p>In der Cryos IVF Clinic ist es m\u00f6glich, Spendersamen von der Cryos Samenbank oder einer anderen Samenbank zu verwenden. Erfahren Sie hier mehr \u00fcber die <a href=\"https:\/\/cryosivfclinic.com\/de\/fruchtbarkeitsbehandlungen\/behandlung-mit-spendersamen\/\">Behandlung mit Spendersamen<\/a>. <\/p><h2>Wir sind f\u00fcr Sie da<\/h2><p>Ziehen Sie eine IUI-Behandlung in Betracht? Dann wenden Sie sich bitte an uns &#8211; wir beantworten Ihnen gerne alle Fragen und helfen Ihnen bei der Planung einer Behandlung, die Ihren Bed\u00fcrfnissen entspricht. <\/p>\t\t\t\t\t\t\t\t<\/div>\n\t\t\t\t<div class=\"elementor-element elementor-element-add4e4d elementor-align-center elementor-widget elementor-widget-button\" data-id=\"add4e4d\" data-element_type=\"widget\" data-e-type=\"widget\" data-widget_type=\"button.default\">\n\t\t\t\t\t\t\t\t\t\t<a class=\"elementor-button elementor-button-link elementor-size-sm\" href=\"https:\/\/cryosivfclinic.com\/de\/kontakt\/\">\n\t\t\t\t\t\t<span class=\"elementor-button-content-wrapper\">\n\t\t\t\t\t\t\t\t\t<span class=\"elementor-button-text\">Kontaktieren Sie uns<\/span>\n\t\t\t\t\t<\/span>\n\t\t\t\t\t<\/a>\n\t\t\t\t\t\t\t\t<\/div>\n\t\t\t\t\t<\/div>\n\t\t\t\t<\/div>\n\t\t\t\t<\/div>\n\t\t","protected":false},"excerpt":{"rendered":"<p>IUI-Behandlung In der Cryos IVF Clinic bieten wir eine IUI-Behandlung an, bei der das Sperma eines Partners oder eines Spenders w\u00e4hrend des Eisprungs direkt in die Geb\u00e4rmutter eingebracht wird. Die intrauterine Insemination (IUI) ist besonders wichtig f\u00fcr Frauen, die eine Behandlung mit Spendersamen ben\u00f6tigen, oder f\u00fcr Paare, die leichte Fruchtbarkeitsprobleme haben. Was ist eine IUI-Behandlung? [&hellip;]<\/p>\n","protected":false},"author":2,"featured_media":0,"parent":1766,"menu_order":0,"comment_status":"closed","ping_status":"closed","template":"","meta":{"footnotes":""},"class_list":["post-1831","page","type-page","status-publish","hentry"],"yoast_head":"<!-- This site is optimized with the Yoast SEO plugin v27.4 - https:\/\/yoast.com\/product\/yoast-seo-wordpress\/ -->\n<title>IUI-Behandlung - Cryos IVF Clinic in Cyprus<\/title>\n<meta name=\"description\" content=\"Die IUI-Behandlung ist eine Art der Fruchtbarkeitsbehandlung, bei der Spermien direkt in die Geb\u00e4rmutter injiziert werden. Erfahren Sie hier, wann diese Behandlung sinnvoll ist und wie sie funktioniert.\" \/>\n<meta name=\"robots\" content=\"index, follow, max-snippet:-1, max-image-preview:large, max-video-preview:-1\" \/>\n<link rel=\"canonical\" href=\"https:\/\/cryosivfclinic.com\/de\/fruchtbarkeitsbehandlungen\/iui-behandlung\/\" \/>\n<meta property=\"og:locale\" content=\"de_DE\" \/>\n<meta property=\"og:type\" content=\"article\" \/>\n<meta property=\"og:title\" content=\"IUI-Behandlung - Cryos IVF Clinic in Cyprus\" \/>\n<meta property=\"og:description\" content=\"Die IUI-Behandlung ist eine Art der Fruchtbarkeitsbehandlung, bei der Spermien direkt in die Geb\u00e4rmutter injiziert werden. Erfahren Sie hier, wann diese Behandlung sinnvoll ist und wie sie funktioniert.\" \/>\n<meta property=\"og:url\" content=\"https:\/\/cryosivfclinic.com\/de\/fruchtbarkeitsbehandlungen\/iui-behandlung\/\" \/>\n<meta property=\"og:site_name\" content=\"Cryos IVF Clinic in Cyprus\" \/>\n<meta property=\"article:modified_time\" content=\"2026-03-12T11:33:11+00:00\" \/>\n<meta property=\"og:image\" content=\"https:\/\/cryosivfclinic.com\/wp-content\/uploads\/2025\/03\/Pregnant-woman.jpg\" \/>\n\t<meta property=\"og:image:width\" content=\"960\" \/>\n\t<meta property=\"og:image:height\" content=\"540\" \/>\n\t<meta property=\"og:image:type\" content=\"image\/jpeg\" \/>\n<meta name=\"twitter:card\" content=\"summary_large_image\" \/>\n<meta name=\"twitter:label1\" content=\"Gesch\u00e4tzte Lesezeit\" \/>\n\t<meta name=\"twitter:data1\" content=\"3\u00a0Minuten\" \/>\n<script type=\"application\/ld+json\" class=\"yoast-schema-graph\">{\"@context\":\"https:\\\/\\\/schema.org\",\"@graph\":[{\"@type\":\"WebPage\",\"@id\":\"https:\\\/\\\/cryosivfclinic.com\\\/de\\\/fruchtbarkeitsbehandlungen\\\/iui-behandlung\\\/\",\"url\":\"https:\\\/\\\/cryosivfclinic.com\\\/de\\\/fruchtbarkeitsbehandlungen\\\/iui-behandlung\\\/\",\"name\":\"IUI-Behandlung - Cryos IVF Clinic in Cyprus\",\"isPartOf\":{\"@id\":\"https:\\\/\\\/cryosivfclinic.com\\\/de\\\/#website\"},\"primaryImageOfPage\":{\"@id\":\"https:\\\/\\\/cryosivfclinic.com\\\/de\\\/fruchtbarkeitsbehandlungen\\\/iui-behandlung\\\/#primaryimage\"},\"image\":{\"@id\":\"https:\\\/\\\/cryosivfclinic.com\\\/de\\\/fruchtbarkeitsbehandlungen\\\/iui-behandlung\\\/#primaryimage\"},\"thumbnailUrl\":\"https:\\\/\\\/cryosivfclinic.com\\\/wp-content\\\/uploads\\\/2025\\\/03\\\/Pregnant-woman.jpg\",\"datePublished\":\"2025-03-21T13:22:15+00:00\",\"dateModified\":\"2026-03-12T11:33:11+00:00\",\"description\":\"Die IUI-Behandlung ist eine Art der Fruchtbarkeitsbehandlung, bei der Spermien direkt in die Geb\u00e4rmutter injiziert werden. Erfahren Sie hier, wann diese Behandlung sinnvoll ist und wie sie funktioniert.\",\"breadcrumb\":{\"@id\":\"https:\\\/\\\/cryosivfclinic.com\\\/de\\\/fruchtbarkeitsbehandlungen\\\/iui-behandlung\\\/#breadcrumb\"},\"inLanguage\":\"de\",\"potentialAction\":[{\"@type\":\"ReadAction\",\"target\":[\"https:\\\/\\\/cryosivfclinic.com\\\/de\\\/fruchtbarkeitsbehandlungen\\\/iui-behandlung\\\/\"]}]},{\"@type\":\"ImageObject\",\"inLanguage\":\"de\",\"@id\":\"https:\\\/\\\/cryosivfclinic.com\\\/de\\\/fruchtbarkeitsbehandlungen\\\/iui-behandlung\\\/#primaryimage\",\"url\":\"https:\\\/\\\/cryosivfclinic.com\\\/wp-content\\\/uploads\\\/2025\\\/03\\\/Pregnant-woman.jpg\",\"contentUrl\":\"https:\\\/\\\/cryosivfclinic.com\\\/wp-content\\\/uploads\\\/2025\\\/03\\\/Pregnant-woman.jpg\"},{\"@type\":\"BreadcrumbList\",\"@id\":\"https:\\\/\\\/cryosivfclinic.com\\\/de\\\/fruchtbarkeitsbehandlungen\\\/iui-behandlung\\\/#breadcrumb\",\"itemListElement\":[{\"@type\":\"ListItem\",\"position\":1,\"name\":\"Home\",\"item\":\"https:\\\/\\\/cryosivfclinic.com\\\/de\\\/fertility-treatment\\\/\"},{\"@type\":\"ListItem\",\"position\":2,\"name\":\"Fruchtbarkeitsbehandlungen\",\"item\":\"https:\\\/\\\/cryosivfclinic.com\\\/de\\\/fruchtbarkeitsbehandlungen\\\/\"},{\"@type\":\"ListItem\",\"position\":3,\"name\":\"IUI-Behandlung\"}]},{\"@type\":\"WebSite\",\"@id\":\"https:\\\/\\\/cryosivfclinic.com\\\/de\\\/#website\",\"url\":\"https:\\\/\\\/cryosivfclinic.com\\\/de\\\/\",\"name\":\"Cryos IVF Clinic in Cyprus\",\"description\":\"\",\"publisher\":{\"@id\":\"https:\\\/\\\/cryosivfclinic.com\\\/de\\\/#organization\"},\"potentialAction\":[{\"@type\":\"SearchAction\",\"target\":{\"@type\":\"EntryPoint\",\"urlTemplate\":\"https:\\\/\\\/cryosivfclinic.com\\\/de\\\/?s={search_term_string}\"},\"query-input\":{\"@type\":\"PropertyValueSpecification\",\"valueRequired\":true,\"valueName\":\"search_term_string\"}}],\"inLanguage\":\"de\"},{\"@type\":\"Organization\",\"@id\":\"https:\\\/\\\/cryosivfclinic.com\\\/de\\\/#organization\",\"name\":\"Cryos IVF Clinic in Cyprus\",\"url\":\"https:\\\/\\\/cryosivfclinic.com\\\/de\\\/\",\"logo\":{\"@type\":\"ImageObject\",\"inLanguage\":\"de\",\"@id\":\"https:\\\/\\\/cryosivfclinic.com\\\/de\\\/#\\\/schema\\\/logo\\\/image\\\/\",\"url\":\"https:\\\/\\\/cryosivfclinic.com\\\/wp-content\\\/uploads\\\/2025\\\/01\\\/Cryos_Clinic_Logo_RGB_Blue_Black_ank.png\",\"contentUrl\":\"https:\\\/\\\/cryosivfclinic.com\\\/wp-content\\\/uploads\\\/2025\\\/01\\\/Cryos_Clinic_Logo_RGB_Blue_Black_ank.png\",\"width\":367,\"height\":207,\"caption\":\"Cryos IVF Clinic in Cyprus\"},\"image\":{\"@id\":\"https:\\\/\\\/cryosivfclinic.com\\\/de\\\/#\\\/schema\\\/logo\\\/image\\\/\"}}]}<\/script>\n<!-- \/ Yoast SEO plugin. -->","yoast_head_json":{"title":"IUI-Behandlung - Cryos IVF Clinic in Cyprus","description":"Die IUI-Behandlung ist eine Art der Fruchtbarkeitsbehandlung, bei der Spermien direkt in die Geb\u00e4rmutter injiziert werden. Erfahren Sie hier, wann diese Behandlung sinnvoll ist und wie sie funktioniert.","robots":{"index":"index","follow":"follow","max-snippet":"max-snippet:-1","max-image-preview":"max-image-preview:large","max-video-preview":"max-video-preview:-1"},"canonical":"https:\/\/cryosivfclinic.com\/de\/fruchtbarkeitsbehandlungen\/iui-behandlung\/","og_locale":"de_DE","og_type":"article","og_title":"IUI-Behandlung - Cryos IVF Clinic in Cyprus","og_description":"Die IUI-Behandlung ist eine Art der Fruchtbarkeitsbehandlung, bei der Spermien direkt in die Geb\u00e4rmutter injiziert werden. Erfahren Sie hier, wann diese Behandlung sinnvoll ist und wie sie funktioniert.","og_url":"https:\/\/cryosivfclinic.com\/de\/fruchtbarkeitsbehandlungen\/iui-behandlung\/","og_site_name":"Cryos IVF Clinic in Cyprus","article_modified_time":"2026-03-12T11:33:11+00:00","og_image":[{"width":960,"height":540,"url":"https:\/\/cryosivfclinic.com\/wp-content\/uploads\/2025\/03\/Pregnant-woman.jpg","type":"image\/jpeg"}],"twitter_card":"summary_large_image","twitter_misc":{"Gesch\u00e4tzte Lesezeit":"3\u00a0Minuten"},"schema":{"@context":"https:\/\/schema.org","@graph":[{"@type":"WebPage","@id":"https:\/\/cryosivfclinic.com\/de\/fruchtbarkeitsbehandlungen\/iui-behandlung\/","url":"https:\/\/cryosivfclinic.com\/de\/fruchtbarkeitsbehandlungen\/iui-behandlung\/","name":"IUI-Behandlung - Cryos IVF Clinic in Cyprus","isPartOf":{"@id":"https:\/\/cryosivfclinic.com\/de\/#website"},"primaryImageOfPage":{"@id":"https:\/\/cryosivfclinic.com\/de\/fruchtbarkeitsbehandlungen\/iui-behandlung\/#primaryimage"},"image":{"@id":"https:\/\/cryosivfclinic.com\/de\/fruchtbarkeitsbehandlungen\/iui-behandlung\/#primaryimage"},"thumbnailUrl":"https:\/\/cryosivfclinic.com\/wp-content\/uploads\/2025\/03\/Pregnant-woman.jpg","datePublished":"2025-03-21T13:22:15+00:00","dateModified":"2026-03-12T11:33:11+00:00","description":"Die IUI-Behandlung ist eine Art der Fruchtbarkeitsbehandlung, bei der Spermien direkt in die Geb\u00e4rmutter injiziert werden. Erfahren Sie hier, wann diese Behandlung sinnvoll ist und wie sie funktioniert.","breadcrumb":{"@id":"https:\/\/cryosivfclinic.com\/de\/fruchtbarkeitsbehandlungen\/iui-behandlung\/#breadcrumb"},"inLanguage":"de","potentialAction":[{"@type":"ReadAction","target":["https:\/\/cryosivfclinic.com\/de\/fruchtbarkeitsbehandlungen\/iui-behandlung\/"]}]},{"@type":"ImageObject","inLanguage":"de","@id":"https:\/\/cryosivfclinic.com\/de\/fruchtbarkeitsbehandlungen\/iui-behandlung\/#primaryimage","url":"https:\/\/cryosivfclinic.com\/wp-content\/uploads\/2025\/03\/Pregnant-woman.jpg","contentUrl":"https:\/\/cryosivfclinic.com\/wp-content\/uploads\/2025\/03\/Pregnant-woman.jpg"},{"@type":"BreadcrumbList","@id":"https:\/\/cryosivfclinic.com\/de\/fruchtbarkeitsbehandlungen\/iui-behandlung\/#breadcrumb","itemListElement":[{"@type":"ListItem","position":1,"name":"Home","item":"https:\/\/cryosivfclinic.com\/de\/fertility-treatment\/"},{"@type":"ListItem","position":2,"name":"Fruchtbarkeitsbehandlungen","item":"https:\/\/cryosivfclinic.com\/de\/fruchtbarkeitsbehandlungen\/"},{"@type":"ListItem","position":3,"name":"IUI-Behandlung"}]},{"@type":"WebSite","@id":"https:\/\/cryosivfclinic.com\/de\/#website","url":"https:\/\/cryosivfclinic.com\/de\/","name":"Cryos IVF Clinic in Cyprus","description":"","publisher":{"@id":"https:\/\/cryosivfclinic.com\/de\/#organization"},"potentialAction":[{"@type":"SearchAction","target":{"@type":"EntryPoint","urlTemplate":"https:\/\/cryosivfclinic.com\/de\/?s={search_term_string}"},"query-input":{"@type":"PropertyValueSpecification","valueRequired":true,"valueName":"search_term_string"}}],"inLanguage":"de"},{"@type":"Organization","@id":"https:\/\/cryosivfclinic.com\/de\/#organization","name":"Cryos IVF Clinic in Cyprus","url":"https:\/\/cryosivfclinic.com\/de\/","logo":{"@type":"ImageObject","inLanguage":"de","@id":"https:\/\/cryosivfclinic.com\/de\/#\/schema\/logo\/image\/","url":"https:\/\/cryosivfclinic.com\/wp-content\/uploads\/2025\/01\/Cryos_Clinic_Logo_RGB_Blue_Black_ank.png","contentUrl":"https:\/\/cryosivfclinic.com\/wp-content\/uploads\/2025\/01\/Cryos_Clinic_Logo_RGB_Blue_Black_ank.png","width":367,"height":207,"caption":"Cryos IVF Clinic in Cyprus"},"image":{"@id":"https:\/\/cryosivfclinic.com\/de\/#\/schema\/logo\/image\/"}}]}},"_links":{"self":[{"href":"https:\/\/cryosivfclinic.com\/de\/wp-json\/wp\/v2\/pages\/1831","targetHints":{"allow":["GET"]}}],"collection":[{"href":"https:\/\/cryosivfclinic.com\/de\/wp-json\/wp\/v2\/pages"}],"about":[{"href":"https:\/\/cryosivfclinic.com\/de\/wp-json\/wp\/v2\/types\/page"}],"author":[{"embeddable":true,"href":"https:\/\/cryosivfclinic.com\/de\/wp-json\/wp\/v2\/users\/2"}],"replies":[{"embeddable":true,"href":"https:\/\/cryosivfclinic.com\/de\/wp-json\/wp\/v2\/comments?post=1831"}],"version-history":[{"count":5,"href":"https:\/\/cryosivfclinic.com\/de\/wp-json\/wp\/v2\/pages\/1831\/revisions"}],"predecessor-version":[{"id":2782,"href":"https:\/\/cryosivfclinic.com\/de\/wp-json\/wp\/v2\/pages\/1831\/revisions\/2782"}],"up":[{"embeddable":true,"href":"https:\/\/cryosivfclinic.com\/de\/wp-json\/wp\/v2\/pages\/1766"}],"wp:attachment":[{"href":"https:\/\/cryosivfclinic.com\/de\/wp-json\/wp\/v2\/media?parent=1831"}],"curies":[{"name":"wp","href":"https:\/\/api.w.org\/{rel}","templated":true}]}}