{"id":1820,"date":"2025-03-21T13:22:58","date_gmt":"2025-03-21T13:22:58","guid":{"rendered":"https:\/\/cryosivfclinic.com\/fruchtbarkeitsbehandlungen\/gefrorener-embryotransfer-fet\/"},"modified":"2026-03-12T11:44:28","modified_gmt":"2026-03-12T11:44:28","slug":"gefrorener-embryotransfer-fet","status":"publish","type":"page","link":"https:\/\/cryosivfclinic.com\/de\/fruchtbarkeitsbehandlungen\/gefrorener-embryotransfer-fet\/","title":{"rendered":"Gefrorener Embryotransfer (FET)"},"content":{"rendered":"\t\t<div data-elementor-type=\"wp-page\" data-elementor-id=\"1820\" class=\"elementor elementor-1820 elementor-350\" data-elementor-post-type=\"page\">\n\t\t\t\t<div class=\"elementor-element elementor-element-a880fb1 paddedsection e-flex e-con-boxed e-con e-parent\" data-id=\"a880fb1\" data-element_type=\"container\" data-e-type=\"container\">\n\t\t\t\t\t<div class=\"e-con-inner\">\n\t\t\t\t<div class=\"elementor-element elementor-element-73fb831 elementor-widget elementor-widget-heading\" data-id=\"73fb831\" data-element_type=\"widget\" data-e-type=\"widget\" data-widget_type=\"heading.default\">\n\t\t\t\t\t<h1 class=\"elementor-heading-title elementor-size-default\">Gefrorener Embryotransfer (FET)\n<\/h1>\t\t\t\t<\/div>\n\t\t\t\t<div class=\"elementor-element elementor-element-4950a72 lastnospace elementor-widget elementor-widget-text-editor\" data-id=\"4950a72\" data-element_type=\"widget\" data-e-type=\"widget\" data-widget_type=\"text-editor.default\">\n\t\t\t\t\t\t\t\t\t<p>In der Cryos IVF Clinic bieten wir den gefrorenen Embryotransfer (FET) als eine flexible und effektive Option f\u00fcr Patienten in der IVF-Behandlung an.<\/p>\t\t\t\t\t\t\t\t<\/div>\n\t\t\t\t<div class=\"elementor-element elementor-element-46ac94f elementor-widget-divider--view-line elementor-widget elementor-widget-divider\" data-id=\"46ac94f\" data-element_type=\"widget\" data-e-type=\"widget\" data-widget_type=\"divider.default\">\n\t\t\t\t\t\t\t<div class=\"elementor-divider\">\n\t\t\t<span class=\"elementor-divider-separator\">\n\t\t\t\t\t\t<\/span>\n\t\t<\/div>\n\t\t\t\t\t\t<\/div>\n\t\t\t\t<div class=\"elementor-element elementor-element-a244355 elementor-widget elementor-widget-text-editor\" data-id=\"a244355\" data-element_type=\"widget\" data-e-type=\"widget\" data-widget_type=\"text-editor.default\">\n\t\t\t\t\t\t\t\t\t<p>Gefrorene Embryotransfers k\u00f6nnen genauso erfolgreich sein wie die Verwendung frischer Embryonen. Erfahren Sie hier, wann diese Option in Frage kommt und wie sie funktioniert. <br class=\"a\"><br class=\"a\"><\/p><h2>Was ist ein gefrorener Embryotransfer?<\/h2><p>Der gefrorene Embryotransfer (FET) ist ein Verfahren, bei dem zuvor eingefrorene Embryonen, die bei einer IVF-Behandlung gewonnen und kryokonserviert wurden, aufgetaut und in die Geb\u00e4rmutter \u00fcbertragen werden. Auf diese Weise kann die Frau den gesamten IVF-Prozess vermeiden, wenn sie sich Geschwister w\u00fcnscht oder wenn der urspr\u00fcngliche Zyklus erfolglos war. FET ist eine sichere und effektive Methode, die \u00e4hnliche Chancen auf eine Empf\u00e4ngnis bietet wie ein frischer Embryotransfer.  <\/p>\t\t\t\t\t\t\t\t<\/div>\n\t\t\t\t<div class=\"elementor-element elementor-element-ceee065 elementor-widget elementor-widget-image\" data-id=\"ceee065\" data-element_type=\"widget\" data-e-type=\"widget\" data-widget_type=\"image.default\">\n\t\t\t\t\t\t\t\t\t\t\t\t\t\t\t<img fetchpriority=\"high\" decoding=\"async\" width=\"960\" height=\"540\" src=\"https:\/\/cryosivfclinic.com\/wp-content\/uploads\/2025\/03\/Frozen-embryo-transfer-at-Cryos-IVF-Clinic.jpg\" class=\"attachment-full size-full wp-image-1683\" alt=\"Frozen embryo transfer at Cryos IVF Clinic\" srcset=\"https:\/\/cryosivfclinic.com\/wp-content\/uploads\/2025\/03\/Frozen-embryo-transfer-at-Cryos-IVF-Clinic.jpg 960w, https:\/\/cryosivfclinic.com\/wp-content\/uploads\/2025\/03\/Frozen-embryo-transfer-at-Cryos-IVF-Clinic-300x169.jpg 300w, https:\/\/cryosivfclinic.com\/wp-content\/uploads\/2025\/03\/Frozen-embryo-transfer-at-Cryos-IVF-Clinic-768x432.jpg 768w\" sizes=\"(max-width: 960px) 100vw, 960px\" \/>\t\t\t\t\t\t\t\t\t\t\t\t\t\t\t<\/div>\n\t\t\t\t<div class=\"elementor-element elementor-element-e4128b1 elementor-widget elementor-widget-text-editor\" data-id=\"e4128b1\" data-element_type=\"widget\" data-e-type=\"widget\" data-widget_type=\"text-editor.default\">\n\t\t\t\t\t\t\t\t\t<h2>Wann ist ein gefrorener Embryotransfer sinnvoll?<\/h2><p>Eingefrorene Embryonen k\u00f6nnen zum idealen Zeitpunkt \u00fcbertragen werden, ohne den Druck eines frischen Zyklus. Dies kann von Bedeutung sein f\u00fcr: <\/p><ul><li>Patienten mit spezifischen medizinischen Indikationen, die einen frischen Embryotransfer verhindern<\/li><li>Patienten, die gefrorene Embryonen aus einem fr\u00fcheren <a href=\"https:\/\/cryosivfclinic.com\/de\/fruchtbarkeitsbehandlungen\/ivf-behandlung\/\">IVF-Behandlungszyklus<\/a> eingelagert haben<\/li><li>Patientinnen, die sich f\u00fcr eine <a href=\"https:\/\/cryosclinic.com\/en-gb\/treatments\/embryo-creation-treatment\" target=\"_blank\" rel=\"noopener\">Embryonenerzeugung mit Spendereiern in der Cryos Klinik in D\u00e4nemark<\/a> entscheiden und den Transfer in der Cryos IVF Klinik auf Zypern durchf\u00fchren lassen m\u00f6chten.<\/li><\/ul><p><br class=\"a\"><br class=\"a\"><\/p><h2>Gefrorener Embryotransfer &#8211; der Prozess<\/h2><p>Der Prozess beginnt, wenn Sie sich mit uns in Verbindung setzen, um den Transfer der eingefrorenen Embryonen zu vereinbaren. Die folgenden Schritte sind: <br class=\"a\"><br class=\"a\"><\/p><ol><li style=\"list-style-type: none;\"><ol><li><strong>Vorbereitung der Geb\u00e4rmutter<\/strong><br class=\"a\">Tage vor dem Transfer wird die Geb\u00e4rmutterschleimhaut vorbereitet, um ein optimales Umfeld f\u00fcr die Einnistung zu schaffen. Dies kann in einem nat\u00fcrlichen Zyklus oder mit hormonellen Medikamenten geschehen, um die Dicke der Geb\u00e4rmutterschleimhaut zu regulieren. <\/li><li><strong>Auftauen der Embryonen<\/strong><br class=\"a\">Die eingefrorenen Embryonen werden mit fortschrittlichen Techniken vorsichtig aufgetaut, um ihre Lebensf\u00e4higkeit zu gew\u00e4hrleisten. Dank der Vitrifikationstechnik erreichen die modernen Einfriermethoden hohe \u00dcberlebensraten der Embryonen. <\/li><li><strong>Embryotransfer<\/strong><br class=\"a\">Sobald die Geb\u00e4rmutter und der Embryo bereit sind, wird der ausgew\u00e4hlte Embryo mithilfe eines Katheters unter Anleitung eines Kinderwunscharztes in die Geb\u00e4rmutter eingesetzt. Der Eingriff ist schmerzfrei und erfordert keine Bet\u00e4ubung. <\/li><\/ol><\/li><\/ol><ol><li style=\"list-style-type: none;\"> <\/li><\/ol><p><br class=\"a\"><br class=\"a\"><\/p><h2>Nach Ihrem eingefrorenen Embryotransfer<\/h2><p>Zwei Wochen nach dem Embryotransfer sollten Sie einen Schwangerschaftstest durchf\u00fchren lassen, um festzustellen, ob die Behandlung erfolgreich war.<br class=\"a\"><br class=\"a\"><\/p><h2>Wie hoch sind die Kosten f\u00fcr einen gefrorenen Embryotransfer?<\/h2><p>Der Preis f\u00fcr einen eingefrorenen Embryotransfer betr\u00e4gt 2.000 \u20ac. Sie k\u00f6nnen sich auch daf\u00fcr entscheiden, nur einen Teil Ihrer Behandlung in der Cryos IVF Clinic zu einem niedrigeren Preis durchf\u00fchren zu lassen.   <a href=\"https:\/\/cryosivfclinic.com\/de\/preisuebersicht\/\">Erfahren Sie hier mehr \u00fcber unsere Preise.<\/a><br class=\"a\"><br class=\"a\"><\/p><h2>Wir sind f\u00fcr Sie da<\/h2><p>Wenn Sie einen gefrorenen Embryotransfer in der Cryos IVF Clinic in Erw\u00e4gung ziehen, ist unser Team f\u00fcr Sie da. Setzen Sie sich noch heute mit uns in Verbindung, um einen kostenlosen Beratungstermin zu vereinbaren und den n\u00e4chsten Schritt in Richtung Elternschaft zu machen. <\/p>\t\t\t\t\t\t\t\t<\/div>\n\t\t\t\t<div class=\"elementor-element elementor-element-e94d888 elementor-align-center elementor-widget elementor-widget-button\" data-id=\"e94d888\" data-element_type=\"widget\" data-e-type=\"widget\" data-widget_type=\"button.default\">\n\t\t\t\t\t\t\t\t\t\t<a class=\"elementor-button elementor-button-link elementor-size-sm\" href=\"https:\/\/cryosivfclinic.com\/de\/kontakt\/\">\n\t\t\t\t\t\t<span class=\"elementor-button-content-wrapper\">\n\t\t\t\t\t\t\t\t\t<span class=\"elementor-button-text\">Kontaktieren Sie uns<\/span>\n\t\t\t\t\t<\/span>\n\t\t\t\t\t<\/a>\n\t\t\t\t\t\t\t\t<\/div>\n\t\t\t\t\t<\/div>\n\t\t\t\t<\/div>\n\t\t\t\t<\/div>\n\t\t","protected":false},"excerpt":{"rendered":"<p>Gefrorener Embryotransfer (FET) In der Cryos IVF Clinic bieten wir den gefrorenen Embryotransfer (FET) als eine flexible und effektive Option f\u00fcr Patienten in der IVF-Behandlung an. Gefrorene Embryotransfers k\u00f6nnen genauso erfolgreich sein wie die Verwendung frischer Embryonen. Erfahren Sie hier, wann diese Option in Frage kommt und wie sie funktioniert. Was ist ein gefrorener Embryotransfer? [&hellip;]<\/p>\n","protected":false},"author":2,"featured_media":0,"parent":1766,"menu_order":0,"comment_status":"closed","ping_status":"closed","template":"","meta":{"footnotes":""},"class_list":["post-1820","page","type-page","status-publish","hentry"],"yoast_head":"<!-- This site is optimized with the Yoast SEO plugin v27.4 - https:\/\/yoast.com\/product\/yoast-seo-wordpress\/ -->\n<title>Gefrorener Embryotransfer (FET) - Cryos IVF Clinic in Cyprus<\/title>\n<meta name=\"description\" content=\"Der gefrorene Embryotransfer ist eine flexible und effektive Option f\u00fcr Patienten in der IVF-Behandlung. Erfahren Sie hier mehr.\" \/>\n<meta name=\"robots\" content=\"index, follow, max-snippet:-1, max-image-preview:large, max-video-preview:-1\" \/>\n<link rel=\"canonical\" href=\"https:\/\/cryosivfclinic.com\/de\/fruchtbarkeitsbehandlungen\/gefrorener-embryotransfer-fet\/\" \/>\n<meta property=\"og:locale\" content=\"de_DE\" \/>\n<meta property=\"og:type\" content=\"article\" \/>\n<meta property=\"og:title\" content=\"Gefrorener Embryotransfer (FET) - Cryos IVF Clinic in Cyprus\" \/>\n<meta property=\"og:description\" content=\"Der gefrorene Embryotransfer ist eine flexible und effektive Option f\u00fcr Patienten in der IVF-Behandlung. Erfahren Sie hier mehr.\" \/>\n<meta property=\"og:url\" content=\"https:\/\/cryosivfclinic.com\/de\/fruchtbarkeitsbehandlungen\/gefrorener-embryotransfer-fet\/\" \/>\n<meta property=\"og:site_name\" content=\"Cryos IVF Clinic in Cyprus\" \/>\n<meta property=\"article:modified_time\" content=\"2026-03-12T11:44:28+00:00\" \/>\n<meta property=\"og:image\" content=\"https:\/\/cryosivfclinic.com\/wp-content\/uploads\/2025\/03\/Frozen-embryo-transfer-at-Cryos-IVF-Clinic.jpg\" \/>\n\t<meta property=\"og:image:width\" content=\"960\" \/>\n\t<meta property=\"og:image:height\" content=\"540\" \/>\n\t<meta property=\"og:image:type\" content=\"image\/jpeg\" \/>\n<meta name=\"twitter:card\" content=\"summary_large_image\" \/>\n<meta name=\"twitter:label1\" content=\"Gesch\u00e4tzte Lesezeit\" \/>\n\t<meta name=\"twitter:data1\" content=\"2\u00a0Minuten\" \/>\n<script type=\"application\/ld+json\" class=\"yoast-schema-graph\">{\"@context\":\"https:\\\/\\\/schema.org\",\"@graph\":[{\"@type\":\"WebPage\",\"@id\":\"https:\\\/\\\/cryosivfclinic.com\\\/de\\\/fruchtbarkeitsbehandlungen\\\/gefrorener-embryotransfer-fet\\\/\",\"url\":\"https:\\\/\\\/cryosivfclinic.com\\\/de\\\/fruchtbarkeitsbehandlungen\\\/gefrorener-embryotransfer-fet\\\/\",\"name\":\"Gefrorener Embryotransfer (FET) - Cryos IVF Clinic in Cyprus\",\"isPartOf\":{\"@id\":\"https:\\\/\\\/cryosivfclinic.com\\\/de\\\/#website\"},\"primaryImageOfPage\":{\"@id\":\"https:\\\/\\\/cryosivfclinic.com\\\/de\\\/fruchtbarkeitsbehandlungen\\\/gefrorener-embryotransfer-fet\\\/#primaryimage\"},\"image\":{\"@id\":\"https:\\\/\\\/cryosivfclinic.com\\\/de\\\/fruchtbarkeitsbehandlungen\\\/gefrorener-embryotransfer-fet\\\/#primaryimage\"},\"thumbnailUrl\":\"https:\\\/\\\/cryosivfclinic.com\\\/wp-content\\\/uploads\\\/2025\\\/03\\\/Frozen-embryo-transfer-at-Cryos-IVF-Clinic.jpg\",\"datePublished\":\"2025-03-21T13:22:58+00:00\",\"dateModified\":\"2026-03-12T11:44:28+00:00\",\"description\":\"Der gefrorene Embryotransfer ist eine flexible und effektive Option f\u00fcr Patienten in der IVF-Behandlung. Erfahren Sie hier mehr.\",\"breadcrumb\":{\"@id\":\"https:\\\/\\\/cryosivfclinic.com\\\/de\\\/fruchtbarkeitsbehandlungen\\\/gefrorener-embryotransfer-fet\\\/#breadcrumb\"},\"inLanguage\":\"de\",\"potentialAction\":[{\"@type\":\"ReadAction\",\"target\":[\"https:\\\/\\\/cryosivfclinic.com\\\/de\\\/fruchtbarkeitsbehandlungen\\\/gefrorener-embryotransfer-fet\\\/\"]}]},{\"@type\":\"ImageObject\",\"inLanguage\":\"de\",\"@id\":\"https:\\\/\\\/cryosivfclinic.com\\\/de\\\/fruchtbarkeitsbehandlungen\\\/gefrorener-embryotransfer-fet\\\/#primaryimage\",\"url\":\"https:\\\/\\\/cryosivfclinic.com\\\/wp-content\\\/uploads\\\/2025\\\/03\\\/Frozen-embryo-transfer-at-Cryos-IVF-Clinic.jpg\",\"contentUrl\":\"https:\\\/\\\/cryosivfclinic.com\\\/wp-content\\\/uploads\\\/2025\\\/03\\\/Frozen-embryo-transfer-at-Cryos-IVF-Clinic.jpg\"},{\"@type\":\"BreadcrumbList\",\"@id\":\"https:\\\/\\\/cryosivfclinic.com\\\/de\\\/fruchtbarkeitsbehandlungen\\\/gefrorener-embryotransfer-fet\\\/#breadcrumb\",\"itemListElement\":[{\"@type\":\"ListItem\",\"position\":1,\"name\":\"Home\",\"item\":\"https:\\\/\\\/cryosivfclinic.com\\\/de\\\/fertility-treatment\\\/\"},{\"@type\":\"ListItem\",\"position\":2,\"name\":\"Fruchtbarkeitsbehandlungen\",\"item\":\"https:\\\/\\\/cryosivfclinic.com\\\/de\\\/fruchtbarkeitsbehandlungen\\\/\"},{\"@type\":\"ListItem\",\"position\":3,\"name\":\"Gefrorener Embryotransfer (FET)\"}]},{\"@type\":\"WebSite\",\"@id\":\"https:\\\/\\\/cryosivfclinic.com\\\/de\\\/#website\",\"url\":\"https:\\\/\\\/cryosivfclinic.com\\\/de\\\/\",\"name\":\"Cryos IVF Clinic in Cyprus\",\"description\":\"\",\"publisher\":{\"@id\":\"https:\\\/\\\/cryosivfclinic.com\\\/de\\\/#organization\"},\"potentialAction\":[{\"@type\":\"SearchAction\",\"target\":{\"@type\":\"EntryPoint\",\"urlTemplate\":\"https:\\\/\\\/cryosivfclinic.com\\\/de\\\/?s={search_term_string}\"},\"query-input\":{\"@type\":\"PropertyValueSpecification\",\"valueRequired\":true,\"valueName\":\"search_term_string\"}}],\"inLanguage\":\"de\"},{\"@type\":\"Organization\",\"@id\":\"https:\\\/\\\/cryosivfclinic.com\\\/de\\\/#organization\",\"name\":\"Cryos IVF Clinic in Cyprus\",\"url\":\"https:\\\/\\\/cryosivfclinic.com\\\/de\\\/\",\"logo\":{\"@type\":\"ImageObject\",\"inLanguage\":\"de\",\"@id\":\"https:\\\/\\\/cryosivfclinic.com\\\/de\\\/#\\\/schema\\\/logo\\\/image\\\/\",\"url\":\"https:\\\/\\\/cryosivfclinic.com\\\/wp-content\\\/uploads\\\/2025\\\/01\\\/Cryos_Clinic_Logo_RGB_Blue_Black_ank.png\",\"contentUrl\":\"https:\\\/\\\/cryosivfclinic.com\\\/wp-content\\\/uploads\\\/2025\\\/01\\\/Cryos_Clinic_Logo_RGB_Blue_Black_ank.png\",\"width\":367,\"height\":207,\"caption\":\"Cryos IVF Clinic in Cyprus\"},\"image\":{\"@id\":\"https:\\\/\\\/cryosivfclinic.com\\\/de\\\/#\\\/schema\\\/logo\\\/image\\\/\"}}]}<\/script>\n<!-- \/ Yoast SEO plugin. -->","yoast_head_json":{"title":"Gefrorener Embryotransfer (FET) - Cryos IVF Clinic in Cyprus","description":"Der gefrorene Embryotransfer ist eine flexible und effektive Option f\u00fcr Patienten in der IVF-Behandlung. Erfahren Sie hier mehr.","robots":{"index":"index","follow":"follow","max-snippet":"max-snippet:-1","max-image-preview":"max-image-preview:large","max-video-preview":"max-video-preview:-1"},"canonical":"https:\/\/cryosivfclinic.com\/de\/fruchtbarkeitsbehandlungen\/gefrorener-embryotransfer-fet\/","og_locale":"de_DE","og_type":"article","og_title":"Gefrorener Embryotransfer (FET) - Cryos IVF Clinic in Cyprus","og_description":"Der gefrorene Embryotransfer ist eine flexible und effektive Option f\u00fcr Patienten in der IVF-Behandlung. Erfahren Sie hier mehr.","og_url":"https:\/\/cryosivfclinic.com\/de\/fruchtbarkeitsbehandlungen\/gefrorener-embryotransfer-fet\/","og_site_name":"Cryos IVF Clinic in Cyprus","article_modified_time":"2026-03-12T11:44:28+00:00","og_image":[{"width":960,"height":540,"url":"https:\/\/cryosivfclinic.com\/wp-content\/uploads\/2025\/03\/Frozen-embryo-transfer-at-Cryos-IVF-Clinic.jpg","type":"image\/jpeg"}],"twitter_card":"summary_large_image","twitter_misc":{"Gesch\u00e4tzte Lesezeit":"2\u00a0Minuten"},"schema":{"@context":"https:\/\/schema.org","@graph":[{"@type":"WebPage","@id":"https:\/\/cryosivfclinic.com\/de\/fruchtbarkeitsbehandlungen\/gefrorener-embryotransfer-fet\/","url":"https:\/\/cryosivfclinic.com\/de\/fruchtbarkeitsbehandlungen\/gefrorener-embryotransfer-fet\/","name":"Gefrorener Embryotransfer (FET) - Cryos IVF Clinic in Cyprus","isPartOf":{"@id":"https:\/\/cryosivfclinic.com\/de\/#website"},"primaryImageOfPage":{"@id":"https:\/\/cryosivfclinic.com\/de\/fruchtbarkeitsbehandlungen\/gefrorener-embryotransfer-fet\/#primaryimage"},"image":{"@id":"https:\/\/cryosivfclinic.com\/de\/fruchtbarkeitsbehandlungen\/gefrorener-embryotransfer-fet\/#primaryimage"},"thumbnailUrl":"https:\/\/cryosivfclinic.com\/wp-content\/uploads\/2025\/03\/Frozen-embryo-transfer-at-Cryos-IVF-Clinic.jpg","datePublished":"2025-03-21T13:22:58+00:00","dateModified":"2026-03-12T11:44:28+00:00","description":"Der gefrorene Embryotransfer ist eine flexible und effektive Option f\u00fcr Patienten in der IVF-Behandlung. Erfahren Sie hier mehr.","breadcrumb":{"@id":"https:\/\/cryosivfclinic.com\/de\/fruchtbarkeitsbehandlungen\/gefrorener-embryotransfer-fet\/#breadcrumb"},"inLanguage":"de","potentialAction":[{"@type":"ReadAction","target":["https:\/\/cryosivfclinic.com\/de\/fruchtbarkeitsbehandlungen\/gefrorener-embryotransfer-fet\/"]}]},{"@type":"ImageObject","inLanguage":"de","@id":"https:\/\/cryosivfclinic.com\/de\/fruchtbarkeitsbehandlungen\/gefrorener-embryotransfer-fet\/#primaryimage","url":"https:\/\/cryosivfclinic.com\/wp-content\/uploads\/2025\/03\/Frozen-embryo-transfer-at-Cryos-IVF-Clinic.jpg","contentUrl":"https:\/\/cryosivfclinic.com\/wp-content\/uploads\/2025\/03\/Frozen-embryo-transfer-at-Cryos-IVF-Clinic.jpg"},{"@type":"BreadcrumbList","@id":"https:\/\/cryosivfclinic.com\/de\/fruchtbarkeitsbehandlungen\/gefrorener-embryotransfer-fet\/#breadcrumb","itemListElement":[{"@type":"ListItem","position":1,"name":"Home","item":"https:\/\/cryosivfclinic.com\/de\/fertility-treatment\/"},{"@type":"ListItem","position":2,"name":"Fruchtbarkeitsbehandlungen","item":"https:\/\/cryosivfclinic.com\/de\/fruchtbarkeitsbehandlungen\/"},{"@type":"ListItem","position":3,"name":"Gefrorener Embryotransfer (FET)"}]},{"@type":"WebSite","@id":"https:\/\/cryosivfclinic.com\/de\/#website","url":"https:\/\/cryosivfclinic.com\/de\/","name":"Cryos IVF Clinic in Cyprus","description":"","publisher":{"@id":"https:\/\/cryosivfclinic.com\/de\/#organization"},"potentialAction":[{"@type":"SearchAction","target":{"@type":"EntryPoint","urlTemplate":"https:\/\/cryosivfclinic.com\/de\/?s={search_term_string}"},"query-input":{"@type":"PropertyValueSpecification","valueRequired":true,"valueName":"search_term_string"}}],"inLanguage":"de"},{"@type":"Organization","@id":"https:\/\/cryosivfclinic.com\/de\/#organization","name":"Cryos IVF Clinic in Cyprus","url":"https:\/\/cryosivfclinic.com\/de\/","logo":{"@type":"ImageObject","inLanguage":"de","@id":"https:\/\/cryosivfclinic.com\/de\/#\/schema\/logo\/image\/","url":"https:\/\/cryosivfclinic.com\/wp-content\/uploads\/2025\/01\/Cryos_Clinic_Logo_RGB_Blue_Black_ank.png","contentUrl":"https:\/\/cryosivfclinic.com\/wp-content\/uploads\/2025\/01\/Cryos_Clinic_Logo_RGB_Blue_Black_ank.png","width":367,"height":207,"caption":"Cryos IVF Clinic in Cyprus"},"image":{"@id":"https:\/\/cryosivfclinic.com\/de\/#\/schema\/logo\/image\/"}}]}},"_links":{"self":[{"href":"https:\/\/cryosivfclinic.com\/de\/wp-json\/wp\/v2\/pages\/1820","targetHints":{"allow":["GET"]}}],"collection":[{"href":"https:\/\/cryosivfclinic.com\/de\/wp-json\/wp\/v2\/pages"}],"about":[{"href":"https:\/\/cryosivfclinic.com\/de\/wp-json\/wp\/v2\/types\/page"}],"author":[{"embeddable":true,"href":"https:\/\/cryosivfclinic.com\/de\/wp-json\/wp\/v2\/users\/2"}],"replies":[{"embeddable":true,"href":"https:\/\/cryosivfclinic.com\/de\/wp-json\/wp\/v2\/comments?post=1820"}],"version-history":[{"count":5,"href":"https:\/\/cryosivfclinic.com\/de\/wp-json\/wp\/v2\/pages\/1820\/revisions"}],"predecessor-version":[{"id":2805,"href":"https:\/\/cryosivfclinic.com\/de\/wp-json\/wp\/v2\/pages\/1820\/revisions\/2805"}],"up":[{"embeddable":true,"href":"https:\/\/cryosivfclinic.com\/de\/wp-json\/wp\/v2\/pages\/1766"}],"wp:attachment":[{"href":"https:\/\/cryosivfclinic.com\/de\/wp-json\/wp\/v2\/media?parent=1820"}],"curies":[{"name":"wp","href":"https:\/\/api.w.org\/{rel}","templated":true}]}}