{"id":1809,"date":"2025-03-21T13:23:09","date_gmt":"2025-03-21T13:23:09","guid":{"rendered":"https:\/\/cryosivfclinic.com\/fruchtbarkeitsbehandlungen\/einfrieren-von-eizellen\/"},"modified":"2026-02-06T09:44:04","modified_gmt":"2026-02-06T09:44:04","slug":"einfrieren-von-eizellen","status":"publish","type":"page","link":"https:\/\/cryosivfclinic.com\/de\/fruchtbarkeitsbehandlungen\/einfrieren-von-eizellen\/","title":{"rendered":"Einfrieren von Eizellen"},"content":{"rendered":"\t\t<div data-elementor-type=\"wp-page\" data-elementor-id=\"1809\" class=\"elementor elementor-1809 elementor-352\" data-elementor-post-type=\"page\">\n\t\t\t\t<div class=\"elementor-element elementor-element-87cb04a paddedsection e-flex e-con-boxed e-con e-parent\" data-id=\"87cb04a\" data-element_type=\"container\" data-e-type=\"container\">\n\t\t\t\t\t<div class=\"e-con-inner\">\n\t\t\t\t<div class=\"elementor-element elementor-element-8722b67 elementor-widget elementor-widget-heading\" data-id=\"8722b67\" data-element_type=\"widget\" data-e-type=\"widget\" data-widget_type=\"heading.default\">\n\t\t\t\t\t<h1 class=\"elementor-heading-title elementor-size-default\">Einfrieren von Eizellen\n<\/h1>\t\t\t\t<\/div>\n\t\t\t\t<div class=\"elementor-element elementor-element-e4b483c lastnospace elementor-widget elementor-widget-text-editor\" data-id=\"e4b483c\" data-element_type=\"widget\" data-e-type=\"widget\" data-widget_type=\"text-editor.default\">\n\t\t\t\t\t\t\t\t\t<p>M\u00f6chten Sie Ihre Eizellen einfrieren und f\u00fcr eine sp\u00e4tere Verwendung aufbewahren? Dann ist das Einfrieren von Eizellen das Richtige f\u00fcr Sie. Hier erfahren Sie, warum und wie Sie mit dem Einfrieren von Eizellen in der Cryos IVF Clinic beginnen k\u00f6nnen.  <\/p>\t\t\t\t\t\t\t\t<\/div>\n\t\t\t\t<div class=\"elementor-element elementor-element-79ae443 elementor-widget-divider--view-line elementor-widget elementor-widget-divider\" data-id=\"79ae443\" data-element_type=\"widget\" data-e-type=\"widget\" data-widget_type=\"divider.default\">\n\t\t\t\t\t\t\t<div class=\"elementor-divider\">\n\t\t\t<span class=\"elementor-divider-separator\">\n\t\t\t\t\t\t<\/span>\n\t\t<\/div>\n\t\t\t\t\t\t<\/div>\n\t\t\t\t<div class=\"elementor-element elementor-element-09572b2 elementor-widget elementor-widget-text-editor\" data-id=\"09572b2\" data-element_type=\"widget\" data-e-type=\"widget\" data-widget_type=\"text-editor.default\">\n\t\t\t\t\t\t\t\t\tIn unseren Einrichtungen auf Zypern bieten wir das Einfrieren von Eizellen an, um Frauen und Paaren zu helfen, sich auf eine zuk\u00fcnftige Schwangerschaft zu einem Zeitpunkt vorzubereiten, der ihren Bed\u00fcrfnissen besser entspricht.<br class=\"a\"><br class=\"a\"><h2>Was ist das Einfrieren von Eizellen?<\/h2>\nBeim Einfrieren von Eizellen oder der Kryokonservierung von Eizellen werden Ihre Eizellen entnommen, eingefroren und zur sp\u00e4teren Verwendung gelagert. Durch das Einfrieren hochwertiger Eizellen k\u00f6nnen Sie Ihre F\u00e4higkeit bewahren, sp\u00e4ter im Leben Kinder zu bekommen. Sobald Sie bereit sind, eine Fruchtbarkeitsbehandlung zu beginnen, werden die Eizellen aufgetaut und f\u00fcr die Verwendung vorbereitet.  \t\t\t\t\t\t\t\t<\/div>\n\t\t\t\t<div class=\"elementor-element elementor-element-2b1288b elementor-widget elementor-widget-image\" data-id=\"2b1288b\" data-element_type=\"widget\" data-e-type=\"widget\" data-widget_type=\"image.default\">\n\t\t\t\t\t\t\t\t\t\t\t\t\t\t\t<img fetchpriority=\"high\" decoding=\"async\" width=\"960\" height=\"540\" src=\"https:\/\/cryosivfclinic.com\/wp-content\/uploads\/2025\/03\/Woman-considering-egg-freezing-at-Cryos-IVF-Clinic.jpg\" class=\"attachment-full size-full wp-image-1637\" alt=\"Frau erw\u00e4gt Einfrieren von Eizellen in der Cryos IVF Klinik\" srcset=\"https:\/\/cryosivfclinic.com\/wp-content\/uploads\/2025\/03\/Woman-considering-egg-freezing-at-Cryos-IVF-Clinic.jpg 960w, https:\/\/cryosivfclinic.com\/wp-content\/uploads\/2025\/03\/Woman-considering-egg-freezing-at-Cryos-IVF-Clinic-300x169.jpg 300w, https:\/\/cryosivfclinic.com\/wp-content\/uploads\/2025\/03\/Woman-considering-egg-freezing-at-Cryos-IVF-Clinic-768x432.jpg 768w\" sizes=\"(max-width: 960px) 100vw, 960px\" \/>\t\t\t\t\t\t\t\t\t\t\t\t\t\t\t<\/div>\n\t\t\t\t<div class=\"elementor-element elementor-element-d1ee73e elementor-widget elementor-widget-text-editor\" data-id=\"d1ee73e\" data-element_type=\"widget\" data-e-type=\"widget\" data-widget_type=\"text-editor.default\">\n\t\t\t\t\t\t\t\t\t<h2>Warum sollten Sie Ihre Eizellen einfrieren?<\/h2><p>Das Einfrieren von Eizellen kann zum Beispiel sinnvoll sein, wenn Sie:<\/p><ul><li>Sie warten darauf, den richtigen Partner zu finden, um ein Kind mit ihm zu bekommen<\/li><li>Sie m\u00f6chten Ihr Studium beenden und\/oder eine Karriere beginnen, bevor Sie ein Kind bekommen<\/li><li>eine famili\u00e4re Vorgeschichte mit fr\u00fcher Menopause haben<\/li><li>sich einer medizinischen Behandlung wie einer Operation, Bestrahlung oder Chemotherapie unterziehen wollen, die Unfruchtbarkeit verursachen kann<\/li><\/ul><p><br class=\"a\">Wenn Sie das Einfrieren von Eizellen aus medizinischen Gr\u00fcnden in Erw\u00e4gung ziehen, empfehlen wir Ihnen, mit Ihrem Arzt zu besprechen, ob das Einfrieren von Eizellen f\u00fcr Sie geeignet ist, bevor Sie den Prozess beginnen.<br class=\"a\"><br class=\"a\"><\/p><h2>Wer sollte das Einfrieren von Eizellen in Betracht ziehen?<\/h2><p>Das Einfrieren von Eizellen ist f\u00fcr Einzelpersonen oder Paare relevant, die sich entschieden haben, mit einer Schwangerschaft zu warten, die aber auch f\u00fcr die Zukunft vorbereitet sein wollen. Ganz gleich, ob Ihr Grund f\u00fcr das Einfrieren von Eizellen pers\u00f6nlicher oder medizinischer Natur ist, wir in der Cryos IVF Clinic helfen Ihnen gerne weiter. <br class=\"a\"><br class=\"a\"><\/p><h3>Alter und Erfolgsraten<\/h3><p>Die Schwangerschaftsrate bei eingefrorenen Eizellen h\u00e4ngt von verschiedenen Faktoren ab, unter anderem von Ihrem Alter zum Zeitpunkt des Einfrierens der Eizellen. Wenn Frauen \u00e4lter werden, nimmt ihre Eizellqualit\u00e4t ab. Daher empfehlen wir das Einfrieren Ihrer Eizellen in Ihren Zwanzigern, wenn die Qualit\u00e4t Ihrer Eizellen noch hoch ist. Die Chance auf eine gesunde Schwangerschaft ist statistisch gesehen gering, wenn Sie 40 Jahre oder \u00e4lter sind. Daher kann die Cryos IVF Clinic das Einfrieren von Eizellen nicht anbieten, wenn Sie \u00fcber 40 Jahre alt sind.   <\/p>\t\t\t\t\t\t\t\t<\/div>\n\t\t\t\t<div class=\"elementor-element elementor-element-d49fdb4 elementor-widget elementor-widget-text-editor\" data-id=\"d49fdb4\" data-element_type=\"widget\" data-e-type=\"widget\" data-widget_type=\"text-editor.default\">\n\t\t\t\t\t\t\t\t\t<h2>Vorbereitungen f\u00fcr das Einfrieren von Eizellen<\/h2>\nBevor Sie mit dem Einfrieren von Eizellen beginnen, m\u00fcssen Sie einige Bluttests und eine Ultraschalluntersuchung durchf\u00fchren lassen.<br class=\"a\"><br class=\"a\"><h3>Blutuntersuchungen<\/h3>\nUm der \u00f6rtlichen Gesetzgebung zu entsprechen, sind die folgenden Bluttests obligatorisch:\n<ul>\n \t<li>HIV (Anti-HIV 1\/2)<\/li>\n \t<li>Hepatitis B (Anti-HBc, HBsAg)<\/li>\n \t<li>Hepatitis C (Anti-HCV)<\/li>\n \t<li>Syphilis<\/li>\n<\/ul><br class=\"a\"><h3>Ultraschalluntersuchung<\/h3>\nDie Untersuchung ist notwendig, um die normale Anatomie zu beurteilen und eventuelle Eierstockzysten, Fl\u00fcssigkeit in den Eileitern, Geb\u00e4rmuttermyome, Polypen oder andere gyn\u00e4kologische Erkrankungen auszuschlie\u00dfen.\n<br class=\"a\"><br class=\"a\">Die Bluttests und die Ultraschalluntersuchung k\u00f6nnen entweder in der Cryos IVF Klinik oder von Ihrem Gyn\u00e4kologen oder Arzt durchgef\u00fchrt werden. Wenn die Tests von Ihrem eigenen Arzt durchgef\u00fchrt werden, stellen Sie bitte sicher, dass wir die Ergebnisse so schnell wie m\u00f6glich erhalten, da wir die Testergebnisse ben\u00f6tigen, um fortfahren zu k\u00f6nnen. \t\t\t\t\t\t\t\t<\/div>\n\t\t\t\t<div class=\"elementor-element elementor-element-cd57b57 elementor-widget elementor-widget-text-editor\" data-id=\"cd57b57\" data-element_type=\"widget\" data-e-type=\"widget\" data-widget_type=\"text-editor.default\">\n\t\t\t\t\t\t\t\t\t<p> <\/p><h2>Der Prozess des Einfrierens von Eizellen &#8211; Schritt f\u00fcr Schritt<\/h2><p>Der gesamte Prozess des Einfrierens von Eiern dauert bis zu 8 Wochen und umfasst die folgenden Schritte:<\/p><ol><li><strong>Unterdr\u00fcckung der Eierst\u00f6cke<\/strong><br>Unterdr\u00fcckung der Eierst\u00f6cke bedeutet, dass Ihre nat\u00fcrlichen Hormone durch die Einnahme der Antibabypille vor\u00fcbergehend ausgeschaltet werden. Normalerweise setzen Ihre Eierst\u00f6cke eine Eizelle pro Monat frei, aber beim Einfrieren von Eizellen wollen wir Ihren K\u00f6rper dazu anregen, mehr Eizellen zu produzieren. Mit der Ovarialsuppression erh\u00f6hen wir die Wirkung der Hormontherapie, die Ihrem K\u00f6rper hilft, vor der Eizellentnahme mehr Eizellen zu produzieren.  <\/li><li><strong>Stimulation der Eierst\u00f6cke<br><\/strong>Wenn Ihre nat\u00fcrlichen Hormone vor\u00fcbergehend ausgeschaltet wurden, wird der Gyn\u00e4kologe oder das Pflegeteam Sie anweisen, die Hormontherapie zu Hause zu beginnen. Das bedeutet, dass Sie sich Hormone spritzen m\u00fcssen, die Ihre Eierst\u00f6cke stimulieren und die Entwicklung mehrerer reifer Eizellen f\u00f6rdern. Dieser Teil des Prozesses dauert zwischen 10-14 Tagen. W\u00e4hrend dieser Zeit m\u00fcssen Sie die Cryos IVF Klinik 4-6 Mal f\u00fcr Ultraschall- und Blutuntersuchungen aufsuchen, damit wir Ihre Fortschritte \u00fcberwachen k\u00f6nnen.   <\/li><li><strong>Ovulationsinduktion<br><\/strong>Wenn die Follikel der Eierst\u00f6cke die entsprechende Reife erreicht haben, werden wir Ihren Eisprung mit einem speziellen Medikament ausl\u00f6sen. Zu diesem Zeitpunkt ist das Timing entscheidend f\u00fcr den Erfolg der Eizellentnahme. <\/li><li><strong>Entnahme von Eizellen<br><\/strong>Jetzt ist es Zeit f\u00fcr die eigentliche Entnahme der Eizellen. Diese wird 35-36 Stunden nach der Ovulationsinduktion (Trigger) durchgef\u00fchrt. Ihre Eizellen werden mit einer Nadel aus den Eibl\u00e4schen entnommen. Unser hochqualifiziertes Personal f\u00fchrt den Eingriff mit Hilfe eines Ultraschallger\u00e4ts durch, und Sie erhalten eine intraven\u00f6se Sedierung (IV). Die Eizellentnahme ist in der Regel schmerzlos, aber einige Frauen k\u00f6nnen nach dem Eingriff ein wenig wund sein und ein leichtes V\u00f6llegef\u00fchl versp\u00fcren.    <\/li><li><strong>Vitrifizierung von Eizellen<br><\/strong>Nach der Entnahme werden wir die Eizellen untersuchen, um sicherzustellen, dass nur reife Eizellen eingefroren werden. Da sich w\u00e4hrend des Stimulationsprozesses mehr Eizellen entwickeln als in einem normalen Zyklus, k\u00f6nnen einige der entnommenen Eizellen unreif sein und sich nicht zum Einfrieren eignen. Das ist normal und zu erwarten. Das eigentliche Einfrieren der reifen Eizellen wird dann von unseren erfahrenen Embryologen durchgef\u00fchrt.   <\/li><li><strong>Lagerung<br><\/strong>Sobald Ihre Eizellen eingefroren sind, lagern wir sie in unseren Lagertanks mit fl\u00fcssigem Stickstoff bei -196\u00b0C. Sie k\u00f6nnen die Eizellen dann hier bei uns aufbewahren und sich f\u00fcr eine Behandlung in der Cryos IVF Clinic entscheiden oder uns bitten, sie in eine andere Fruchtbarkeitsklinik Ihrer Wahl zu verlegen. <\/li><\/ol><h2>Kosten f\u00fcr das Einfrieren und die Lagerung von Eizellen bei Cryos<\/h2><p>Der Preis f\u00fcr das Einfrieren von Eizellen inkl. 1 Jahr Lagerung betr\u00e4gt 3.150 \u20ac. Sie k\u00f6nnen sich auch daf\u00fcr entscheiden, nur einen Teil des Verfahrens in der Cryos IVF Clinic zu einem niedrigeren Preis durchf\u00fchren zu lassen.   <a href=\"https:\/\/cryosivfclinic.com\/de\/preisuebersicht\/\">Erfahren Sie hier mehr \u00fcber unsere Preise und Lagergeb\u00fchren.<\/a><\/p><h3>M\u00f6gliche Subventionierung durch das zypriotische Gesundheitsministerium<\/h3><p>Vielleicht haben Sie Anspruch auf einen Zuschuss, der Ihre Kosten reduziert. Kontaktieren Sie uns f\u00fcr Details. Es gelten die allgemeinen Gesch\u00e4ftsbedingungen des zypriotischen Gesundheitsministeriums.  <\/p><h2>Wie fangen Sie an?<\/h2><p>Wenn Sie das Einfrieren von Eizellen in Erw\u00e4gung ziehen, k\u00f6nnen Sie uns gerne kontaktieren. Wir k\u00f6nnen Ihnen dabei helfen, herauszufinden, ob das Einfrieren von Eizellen die richtige Option f\u00fcr Sie ist, und alle Fragen beantworten, die Sie vielleicht haben. <\/p>\t\t\t\t\t\t\t\t<\/div>\n\t\t\t\t<div class=\"elementor-element elementor-element-dc22504 elementor-align-center elementor-widget elementor-widget-button\" data-id=\"dc22504\" data-element_type=\"widget\" data-e-type=\"widget\" data-widget_type=\"button.default\">\n\t\t\t\t\t\t\t\t\t\t<a class=\"elementor-button elementor-button-link elementor-size-sm\" href=\"https:\/\/cryosivfclinic.com\/de\/kontakt\/\">\n\t\t\t\t\t\t<span class=\"elementor-button-content-wrapper\">\n\t\t\t\t\t\t\t\t\t<span class=\"elementor-button-text\">Kontaktieren Sie uns<\/span>\n\t\t\t\t\t<\/span>\n\t\t\t\t\t<\/a>\n\t\t\t\t\t\t\t\t<\/div>\n\t\t\t\t<div class=\"elementor-element elementor-element-1b2878a elementor-widget elementor-widget-spacer\" data-id=\"1b2878a\" data-element_type=\"widget\" data-e-type=\"widget\" data-widget_type=\"spacer.default\">\n\t\t\t\t\t\t\t<div class=\"elementor-spacer\">\n\t\t\t<div class=\"elementor-spacer-inner\"><\/div>\n\t\t<\/div>\n\t\t\t\t\t\t<\/div>\n\t\t\t\t<div class=\"elementor-element elementor-element-496ee68 elementor-widget elementor-widget-text-editor\" data-id=\"496ee68\" data-element_type=\"widget\" data-e-type=\"widget\" data-widget_type=\"text-editor.default\">\n\t\t\t\t\t\t\t\t\t<h2>H\u00e4ufig gestellte Fragen zum Einfrieren von Eizellen<\/h2><br class=\"a\"><h3>Gibt es irgendwelche Nebenwirkungen?<\/h3>\nDas Einfrieren von Eizellen ist im Allgemeinen schmerzfrei. Die Entnahme der Eizellen, einer der Schritte im Prozess des Einfrierens von Eizellen, kann jedoch Bl\u00e4hungen und\/oder Unwohlsein in diesem Bereich verursachen. <br class=\"a\"><br class=\"a\"><h3>Was ist das beste Alter zum Einfrieren von Eizellen?<\/h3>\nDas Alter ist der entscheidende Faktor f\u00fcr die Qualit\u00e4t der Eizellen. Daher ist der beste Zeitpunkt f\u00fcr das Einfrieren Ihrer Eizellen in Ihren 20er oder fr\u00fchen 30er Jahren. <br class=\"a\"><br class=\"a\"><h3>Wie lange k\u00f6nnen die Eier aufbewahrt werden?<\/h3>\nSobald die Eizellen eingefroren sind, k\u00f6nnen sie bei einer Temperatur von -196\u00b0C f\u00fcr den Rest Ihres Lebens gelagert werden &#8211; es gibt kein Verfallsdatum. In \u00dcbereinstimmung mit den lokalen Gesetzen betr\u00e4gt die maximal zul\u00e4ssige Aufbewahrungsdauer 10 Jahre, mit der M\u00f6glichkeit einer Verl\u00e4ngerung auf weitere 10 Jahre nach Genehmigung durch den lokalen Rat f\u00fcr medizinisch unterst\u00fctzte Fortpflanzung (CMAR). \t\t\t\t\t\t\t\t<\/div>\n\t\t\t\t\t<\/div>\n\t\t\t\t<\/div>\n\t\t\t\t<\/div>\n\t\t","protected":false},"excerpt":{"rendered":"<p>Einfrieren von Eizellen M\u00f6chten Sie Ihre Eizellen einfrieren und f\u00fcr eine sp\u00e4tere Verwendung aufbewahren? Dann ist das Einfrieren von Eizellen das Richtige f\u00fcr Sie. Hier erfahren Sie, warum und wie Sie mit dem Einfrieren von Eizellen in der Cryos IVF Clinic beginnen k\u00f6nnen. In unseren Einrichtungen auf Zypern bieten wir das Einfrieren von Eizellen an, [&hellip;]<\/p>\n","protected":false},"author":2,"featured_media":0,"parent":1766,"menu_order":0,"comment_status":"closed","ping_status":"closed","template":"","meta":{"footnotes":""},"class_list":["post-1809","page","type-page","status-publish","hentry"],"yoast_head":"<!-- This site is optimized with the Yoast SEO plugin v27.4 - https:\/\/yoast.com\/product\/yoast-seo-wordpress\/ -->\n<title>Einfrieren von Eizellen - Cryos IVF Clinic in Cyprus<\/title>\n<meta name=\"description\" content=\"Ziehen Sie in Erw\u00e4gung, Ihre Eizellen einfrieren zu lassen, um Ihre F\u00e4higkeit zu erhalten, sp\u00e4ter im Leben Kinder zu bekommen? Erfahren Sie hier, wie das funktioniert.\" \/>\n<meta name=\"robots\" content=\"index, follow, max-snippet:-1, max-image-preview:large, max-video-preview:-1\" \/>\n<link rel=\"canonical\" href=\"https:\/\/cryosivfclinic.com\/de\/fruchtbarkeitsbehandlungen\/einfrieren-von-eizellen\/\" \/>\n<meta property=\"og:locale\" content=\"de_DE\" \/>\n<meta property=\"og:type\" content=\"article\" \/>\n<meta property=\"og:title\" content=\"Einfrieren von Eizellen - Cryos IVF Clinic in Cyprus\" \/>\n<meta property=\"og:description\" content=\"Ziehen Sie in Erw\u00e4gung, Ihre Eizellen einfrieren zu lassen, um Ihre F\u00e4higkeit zu erhalten, sp\u00e4ter im Leben Kinder zu bekommen? Erfahren Sie hier, wie das funktioniert.\" \/>\n<meta property=\"og:url\" content=\"https:\/\/cryosivfclinic.com\/de\/fruchtbarkeitsbehandlungen\/einfrieren-von-eizellen\/\" \/>\n<meta property=\"og:site_name\" content=\"Cryos IVF Clinic in Cyprus\" \/>\n<meta property=\"article:modified_time\" content=\"2026-02-06T09:44:04+00:00\" \/>\n<meta property=\"og:image\" content=\"https:\/\/cryosivfclinic.com\/wp-content\/uploads\/2025\/03\/Woman-considering-egg-freezing-at-Cryos-IVF-Clinic.jpg\" \/>\n\t<meta property=\"og:image:width\" content=\"960\" \/>\n\t<meta property=\"og:image:height\" content=\"540\" \/>\n\t<meta property=\"og:image:type\" content=\"image\/jpeg\" \/>\n<meta name=\"twitter:card\" content=\"summary_large_image\" \/>\n<meta name=\"twitter:label1\" content=\"Gesch\u00e4tzte Lesezeit\" \/>\n\t<meta name=\"twitter:data1\" content=\"6\u00a0Minuten\" \/>\n<script type=\"application\/ld+json\" class=\"yoast-schema-graph\">{\"@context\":\"https:\\\/\\\/schema.org\",\"@graph\":[{\"@type\":\"WebPage\",\"@id\":\"https:\\\/\\\/cryosivfclinic.com\\\/de\\\/fruchtbarkeitsbehandlungen\\\/einfrieren-von-eizellen\\\/\",\"url\":\"https:\\\/\\\/cryosivfclinic.com\\\/de\\\/fruchtbarkeitsbehandlungen\\\/einfrieren-von-eizellen\\\/\",\"name\":\"Einfrieren von Eizellen - Cryos IVF Clinic in Cyprus\",\"isPartOf\":{\"@id\":\"https:\\\/\\\/cryosivfclinic.com\\\/de\\\/#website\"},\"primaryImageOfPage\":{\"@id\":\"https:\\\/\\\/cryosivfclinic.com\\\/de\\\/fruchtbarkeitsbehandlungen\\\/einfrieren-von-eizellen\\\/#primaryimage\"},\"image\":{\"@id\":\"https:\\\/\\\/cryosivfclinic.com\\\/de\\\/fruchtbarkeitsbehandlungen\\\/einfrieren-von-eizellen\\\/#primaryimage\"},\"thumbnailUrl\":\"https:\\\/\\\/cryosivfclinic.com\\\/wp-content\\\/uploads\\\/2025\\\/03\\\/Woman-considering-egg-freezing-at-Cryos-IVF-Clinic.jpg\",\"datePublished\":\"2025-03-21T13:23:09+00:00\",\"dateModified\":\"2026-02-06T09:44:04+00:00\",\"description\":\"Ziehen Sie in Erw\u00e4gung, Ihre Eizellen einfrieren zu lassen, um Ihre F\u00e4higkeit zu erhalten, sp\u00e4ter im Leben Kinder zu bekommen? Erfahren Sie hier, wie das funktioniert.\",\"breadcrumb\":{\"@id\":\"https:\\\/\\\/cryosivfclinic.com\\\/de\\\/fruchtbarkeitsbehandlungen\\\/einfrieren-von-eizellen\\\/#breadcrumb\"},\"inLanguage\":\"de\",\"potentialAction\":[{\"@type\":\"ReadAction\",\"target\":[\"https:\\\/\\\/cryosivfclinic.com\\\/de\\\/fruchtbarkeitsbehandlungen\\\/einfrieren-von-eizellen\\\/\"]}]},{\"@type\":\"ImageObject\",\"inLanguage\":\"de\",\"@id\":\"https:\\\/\\\/cryosivfclinic.com\\\/de\\\/fruchtbarkeitsbehandlungen\\\/einfrieren-von-eizellen\\\/#primaryimage\",\"url\":\"https:\\\/\\\/cryosivfclinic.com\\\/wp-content\\\/uploads\\\/2025\\\/03\\\/Woman-considering-egg-freezing-at-Cryos-IVF-Clinic.jpg\",\"contentUrl\":\"https:\\\/\\\/cryosivfclinic.com\\\/wp-content\\\/uploads\\\/2025\\\/03\\\/Woman-considering-egg-freezing-at-Cryos-IVF-Clinic.jpg\"},{\"@type\":\"BreadcrumbList\",\"@id\":\"https:\\\/\\\/cryosivfclinic.com\\\/de\\\/fruchtbarkeitsbehandlungen\\\/einfrieren-von-eizellen\\\/#breadcrumb\",\"itemListElement\":[{\"@type\":\"ListItem\",\"position\":1,\"name\":\"Home\",\"item\":\"https:\\\/\\\/cryosivfclinic.com\\\/de\\\/fertility-treatment\\\/\"},{\"@type\":\"ListItem\",\"position\":2,\"name\":\"Fruchtbarkeitsbehandlungen\",\"item\":\"https:\\\/\\\/cryosivfclinic.com\\\/de\\\/fruchtbarkeitsbehandlungen\\\/\"},{\"@type\":\"ListItem\",\"position\":3,\"name\":\"Einfrieren von Eizellen\"}]},{\"@type\":\"WebSite\",\"@id\":\"https:\\\/\\\/cryosivfclinic.com\\\/de\\\/#website\",\"url\":\"https:\\\/\\\/cryosivfclinic.com\\\/de\\\/\",\"name\":\"Cryos IVF Clinic in Cyprus\",\"description\":\"\",\"publisher\":{\"@id\":\"https:\\\/\\\/cryosivfclinic.com\\\/de\\\/#organization\"},\"potentialAction\":[{\"@type\":\"SearchAction\",\"target\":{\"@type\":\"EntryPoint\",\"urlTemplate\":\"https:\\\/\\\/cryosivfclinic.com\\\/de\\\/?s={search_term_string}\"},\"query-input\":{\"@type\":\"PropertyValueSpecification\",\"valueRequired\":true,\"valueName\":\"search_term_string\"}}],\"inLanguage\":\"de\"},{\"@type\":\"Organization\",\"@id\":\"https:\\\/\\\/cryosivfclinic.com\\\/de\\\/#organization\",\"name\":\"Cryos IVF Clinic in Cyprus\",\"url\":\"https:\\\/\\\/cryosivfclinic.com\\\/de\\\/\",\"logo\":{\"@type\":\"ImageObject\",\"inLanguage\":\"de\",\"@id\":\"https:\\\/\\\/cryosivfclinic.com\\\/de\\\/#\\\/schema\\\/logo\\\/image\\\/\",\"url\":\"https:\\\/\\\/cryosivfclinic.com\\\/wp-content\\\/uploads\\\/2025\\\/01\\\/Cryos_Clinic_Logo_RGB_Blue_Black_ank.png\",\"contentUrl\":\"https:\\\/\\\/cryosivfclinic.com\\\/wp-content\\\/uploads\\\/2025\\\/01\\\/Cryos_Clinic_Logo_RGB_Blue_Black_ank.png\",\"width\":367,\"height\":207,\"caption\":\"Cryos IVF Clinic in Cyprus\"},\"image\":{\"@id\":\"https:\\\/\\\/cryosivfclinic.com\\\/de\\\/#\\\/schema\\\/logo\\\/image\\\/\"}}]}<\/script>\n<!-- \/ Yoast SEO plugin. -->","yoast_head_json":{"title":"Einfrieren von Eizellen - Cryos IVF Clinic in Cyprus","description":"Ziehen Sie in Erw\u00e4gung, Ihre Eizellen einfrieren zu lassen, um Ihre F\u00e4higkeit zu erhalten, sp\u00e4ter im Leben Kinder zu bekommen? Erfahren Sie hier, wie das funktioniert.","robots":{"index":"index","follow":"follow","max-snippet":"max-snippet:-1","max-image-preview":"max-image-preview:large","max-video-preview":"max-video-preview:-1"},"canonical":"https:\/\/cryosivfclinic.com\/de\/fruchtbarkeitsbehandlungen\/einfrieren-von-eizellen\/","og_locale":"de_DE","og_type":"article","og_title":"Einfrieren von Eizellen - Cryos IVF Clinic in Cyprus","og_description":"Ziehen Sie in Erw\u00e4gung, Ihre Eizellen einfrieren zu lassen, um Ihre F\u00e4higkeit zu erhalten, sp\u00e4ter im Leben Kinder zu bekommen? Erfahren Sie hier, wie das funktioniert.","og_url":"https:\/\/cryosivfclinic.com\/de\/fruchtbarkeitsbehandlungen\/einfrieren-von-eizellen\/","og_site_name":"Cryos IVF Clinic in Cyprus","article_modified_time":"2026-02-06T09:44:04+00:00","og_image":[{"width":960,"height":540,"url":"https:\/\/cryosivfclinic.com\/wp-content\/uploads\/2025\/03\/Woman-considering-egg-freezing-at-Cryos-IVF-Clinic.jpg","type":"image\/jpeg"}],"twitter_card":"summary_large_image","twitter_misc":{"Gesch\u00e4tzte Lesezeit":"6\u00a0Minuten"},"schema":{"@context":"https:\/\/schema.org","@graph":[{"@type":"WebPage","@id":"https:\/\/cryosivfclinic.com\/de\/fruchtbarkeitsbehandlungen\/einfrieren-von-eizellen\/","url":"https:\/\/cryosivfclinic.com\/de\/fruchtbarkeitsbehandlungen\/einfrieren-von-eizellen\/","name":"Einfrieren von Eizellen - Cryos IVF Clinic in Cyprus","isPartOf":{"@id":"https:\/\/cryosivfclinic.com\/de\/#website"},"primaryImageOfPage":{"@id":"https:\/\/cryosivfclinic.com\/de\/fruchtbarkeitsbehandlungen\/einfrieren-von-eizellen\/#primaryimage"},"image":{"@id":"https:\/\/cryosivfclinic.com\/de\/fruchtbarkeitsbehandlungen\/einfrieren-von-eizellen\/#primaryimage"},"thumbnailUrl":"https:\/\/cryosivfclinic.com\/wp-content\/uploads\/2025\/03\/Woman-considering-egg-freezing-at-Cryos-IVF-Clinic.jpg","datePublished":"2025-03-21T13:23:09+00:00","dateModified":"2026-02-06T09:44:04+00:00","description":"Ziehen Sie in Erw\u00e4gung, Ihre Eizellen einfrieren zu lassen, um Ihre F\u00e4higkeit zu erhalten, sp\u00e4ter im Leben Kinder zu bekommen? Erfahren Sie hier, wie das funktioniert.","breadcrumb":{"@id":"https:\/\/cryosivfclinic.com\/de\/fruchtbarkeitsbehandlungen\/einfrieren-von-eizellen\/#breadcrumb"},"inLanguage":"de","potentialAction":[{"@type":"ReadAction","target":["https:\/\/cryosivfclinic.com\/de\/fruchtbarkeitsbehandlungen\/einfrieren-von-eizellen\/"]}]},{"@type":"ImageObject","inLanguage":"de","@id":"https:\/\/cryosivfclinic.com\/de\/fruchtbarkeitsbehandlungen\/einfrieren-von-eizellen\/#primaryimage","url":"https:\/\/cryosivfclinic.com\/wp-content\/uploads\/2025\/03\/Woman-considering-egg-freezing-at-Cryos-IVF-Clinic.jpg","contentUrl":"https:\/\/cryosivfclinic.com\/wp-content\/uploads\/2025\/03\/Woman-considering-egg-freezing-at-Cryos-IVF-Clinic.jpg"},{"@type":"BreadcrumbList","@id":"https:\/\/cryosivfclinic.com\/de\/fruchtbarkeitsbehandlungen\/einfrieren-von-eizellen\/#breadcrumb","itemListElement":[{"@type":"ListItem","position":1,"name":"Home","item":"https:\/\/cryosivfclinic.com\/de\/fertility-treatment\/"},{"@type":"ListItem","position":2,"name":"Fruchtbarkeitsbehandlungen","item":"https:\/\/cryosivfclinic.com\/de\/fruchtbarkeitsbehandlungen\/"},{"@type":"ListItem","position":3,"name":"Einfrieren von Eizellen"}]},{"@type":"WebSite","@id":"https:\/\/cryosivfclinic.com\/de\/#website","url":"https:\/\/cryosivfclinic.com\/de\/","name":"Cryos IVF Clinic in Cyprus","description":"","publisher":{"@id":"https:\/\/cryosivfclinic.com\/de\/#organization"},"potentialAction":[{"@type":"SearchAction","target":{"@type":"EntryPoint","urlTemplate":"https:\/\/cryosivfclinic.com\/de\/?s={search_term_string}"},"query-input":{"@type":"PropertyValueSpecification","valueRequired":true,"valueName":"search_term_string"}}],"inLanguage":"de"},{"@type":"Organization","@id":"https:\/\/cryosivfclinic.com\/de\/#organization","name":"Cryos IVF Clinic in Cyprus","url":"https:\/\/cryosivfclinic.com\/de\/","logo":{"@type":"ImageObject","inLanguage":"de","@id":"https:\/\/cryosivfclinic.com\/de\/#\/schema\/logo\/image\/","url":"https:\/\/cryosivfclinic.com\/wp-content\/uploads\/2025\/01\/Cryos_Clinic_Logo_RGB_Blue_Black_ank.png","contentUrl":"https:\/\/cryosivfclinic.com\/wp-content\/uploads\/2025\/01\/Cryos_Clinic_Logo_RGB_Blue_Black_ank.png","width":367,"height":207,"caption":"Cryos IVF Clinic in Cyprus"},"image":{"@id":"https:\/\/cryosivfclinic.com\/de\/#\/schema\/logo\/image\/"}}]}},"_links":{"self":[{"href":"https:\/\/cryosivfclinic.com\/de\/wp-json\/wp\/v2\/pages\/1809","targetHints":{"allow":["GET"]}}],"collection":[{"href":"https:\/\/cryosivfclinic.com\/de\/wp-json\/wp\/v2\/pages"}],"about":[{"href":"https:\/\/cryosivfclinic.com\/de\/wp-json\/wp\/v2\/types\/page"}],"author":[{"embeddable":true,"href":"https:\/\/cryosivfclinic.com\/de\/wp-json\/wp\/v2\/users\/2"}],"replies":[{"embeddable":true,"href":"https:\/\/cryosivfclinic.com\/de\/wp-json\/wp\/v2\/comments?post=1809"}],"version-history":[{"count":7,"href":"https:\/\/cryosivfclinic.com\/de\/wp-json\/wp\/v2\/pages\/1809\/revisions"}],"predecessor-version":[{"id":2757,"href":"https:\/\/cryosivfclinic.com\/de\/wp-json\/wp\/v2\/pages\/1809\/revisions\/2757"}],"up":[{"embeddable":true,"href":"https:\/\/cryosivfclinic.com\/de\/wp-json\/wp\/v2\/pages\/1766"}],"wp:attachment":[{"href":"https:\/\/cryosivfclinic.com\/de\/wp-json\/wp\/v2\/media?parent=1809"}],"curies":[{"name":"wp","href":"https:\/\/api.w.org\/{rel}","templated":true}]}}