{"id":1807,"date":"2025-03-21T13:23:19","date_gmt":"2025-03-21T13:23:19","guid":{"rendered":"https:\/\/cryosivfclinic.com\/fruchtbarkeitsbehandlungen\/sperma-einfrieren\/"},"modified":"2026-02-06T09:38:43","modified_gmt":"2026-02-06T09:38:43","slug":"sperma-einfrieren","status":"publish","type":"page","link":"https:\/\/cryosivfclinic.com\/de\/fruchtbarkeitsbehandlungen\/sperma-einfrieren\/","title":{"rendered":"Sperma einfrieren"},"content":{"rendered":"\t\t<div data-elementor-type=\"wp-page\" data-elementor-id=\"1807\" class=\"elementor elementor-1807 elementor-354\" data-elementor-post-type=\"page\">\n\t\t\t\t<div class=\"elementor-element elementor-element-f47eb34 paddedsection e-flex e-con-boxed e-con e-parent\" data-id=\"f47eb34\" data-element_type=\"container\" data-e-type=\"container\">\n\t\t\t\t\t<div class=\"e-con-inner\">\n\t\t\t\t<div class=\"elementor-element elementor-element-b3641b7 elementor-widget elementor-widget-heading\" data-id=\"b3641b7\" data-element_type=\"widget\" data-e-type=\"widget\" data-widget_type=\"heading.default\">\n\t\t\t\t\t<h1 class=\"elementor-heading-title elementor-size-default\">Sperma einfrieren\n<\/h1>\t\t\t\t<\/div>\n\t\t\t\t<div class=\"elementor-element elementor-element-ef98c75 lastnospace elementor-widget elementor-widget-text-editor\" data-id=\"ef98c75\" data-element_type=\"widget\" data-e-type=\"widget\" data-widget_type=\"text-editor.default\">\n\t\t\t\t\t\t\t\t\t<p>M\u00f6chten Sie Ihre F\u00e4higkeit, Kinder zu bekommen, bewahren? Dann k\u00f6nnte das Einfrieren und Lagern von Sperma in der Cryos IVF Clinic die richtige Wahl f\u00fcr Sie sein.   <\/p>\t\t\t\t\t\t\t\t<\/div>\n\t\t\t\t<div class=\"elementor-element elementor-element-fa14654 elementor-widget-divider--view-line elementor-widget elementor-widget-divider\" data-id=\"fa14654\" data-element_type=\"widget\" data-e-type=\"widget\" data-widget_type=\"divider.default\">\n\t\t\t\t\t\t\t<div class=\"elementor-divider\">\n\t\t\t<span class=\"elementor-divider-separator\">\n\t\t\t\t\t\t<\/span>\n\t\t<\/div>\n\t\t\t\t\t\t<\/div>\n\t\t\t\t<div class=\"elementor-element elementor-element-437946a elementor-widget elementor-widget-text-editor\" data-id=\"437946a\" data-element_type=\"widget\" data-e-type=\"widget\" data-widget_type=\"text-editor.default\">\n\t\t\t\t\t\t\t\t\tEs kann verschiedene Gr\u00fcnde geben, sich f\u00fcr das Einfrieren von Spermien zu entscheiden. Hier erfahren Sie mehr dar\u00fcber, wann das Einfrieren von Spermien sinnvoll ist und wie es funktioniert. <br class=\"a\"><br class=\"a\"><h2>Was ist das Einfrieren von Sperma?<\/h2>Beim Einfrieren von Spermien werden Spermaproben bei -196\u00b0C in einem Lagertank aufbewahrt. Nach dem Auftauen k\u00f6nnen die Spermien f\u00fcr eine Fruchtbarkeitsbehandlung verwendet werden. Dieses Verfahren erm\u00f6glicht es Ihnen, Ihre F\u00e4higkeit, Kinder zu bekommen, zu bewahren.  \t\t\t\t\t\t\t\t<\/div>\n\t\t\t\t<div class=\"elementor-element elementor-element-d63cfd0 elementor-widget elementor-widget-image\" data-id=\"d63cfd0\" data-element_type=\"widget\" data-e-type=\"widget\" data-widget_type=\"image.default\">\n\t\t\t\t\t\t\t\t\t\t\t\t\t\t\t<img fetchpriority=\"high\" decoding=\"async\" width=\"960\" height=\"540\" src=\"https:\/\/cryosivfclinic.com\/wp-content\/uploads\/2025\/03\/Man-considering-sperm-freezing-at-Cryos-IVF-Clinic.jpg\" class=\"attachment-full size-full wp-image-1635\" alt=\"Mann erw\u00e4gt Einfrieren von Sperma in der Cryos IVF Klinik\" srcset=\"https:\/\/cryosivfclinic.com\/wp-content\/uploads\/2025\/03\/Man-considering-sperm-freezing-at-Cryos-IVF-Clinic.jpg 960w, https:\/\/cryosivfclinic.com\/wp-content\/uploads\/2025\/03\/Man-considering-sperm-freezing-at-Cryos-IVF-Clinic-300x169.jpg 300w, https:\/\/cryosivfclinic.com\/wp-content\/uploads\/2025\/03\/Man-considering-sperm-freezing-at-Cryos-IVF-Clinic-768x432.jpg 768w\" sizes=\"(max-width: 960px) 100vw, 960px\" \/>\t\t\t\t\t\t\t\t\t\t\t\t\t\t\t<\/div>\n\t\t\t\t<div class=\"elementor-element elementor-element-bc1075c elementor-widget elementor-widget-text-editor\" data-id=\"bc1075c\" data-element_type=\"widget\" data-e-type=\"widget\" data-widget_type=\"text-editor.default\">\n\t\t\t\t\t\t\t\t\t<h2>Ist das Einfrieren von Sperma das Richtige f\u00fcr mich?<\/h2><p>Die Aufbewahrung von Sperma k\u00f6nnte relevant sein, wenn Sie:<\/p><ul><li>Sie erw\u00e4gen eine Vasektomie<\/li><li>sich einer Krebsbehandlung oder anderen Krankheiten unterziehen m\u00fcssen, die Sterilit\u00e4t verursachen k\u00f6nnen*.<\/li><li>Sie befinden sich in einer Fruchtbarkeitsbehandlung, k\u00f6nnen aber aufgrund von Auslandsreisen, Arbeit usw. nicht zum geplanten Zeitpunkt der Behandlung anwesend sein.<\/li><li>nicht in der Lage sind, bei Bedarf eine Spermaprobe abzugeben, wenn die Fruchtbarkeitsbehandlung durchgef\u00fchrt wird<\/li><li>Arbeit mit gef\u00e4hrlichen Chemikalien, die Ihr Sperma sch\u00e4digen k\u00f6nnen<\/li><li>Sie m\u00f6chten einfach Ihre F\u00e4higkeit zur Fortpflanzung sch\u00fctzen<\/li><\/ul><p>*Wenn Sie Ihr Sperma aufgrund einer Chemo-\/Bestrahlungstherapie deponieren, empfehlen wir Ihnen, das Sperma vor Beginn der Behandlung zu entnehmen. Sollte dies nicht m\u00f6glich sein, empfehlen wir Ihnen, den f\u00fcr Ihre Behandlung zust\u00e4ndigen Arzt um Rat zu fragen. <\/p><p>Was auch immer der Grund f\u00fcr das Einfrieren von Spermien ist, wir in der Cryos IVF Clinic helfen Ihnen gerne.<\/p><h2>Wie funktioniert das Einfrieren von Sperma?<\/h2><p>Wenn Sie Ihr Sperma bei Cryos einfrieren und lagern m\u00f6chten, m\u00fcssen Sie einige Schritte durchlaufen. Im Folgenden erfahren Sie, wie Sie vorgehen und wie Sie Ihre Lagerung in Zukunft nutzen k\u00f6nnen. <\/p><ol><li><strong>Beratung in der Cryos IVF Clinic<\/strong><br>Kontaktieren Sie uns, um einen Beratungstermin zu vereinbaren. Bei der Konsultation mit unseren Mitarbeitern k\u00f6nnen Sie Ihre Optionen auf der Grundlage Ihrer speziellen Situation besprechen. <\/li><li><strong>Herstellung der Spermaprobe<br><\/strong>Unsere Mitarbeiter zeigen Ihnen unsere privaten R\u00e4ume, in denen Sie in aller Ruhe die Spermaprobe herstellen k\u00f6nnen. Danach wird unser Personal daf\u00fcr sorgen, dass die Probe in unserem Labor verarbeitet wird. Alternativ k\u00f6nnen Sie die Spermaprobe auch zu Hause durchf\u00fchren. Wir ben\u00f6tigen sie nur innerhalb von 1 Stunde nach der Ejakulation. Um das beste Ergebnis zu erzielen, empfehlen wir sexuelle Enthaltsamkeit f\u00fcr mindestens 2 Tage vor der Spermienabgabe.    <\/li><li><strong>Bluttest und Spermienanalyse<br><\/strong>Im Labor werden wir die Qualit\u00e4t Ihres Spermas beurteilen und feststellen, ob es zum Einfrieren geeignet ist. Au\u00dferdem ben\u00f6tigen wir einen Bluttest, um Sie auf bestimmte Infektionskrankheiten zu untersuchen. Der Bluttest ist f\u00fcr die Einlagerung von Spermien obligatorisch. Wir ben\u00f6tigen die Testergebnisse, um Ihre Lagerung einzurichten. Sorgen Sie daher bitte daf\u00fcr, dass die Testergebnisse so schnell wie m\u00f6glich zur Cryos IVF Klinik gebracht oder weitergeleitet werden, wenn der Bluttest von Ihrem eigenen Arzt durchgef\u00fchrt wird. Die folgenden Tests sind in \u00dcbereinstimmung mit den \u00f6rtlichen Gesetzen obligatorisch:     <p>&#8211; HIV (Anti-HIV 1\/2)<br>&#8211; Hepatitis B (Anti-HBc, HBsAg)<br>&#8211; Hepatitis C (Anti-HCV)<br>&#8211; Syphilis<\/p><\/li><li><strong>Das Sperma wird eingefroren und gelagert<br><\/strong>Ihre Spermaprobe wird in der Cryos IVF Clinic eingefroren und gelagert, bis Sie bereit sind, sie f\u00fcr eine Fruchtbarkeitsbehandlung zu verwenden.<p> <\/p><\/li><\/ol><h2>Wie viel kostet das Einfrieren von Sperma?<\/h2><p>Die Kosten f\u00fcr das Einfrieren von Spermien inkl. 1 Jahr Lagerung betragen 677 \u20ac.   <a href=\"https:\/\/cryosivfclinic.com\/de\/preisuebersicht\/\">Erfahren Sie hier mehr \u00fcber unsere Preise und Lagergeb\u00fchren.<\/a><\/p><h3>M\u00f6gliche Subventionierung durch das zypriotische Gesundheitsministerium<\/h3><p>Das zypriotische Gesundheitsministerium bietet einen Zuschuss f\u00fcr M\u00e4nner, die sich f\u00fcr eine Fruchtbarkeitsbehandlung entscheiden. Kontaktieren Sie uns f\u00fcr Details. Es gelten die allgemeinen Gesch\u00e4ftsbedingungen des zypriotischen Gesundheitsministeriums.  <\/p><h2>Ziehen Sie das Einfrieren von Sperma in Betracht?<\/h2><p>Wenn Sie das Einfrieren von Spermien in der Cryos IVF Clinic durchf\u00fchren m\u00f6chten, nehmen Sie bitte Kontakt mit uns auf. Wir helfen Ihnen gerne bei der Durchf\u00fchrung des Verfahrens und beantworten alle Ihre Fragen. <\/p>\t\t\t\t\t\t\t\t<\/div>\n\t\t\t\t<div class=\"elementor-element elementor-element-7e8b84e elementor-align-center elementor-widget elementor-widget-button\" data-id=\"7e8b84e\" data-element_type=\"widget\" data-e-type=\"widget\" data-widget_type=\"button.default\">\n\t\t\t\t\t\t\t\t\t\t<a class=\"elementor-button elementor-button-link elementor-size-sm\" href=\"https:\/\/cryosivfclinic.com\/de\/kontakt\/\">\n\t\t\t\t\t\t<span class=\"elementor-button-content-wrapper\">\n\t\t\t\t\t\t\t\t\t<span class=\"elementor-button-text\">Kontaktieren Sie uns<\/span>\n\t\t\t\t\t<\/span>\n\t\t\t\t\t<\/a>\n\t\t\t\t\t\t\t\t<\/div>\n\t\t\t\t<div class=\"elementor-element elementor-element-348ffbe elementor-widget elementor-widget-spacer\" data-id=\"348ffbe\" data-element_type=\"widget\" data-e-type=\"widget\" data-widget_type=\"spacer.default\">\n\t\t\t\t\t\t\t<div class=\"elementor-spacer\">\n\t\t\t<div class=\"elementor-spacer-inner\"><\/div>\n\t\t<\/div>\n\t\t\t\t\t\t<\/div>\n\t\t\t\t<div class=\"elementor-element elementor-element-71d8dba elementor-widget elementor-widget-text-editor\" data-id=\"71d8dba\" data-element_type=\"widget\" data-e-type=\"widget\" data-widget_type=\"text-editor.default\">\n\t\t\t\t\t\t\t\t\t<h2>H\u00e4ufig gestellte Fragen zum Einfrieren von Spermien<\/h2><br class=\"a\"><h3>Warum sollten Sie Sperma einfrieren?<\/h3>\nEs gibt verschiedene pers\u00f6nliche und medizinische Gr\u00fcnde f\u00fcr das Einfrieren und Lagern Ihres Spermas. Einige der Gr\u00fcnde k\u00f6nnen Krankheiten, Behandlungen oder das Arbeitsumfeld sein, die Ihre Spermienqualit\u00e4t beeintr\u00e4chtigen k\u00f6nnen. Das Einfrieren Ihres Spermas bewahrt dann Ihr Potenzial, Kinder zu bekommen.  <br class=\"a\"><br class=\"a\"><h3>Wie lange k\u00f6nnen Sie Sperma aufbewahren?<\/h3>\nSobald das Sperma eingefroren ist, kann es bei -196\u00b0C f\u00fcr den Rest Ihres Lebens gelagert werden &#8211; es gibt kein Verfallsdatum. In \u00dcbereinstimmung mit den \u00f6rtlichen Gesetzen betr\u00e4gt die maximal zul\u00e4ssige Aufbewahrungsdauer 10 Jahre, mit der M\u00f6glichkeit einer Verl\u00e4ngerung auf weitere 10 Jahre nach Genehmigung durch den \u00f6rtlichen Rat f\u00fcr medizinisch unterst\u00fctzte Fortpflanzung (CMAR). \t\t\t\t\t\t\t\t<\/div>\n\t\t\t\t\t<\/div>\n\t\t\t\t<\/div>\n\t\t\t\t<\/div>\n\t\t","protected":false},"excerpt":{"rendered":"<p>Sperma einfrieren M\u00f6chten Sie Ihre F\u00e4higkeit, Kinder zu bekommen, bewahren? Dann k\u00f6nnte das Einfrieren und Lagern von Sperma in der Cryos IVF Clinic die richtige Wahl f\u00fcr Sie sein. Es kann verschiedene Gr\u00fcnde geben, sich f\u00fcr das Einfrieren von Spermien zu entscheiden. Hier erfahren Sie mehr dar\u00fcber, wann das Einfrieren von Spermien sinnvoll ist und [&hellip;]<\/p>\n","protected":false},"author":2,"featured_media":0,"parent":1766,"menu_order":0,"comment_status":"closed","ping_status":"closed","template":"","meta":{"footnotes":""},"class_list":["post-1807","page","type-page","status-publish","hentry"],"yoast_head":"<!-- This site is optimized with the Yoast SEO plugin v27.4 - https:\/\/yoast.com\/product\/yoast-seo-wordpress\/ -->\n<title>Sperma einfrieren - Cryos IVF Clinic in Cyprus<\/title>\n<meta name=\"description\" content=\"Das Einfrieren Ihres Spermas kann eine gute Option sein, wenn Sie Ihre Fruchtbarkeit erhalten m\u00f6chten. Erfahren Sie hier, wie es funktioniert.\" \/>\n<meta name=\"robots\" content=\"index, follow, max-snippet:-1, max-image-preview:large, max-video-preview:-1\" \/>\n<link rel=\"canonical\" href=\"https:\/\/cryosivfclinic.com\/de\/fruchtbarkeitsbehandlungen\/sperma-einfrieren\/\" \/>\n<meta property=\"og:locale\" content=\"de_DE\" \/>\n<meta property=\"og:type\" content=\"article\" \/>\n<meta property=\"og:title\" content=\"Sperma einfrieren - Cryos IVF Clinic in Cyprus\" \/>\n<meta property=\"og:description\" content=\"Das Einfrieren Ihres Spermas kann eine gute Option sein, wenn Sie Ihre Fruchtbarkeit erhalten m\u00f6chten. Erfahren Sie hier, wie es funktioniert.\" \/>\n<meta property=\"og:url\" content=\"https:\/\/cryosivfclinic.com\/de\/fruchtbarkeitsbehandlungen\/sperma-einfrieren\/\" \/>\n<meta property=\"og:site_name\" content=\"Cryos IVF Clinic in Cyprus\" \/>\n<meta property=\"article:modified_time\" content=\"2026-02-06T09:38:43+00:00\" \/>\n<meta property=\"og:image\" content=\"https:\/\/cryosivfclinic.com\/wp-content\/uploads\/2025\/03\/Man-considering-sperm-freezing-at-Cryos-IVF-Clinic.jpg\" \/>\n\t<meta property=\"og:image:width\" content=\"960\" \/>\n\t<meta property=\"og:image:height\" content=\"540\" \/>\n\t<meta property=\"og:image:type\" content=\"image\/jpeg\" \/>\n<meta name=\"twitter:card\" content=\"summary_large_image\" \/>\n<meta name=\"twitter:label1\" content=\"Gesch\u00e4tzte Lesezeit\" \/>\n\t<meta name=\"twitter:data1\" content=\"4\u00a0Minuten\" \/>\n<script type=\"application\/ld+json\" class=\"yoast-schema-graph\">{\"@context\":\"https:\\\/\\\/schema.org\",\"@graph\":[{\"@type\":\"WebPage\",\"@id\":\"https:\\\/\\\/cryosivfclinic.com\\\/de\\\/fruchtbarkeitsbehandlungen\\\/sperma-einfrieren\\\/\",\"url\":\"https:\\\/\\\/cryosivfclinic.com\\\/de\\\/fruchtbarkeitsbehandlungen\\\/sperma-einfrieren\\\/\",\"name\":\"Sperma einfrieren - Cryos IVF Clinic in Cyprus\",\"isPartOf\":{\"@id\":\"https:\\\/\\\/cryosivfclinic.com\\\/de\\\/#website\"},\"primaryImageOfPage\":{\"@id\":\"https:\\\/\\\/cryosivfclinic.com\\\/de\\\/fruchtbarkeitsbehandlungen\\\/sperma-einfrieren\\\/#primaryimage\"},\"image\":{\"@id\":\"https:\\\/\\\/cryosivfclinic.com\\\/de\\\/fruchtbarkeitsbehandlungen\\\/sperma-einfrieren\\\/#primaryimage\"},\"thumbnailUrl\":\"https:\\\/\\\/cryosivfclinic.com\\\/wp-content\\\/uploads\\\/2025\\\/03\\\/Man-considering-sperm-freezing-at-Cryos-IVF-Clinic.jpg\",\"datePublished\":\"2025-03-21T13:23:19+00:00\",\"dateModified\":\"2026-02-06T09:38:43+00:00\",\"description\":\"Das Einfrieren Ihres Spermas kann eine gute Option sein, wenn Sie Ihre Fruchtbarkeit erhalten m\u00f6chten. Erfahren Sie hier, wie es funktioniert.\",\"breadcrumb\":{\"@id\":\"https:\\\/\\\/cryosivfclinic.com\\\/de\\\/fruchtbarkeitsbehandlungen\\\/sperma-einfrieren\\\/#breadcrumb\"},\"inLanguage\":\"de\",\"potentialAction\":[{\"@type\":\"ReadAction\",\"target\":[\"https:\\\/\\\/cryosivfclinic.com\\\/de\\\/fruchtbarkeitsbehandlungen\\\/sperma-einfrieren\\\/\"]}]},{\"@type\":\"ImageObject\",\"inLanguage\":\"de\",\"@id\":\"https:\\\/\\\/cryosivfclinic.com\\\/de\\\/fruchtbarkeitsbehandlungen\\\/sperma-einfrieren\\\/#primaryimage\",\"url\":\"https:\\\/\\\/cryosivfclinic.com\\\/wp-content\\\/uploads\\\/2025\\\/03\\\/Man-considering-sperm-freezing-at-Cryos-IVF-Clinic.jpg\",\"contentUrl\":\"https:\\\/\\\/cryosivfclinic.com\\\/wp-content\\\/uploads\\\/2025\\\/03\\\/Man-considering-sperm-freezing-at-Cryos-IVF-Clinic.jpg\"},{\"@type\":\"BreadcrumbList\",\"@id\":\"https:\\\/\\\/cryosivfclinic.com\\\/de\\\/fruchtbarkeitsbehandlungen\\\/sperma-einfrieren\\\/#breadcrumb\",\"itemListElement\":[{\"@type\":\"ListItem\",\"position\":1,\"name\":\"Home\",\"item\":\"https:\\\/\\\/cryosivfclinic.com\\\/de\\\/fertility-treatment\\\/\"},{\"@type\":\"ListItem\",\"position\":2,\"name\":\"Fruchtbarkeitsbehandlungen\",\"item\":\"https:\\\/\\\/cryosivfclinic.com\\\/de\\\/fruchtbarkeitsbehandlungen\\\/\"},{\"@type\":\"ListItem\",\"position\":3,\"name\":\"Sperma einfrieren\"}]},{\"@type\":\"WebSite\",\"@id\":\"https:\\\/\\\/cryosivfclinic.com\\\/de\\\/#website\",\"url\":\"https:\\\/\\\/cryosivfclinic.com\\\/de\\\/\",\"name\":\"Cryos IVF Clinic in Cyprus\",\"description\":\"\",\"publisher\":{\"@id\":\"https:\\\/\\\/cryosivfclinic.com\\\/de\\\/#organization\"},\"potentialAction\":[{\"@type\":\"SearchAction\",\"target\":{\"@type\":\"EntryPoint\",\"urlTemplate\":\"https:\\\/\\\/cryosivfclinic.com\\\/de\\\/?s={search_term_string}\"},\"query-input\":{\"@type\":\"PropertyValueSpecification\",\"valueRequired\":true,\"valueName\":\"search_term_string\"}}],\"inLanguage\":\"de\"},{\"@type\":\"Organization\",\"@id\":\"https:\\\/\\\/cryosivfclinic.com\\\/de\\\/#organization\",\"name\":\"Cryos IVF Clinic in Cyprus\",\"url\":\"https:\\\/\\\/cryosivfclinic.com\\\/de\\\/\",\"logo\":{\"@type\":\"ImageObject\",\"inLanguage\":\"de\",\"@id\":\"https:\\\/\\\/cryosivfclinic.com\\\/de\\\/#\\\/schema\\\/logo\\\/image\\\/\",\"url\":\"https:\\\/\\\/cryosivfclinic.com\\\/wp-content\\\/uploads\\\/2025\\\/01\\\/Cryos_Clinic_Logo_RGB_Blue_Black_ank.png\",\"contentUrl\":\"https:\\\/\\\/cryosivfclinic.com\\\/wp-content\\\/uploads\\\/2025\\\/01\\\/Cryos_Clinic_Logo_RGB_Blue_Black_ank.png\",\"width\":367,\"height\":207,\"caption\":\"Cryos IVF Clinic in Cyprus\"},\"image\":{\"@id\":\"https:\\\/\\\/cryosivfclinic.com\\\/de\\\/#\\\/schema\\\/logo\\\/image\\\/\"}}]}<\/script>\n<!-- \/ Yoast SEO plugin. -->","yoast_head_json":{"title":"Sperma einfrieren - Cryos IVF Clinic in Cyprus","description":"Das Einfrieren Ihres Spermas kann eine gute Option sein, wenn Sie Ihre Fruchtbarkeit erhalten m\u00f6chten. Erfahren Sie hier, wie es funktioniert.","robots":{"index":"index","follow":"follow","max-snippet":"max-snippet:-1","max-image-preview":"max-image-preview:large","max-video-preview":"max-video-preview:-1"},"canonical":"https:\/\/cryosivfclinic.com\/de\/fruchtbarkeitsbehandlungen\/sperma-einfrieren\/","og_locale":"de_DE","og_type":"article","og_title":"Sperma einfrieren - Cryos IVF Clinic in Cyprus","og_description":"Das Einfrieren Ihres Spermas kann eine gute Option sein, wenn Sie Ihre Fruchtbarkeit erhalten m\u00f6chten. Erfahren Sie hier, wie es funktioniert.","og_url":"https:\/\/cryosivfclinic.com\/de\/fruchtbarkeitsbehandlungen\/sperma-einfrieren\/","og_site_name":"Cryos IVF Clinic in Cyprus","article_modified_time":"2026-02-06T09:38:43+00:00","og_image":[{"width":960,"height":540,"url":"https:\/\/cryosivfclinic.com\/wp-content\/uploads\/2025\/03\/Man-considering-sperm-freezing-at-Cryos-IVF-Clinic.jpg","type":"image\/jpeg"}],"twitter_card":"summary_large_image","twitter_misc":{"Gesch\u00e4tzte Lesezeit":"4\u00a0Minuten"},"schema":{"@context":"https:\/\/schema.org","@graph":[{"@type":"WebPage","@id":"https:\/\/cryosivfclinic.com\/de\/fruchtbarkeitsbehandlungen\/sperma-einfrieren\/","url":"https:\/\/cryosivfclinic.com\/de\/fruchtbarkeitsbehandlungen\/sperma-einfrieren\/","name":"Sperma einfrieren - Cryos IVF Clinic in Cyprus","isPartOf":{"@id":"https:\/\/cryosivfclinic.com\/de\/#website"},"primaryImageOfPage":{"@id":"https:\/\/cryosivfclinic.com\/de\/fruchtbarkeitsbehandlungen\/sperma-einfrieren\/#primaryimage"},"image":{"@id":"https:\/\/cryosivfclinic.com\/de\/fruchtbarkeitsbehandlungen\/sperma-einfrieren\/#primaryimage"},"thumbnailUrl":"https:\/\/cryosivfclinic.com\/wp-content\/uploads\/2025\/03\/Man-considering-sperm-freezing-at-Cryos-IVF-Clinic.jpg","datePublished":"2025-03-21T13:23:19+00:00","dateModified":"2026-02-06T09:38:43+00:00","description":"Das Einfrieren Ihres Spermas kann eine gute Option sein, wenn Sie Ihre Fruchtbarkeit erhalten m\u00f6chten. Erfahren Sie hier, wie es funktioniert.","breadcrumb":{"@id":"https:\/\/cryosivfclinic.com\/de\/fruchtbarkeitsbehandlungen\/sperma-einfrieren\/#breadcrumb"},"inLanguage":"de","potentialAction":[{"@type":"ReadAction","target":["https:\/\/cryosivfclinic.com\/de\/fruchtbarkeitsbehandlungen\/sperma-einfrieren\/"]}]},{"@type":"ImageObject","inLanguage":"de","@id":"https:\/\/cryosivfclinic.com\/de\/fruchtbarkeitsbehandlungen\/sperma-einfrieren\/#primaryimage","url":"https:\/\/cryosivfclinic.com\/wp-content\/uploads\/2025\/03\/Man-considering-sperm-freezing-at-Cryos-IVF-Clinic.jpg","contentUrl":"https:\/\/cryosivfclinic.com\/wp-content\/uploads\/2025\/03\/Man-considering-sperm-freezing-at-Cryos-IVF-Clinic.jpg"},{"@type":"BreadcrumbList","@id":"https:\/\/cryosivfclinic.com\/de\/fruchtbarkeitsbehandlungen\/sperma-einfrieren\/#breadcrumb","itemListElement":[{"@type":"ListItem","position":1,"name":"Home","item":"https:\/\/cryosivfclinic.com\/de\/fertility-treatment\/"},{"@type":"ListItem","position":2,"name":"Fruchtbarkeitsbehandlungen","item":"https:\/\/cryosivfclinic.com\/de\/fruchtbarkeitsbehandlungen\/"},{"@type":"ListItem","position":3,"name":"Sperma einfrieren"}]},{"@type":"WebSite","@id":"https:\/\/cryosivfclinic.com\/de\/#website","url":"https:\/\/cryosivfclinic.com\/de\/","name":"Cryos IVF Clinic in Cyprus","description":"","publisher":{"@id":"https:\/\/cryosivfclinic.com\/de\/#organization"},"potentialAction":[{"@type":"SearchAction","target":{"@type":"EntryPoint","urlTemplate":"https:\/\/cryosivfclinic.com\/de\/?s={search_term_string}"},"query-input":{"@type":"PropertyValueSpecification","valueRequired":true,"valueName":"search_term_string"}}],"inLanguage":"de"},{"@type":"Organization","@id":"https:\/\/cryosivfclinic.com\/de\/#organization","name":"Cryos IVF Clinic in Cyprus","url":"https:\/\/cryosivfclinic.com\/de\/","logo":{"@type":"ImageObject","inLanguage":"de","@id":"https:\/\/cryosivfclinic.com\/de\/#\/schema\/logo\/image\/","url":"https:\/\/cryosivfclinic.com\/wp-content\/uploads\/2025\/01\/Cryos_Clinic_Logo_RGB_Blue_Black_ank.png","contentUrl":"https:\/\/cryosivfclinic.com\/wp-content\/uploads\/2025\/01\/Cryos_Clinic_Logo_RGB_Blue_Black_ank.png","width":367,"height":207,"caption":"Cryos IVF Clinic in Cyprus"},"image":{"@id":"https:\/\/cryosivfclinic.com\/de\/#\/schema\/logo\/image\/"}}]}},"_links":{"self":[{"href":"https:\/\/cryosivfclinic.com\/de\/wp-json\/wp\/v2\/pages\/1807","targetHints":{"allow":["GET"]}}],"collection":[{"href":"https:\/\/cryosivfclinic.com\/de\/wp-json\/wp\/v2\/pages"}],"about":[{"href":"https:\/\/cryosivfclinic.com\/de\/wp-json\/wp\/v2\/types\/page"}],"author":[{"embeddable":true,"href":"https:\/\/cryosivfclinic.com\/de\/wp-json\/wp\/v2\/users\/2"}],"replies":[{"embeddable":true,"href":"https:\/\/cryosivfclinic.com\/de\/wp-json\/wp\/v2\/comments?post=1807"}],"version-history":[{"count":5,"href":"https:\/\/cryosivfclinic.com\/de\/wp-json\/wp\/v2\/pages\/1807\/revisions"}],"predecessor-version":[{"id":2745,"href":"https:\/\/cryosivfclinic.com\/de\/wp-json\/wp\/v2\/pages\/1807\/revisions\/2745"}],"up":[{"embeddable":true,"href":"https:\/\/cryosivfclinic.com\/de\/wp-json\/wp\/v2\/pages\/1766"}],"wp:attachment":[{"href":"https:\/\/cryosivfclinic.com\/de\/wp-json\/wp\/v2\/media?parent=1807"}],"curies":[{"name":"wp","href":"https:\/\/api.w.org\/{rel}","templated":true}]}}