{"id":1785,"date":"2025-03-21T13:52:17","date_gmt":"2025-03-21T13:52:17","guid":{"rendered":"https:\/\/cryosivfclinic.com\/fruchtbarkeitsbehandlungen\/ivf-behandlung\/"},"modified":"2026-03-12T11:29:58","modified_gmt":"2026-03-12T11:29:58","slug":"ivf-behandlung","status":"publish","type":"page","link":"https:\/\/cryosivfclinic.com\/de\/fruchtbarkeitsbehandlungen\/ivf-behandlung\/","title":{"rendered":"IVF-Behandlung"},"content":{"rendered":"\t\t<div data-elementor-type=\"wp-page\" data-elementor-id=\"1785\" class=\"elementor elementor-1785 elementor-386\" data-elementor-post-type=\"page\">\n\t\t\t\t<div class=\"elementor-element elementor-element-4642a82 paddedsection e-flex e-con-boxed e-con e-parent\" data-id=\"4642a82\" data-element_type=\"container\" data-e-type=\"container\">\n\t\t\t\t\t<div class=\"e-con-inner\">\n\t\t\t\t<div class=\"elementor-element elementor-element-d8d6766 elementor-widget elementor-widget-heading\" data-id=\"d8d6766\" data-element_type=\"widget\" data-e-type=\"widget\" data-widget_type=\"heading.default\">\n\t\t\t\t\t<h1 class=\"elementor-heading-title elementor-size-default\">IVF-Behandlung\n<\/h1>\t\t\t\t<\/div>\n\t\t\t\t<div class=\"elementor-element elementor-element-48ae01a lastnospace elementor-widget elementor-widget-text-editor\" data-id=\"48ae01a\" data-element_type=\"widget\" data-e-type=\"widget\" data-widget_type=\"text-editor.default\">\n\t\t\t\t\t\t\t\t\t<p>In der Cryos IVF Clinic bieten wir Frauen und Paaren, die unter Unfruchtbarkeit leiden, eine IVF-Behandlung an. Erfahren Sie unten mehr \u00fcber das Verfahren. <\/p>\t\t\t\t\t\t\t\t<\/div>\n\t\t\t\t<div class=\"elementor-element elementor-element-35db1b4 elementor-widget-divider--view-line elementor-widget elementor-widget-divider\" data-id=\"35db1b4\" data-element_type=\"widget\" data-e-type=\"widget\" data-widget_type=\"divider.default\">\n\t\t\t\t\t\t\t<div class=\"elementor-divider\">\n\t\t\t<span class=\"elementor-divider-separator\">\n\t\t\t\t\t\t<\/span>\n\t\t<\/div>\n\t\t\t\t\t\t<\/div>\n\t\t\t\t<div class=\"elementor-element elementor-element-e2c8273 elementor-widget elementor-widget-text-editor\" data-id=\"e2c8273\" data-element_type=\"widget\" data-e-type=\"widget\" data-widget_type=\"text-editor.default\">\n\t\t\t\t\t\t\t\t\t<p>Die In-vitro-Fertilisation (IVF) ist eine h\u00e4ufig verwendete Methode zur Fruchtbarkeitsbehandlung, bei der die Befruchtung im Labor stattfindet. Erfahren Sie hier, wie wir Ihnen helfen k\u00f6nnen, durch IVF die Familie zu gr\u00fcnden, von der Sie tr\u00e4umen. <br><br><\/p><h2>Was ist eine IVF-Behandlung?<\/h2><p>IVF, oder In-vitro-Fertilisation, ist eine Fruchtbarkeitsbehandlung, die Einzelpersonen und Paaren hilft, schwanger zu werden, wenn eine nat\u00fcrliche Empf\u00e4ngnis schwierig ist. Fruchtbarkeitsmedikamente regen die Eierst\u00f6cke an, reife Eizellen zu produzieren, die dann entnommen und in einem Labor befruchtet werden. Wenn die Befruchtung erfolgreich ist, entwickeln sich die entstandenen Embryonen innerhalb von 5-6 Tagen zu Blastozysten. Die Blastozyste wird dann in die Geb\u00e4rmutter \u00fcbertragen, entweder sofort oder in einem sp\u00e4teren Zyklus nach dem Einfrieren.   <\/p>\t\t\t\t\t\t\t\t<\/div>\n\t\t\t\t<div class=\"elementor-element elementor-element-000185a elementor-widget elementor-widget-image\" data-id=\"000185a\" data-element_type=\"widget\" data-e-type=\"widget\" data-widget_type=\"image.default\">\n\t\t\t\t\t\t\t\t\t\t\t\t\t\t\t<img fetchpriority=\"high\" decoding=\"async\" width=\"960\" height=\"540\" src=\"https:\/\/cryosivfclinic.com\/wp-content\/uploads\/2025\/03\/Mother-with-baby-born-from-IVF-at-Cryos-UVF-Clinic.jpg\" class=\"attachment-full size-full wp-image-1645\" alt=\"Mutter mit Baby, das durch IVF in der Cryos IVF Clinic geboren wurde\" srcset=\"https:\/\/cryosivfclinic.com\/wp-content\/uploads\/2025\/03\/Mother-with-baby-born-from-IVF-at-Cryos-UVF-Clinic.jpg 960w, https:\/\/cryosivfclinic.com\/wp-content\/uploads\/2025\/03\/Mother-with-baby-born-from-IVF-at-Cryos-UVF-Clinic-300x169.jpg 300w, https:\/\/cryosivfclinic.com\/wp-content\/uploads\/2025\/03\/Mother-with-baby-born-from-IVF-at-Cryos-UVF-Clinic-768x432.jpg 768w\" sizes=\"(max-width: 960px) 100vw, 960px\" \/>\t\t\t\t\t\t\t\t\t\t\t\t\t\t\t<\/div>\n\t\t\t\t<div class=\"elementor-element elementor-element-76614f2 elementor-widget elementor-widget-text-editor\" data-id=\"76614f2\" data-element_type=\"widget\" data-e-type=\"widget\" data-widget_type=\"text-editor.default\">\n\t\t\t\t\t\t\t\t\t<h3>Was ist ICSI?<\/h3><p>Im Falle m\u00e4nnlicher Unfruchtbarkeit kann bei der IVF-Behandlung eine spezielle Labortechnik namens ICSI (Intrazytoplasmatische Spermieninjektion) eingesetzt werden. Anstatt die Spermien ohne Hilfe in die Eizelle eindringen zu lassen, wird jede Eizelle einzeln mit einer einzelnen Samenzelle injiziert. So wird die Phase umgangen, in der die Spermien auf nat\u00fcrliche Weise in die Eizelle eindringen m\u00fcssen. Diese Technik wird auch verwendet, wenn die Behandlung die Befruchtung von Eizellen erfordert, die zuvor eingefroren wurden, entweder <a href=\"https:\/\/cryosivfclinic.com\/de\/fruchtbarkeitsbehandlungen\/behandlung-mit-spendereiern\/\">von Spendereiern<\/a> oder <a href=\"https:\/\/cryosivfclinic.com\/de\/fruchtbarkeitsbehandlungen\/einfrieren-von-eizellen\/\">von Eizellen, die die Frau f\u00fcr den eigenen Gebrauch aufbewahrt hat<\/a>.  <\/p>\t\t\t\t\t\t\t\t<\/div>\n\t\t\t\t<div class=\"elementor-element elementor-element-f146af9 elementor-widget elementor-widget-text-editor\" data-id=\"f146af9\" data-element_type=\"widget\" data-e-type=\"widget\" data-widget_type=\"text-editor.default\">\n\t\t\t\t\t\t\t\t\t<h2>Vorbereitungen f\u00fcr die IVF-Behandlung<\/h2>\n<h3>Blutuntersuchungen<\/h3>\nWenn Sie sich in der Cryos IVF-Klinik einer Eizellentnahme unterziehen oder Ihr Partner eine eigene Spermaprobe f\u00fcr die Befruchtung zur Verf\u00fcgung stellt, sind die folgenden Tests f\u00fcr Sie und\/oder Ihren Partner gem\u00e4\u00df den \u00f6rtlichen Gesetzen obligatorisch:\n<ul>\n \t<li>HIV (Anti-HIV 1\/2)<\/li>\n \t<li>Hepatitis B (Anti-HBc, HBsAg)<\/li>\n \t<li>Hepatitis C (Anti-HCV)<\/li>\n \t<li>Syphilis<\/li>\n<\/ul><br class=\"a\"><h3>Ultraschalluntersuchung<\/h3>\nEine Ultraschalluntersuchung ist notwendig, um die normale Anatomie zu beurteilen und eventuelle Eierstockzysten, Fl\u00fcssigkeit in den Eileitern, Geb\u00e4rmuttermyome, Polypen oder andere gyn\u00e4kologische Erkrankungen auszuschlie\u00dfen.\n<br class=\"a\"><br class=\"a\">Tests und Ultraschalluntersuchungen k\u00f6nnen in der Cryos IVF Klinik oder von Ihrem eigenen Arzt oder Gyn\u00e4kologen in Ihrem Heimatland durchgef\u00fchrt werden, aber die Ergebnisberichte m\u00fcssen der Cryos IVF Klinik vor Beginn der Behandlung in englischer Sprache vorgelegt werden.\t\t\t\t\t\t\t\t<\/div>\n\t\t\t\t<div class=\"elementor-element elementor-element-7049a75 elementor-widget elementor-widget-text-editor\" data-id=\"7049a75\" data-element_type=\"widget\" data-e-type=\"widget\" data-widget_type=\"text-editor.default\">\n\t\t\t\t\t\t\t\t\t<h2>IVF-Behandlung &#8211; der Prozess<\/h2><p>Hier finden Sie eine schrittweise Anleitung f\u00fcr den Prozess, den Sie bei einer IVF-Behandlung in der Cryos IVF Clinic durchlaufen:<\/p><ol><li><strong>Erstkonsultation<br><\/strong>Nehmen Sie mit uns Kontakt auf und f\u00fchren Sie ein kostenloses Erstgespr\u00e4ch mit einem unserer erfahrenen \u00c4rzte, der Ihre Krankengeschichte und Ihre Fruchtbarkeit untersucht, um festzustellen, ob eine IVF-Behandlung die richtige Option f\u00fcr Sie ist. Gemeinsam mit Ihnen planen wir dann einen Behandlungsverlauf, der Ihren Bed\u00fcrfnissen entspricht. <\/li><li><strong><strong>Hormonelle Stimulation<\/strong><\/strong><br class=\"a\"><br class=\"a\"><strong>Schritt 1: Unterdr\u00fcckung der Eierst\u00f6cke<br><\/strong><br class=\"a\"> Bei der Unterdr\u00fcckung der Eierst\u00f6cke werden Ihre nat\u00fcrlichen Hormone mithilfe der Antibabypille vor\u00fcbergehend ausgeschaltet. Normalerweise setzen Ihre Eierst\u00f6cke eine Eizelle pro Monat frei, aber mit der Unterdr\u00fcckung der Eierst\u00f6cke zielen wir darauf ab, mehrere Eizellen zu produzieren. Dieser Schritt dauert 2-4 Wochen und kann in dringenden F\u00e4llen \u00fcbersprungen werden.  <br><br class=\"a\"><br class=\"a\"><strong>Schritt 2: Stimulation der Eierst\u00f6cke<br><\/strong><br class=\"a\"> Nach der Unterdr\u00fcckung der Eierst\u00f6cke wird der Gyn\u00e4kologe oder das Pflegeteam Sie anweisen, zu Hause mit einer Hormontherapie zu beginnen, bei der Sie sich Hormone injizieren, um Ihre Eierst\u00f6cke zu stimulieren und mehrere reife Eizellen zu entwickeln. Dieser Prozess kann 10-14 Tage dauern. <\/li><li><strong>Ultraschalluntersuchungen<br><\/strong>Nach 8-10 Tagen der Hormoninjektionen sollten Sie eine weitere Ultraschalluntersuchung durchf\u00fchren lassen, um zu sehen, wie Sie auf das Medikament ansprechen. Wenn die Eibl\u00e4schen die entsprechende Reife erreicht haben, werden wir Ihren Eisprung mit einem speziellen Medikament ausl\u00f6sen. Zu diesem Zeitpunkt ist das Timing entscheidend f\u00fcr den Erfolg der Eizellentnahme.  <\/li><li><strong>Eizellentnahme<br><\/strong>Die Eizellentnahme wird von einem Fruchtbarkeitsarzt in der Cryos IVF-Klinik durchgef\u00fchrt. Sie erfolgt 35-36 Stunden nach der Ovulationsinduktion (Trigger). Ihre Eizellen werden mit einer Nadel aus den Eibl\u00e4schen entnommen. Unser hochqualifiziertes Personal f\u00fchrt den Eingriff mit Hilfe eines Ultraschallger\u00e4ts durch, und Sie erhalten eine intraven\u00f6se Sedierung. Die Entnahme der Eizellen ist im Allgemeinen schmerzlos, aber einige Frauen k\u00f6nnen nach dem Eingriff ein wenig wund sein und Bl\u00e4hungen versp\u00fcren. Die Eizellen werden mit Hilfe des Embryologielabors entnommen und bis zur Befruchtung in speziellen Inkubatoren warm gehalten.    <\/li><li><strong>Befruchtung<br><\/strong>Nachdem die Eizellen entnommen wurden, bereitet der Embryologe die Eizellen f\u00fcr die Befruchtung vor. Bei der konventionellen IVF werden die Spermien (von Ihrem Partner oder einem Spender) zusammen mit den Eizellen platziert, die dann von selbst in die Eizellen eindringen m\u00fcssen, was hoffentlich zur Befruchtung und Entwicklung des Embryos f\u00fchrt. Bei der ICSI-Befruchtung injiziert der Embryologe eine einzelne Samenzelle in jede reife Eizelle. Die Embryonen werden im Labor kultiviert, wo sie sich hoffentlich um den 5. Tag herum zu Blastozysten entwickeln.   <\/li><li><strong>Embryotransfer<br><\/strong>Der Embryologe \u00fcbertr\u00e4gt einen oder mehrere der entwickelten Embryonen mit einem Katheter, der von einem Fruchtbarkeitsarzt gef\u00fchrt wird. Er hofft, dass sie sich in die Geb\u00e4rmutterwand einnisten und weiter wachsen. Danach kommt es zu einer Schwangerschaft, und die Behandlung ist abgeschlossen. Die Anzahl der Embryonen, die Sie \u00fcbertragen m\u00f6chten, wird in der Regel zwischen Ihnen, eventuell einem Partner und dem Fertilit\u00e4tsarzt festgelegt. Wenn sich mehr als ein Embryo ausreichend entwickelt, k\u00f6nnen die \u00fcberz\u00e4hligen Embryonen eingefroren und f\u00fcr einen weiteren Versuch oder Geschwister gelagert werden.   <\/li><\/ol><p>Bei jedem Besuch steht Ihnen einer unserer erfahrenen Mediziner zur Seite und beantwortet alle Ihre Fragen. Bringen Sie Ihren Partner, einen Freund oder ein Familienmitglied mit, um die Reise mit Ihnen zu teilen. <br class=\"a\"><br class=\"a\"><\/p><h2>Nach Ihrer IVF-Behandlung<\/h2><p>Zwei Wochen nach dem Embryotransfer sollten Sie einen Schwangerschaftstest durchf\u00fchren lassen, um festzustellen, ob die Behandlung erfolgreich war.<\/p><h2>Was kostet eine IVF-Behandlung?<\/h2><p>Der Preis f\u00fcr ein komplettes IVF-Behandlungspaket mit Ihren eigenen Eizellen und Spermien betr\u00e4gt 5.200 \u20ac. Sie k\u00f6nnen auch nur einen Teil Ihrer Behandlung in der Cryos IVF Clinic zu einem niedrigeren Preis durchf\u00fchren lassen.   <a href=\"https:\/\/cryosivfclinic.com\/de\/preisuebersicht\/\">Erfahren Sie hier mehr \u00fcber unsere Preise und was darin enthalten ist.<\/a><\/p><p>Wenn Sie f\u00fcr Ihre Behandlung Spendersamen oder Spendereier verwenden, fallen zus\u00e4tzliche Kosten an.<\/p><h2>Ben\u00f6tigen Sie f\u00fcr Ihre Behandlung Spendersamen oder Spendereier?<\/h2><p>Wenn Sie f\u00fcr Ihre Behandlung Spendersamen oder -eier ben\u00f6tigen, k\u00f6nnen Sie Spendersamen oder -eier von Cryos oder anderen Samen- und Eizellenbanken verwenden. Folgen Sie den untenstehenden Links, um mehr \u00fcber Ihre M\u00f6glichkeiten zu erfahren: <\/p><ul><li><a href=\"https:\/\/cryosivfclinic.com\/de\/fruchtbarkeitsbehandlungen\/behandlung-mit-spendersamen\/\">Behandlung mit Spendersamen<\/a><\/li><li><a href=\"https:\/\/cryosivfclinic.com\/de\/fruchtbarkeitsbehandlungen\/behandlung-mit-spendereiern\/\">Behandlung mit Spendereiern<\/a><\/li><\/ul><h2>Wir sind f\u00fcr Sie da<\/h2><p>Ziehen Sie eine IVF-Behandlung in der Cryos IVF Clinic in Betracht? Bitte nehmen Sie Kontakt mit uns auf, um ein kostenloses Beratungsgespr\u00e4ch zu vereinbaren. Unser Team beantwortet gerne Ihre Fragen und hilft Ihnen bei der Planung einer auf Ihre Bed\u00fcrfnisse zugeschnittenen Behandlung.  <\/p>\t\t\t\t\t\t\t\t<\/div>\n\t\t\t\t<div class=\"elementor-element elementor-element-58cf3c5 elementor-align-center elementor-widget elementor-widget-button\" data-id=\"58cf3c5\" data-element_type=\"widget\" data-e-type=\"widget\" data-widget_type=\"button.default\">\n\t\t\t\t\t\t\t\t\t\t<a class=\"elementor-button elementor-button-link elementor-size-sm\" href=\"https:\/\/cryosivfclinic.com\/de\/kontakt\/\">\n\t\t\t\t\t\t<span class=\"elementor-button-content-wrapper\">\n\t\t\t\t\t\t\t\t\t<span class=\"elementor-button-text\">Kontaktieren Sie uns<\/span>\n\t\t\t\t\t<\/span>\n\t\t\t\t\t<\/a>\n\t\t\t\t\t\t\t\t<\/div>\n\t\t\t\t<div class=\"elementor-element elementor-element-c5849fd elementor-widget elementor-widget-text-editor\" data-id=\"c5849fd\" data-element_type=\"widget\" data-e-type=\"widget\" data-widget_type=\"text-editor.default\">\n\t\t\t\t\t\t\t\t\t<br class=\"a\"><h2>H\u00e4ufig gestellte Fragen zur IVF-Behandlung<\/h2><br class=\"a\"><h3>Gibt es Nebenwirkungen oder Komplikationen bei der IVF-Behandlung?<\/h3>\nZu den h\u00e4ufigsten Risiken einer IVF-Behandlung geh\u00f6ren Nebenwirkungen des Medikaments wie Stimmungsschwankungen oder Kopfschmerzen sowie eine ektopische Schwangerschaft. Wenn Sie sich einer IVF-Behandlung in der Cryos IVF Clinic unterziehen, wird Sie das medizinische Fachpersonal vor Ihrer Behandlung \u00fcber m\u00f6gliche Nebenwirkungen informieren. <br class=\"a\"><br class=\"a\"><h3>Was ist der Unterschied zwischen IVF und IUI?<\/h3>\nDie IVF-Behandlung ist invasiver als die IUI, da Sie t\u00e4glich Injektionen erhalten, um Ihre Eierst\u00f6cke zu stimulieren, und eine Eizellentnahme erforderlich ist, damit eine Befruchtung stattfinden kann. Bei der intrauterinen Insemination werden die Spermien direkt in die Geb\u00e4rmutter eingebracht, und sie kann mit ovulationsf\u00f6rdernden Medikamenten kombiniert werden. \t\t\t\t\t\t\t\t<\/div>\n\t\t\t\t\t<\/div>\n\t\t\t\t<\/div>\n\t\t\t\t<\/div>\n\t\t","protected":false},"excerpt":{"rendered":"<p>IVF-Behandlung In der Cryos IVF Clinic bieten wir Frauen und Paaren, die unter Unfruchtbarkeit leiden, eine IVF-Behandlung an. Erfahren Sie unten mehr \u00fcber das Verfahren. Die In-vitro-Fertilisation (IVF) ist eine h\u00e4ufig verwendete Methode zur Fruchtbarkeitsbehandlung, bei der die Befruchtung im Labor stattfindet. Erfahren Sie hier, wie wir Ihnen helfen k\u00f6nnen, durch IVF die Familie zu [&hellip;]<\/p>\n","protected":false},"author":2,"featured_media":0,"parent":1766,"menu_order":0,"comment_status":"closed","ping_status":"closed","template":"","meta":{"footnotes":""},"class_list":["post-1785","page","type-page","status-publish","hentry"],"yoast_head":"<!-- This site is optimized with the Yoast SEO plugin v27.5 - https:\/\/yoast.com\/product\/yoast-seo-wordpress\/ -->\n<title>IVF-Behandlung - Cryos IVF Clinic in Cyprus<\/title>\n<meta name=\"description\" content=\"Die IVF-Behandlung ist eine h\u00e4ufig angewandte Fruchtbarkeitsbehandlung f\u00fcr Menschen, die mit Unfruchtbarkeit zu k\u00e4mpfen haben. Erfahren Sie hier mehr \u00fcber das IVF-Verfahren.\" \/>\n<meta name=\"robots\" content=\"index, follow, max-snippet:-1, max-image-preview:large, max-video-preview:-1\" \/>\n<link rel=\"canonical\" href=\"https:\/\/cryosivfclinic.com\/de\/fruchtbarkeitsbehandlungen\/ivf-behandlung\/\" \/>\n<meta property=\"og:locale\" content=\"de_DE\" \/>\n<meta property=\"og:type\" content=\"article\" \/>\n<meta property=\"og:title\" content=\"IVF-Behandlung - Cryos IVF Clinic in Cyprus\" \/>\n<meta property=\"og:description\" content=\"Die IVF-Behandlung ist eine h\u00e4ufig angewandte Fruchtbarkeitsbehandlung f\u00fcr Menschen, die mit Unfruchtbarkeit zu k\u00e4mpfen haben. Erfahren Sie hier mehr \u00fcber das IVF-Verfahren.\" \/>\n<meta property=\"og:url\" content=\"https:\/\/cryosivfclinic.com\/de\/fruchtbarkeitsbehandlungen\/ivf-behandlung\/\" \/>\n<meta property=\"og:site_name\" content=\"Cryos IVF Clinic in Cyprus\" \/>\n<meta property=\"article:modified_time\" content=\"2026-03-12T11:29:58+00:00\" \/>\n<meta property=\"og:image\" content=\"https:\/\/cryosivfclinic.com\/wp-content\/uploads\/2025\/03\/Mother-with-baby-born-from-IVF-at-Cryos-UVF-Clinic.jpg\" \/>\n\t<meta property=\"og:image:width\" content=\"960\" \/>\n\t<meta property=\"og:image:height\" content=\"540\" \/>\n\t<meta property=\"og:image:type\" content=\"image\/jpeg\" \/>\n<meta name=\"twitter:card\" content=\"summary_large_image\" \/>\n<meta name=\"twitter:label1\" content=\"Gesch\u00e4tzte Lesezeit\" \/>\n\t<meta name=\"twitter:data1\" content=\"6\u00a0Minuten\" \/>\n<script type=\"application\/ld+json\" class=\"yoast-schema-graph\">{\"@context\":\"https:\\\/\\\/schema.org\",\"@graph\":[{\"@type\":\"WebPage\",\"@id\":\"https:\\\/\\\/cryosivfclinic.com\\\/de\\\/fruchtbarkeitsbehandlungen\\\/ivf-behandlung\\\/\",\"url\":\"https:\\\/\\\/cryosivfclinic.com\\\/de\\\/fruchtbarkeitsbehandlungen\\\/ivf-behandlung\\\/\",\"name\":\"IVF-Behandlung - Cryos IVF Clinic in Cyprus\",\"isPartOf\":{\"@id\":\"https:\\\/\\\/cryosivfclinic.com\\\/de\\\/#website\"},\"primaryImageOfPage\":{\"@id\":\"https:\\\/\\\/cryosivfclinic.com\\\/de\\\/fruchtbarkeitsbehandlungen\\\/ivf-behandlung\\\/#primaryimage\"},\"image\":{\"@id\":\"https:\\\/\\\/cryosivfclinic.com\\\/de\\\/fruchtbarkeitsbehandlungen\\\/ivf-behandlung\\\/#primaryimage\"},\"thumbnailUrl\":\"https:\\\/\\\/cryosivfclinic.com\\\/wp-content\\\/uploads\\\/2025\\\/03\\\/Mother-with-baby-born-from-IVF-at-Cryos-UVF-Clinic.jpg\",\"datePublished\":\"2025-03-21T13:52:17+00:00\",\"dateModified\":\"2026-03-12T11:29:58+00:00\",\"description\":\"Die IVF-Behandlung ist eine h\u00e4ufig angewandte Fruchtbarkeitsbehandlung f\u00fcr Menschen, die mit Unfruchtbarkeit zu k\u00e4mpfen haben. Erfahren Sie hier mehr \u00fcber das IVF-Verfahren.\",\"breadcrumb\":{\"@id\":\"https:\\\/\\\/cryosivfclinic.com\\\/de\\\/fruchtbarkeitsbehandlungen\\\/ivf-behandlung\\\/#breadcrumb\"},\"inLanguage\":\"de\",\"potentialAction\":[{\"@type\":\"ReadAction\",\"target\":[\"https:\\\/\\\/cryosivfclinic.com\\\/de\\\/fruchtbarkeitsbehandlungen\\\/ivf-behandlung\\\/\"]}]},{\"@type\":\"ImageObject\",\"inLanguage\":\"de\",\"@id\":\"https:\\\/\\\/cryosivfclinic.com\\\/de\\\/fruchtbarkeitsbehandlungen\\\/ivf-behandlung\\\/#primaryimage\",\"url\":\"https:\\\/\\\/cryosivfclinic.com\\\/wp-content\\\/uploads\\\/2025\\\/03\\\/Mother-with-baby-born-from-IVF-at-Cryos-UVF-Clinic.jpg\",\"contentUrl\":\"https:\\\/\\\/cryosivfclinic.com\\\/wp-content\\\/uploads\\\/2025\\\/03\\\/Mother-with-baby-born-from-IVF-at-Cryos-UVF-Clinic.jpg\"},{\"@type\":\"BreadcrumbList\",\"@id\":\"https:\\\/\\\/cryosivfclinic.com\\\/de\\\/fruchtbarkeitsbehandlungen\\\/ivf-behandlung\\\/#breadcrumb\",\"itemListElement\":[{\"@type\":\"ListItem\",\"position\":1,\"name\":\"Home\",\"item\":\"https:\\\/\\\/cryosivfclinic.com\\\/de\\\/fertility-treatment\\\/\"},{\"@type\":\"ListItem\",\"position\":2,\"name\":\"Fruchtbarkeitsbehandlungen\",\"item\":\"https:\\\/\\\/cryosivfclinic.com\\\/de\\\/fruchtbarkeitsbehandlungen\\\/\"},{\"@type\":\"ListItem\",\"position\":3,\"name\":\"IVF-Behandlung\"}]},{\"@type\":\"WebSite\",\"@id\":\"https:\\\/\\\/cryosivfclinic.com\\\/de\\\/#website\",\"url\":\"https:\\\/\\\/cryosivfclinic.com\\\/de\\\/\",\"name\":\"Cryos IVF Clinic in Cyprus\",\"description\":\"\",\"publisher\":{\"@id\":\"https:\\\/\\\/cryosivfclinic.com\\\/de\\\/#organization\"},\"potentialAction\":[{\"@type\":\"SearchAction\",\"target\":{\"@type\":\"EntryPoint\",\"urlTemplate\":\"https:\\\/\\\/cryosivfclinic.com\\\/de\\\/?s={search_term_string}\"},\"query-input\":{\"@type\":\"PropertyValueSpecification\",\"valueRequired\":true,\"valueName\":\"search_term_string\"}}],\"inLanguage\":\"de\"},{\"@type\":\"Organization\",\"@id\":\"https:\\\/\\\/cryosivfclinic.com\\\/de\\\/#organization\",\"name\":\"Cryos IVF Clinic in Cyprus\",\"url\":\"https:\\\/\\\/cryosivfclinic.com\\\/de\\\/\",\"logo\":{\"@type\":\"ImageObject\",\"inLanguage\":\"de\",\"@id\":\"https:\\\/\\\/cryosivfclinic.com\\\/de\\\/#\\\/schema\\\/logo\\\/image\\\/\",\"url\":\"https:\\\/\\\/cryosivfclinic.com\\\/wp-content\\\/uploads\\\/2025\\\/01\\\/Cryos_Clinic_Logo_RGB_Blue_Black_ank.png\",\"contentUrl\":\"https:\\\/\\\/cryosivfclinic.com\\\/wp-content\\\/uploads\\\/2025\\\/01\\\/Cryos_Clinic_Logo_RGB_Blue_Black_ank.png\",\"width\":367,\"height\":207,\"caption\":\"Cryos IVF Clinic in Cyprus\"},\"image\":{\"@id\":\"https:\\\/\\\/cryosivfclinic.com\\\/de\\\/#\\\/schema\\\/logo\\\/image\\\/\"}}]}<\/script>\n<!-- \/ Yoast SEO plugin. -->","yoast_head_json":{"title":"IVF-Behandlung - Cryos IVF Clinic in Cyprus","description":"Die IVF-Behandlung ist eine h\u00e4ufig angewandte Fruchtbarkeitsbehandlung f\u00fcr Menschen, die mit Unfruchtbarkeit zu k\u00e4mpfen haben. Erfahren Sie hier mehr \u00fcber das IVF-Verfahren.","robots":{"index":"index","follow":"follow","max-snippet":"max-snippet:-1","max-image-preview":"max-image-preview:large","max-video-preview":"max-video-preview:-1"},"canonical":"https:\/\/cryosivfclinic.com\/de\/fruchtbarkeitsbehandlungen\/ivf-behandlung\/","og_locale":"de_DE","og_type":"article","og_title":"IVF-Behandlung - Cryos IVF Clinic in Cyprus","og_description":"Die IVF-Behandlung ist eine h\u00e4ufig angewandte Fruchtbarkeitsbehandlung f\u00fcr Menschen, die mit Unfruchtbarkeit zu k\u00e4mpfen haben. Erfahren Sie hier mehr \u00fcber das IVF-Verfahren.","og_url":"https:\/\/cryosivfclinic.com\/de\/fruchtbarkeitsbehandlungen\/ivf-behandlung\/","og_site_name":"Cryos IVF Clinic in Cyprus","article_modified_time":"2026-03-12T11:29:58+00:00","og_image":[{"width":960,"height":540,"url":"https:\/\/cryosivfclinic.com\/wp-content\/uploads\/2025\/03\/Mother-with-baby-born-from-IVF-at-Cryos-UVF-Clinic.jpg","type":"image\/jpeg"}],"twitter_card":"summary_large_image","twitter_misc":{"Gesch\u00e4tzte Lesezeit":"6\u00a0Minuten"},"schema":{"@context":"https:\/\/schema.org","@graph":[{"@type":"WebPage","@id":"https:\/\/cryosivfclinic.com\/de\/fruchtbarkeitsbehandlungen\/ivf-behandlung\/","url":"https:\/\/cryosivfclinic.com\/de\/fruchtbarkeitsbehandlungen\/ivf-behandlung\/","name":"IVF-Behandlung - Cryos IVF Clinic in Cyprus","isPartOf":{"@id":"https:\/\/cryosivfclinic.com\/de\/#website"},"primaryImageOfPage":{"@id":"https:\/\/cryosivfclinic.com\/de\/fruchtbarkeitsbehandlungen\/ivf-behandlung\/#primaryimage"},"image":{"@id":"https:\/\/cryosivfclinic.com\/de\/fruchtbarkeitsbehandlungen\/ivf-behandlung\/#primaryimage"},"thumbnailUrl":"https:\/\/cryosivfclinic.com\/wp-content\/uploads\/2025\/03\/Mother-with-baby-born-from-IVF-at-Cryos-UVF-Clinic.jpg","datePublished":"2025-03-21T13:52:17+00:00","dateModified":"2026-03-12T11:29:58+00:00","description":"Die IVF-Behandlung ist eine h\u00e4ufig angewandte Fruchtbarkeitsbehandlung f\u00fcr Menschen, die mit Unfruchtbarkeit zu k\u00e4mpfen haben. Erfahren Sie hier mehr \u00fcber das IVF-Verfahren.","breadcrumb":{"@id":"https:\/\/cryosivfclinic.com\/de\/fruchtbarkeitsbehandlungen\/ivf-behandlung\/#breadcrumb"},"inLanguage":"de","potentialAction":[{"@type":"ReadAction","target":["https:\/\/cryosivfclinic.com\/de\/fruchtbarkeitsbehandlungen\/ivf-behandlung\/"]}]},{"@type":"ImageObject","inLanguage":"de","@id":"https:\/\/cryosivfclinic.com\/de\/fruchtbarkeitsbehandlungen\/ivf-behandlung\/#primaryimage","url":"https:\/\/cryosivfclinic.com\/wp-content\/uploads\/2025\/03\/Mother-with-baby-born-from-IVF-at-Cryos-UVF-Clinic.jpg","contentUrl":"https:\/\/cryosivfclinic.com\/wp-content\/uploads\/2025\/03\/Mother-with-baby-born-from-IVF-at-Cryos-UVF-Clinic.jpg"},{"@type":"BreadcrumbList","@id":"https:\/\/cryosivfclinic.com\/de\/fruchtbarkeitsbehandlungen\/ivf-behandlung\/#breadcrumb","itemListElement":[{"@type":"ListItem","position":1,"name":"Home","item":"https:\/\/cryosivfclinic.com\/de\/fertility-treatment\/"},{"@type":"ListItem","position":2,"name":"Fruchtbarkeitsbehandlungen","item":"https:\/\/cryosivfclinic.com\/de\/fruchtbarkeitsbehandlungen\/"},{"@type":"ListItem","position":3,"name":"IVF-Behandlung"}]},{"@type":"WebSite","@id":"https:\/\/cryosivfclinic.com\/de\/#website","url":"https:\/\/cryosivfclinic.com\/de\/","name":"Cryos IVF Clinic in Cyprus","description":"","publisher":{"@id":"https:\/\/cryosivfclinic.com\/de\/#organization"},"potentialAction":[{"@type":"SearchAction","target":{"@type":"EntryPoint","urlTemplate":"https:\/\/cryosivfclinic.com\/de\/?s={search_term_string}"},"query-input":{"@type":"PropertyValueSpecification","valueRequired":true,"valueName":"search_term_string"}}],"inLanguage":"de"},{"@type":"Organization","@id":"https:\/\/cryosivfclinic.com\/de\/#organization","name":"Cryos IVF Clinic in Cyprus","url":"https:\/\/cryosivfclinic.com\/de\/","logo":{"@type":"ImageObject","inLanguage":"de","@id":"https:\/\/cryosivfclinic.com\/de\/#\/schema\/logo\/image\/","url":"https:\/\/cryosivfclinic.com\/wp-content\/uploads\/2025\/01\/Cryos_Clinic_Logo_RGB_Blue_Black_ank.png","contentUrl":"https:\/\/cryosivfclinic.com\/wp-content\/uploads\/2025\/01\/Cryos_Clinic_Logo_RGB_Blue_Black_ank.png","width":367,"height":207,"caption":"Cryos IVF Clinic in Cyprus"},"image":{"@id":"https:\/\/cryosivfclinic.com\/de\/#\/schema\/logo\/image\/"}}]}},"_links":{"self":[{"href":"https:\/\/cryosivfclinic.com\/de\/wp-json\/wp\/v2\/pages\/1785","targetHints":{"allow":["GET"]}}],"collection":[{"href":"https:\/\/cryosivfclinic.com\/de\/wp-json\/wp\/v2\/pages"}],"about":[{"href":"https:\/\/cryosivfclinic.com\/de\/wp-json\/wp\/v2\/types\/page"}],"author":[{"embeddable":true,"href":"https:\/\/cryosivfclinic.com\/de\/wp-json\/wp\/v2\/users\/2"}],"replies":[{"embeddable":true,"href":"https:\/\/cryosivfclinic.com\/de\/wp-json\/wp\/v2\/comments?post=1785"}],"version-history":[{"count":5,"href":"https:\/\/cryosivfclinic.com\/de\/wp-json\/wp\/v2\/pages\/1785\/revisions"}],"predecessor-version":[{"id":2775,"href":"https:\/\/cryosivfclinic.com\/de\/wp-json\/wp\/v2\/pages\/1785\/revisions\/2775"}],"up":[{"embeddable":true,"href":"https:\/\/cryosivfclinic.com\/de\/wp-json\/wp\/v2\/pages\/1766"}],"wp:attachment":[{"href":"https:\/\/cryosivfclinic.com\/de\/wp-json\/wp\/v2\/media?parent=1785"}],"curies":[{"name":"wp","href":"https:\/\/api.w.org\/{rel}","templated":true}]}}