{"id":1766,"date":"2025-03-21T13:34:19","date_gmt":"2025-03-21T13:34:19","guid":{"rendered":"https:\/\/cryosivfclinic.com\/fruchtbarkeitsbehandlungen\/"},"modified":"2025-04-08T14:17:23","modified_gmt":"2025-04-08T14:17:23","slug":"fruchtbarkeitsbehandlungen","status":"publish","type":"page","link":"https:\/\/cryosivfclinic.com\/de\/fruchtbarkeitsbehandlungen\/","title":{"rendered":"Fruchtbarkeitsbehandlungen"},"content":{"rendered":"\t\t<div data-elementor-type=\"wp-page\" data-elementor-id=\"1766\" class=\"elementor elementor-1766 elementor-379\" data-elementor-post-type=\"page\">\n\t\t\t\t<div class=\"elementor-element elementor-element-32383e1 paddedsection_top e-flex e-con-boxed e-con e-parent\" data-id=\"32383e1\" data-element_type=\"container\" data-e-type=\"container\">\n\t\t\t\t\t<div class=\"e-con-inner\">\n\t\t\t\t<div class=\"elementor-element elementor-element-63e7e10 elementor-widget elementor-widget-heading\" data-id=\"63e7e10\" data-element_type=\"widget\" data-e-type=\"widget\" data-widget_type=\"heading.default\">\n\t\t\t\t\t<h1 class=\"elementor-heading-title elementor-size-default\">Behandlungen in der Cryos IVF-Klinik\n<\/h1>\t\t\t\t<\/div>\n\t\t\t\t<div class=\"elementor-element elementor-element-a9806bf lastnospace elementor-widget elementor-widget-text-editor\" data-id=\"a9806bf\" data-element_type=\"widget\" data-e-type=\"widget\" data-widget_type=\"text-editor.default\">\n\t\t\t\t\t\t\t\t\t<p>Wir bieten eine breite Palette von Fruchtbarkeitsdienstleistungen an, die auf Ihre individuellen Bed\u00fcrfnisse zugeschnitten sind. Erfahren Sie hier, wie wir Ihnen helfen k\u00f6nnen. <\/p>\t\t\t\t\t\t\t\t<\/div>\n\t\t\t\t<div class=\"elementor-element elementor-element-934f14b elementor-widget-divider--view-line elementor-widget elementor-widget-divider\" data-id=\"934f14b\" data-element_type=\"widget\" data-e-type=\"widget\" data-widget_type=\"divider.default\">\n\t\t\t\t\t\t\t<div class=\"elementor-divider\">\n\t\t\t<span class=\"elementor-divider-separator\">\n\t\t\t\t\t\t<\/span>\n\t\t<\/div>\n\t\t\t\t\t\t<\/div>\n\t\t\t\t<div class=\"elementor-element elementor-element-e27ae7b elementor-widget elementor-widget-text-editor\" data-id=\"e27ae7b\" data-element_type=\"widget\" data-e-type=\"widget\" data-widget_type=\"text-editor.default\">\n\t\t\t\t\t\t\t\t\t<p>Ob Sie Ihre Fruchtbarkeit erhalten oder Eltern werden m\u00f6chten &#8211; vielleicht mit Hilfe eines Spenders &#8211; wir sind f\u00fcr Sie da. Lesen Sie weiter, um zu erfahren, welche Fruchtbarkeitsdienstleistungen wir anbieten. <\/p>\t\t\t\t\t\t\t\t<\/div>\n\t\t\t\t<div class=\"elementor-element elementor-element-815301e elementor-widget elementor-widget-image\" data-id=\"815301e\" data-element_type=\"widget\" data-e-type=\"widget\" data-widget_type=\"image.default\">\n\t\t\t\t\t\t\t\t\t\t\t\t\t\t\t<img fetchpriority=\"high\" decoding=\"async\" width=\"960\" height=\"540\" src=\"https:\/\/cryosivfclinic.com\/wp-content\/uploads\/2025\/03\/pregnant-belly-after-fertility-treatment.jpg\" class=\"attachment-full size-full wp-image-1689\" alt=\"\" srcset=\"https:\/\/cryosivfclinic.com\/wp-content\/uploads\/2025\/03\/pregnant-belly-after-fertility-treatment.jpg 960w, https:\/\/cryosivfclinic.com\/wp-content\/uploads\/2025\/03\/pregnant-belly-after-fertility-treatment-300x169.jpg 300w, https:\/\/cryosivfclinic.com\/wp-content\/uploads\/2025\/03\/pregnant-belly-after-fertility-treatment-768x432.jpg 768w\" sizes=\"(max-width: 960px) 100vw, 960px\" \/>\t\t\t\t\t\t\t\t\t\t\t\t\t\t\t<\/div>\n\t\t\t\t<div class=\"elementor-element elementor-element-d429c16 elementor-widget elementor-widget-text-editor\" data-id=\"d429c16\" data-element_type=\"widget\" data-e-type=\"widget\" data-widget_type=\"text-editor.default\">\n\t\t\t\t\t\t\t\t\t<h2>Fruchtbarkeitsbehandlungen in der Cryos IVF-Klinik<\/h2>\nWir wissen, dass eine Fruchtbarkeitsbehandlung eine emotionale und k\u00f6rperliche Reise sein kann. In der Cryos IVF Clinic steht Ihnen <a href=\"https:\/\/cryosivfclinic.com\/our-clinic\/meet-our-team\/\">unser erfahrenes Team<\/a> bei jedem Schritt zur Seite, um Sie zu unterst\u00fctzen, zu begleiten und Ihnen zuzuh\u00f6ren &#8211; damit Sie sich auf das konzentrieren k\u00f6nnen, was wirklich wichtig ist: Ihren Traum von einem Kind zu verwirklichen. Sehen Sie unten, welche Fruchtbarkeitsbehandlungen wir anbieten.  <br class=\"a\"><br class=\"a\"><h3>IVF\/ICSI<\/h3>\nBei der In-vitro-Fertilisation (IVF) und der intrazytoplasmatischen Spermieninjektion (ICSI) werden Eizellen im Labor mit Spermien befruchtet, bevor ein Embryo in die Geb\u00e4rmutter \u00fcbertragen wird. Diese fortschrittlichen Behandlungen erh\u00f6hen die Chancen auf eine Empf\u00e4ngnis f\u00fcr viele Patienten. <br class=\"a\"><br class=\"a\"><a href=\"https:\/\/cryosivfclinic.com\/treatments\/ivf\/\">\u00dcber IVF\/ICSI<\/a>\t\t\t\t\t\t\t\t<\/div>\n\t\t\t\t<div class=\"elementor-element elementor-element-59f6860 elementor-widget elementor-widget-text-editor\" data-id=\"59f6860\" data-element_type=\"widget\" data-e-type=\"widget\" data-widget_type=\"text-editor.default\">\n\t\t\t\t\t\t\t\t\t<h3>IUI<\/h3>\nIUI ist eine einfache, weniger invasive Fruchtbarkeitsbehandlung, bei der die Spermien zum Zeitpunkt des Eisprungs in die Geb\u00e4rmutter injiziert werden, damit sie sich der Eizelle n\u00e4hern k\u00f6nnen. Ideal f\u00fcr Paare mit leichten Fruchtbarkeitsproblemen oder alleinstehende Frauen, die einen Samenspender verwenden. <br class=\"a\"><br class=\"a\"><a href=\"https:\/\/cryosivfclinic.com\/treatments\/iui\/\">\u00dcber IUI<\/a>\t\t\t\t\t\t\t\t<\/div>\n\t\t\t\t<div class=\"elementor-element elementor-element-77867ce elementor-widget elementor-widget-text-editor\" data-id=\"77867ce\" data-element_type=\"widget\" data-e-type=\"widget\" data-widget_type=\"text-editor.default\">\n\t\t\t\t\t\t\t\t\t<h3>Behandlung mit Spendereiern<\/h3>\nF\u00fcr Einzelpersonen oder Paare, die ihre eigenen Eizellen nicht verwenden k\u00f6nnen, bietet die Eizellspende einen gangbaren Weg zur Elternschaft. Mit Hilfe einer Eizellspenderin kann die IVF\/ICSI die Chancen auf eine erfolgreiche Schwangerschaft erh\u00f6hen. <br class=\"a\"><br class=\"a\"><a href=\"https:\/\/cryosivfclinic.com\/treatments\/treatment-with-donor-eggs\/\">\u00dcber die Verwendung von Spendereiern<\/a>\t\t\t\t\t\t\t\t<\/div>\n\t\t\t\t<div class=\"elementor-element elementor-element-e312da8 elementor-widget elementor-widget-text-editor\" data-id=\"e312da8\" data-element_type=\"widget\" data-e-type=\"widget\" data-widget_type=\"text-editor.default\">\n\t\t\t\t\t\t\t\t\t<h3>Behandlung mit Spendersamen<\/h3>\nDie Verwendung von Spendersamen ist ideal f\u00fcr alleinstehende Frauen und Paare mit m\u00e4nnlicher Unfruchtbarkeit. Informieren Sie sich hier \u00fcber reproduktionsmedizinische Behandlungen mit gespendeten Spermien. <br class=\"a\"><br class=\"a\"><a href=\"https:\/\/cryosivfclinic.com\/treatments\/treatment-with-donor-sperm\/\">\u00dcber die Verwendung von Spendersamen<\/a>\t\t\t\t\t\t\t\t<\/div>\n\t\t\t\t<div class=\"elementor-element elementor-element-14d557f elementor-widget elementor-widget-text-editor\" data-id=\"14d557f\" data-element_type=\"widget\" data-e-type=\"widget\" data-widget_type=\"text-editor.default\">\n\t\t\t\t\t\t\t\t\t<h3>Gefrorener Embryotransfer (FET)<\/h3>\nBei der FET wird ein zuvor eingefrorener Embryo aufgetaut und transferiert. Dies bietet die Chance auf eine Schwangerschaft, ohne dass ein vollst\u00e4ndiger IVF-Zyklus durchgef\u00fchrt werden muss.<br class=\"a\"><br class=\"a\"><a href=\"https:\/\/cryosivfclinic.com\/treatments\/frozen-embryo-transfer-fet\/\">\u00dcber FET<\/a>\t\t\t\t\t\t\t\t<\/div>\n\t\t\t\t\t<\/div>\n\t\t\t\t<\/div>\n\t\t<div class=\"elementor-element elementor-element-33c61b0 e-flex e-con-boxed e-con e-parent\" data-id=\"33c61b0\" data-element_type=\"container\" data-e-type=\"container\">\n\t\t\t\t\t<div class=\"e-con-inner\">\n\t\t<div class=\"elementor-element elementor-element-3dfcb29 e-con-full paddedsection_bottom e-flex e-con e-child\" data-id=\"3dfcb29\" data-element_type=\"container\" data-e-type=\"container\" data-settings=\"{&quot;background_background&quot;:&quot;classic&quot;}\">\n\t\t\t\t<div class=\"elementor-element elementor-element-64229f2 elementor-widget elementor-widget-text-editor\" data-id=\"64229f2\" data-element_type=\"widget\" data-e-type=\"widget\" data-widget_type=\"text-editor.default\">\n\t\t\t\t\t\t\t\t\t<h2>Erf\u00fcllen Sie sich Ihren Kinderwunsch mit Cryos<\/h2><p>Jede Fruchtbarkeitsreise ist einzigartig. Kontaktieren Sie uns, um zu erfahren, wie wir Sie auf Ihrem Weg zur Elternschaft unterst\u00fctzen k\u00f6nnen. <\/p>\t\t\t\t\t\t\t\t<\/div>\n\t\t\t\t<div class=\"elementor-element elementor-element-fa991dc elementor-align-center elementor-widget elementor-widget-button\" data-id=\"fa991dc\" data-element_type=\"widget\" data-e-type=\"widget\" data-widget_type=\"button.default\">\n\t\t\t\t\t\t\t\t\t\t<a class=\"elementor-button elementor-button-link elementor-size-sm\" href=\"https:\/\/cryosivfclinic.com\/contact\/\">\n\t\t\t\t\t\t<span class=\"elementor-button-content-wrapper\">\n\t\t\t\t\t\t\t\t\t<span class=\"elementor-button-text\">Kontakt zur Cryos IVF-Klinik<\/span>\n\t\t\t\t\t<\/span>\n\t\t\t\t\t<\/a>\n\t\t\t\t\t\t\t\t<\/div>\n\t\t\t\t<\/div>\n\t\t\t\t\t<\/div>\n\t\t\t\t<\/div>\n\t\t<div class=\"elementor-element elementor-element-2fceeb4 paddedsection_bottom e-flex e-con-boxed e-con e-parent\" data-id=\"2fceeb4\" data-element_type=\"container\" data-e-type=\"container\">\n\t\t\t\t\t<div class=\"e-con-inner\">\n\t\t\t\t<div class=\"elementor-element elementor-element-882ed4f elementor-widget elementor-widget-text-editor\" data-id=\"882ed4f\" data-element_type=\"widget\" data-e-type=\"widget\" data-widget_type=\"text-editor.default\">\n\t\t\t\t\t\t\t\t\t<h2>Fertilit\u00e4tserhaltung in der Cryos IVF-Klinik<\/h2><p>\u00dcbernehmen Sie die Kontrolle \u00fcber Ihre reproduktive Zukunft mit unseren Dienstleistungen zum Einfrieren von Spermien und Eizellen. Ganz gleich, ob Sie die Elternschaft hinausz\u00f6gern oder Ihre Fruchtbarkeit aus medizinischen Gr\u00fcnden erhalten m\u00f6chten, unsere Einfrierdienste helfen Ihnen, Ihre Chancen auf Kinder in der Zukunft zu sichern. <br class=\"a\"><br class=\"a\"><\/p><h3>Einfrieren von Eizellen<\/h3><p>Beim Einfrieren von Eizellen werden Ihre Eizellen entnommen, eingefroren und zur sp\u00e4teren Verwendung gelagert. Wenn Sie jetzt hochwertige Eizellen einfrieren, k\u00f6nnen Sie Ihre F\u00e4higkeit bewahren, sp\u00e4ter im Leben Kinder zu bekommen. <br class=\"a\"><br class=\"a\"><a href=\"https:\/\/cryosivfclinic.com\/treatments\/egg-freezing\/\">\u00dcber das Einfrieren von Eizellen<\/a><\/p>\t\t\t\t\t\t\t\t<\/div>\n\t\t\t\t<div class=\"elementor-element elementor-element-cd18293 elementor-widget elementor-widget-text-editor\" data-id=\"cd18293\" data-element_type=\"widget\" data-e-type=\"widget\" data-widget_type=\"text-editor.default\">\n\t\t\t\t\t\t\t\t\t<h3>Sperma einfrieren<\/h3><p>Beim Einfrieren von Spermien werden Spermaproben bei -196\u00b0C gelagert. Nach dem Auftauen k\u00f6nnen die Spermaproben f\u00fcr eine Fruchtbarkeitsbehandlung verwendet werden, so dass Sie sich Ihre Optionen f\u00fcr die Zukunft offen halten. <br class=\"a\"><br class=\"a\"><a href=\"https:\/\/cryosivfclinic.com\/treatments\/sperm-freezing\/\">\u00dcber das Einfrieren von Sperma<\/a><\/p>\t\t\t\t\t\t\t\t<\/div>\n\t\t\t\t\t<\/div>\n\t\t\t\t<\/div>\n\t\t\t\t<\/div>\n\t\t","protected":false},"excerpt":{"rendered":"<p>Behandlungen in der Cryos IVF-Klinik Wir bieten eine breite Palette von Fruchtbarkeitsdienstleistungen an, die auf Ihre individuellen Bed\u00fcrfnisse zugeschnitten sind. Erfahren Sie hier, wie wir Ihnen helfen k\u00f6nnen. Ob Sie Ihre Fruchtbarkeit erhalten oder Eltern werden m\u00f6chten &#8211; vielleicht mit Hilfe eines Spenders &#8211; wir sind f\u00fcr Sie da. Lesen Sie weiter, um zu erfahren, [&hellip;]<\/p>\n","protected":false},"author":2,"featured_media":0,"parent":0,"menu_order":0,"comment_status":"closed","ping_status":"closed","template":"","meta":{"footnotes":""},"class_list":["post-1766","page","type-page","status-publish","hentry"],"yoast_head":"<!-- This site is optimized with the Yoast SEO plugin v27.5 - https:\/\/yoast.com\/product\/yoast-seo-wordpress\/ -->\n<title>Fruchtbarkeitsbehandlungen - Cryos IVF Clinic in Cyprus<\/title>\n<meta name=\"description\" content=\"Die Cryos IVF Clinic bietet Fruchtbarkeitsbehandlungen wie IVF und IUI sowie Fertilit\u00e4tserhaltung an. Eine Liste unserer Fruchtbarkeitsdienstleistungen finden Sie hier.\" \/>\n<meta name=\"robots\" content=\"index, follow, max-snippet:-1, max-image-preview:large, max-video-preview:-1\" \/>\n<link rel=\"canonical\" href=\"https:\/\/cryosivfclinic.com\/de\/fruchtbarkeitsbehandlungen\/\" \/>\n<meta property=\"og:locale\" content=\"de_DE\" \/>\n<meta property=\"og:type\" content=\"article\" \/>\n<meta property=\"og:title\" content=\"Fruchtbarkeitsbehandlungen - Cryos IVF Clinic in Cyprus\" \/>\n<meta property=\"og:description\" content=\"Die Cryos IVF Clinic bietet Fruchtbarkeitsbehandlungen wie IVF und IUI sowie Fertilit\u00e4tserhaltung an. Eine Liste unserer Fruchtbarkeitsdienstleistungen finden Sie hier.\" \/>\n<meta property=\"og:url\" content=\"https:\/\/cryosivfclinic.com\/de\/fruchtbarkeitsbehandlungen\/\" \/>\n<meta property=\"og:site_name\" content=\"Cryos IVF Clinic in Cyprus\" \/>\n<meta property=\"article:modified_time\" content=\"2025-04-08T14:17:23+00:00\" \/>\n<meta property=\"og:image\" content=\"https:\/\/cryosivfclinic.com\/wp-content\/uploads\/2025\/03\/pregnant-belly-after-fertility-treatment.jpg\" \/>\n\t<meta property=\"og:image:width\" content=\"960\" \/>\n\t<meta property=\"og:image:height\" content=\"540\" \/>\n\t<meta property=\"og:image:type\" content=\"image\/jpeg\" \/>\n<meta name=\"twitter:card\" content=\"summary_large_image\" \/>\n<meta name=\"twitter:label1\" content=\"Gesch\u00e4tzte Lesezeit\" \/>\n\t<meta name=\"twitter:data1\" content=\"3\u00a0Minuten\" \/>\n<script type=\"application\/ld+json\" class=\"yoast-schema-graph\">{\"@context\":\"https:\\\/\\\/schema.org\",\"@graph\":[{\"@type\":\"WebPage\",\"@id\":\"https:\\\/\\\/cryosivfclinic.com\\\/de\\\/fruchtbarkeitsbehandlungen\\\/\",\"url\":\"https:\\\/\\\/cryosivfclinic.com\\\/de\\\/fruchtbarkeitsbehandlungen\\\/\",\"name\":\"Fruchtbarkeitsbehandlungen - Cryos IVF Clinic in Cyprus\",\"isPartOf\":{\"@id\":\"https:\\\/\\\/cryosivfclinic.com\\\/de\\\/#website\"},\"primaryImageOfPage\":{\"@id\":\"https:\\\/\\\/cryosivfclinic.com\\\/de\\\/fruchtbarkeitsbehandlungen\\\/#primaryimage\"},\"image\":{\"@id\":\"https:\\\/\\\/cryosivfclinic.com\\\/de\\\/fruchtbarkeitsbehandlungen\\\/#primaryimage\"},\"thumbnailUrl\":\"https:\\\/\\\/cryosivfclinic.com\\\/wp-content\\\/uploads\\\/2025\\\/03\\\/pregnant-belly-after-fertility-treatment.jpg\",\"datePublished\":\"2025-03-21T13:34:19+00:00\",\"dateModified\":\"2025-04-08T14:17:23+00:00\",\"description\":\"Die Cryos IVF Clinic bietet Fruchtbarkeitsbehandlungen wie IVF und IUI sowie Fertilit\u00e4tserhaltung an. Eine Liste unserer Fruchtbarkeitsdienstleistungen finden Sie hier.\",\"breadcrumb\":{\"@id\":\"https:\\\/\\\/cryosivfclinic.com\\\/de\\\/fruchtbarkeitsbehandlungen\\\/#breadcrumb\"},\"inLanguage\":\"de\",\"potentialAction\":[{\"@type\":\"ReadAction\",\"target\":[\"https:\\\/\\\/cryosivfclinic.com\\\/de\\\/fruchtbarkeitsbehandlungen\\\/\"]}]},{\"@type\":\"ImageObject\",\"inLanguage\":\"de\",\"@id\":\"https:\\\/\\\/cryosivfclinic.com\\\/de\\\/fruchtbarkeitsbehandlungen\\\/#primaryimage\",\"url\":\"https:\\\/\\\/cryosivfclinic.com\\\/wp-content\\\/uploads\\\/2025\\\/03\\\/pregnant-belly-after-fertility-treatment.jpg\",\"contentUrl\":\"https:\\\/\\\/cryosivfclinic.com\\\/wp-content\\\/uploads\\\/2025\\\/03\\\/pregnant-belly-after-fertility-treatment.jpg\"},{\"@type\":\"BreadcrumbList\",\"@id\":\"https:\\\/\\\/cryosivfclinic.com\\\/de\\\/fruchtbarkeitsbehandlungen\\\/#breadcrumb\",\"itemListElement\":[{\"@type\":\"ListItem\",\"position\":1,\"name\":\"Home\",\"item\":\"https:\\\/\\\/cryosivfclinic.com\\\/de\\\/fertility-treatment\\\/\"},{\"@type\":\"ListItem\",\"position\":2,\"name\":\"Fruchtbarkeitsbehandlungen\"}]},{\"@type\":\"WebSite\",\"@id\":\"https:\\\/\\\/cryosivfclinic.com\\\/de\\\/#website\",\"url\":\"https:\\\/\\\/cryosivfclinic.com\\\/de\\\/\",\"name\":\"Cryos IVF Clinic in Cyprus\",\"description\":\"\",\"publisher\":{\"@id\":\"https:\\\/\\\/cryosivfclinic.com\\\/de\\\/#organization\"},\"potentialAction\":[{\"@type\":\"SearchAction\",\"target\":{\"@type\":\"EntryPoint\",\"urlTemplate\":\"https:\\\/\\\/cryosivfclinic.com\\\/de\\\/?s={search_term_string}\"},\"query-input\":{\"@type\":\"PropertyValueSpecification\",\"valueRequired\":true,\"valueName\":\"search_term_string\"}}],\"inLanguage\":\"de\"},{\"@type\":\"Organization\",\"@id\":\"https:\\\/\\\/cryosivfclinic.com\\\/de\\\/#organization\",\"name\":\"Cryos IVF Clinic in Cyprus\",\"url\":\"https:\\\/\\\/cryosivfclinic.com\\\/de\\\/\",\"logo\":{\"@type\":\"ImageObject\",\"inLanguage\":\"de\",\"@id\":\"https:\\\/\\\/cryosivfclinic.com\\\/de\\\/#\\\/schema\\\/logo\\\/image\\\/\",\"url\":\"https:\\\/\\\/cryosivfclinic.com\\\/wp-content\\\/uploads\\\/2025\\\/01\\\/Cryos_Clinic_Logo_RGB_Blue_Black_ank.png\",\"contentUrl\":\"https:\\\/\\\/cryosivfclinic.com\\\/wp-content\\\/uploads\\\/2025\\\/01\\\/Cryos_Clinic_Logo_RGB_Blue_Black_ank.png\",\"width\":367,\"height\":207,\"caption\":\"Cryos IVF Clinic in Cyprus\"},\"image\":{\"@id\":\"https:\\\/\\\/cryosivfclinic.com\\\/de\\\/#\\\/schema\\\/logo\\\/image\\\/\"}}]}<\/script>\n<!-- \/ Yoast SEO plugin. -->","yoast_head_json":{"title":"Fruchtbarkeitsbehandlungen - Cryos IVF Clinic in Cyprus","description":"Die Cryos IVF Clinic bietet Fruchtbarkeitsbehandlungen wie IVF und IUI sowie Fertilit\u00e4tserhaltung an. Eine Liste unserer Fruchtbarkeitsdienstleistungen finden Sie hier.","robots":{"index":"index","follow":"follow","max-snippet":"max-snippet:-1","max-image-preview":"max-image-preview:large","max-video-preview":"max-video-preview:-1"},"canonical":"https:\/\/cryosivfclinic.com\/de\/fruchtbarkeitsbehandlungen\/","og_locale":"de_DE","og_type":"article","og_title":"Fruchtbarkeitsbehandlungen - Cryos IVF Clinic in Cyprus","og_description":"Die Cryos IVF Clinic bietet Fruchtbarkeitsbehandlungen wie IVF und IUI sowie Fertilit\u00e4tserhaltung an. Eine Liste unserer Fruchtbarkeitsdienstleistungen finden Sie hier.","og_url":"https:\/\/cryosivfclinic.com\/de\/fruchtbarkeitsbehandlungen\/","og_site_name":"Cryos IVF Clinic in Cyprus","article_modified_time":"2025-04-08T14:17:23+00:00","og_image":[{"width":960,"height":540,"url":"https:\/\/cryosivfclinic.com\/wp-content\/uploads\/2025\/03\/pregnant-belly-after-fertility-treatment.jpg","type":"image\/jpeg"}],"twitter_card":"summary_large_image","twitter_misc":{"Gesch\u00e4tzte Lesezeit":"3\u00a0Minuten"},"schema":{"@context":"https:\/\/schema.org","@graph":[{"@type":"WebPage","@id":"https:\/\/cryosivfclinic.com\/de\/fruchtbarkeitsbehandlungen\/","url":"https:\/\/cryosivfclinic.com\/de\/fruchtbarkeitsbehandlungen\/","name":"Fruchtbarkeitsbehandlungen - Cryos IVF Clinic in Cyprus","isPartOf":{"@id":"https:\/\/cryosivfclinic.com\/de\/#website"},"primaryImageOfPage":{"@id":"https:\/\/cryosivfclinic.com\/de\/fruchtbarkeitsbehandlungen\/#primaryimage"},"image":{"@id":"https:\/\/cryosivfclinic.com\/de\/fruchtbarkeitsbehandlungen\/#primaryimage"},"thumbnailUrl":"https:\/\/cryosivfclinic.com\/wp-content\/uploads\/2025\/03\/pregnant-belly-after-fertility-treatment.jpg","datePublished":"2025-03-21T13:34:19+00:00","dateModified":"2025-04-08T14:17:23+00:00","description":"Die Cryos IVF Clinic bietet Fruchtbarkeitsbehandlungen wie IVF und IUI sowie Fertilit\u00e4tserhaltung an. Eine Liste unserer Fruchtbarkeitsdienstleistungen finden Sie hier.","breadcrumb":{"@id":"https:\/\/cryosivfclinic.com\/de\/fruchtbarkeitsbehandlungen\/#breadcrumb"},"inLanguage":"de","potentialAction":[{"@type":"ReadAction","target":["https:\/\/cryosivfclinic.com\/de\/fruchtbarkeitsbehandlungen\/"]}]},{"@type":"ImageObject","inLanguage":"de","@id":"https:\/\/cryosivfclinic.com\/de\/fruchtbarkeitsbehandlungen\/#primaryimage","url":"https:\/\/cryosivfclinic.com\/wp-content\/uploads\/2025\/03\/pregnant-belly-after-fertility-treatment.jpg","contentUrl":"https:\/\/cryosivfclinic.com\/wp-content\/uploads\/2025\/03\/pregnant-belly-after-fertility-treatment.jpg"},{"@type":"BreadcrumbList","@id":"https:\/\/cryosivfclinic.com\/de\/fruchtbarkeitsbehandlungen\/#breadcrumb","itemListElement":[{"@type":"ListItem","position":1,"name":"Home","item":"https:\/\/cryosivfclinic.com\/de\/fertility-treatment\/"},{"@type":"ListItem","position":2,"name":"Fruchtbarkeitsbehandlungen"}]},{"@type":"WebSite","@id":"https:\/\/cryosivfclinic.com\/de\/#website","url":"https:\/\/cryosivfclinic.com\/de\/","name":"Cryos IVF Clinic in Cyprus","description":"","publisher":{"@id":"https:\/\/cryosivfclinic.com\/de\/#organization"},"potentialAction":[{"@type":"SearchAction","target":{"@type":"EntryPoint","urlTemplate":"https:\/\/cryosivfclinic.com\/de\/?s={search_term_string}"},"query-input":{"@type":"PropertyValueSpecification","valueRequired":true,"valueName":"search_term_string"}}],"inLanguage":"de"},{"@type":"Organization","@id":"https:\/\/cryosivfclinic.com\/de\/#organization","name":"Cryos IVF Clinic in Cyprus","url":"https:\/\/cryosivfclinic.com\/de\/","logo":{"@type":"ImageObject","inLanguage":"de","@id":"https:\/\/cryosivfclinic.com\/de\/#\/schema\/logo\/image\/","url":"https:\/\/cryosivfclinic.com\/wp-content\/uploads\/2025\/01\/Cryos_Clinic_Logo_RGB_Blue_Black_ank.png","contentUrl":"https:\/\/cryosivfclinic.com\/wp-content\/uploads\/2025\/01\/Cryos_Clinic_Logo_RGB_Blue_Black_ank.png","width":367,"height":207,"caption":"Cryos IVF Clinic in Cyprus"},"image":{"@id":"https:\/\/cryosivfclinic.com\/de\/#\/schema\/logo\/image\/"}}]}},"_links":{"self":[{"href":"https:\/\/cryosivfclinic.com\/de\/wp-json\/wp\/v2\/pages\/1766","targetHints":{"allow":["GET"]}}],"collection":[{"href":"https:\/\/cryosivfclinic.com\/de\/wp-json\/wp\/v2\/pages"}],"about":[{"href":"https:\/\/cryosivfclinic.com\/de\/wp-json\/wp\/v2\/types\/page"}],"author":[{"embeddable":true,"href":"https:\/\/cryosivfclinic.com\/de\/wp-json\/wp\/v2\/users\/2"}],"replies":[{"embeddable":true,"href":"https:\/\/cryosivfclinic.com\/de\/wp-json\/wp\/v2\/comments?post=1766"}],"version-history":[{"count":2,"href":"https:\/\/cryosivfclinic.com\/de\/wp-json\/wp\/v2\/pages\/1766\/revisions"}],"predecessor-version":[{"id":1774,"href":"https:\/\/cryosivfclinic.com\/de\/wp-json\/wp\/v2\/pages\/1766\/revisions\/1774"}],"wp:attachment":[{"href":"https:\/\/cryosivfclinic.com\/de\/wp-json\/wp\/v2\/media?parent=1766"}],"curies":[{"name":"wp","href":"https:\/\/api.w.org\/{rel}","templated":true}]}}