{"id":1760,"date":"2025-03-21T13:34:41","date_gmt":"2025-03-21T13:34:41","guid":{"rendered":"https:\/\/cryosivfclinic.com\/unsere-klinik\/"},"modified":"2025-04-08T14:17:47","modified_gmt":"2025-04-08T14:17:47","slug":"unsere-klinik","status":"publish","type":"page","link":"https:\/\/cryosivfclinic.com\/de\/unsere-klinik\/","title":{"rendered":"Unsere Klinik"},"content":{"rendered":"\t\t<div data-elementor-type=\"wp-page\" data-elementor-id=\"1760\" class=\"elementor elementor-1760 elementor-381\" data-elementor-post-type=\"page\">\n\t\t\t\t<div class=\"elementor-element elementor-element-85fd700 paddedsection e-flex e-con-boxed e-con e-parent\" data-id=\"85fd700\" data-element_type=\"container\" data-e-type=\"container\">\n\t\t\t\t\t<div class=\"e-con-inner\">\n\t\t\t\t<div class=\"elementor-element elementor-element-ac0e276 elementor-widget elementor-widget-heading\" data-id=\"ac0e276\" data-element_type=\"widget\" data-e-type=\"widget\" data-widget_type=\"heading.default\">\n\t\t\t\t\t<h1 class=\"elementor-heading-title elementor-size-default\">Unsere Klinik<\/h1>\t\t\t\t<\/div>\n\t\t\t\t<div class=\"elementor-element elementor-element-daa521e lastnospace elementor-widget elementor-widget-text-editor\" data-id=\"daa521e\" data-element_type=\"widget\" data-e-type=\"widget\" data-widget_type=\"text-editor.default\">\n\t\t\t\t\t\t\t\t\t<p>In der Cryos IVF Clinic erhalten Sie Zugang zu erschwinglichen Fruchtbarkeitsbehandlungen ohne Wartelisten.<\/p>\t\t\t\t\t\t\t\t<\/div>\n\t\t\t\t<div class=\"elementor-element elementor-element-3088968 elementor-widget-divider--view-line elementor-widget elementor-widget-divider\" data-id=\"3088968\" data-element_type=\"widget\" data-e-type=\"widget\" data-widget_type=\"divider.default\">\n\t\t\t\t\t\t\t<div class=\"elementor-divider\">\n\t\t\t<span class=\"elementor-divider-separator\">\n\t\t\t\t\t\t<\/span>\n\t\t<\/div>\n\t\t\t\t\t\t<\/div>\n\t\t\t\t<div class=\"elementor-element elementor-element-23a8859 elementor-widget elementor-widget-text-editor\" data-id=\"23a8859\" data-element_type=\"widget\" data-e-type=\"widget\" data-widget_type=\"text-editor.default\">\n\t\t\t\t\t\t\t\t\t<p>Wir sind auf fortschrittliche Fruchtbarkeitsbehandlungen spezialisiert und unterst\u00fctzen Einzelpersonen und Paare aus der ganzen Welt auf ihrem Weg zur Elternschaft. Unser Team spricht Englisch, Griechisch, Spanisch und T\u00fcrkisch, so dass Sie sich in der Sprache verst\u00e4ndigen k\u00f6nnen, die Ihnen am besten liegt. <\/p>\t\t\t\t\t\t\t\t<\/div>\n\t\t\t\t<div class=\"elementor-element elementor-element-bfb9c75 elementor-widget elementor-widget-image\" data-id=\"bfb9c75\" data-element_type=\"widget\" data-e-type=\"widget\" data-widget_type=\"image.default\">\n\t\t\t\t\t\t\t\t\t\t\t\t\t\t\t<img fetchpriority=\"high\" decoding=\"async\" width=\"960\" height=\"540\" src=\"https:\/\/cryosivfclinic.com\/wp-content\/uploads\/2025\/03\/baby-hand-on-window.jpg\" class=\"attachment-full size-full wp-image-1695\" alt=\"\" srcset=\"https:\/\/cryosivfclinic.com\/wp-content\/uploads\/2025\/03\/baby-hand-on-window.jpg 960w, https:\/\/cryosivfclinic.com\/wp-content\/uploads\/2025\/03\/baby-hand-on-window-300x169.jpg 300w, https:\/\/cryosivfclinic.com\/wp-content\/uploads\/2025\/03\/baby-hand-on-window-768x432.jpg 768w\" sizes=\"(max-width: 960px) 100vw, 960px\" \/>\t\t\t\t\t\t\t\t\t\t\t\t\t\t\t<\/div>\n\t\t\t\t<div class=\"elementor-element elementor-element-2bd1556 elementor-widget elementor-widget-text-editor\" data-id=\"2bd1556\" data-element_type=\"widget\" data-e-type=\"widget\" data-widget_type=\"text-editor.default\">\n\t\t\t\t\t\t\t\t\t<h2>Seit \u00fcber 35 Jahren lassen wir Tr\u00e4ume wahr werden<\/h2>\nAls Teil von Cryos International &#8211; der weltweit gr\u00f6\u00dften Samen- und Eizellenbank &#8211; verf\u00fcgen wir \u00fcber mehr als 35 Jahre Erfahrung in der Kinderwunschbehandlung.\nDie Cryos IVF Clinic befindet sich in Nikosia, Zypern, und ist vom Flughafen Larnaca aus leicht zu erreichen. Mit Direktfl\u00fcgen von vielen Orten aus ist die Cryos IVF Clinic eine bequeme Wahl f\u00fcr internationale Patienten, die eine hochwertige Fruchtbarkeitsbehandlung w\u00fcnschen.<br class=\"a\"><br class=\"a\"><a href=\"https:\/\/cryosivfclinic.com\/de\/unsere-klinik\/ueber-die-cryos-ivf-klinik\/\">\u00dcber die Cryos IVF-Klinik<\/a>\t\t\t\t\t\t\t\t<\/div>\n\t\t\t\t<div class=\"elementor-element elementor-element-0f533e5 elementor-widget elementor-widget-text-editor\" data-id=\"0f533e5\" data-element_type=\"widget\" data-e-type=\"widget\" data-widget_type=\"text-editor.default\">\n\t\t\t\t\t\t\t\t\t<h2>Pers\u00f6nliche Unterst\u00fctzung bei jedem Schritt<\/h2>\nBei unseren englischsprachigen, international ausgebildeten Mitarbeitern sind Sie in der Cryos IVF Clinic in sicheren H\u00e4nden. Wir bieten Ihnen personalisierte Behandlungspl\u00e4ne, die auf Ihre Bed\u00fcrfnisse zugeschnitten sind, und unsere leidenschaftlichen Fachleute setzen sich daf\u00fcr ein, dass Sie bei jedem Schritt des Fruchtbarkeitsprozesses den h\u00f6chsten Betreuungsstandard erhalten. <br class=\"a\"><br class=\"a\"><a href=\"https:\/\/cryosivfclinic.com\/de\/unsere-klinik\/unser-team\/\">Treffen Sie unser Team<\/a>\t\t\t\t\t\t\t\t<\/div>\n\t\t\t\t<div class=\"elementor-element elementor-element-597cd6e elementor-widget elementor-widget-text-editor\" data-id=\"597cd6e\" data-element_type=\"widget\" data-e-type=\"widget\" data-widget_type=\"text-editor.default\">\n\t\t\t\t\t\t\t\t\t<h2>Fruchtbarkeitsbehandlungen von Weltklasse<\/h2>\nWir bieten eine breite Palette von Fruchtbarkeitsdienstleistungen an, die auf Ihre individuelle Situation zugeschnitten sind. Egal, ob Sie Ihre Fruchtbarkeit erhalten oder Eltern werden m\u00f6chten &#8211; vielleicht mit Hilfe eines Spenders &#8211; wir sind f\u00fcr Sie da. <br class=\"a\"><br class=\"a\"><a href=\"https:\/\/cryosivfclinic.com\/de\/fruchtbarkeitsbehandlungen\/\">Alle Behandlungen anzeigen<\/a>\t\t\t\t\t\t\t\t<\/div>\n\t\t\t\t<div class=\"elementor-element elementor-element-e82cbc8 elementor-widget elementor-widget-text-editor\" data-id=\"e82cbc8\" data-element_type=\"widget\" data-e-type=\"widget\" data-widget_type=\"text-editor.default\">\n\t\t\t\t\t\t\t\t\t<h2>Sind Sie bereit f\u00fcr den n\u00e4chsten Schritt auf Ihrer Fruchtbarkeitsreise?<\/h2><p>Finden Sie heraus, wie die Cryos IVF Clinic Ihnen helfen kann, Ihren Traum von einem Kind zu verwirklichen. F\u00fcllen Sie unser Kontaktformular aus, und unser Team wird sich mit Ihnen in Verbindung setzen.   <\/p>\t\t\t\t\t\t\t\t<\/div>\n\t\t\t\t<div class=\"elementor-element elementor-element-ddb45d7 elementor-align-center elementor-widget elementor-widget-button\" data-id=\"ddb45d7\" data-element_type=\"widget\" data-e-type=\"widget\" data-widget_type=\"button.default\">\n\t\t\t\t\t\t\t\t\t\t<a class=\"elementor-button elementor-button-link elementor-size-sm\" href=\"https:\/\/cryosivfclinic.com\/de\/kontakt\/\">\n\t\t\t\t\t\t<span class=\"elementor-button-content-wrapper\">\n\t\t\t\t\t\t\t\t\t<span class=\"elementor-button-text\">Kontaktieren Sie uns<\/span>\n\t\t\t\t\t<\/span>\n\t\t\t\t\t<\/a>\n\t\t\t\t\t\t\t\t<\/div>\n\t\t\t\t\t<\/div>\n\t\t\t\t<\/div>\n\t\t\t\t<\/div>\n\t\t","protected":false},"excerpt":{"rendered":"<p>Unsere Klinik In der Cryos IVF Clinic erhalten Sie Zugang zu erschwinglichen Fruchtbarkeitsbehandlungen ohne Wartelisten. Wir sind auf fortschrittliche Fruchtbarkeitsbehandlungen spezialisiert und unterst\u00fctzen Einzelpersonen und Paare aus der ganzen Welt auf ihrem Weg zur Elternschaft. Unser Team spricht Englisch, Griechisch, Spanisch und T\u00fcrkisch, so dass Sie sich in der Sprache verst\u00e4ndigen k\u00f6nnen, die Ihnen am [&hellip;]<\/p>\n","protected":false},"author":2,"featured_media":0,"parent":0,"menu_order":0,"comment_status":"closed","ping_status":"closed","template":"","meta":{"footnotes":""},"class_list":["post-1760","page","type-page","status-publish","hentry"],"yoast_head":"<!-- This site is optimized with the Yoast SEO plugin v27.4 - https:\/\/yoast.com\/product\/yoast-seo-wordpress\/ -->\n<title>Unsere Klinik - Cryos IVF Clinic in Cyprus<\/title>\n<meta name=\"description\" content=\"Cryos IVF Clinic befindet sich in Nikosia und bietet erschwingliche Fruchtbarkeitsbehandlungen ohne Wartelisten an.\" \/>\n<meta name=\"robots\" content=\"noindex, nofollow\" \/>\n<meta property=\"og:locale\" content=\"de_DE\" \/>\n<meta property=\"og:type\" content=\"article\" \/>\n<meta property=\"og:title\" content=\"Unsere Klinik - Cryos IVF Clinic in Cyprus\" \/>\n<meta property=\"og:description\" content=\"Cryos IVF Clinic befindet sich in Nikosia und bietet erschwingliche Fruchtbarkeitsbehandlungen ohne Wartelisten an.\" \/>\n<meta property=\"og:url\" content=\"https:\/\/cryosivfclinic.com\/de\/unsere-klinik\/\" \/>\n<meta property=\"og:site_name\" content=\"Cryos IVF Clinic in Cyprus\" \/>\n<meta property=\"article:modified_time\" content=\"2025-04-08T14:17:47+00:00\" \/>\n<meta property=\"og:image\" content=\"https:\/\/cryosivfclinic.com\/wp-content\/uploads\/2025\/03\/baby-hand-on-window.jpg\" \/>\n\t<meta property=\"og:image:width\" content=\"960\" \/>\n\t<meta property=\"og:image:height\" content=\"540\" \/>\n\t<meta property=\"og:image:type\" content=\"image\/jpeg\" \/>\n<meta name=\"twitter:card\" content=\"summary_large_image\" \/>\n<meta name=\"twitter:label1\" content=\"Gesch\u00e4tzte Lesezeit\" \/>\n\t<meta name=\"twitter:data1\" content=\"1\u00a0Minute\" \/>\n<script type=\"application\/ld+json\" class=\"yoast-schema-graph\">{\"@context\":\"https:\\\/\\\/schema.org\",\"@graph\":[{\"@type\":\"WebPage\",\"@id\":\"https:\\\/\\\/cryosivfclinic.com\\\/de\\\/unsere-klinik\\\/\",\"url\":\"https:\\\/\\\/cryosivfclinic.com\\\/de\\\/unsere-klinik\\\/\",\"name\":\"Unsere Klinik - Cryos IVF Clinic in Cyprus\",\"isPartOf\":{\"@id\":\"https:\\\/\\\/cryosivfclinic.com\\\/de\\\/#website\"},\"primaryImageOfPage\":{\"@id\":\"https:\\\/\\\/cryosivfclinic.com\\\/de\\\/unsere-klinik\\\/#primaryimage\"},\"image\":{\"@id\":\"https:\\\/\\\/cryosivfclinic.com\\\/de\\\/unsere-klinik\\\/#primaryimage\"},\"thumbnailUrl\":\"https:\\\/\\\/cryosivfclinic.com\\\/wp-content\\\/uploads\\\/2025\\\/03\\\/baby-hand-on-window.jpg\",\"datePublished\":\"2025-03-21T13:34:41+00:00\",\"dateModified\":\"2025-04-08T14:17:47+00:00\",\"description\":\"Cryos IVF Clinic befindet sich in Nikosia und bietet erschwingliche Fruchtbarkeitsbehandlungen ohne Wartelisten an.\",\"breadcrumb\":{\"@id\":\"https:\\\/\\\/cryosivfclinic.com\\\/de\\\/unsere-klinik\\\/#breadcrumb\"},\"inLanguage\":\"de\",\"potentialAction\":[{\"@type\":\"ReadAction\",\"target\":[\"https:\\\/\\\/cryosivfclinic.com\\\/de\\\/unsere-klinik\\\/\"]}]},{\"@type\":\"ImageObject\",\"inLanguage\":\"de\",\"@id\":\"https:\\\/\\\/cryosivfclinic.com\\\/de\\\/unsere-klinik\\\/#primaryimage\",\"url\":\"https:\\\/\\\/cryosivfclinic.com\\\/wp-content\\\/uploads\\\/2025\\\/03\\\/baby-hand-on-window.jpg\",\"contentUrl\":\"https:\\\/\\\/cryosivfclinic.com\\\/wp-content\\\/uploads\\\/2025\\\/03\\\/baby-hand-on-window.jpg\"},{\"@type\":\"BreadcrumbList\",\"@id\":\"https:\\\/\\\/cryosivfclinic.com\\\/de\\\/unsere-klinik\\\/#breadcrumb\",\"itemListElement\":[{\"@type\":\"ListItem\",\"position\":1,\"name\":\"Home\",\"item\":\"https:\\\/\\\/cryosivfclinic.com\\\/de\\\/fertility-treatment\\\/\"},{\"@type\":\"ListItem\",\"position\":2,\"name\":\"Unsere Klinik\"}]},{\"@type\":\"WebSite\",\"@id\":\"https:\\\/\\\/cryosivfclinic.com\\\/de\\\/#website\",\"url\":\"https:\\\/\\\/cryosivfclinic.com\\\/de\\\/\",\"name\":\"Cryos IVF Clinic in Cyprus\",\"description\":\"\",\"publisher\":{\"@id\":\"https:\\\/\\\/cryosivfclinic.com\\\/de\\\/#organization\"},\"potentialAction\":[{\"@type\":\"SearchAction\",\"target\":{\"@type\":\"EntryPoint\",\"urlTemplate\":\"https:\\\/\\\/cryosivfclinic.com\\\/de\\\/?s={search_term_string}\"},\"query-input\":{\"@type\":\"PropertyValueSpecification\",\"valueRequired\":true,\"valueName\":\"search_term_string\"}}],\"inLanguage\":\"de\"},{\"@type\":\"Organization\",\"@id\":\"https:\\\/\\\/cryosivfclinic.com\\\/de\\\/#organization\",\"name\":\"Cryos IVF Clinic in Cyprus\",\"url\":\"https:\\\/\\\/cryosivfclinic.com\\\/de\\\/\",\"logo\":{\"@type\":\"ImageObject\",\"inLanguage\":\"de\",\"@id\":\"https:\\\/\\\/cryosivfclinic.com\\\/de\\\/#\\\/schema\\\/logo\\\/image\\\/\",\"url\":\"https:\\\/\\\/cryosivfclinic.com\\\/wp-content\\\/uploads\\\/2025\\\/01\\\/Cryos_Clinic_Logo_RGB_Blue_Black_ank.png\",\"contentUrl\":\"https:\\\/\\\/cryosivfclinic.com\\\/wp-content\\\/uploads\\\/2025\\\/01\\\/Cryos_Clinic_Logo_RGB_Blue_Black_ank.png\",\"width\":367,\"height\":207,\"caption\":\"Cryos IVF Clinic in Cyprus\"},\"image\":{\"@id\":\"https:\\\/\\\/cryosivfclinic.com\\\/de\\\/#\\\/schema\\\/logo\\\/image\\\/\"}}]}<\/script>\n<!-- \/ Yoast SEO plugin. -->","yoast_head_json":{"title":"Unsere Klinik - Cryos IVF Clinic in Cyprus","description":"Cryos IVF Clinic befindet sich in Nikosia und bietet erschwingliche Fruchtbarkeitsbehandlungen ohne Wartelisten an.","robots":{"index":"noindex","follow":"nofollow"},"og_locale":"de_DE","og_type":"article","og_title":"Unsere Klinik - Cryos IVF Clinic in Cyprus","og_description":"Cryos IVF Clinic befindet sich in Nikosia und bietet erschwingliche Fruchtbarkeitsbehandlungen ohne Wartelisten an.","og_url":"https:\/\/cryosivfclinic.com\/de\/unsere-klinik\/","og_site_name":"Cryos IVF Clinic in Cyprus","article_modified_time":"2025-04-08T14:17:47+00:00","og_image":[{"width":960,"height":540,"url":"https:\/\/cryosivfclinic.com\/wp-content\/uploads\/2025\/03\/baby-hand-on-window.jpg","type":"image\/jpeg"}],"twitter_card":"summary_large_image","twitter_misc":{"Gesch\u00e4tzte Lesezeit":"1\u00a0Minute"},"schema":{"@context":"https:\/\/schema.org","@graph":[{"@type":"WebPage","@id":"https:\/\/cryosivfclinic.com\/de\/unsere-klinik\/","url":"https:\/\/cryosivfclinic.com\/de\/unsere-klinik\/","name":"Unsere Klinik - Cryos IVF Clinic in Cyprus","isPartOf":{"@id":"https:\/\/cryosivfclinic.com\/de\/#website"},"primaryImageOfPage":{"@id":"https:\/\/cryosivfclinic.com\/de\/unsere-klinik\/#primaryimage"},"image":{"@id":"https:\/\/cryosivfclinic.com\/de\/unsere-klinik\/#primaryimage"},"thumbnailUrl":"https:\/\/cryosivfclinic.com\/wp-content\/uploads\/2025\/03\/baby-hand-on-window.jpg","datePublished":"2025-03-21T13:34:41+00:00","dateModified":"2025-04-08T14:17:47+00:00","description":"Cryos IVF Clinic befindet sich in Nikosia und bietet erschwingliche Fruchtbarkeitsbehandlungen ohne Wartelisten an.","breadcrumb":{"@id":"https:\/\/cryosivfclinic.com\/de\/unsere-klinik\/#breadcrumb"},"inLanguage":"de","potentialAction":[{"@type":"ReadAction","target":["https:\/\/cryosivfclinic.com\/de\/unsere-klinik\/"]}]},{"@type":"ImageObject","inLanguage":"de","@id":"https:\/\/cryosivfclinic.com\/de\/unsere-klinik\/#primaryimage","url":"https:\/\/cryosivfclinic.com\/wp-content\/uploads\/2025\/03\/baby-hand-on-window.jpg","contentUrl":"https:\/\/cryosivfclinic.com\/wp-content\/uploads\/2025\/03\/baby-hand-on-window.jpg"},{"@type":"BreadcrumbList","@id":"https:\/\/cryosivfclinic.com\/de\/unsere-klinik\/#breadcrumb","itemListElement":[{"@type":"ListItem","position":1,"name":"Home","item":"https:\/\/cryosivfclinic.com\/de\/fertility-treatment\/"},{"@type":"ListItem","position":2,"name":"Unsere Klinik"}]},{"@type":"WebSite","@id":"https:\/\/cryosivfclinic.com\/de\/#website","url":"https:\/\/cryosivfclinic.com\/de\/","name":"Cryos IVF Clinic in Cyprus","description":"","publisher":{"@id":"https:\/\/cryosivfclinic.com\/de\/#organization"},"potentialAction":[{"@type":"SearchAction","target":{"@type":"EntryPoint","urlTemplate":"https:\/\/cryosivfclinic.com\/de\/?s={search_term_string}"},"query-input":{"@type":"PropertyValueSpecification","valueRequired":true,"valueName":"search_term_string"}}],"inLanguage":"de"},{"@type":"Organization","@id":"https:\/\/cryosivfclinic.com\/de\/#organization","name":"Cryos IVF Clinic in Cyprus","url":"https:\/\/cryosivfclinic.com\/de\/","logo":{"@type":"ImageObject","inLanguage":"de","@id":"https:\/\/cryosivfclinic.com\/de\/#\/schema\/logo\/image\/","url":"https:\/\/cryosivfclinic.com\/wp-content\/uploads\/2025\/01\/Cryos_Clinic_Logo_RGB_Blue_Black_ank.png","contentUrl":"https:\/\/cryosivfclinic.com\/wp-content\/uploads\/2025\/01\/Cryos_Clinic_Logo_RGB_Blue_Black_ank.png","width":367,"height":207,"caption":"Cryos IVF Clinic in Cyprus"},"image":{"@id":"https:\/\/cryosivfclinic.com\/de\/#\/schema\/logo\/image\/"}}]}},"_links":{"self":[{"href":"https:\/\/cryosivfclinic.com\/de\/wp-json\/wp\/v2\/pages\/1760","targetHints":{"allow":["GET"]}}],"collection":[{"href":"https:\/\/cryosivfclinic.com\/de\/wp-json\/wp\/v2\/pages"}],"about":[{"href":"https:\/\/cryosivfclinic.com\/de\/wp-json\/wp\/v2\/types\/page"}],"author":[{"embeddable":true,"href":"https:\/\/cryosivfclinic.com\/de\/wp-json\/wp\/v2\/users\/2"}],"replies":[{"embeddable":true,"href":"https:\/\/cryosivfclinic.com\/de\/wp-json\/wp\/v2\/comments?post=1760"}],"version-history":[{"count":5,"href":"https:\/\/cryosivfclinic.com\/de\/wp-json\/wp\/v2\/pages\/1760\/revisions"}],"predecessor-version":[{"id":1898,"href":"https:\/\/cryosivfclinic.com\/de\/wp-json\/wp\/v2\/pages\/1760\/revisions\/1898"}],"wp:attachment":[{"href":"https:\/\/cryosivfclinic.com\/de\/wp-json\/wp\/v2\/media?parent=1760"}],"curies":[{"name":"wp","href":"https:\/\/api.w.org\/{rel}","templated":true}]}}